{"id":4851,"date":"2022-11-07T02:35:35","date_gmt":"2022-11-07T02:35:35","guid":{"rendered":"https:\/\/gvsystem.co.uk\/?post_type=product&#038;p=4851"},"modified":"2022-11-30T22:01:25","modified_gmt":"2022-11-30T22:01:25","slug":"gvquad-gq-e","status":"publish","type":"product","link":"https:\/\/gvsystem.co.uk\/fr\/produit\/gvquad-gq-e\/","title":{"rendered":"GVQuad GQ-E"},"content":{"rendered":"<div data-elementor-type=\"product-post\" data-elementor-id=\"4851\" class=\"elementor elementor-4851\" data-elementor-post-type=\"product\">\n\t\t\t\t\t\t<section class=\"elementor-section elementor-top-section elementor-element elementor-element-8ead527 elementor-section-boxed elementor-section-height-default elementor-section-height-default\" data-id=\"8ead527\" data-element_type=\"section\">\n\t\t\t\t\t\t<div class=\"elementor-container elementor-column-gap-default\">\n\t\t\t\t\t<div class=\"elementor-column elementor-col-100 elementor-top-column elementor-element elementor-element-7176e77\" data-id=\"7176e77\" data-element_type=\"column\">\n\t\t\t<div class=\"elementor-widget-wrap elementor-element-populated\">\n\t\t\t\t\t\t<div class=\"elementor-element elementor-element-c646b87 elementor-widget elementor-widget-shortcode\" data-id=\"c646b87\" data-element_type=\"widget\" data-widget_type=\"shortcode.default\">\n\t\t\t\t<div class=\"elementor-widget-container\">\n\t\t\t\t\t\t\t<div class=\"elementor-shortcode\"><span><span><a href=\"https:\/\/gvsystem.co.uk\/fr\/\">Maison<\/a><\/span><\/span><\/div>\n\t\t\t\t\t\t<\/div>\n\t\t\t\t<\/div>\n\t\t\t\t<section class=\"elementor-section elementor-inner-section elementor-element elementor-element-8b0a7c7 elementor-section-boxed elementor-section-height-default elementor-section-height-default\" data-id=\"8b0a7c7\" data-element_type=\"section\">\n\t\t\t\t\t\t<div class=\"elementor-container elementor-column-gap-default\">\n\t\t\t\t\t<div class=\"elementor-column elementor-col-50 elementor-inner-column elementor-element elementor-element-1fcf84a\" data-id=\"1fcf84a\" data-element_type=\"column\">\n\t\t\t<div class=\"elementor-widget-wrap elementor-element-populated\">\n\t\t\t\t\t\t<div class=\"elementor-element elementor-element-f086b2c elementor-widget elementor-widget-text-editor\" data-id=\"f086b2c\" data-element_type=\"widget\" data-widget_type=\"text-editor.default\">\n\t\t\t\t<div class=\"elementor-widget-container\">\n\t\t\t\t\t\t\t\t\t<h1>GVQuad GQ-E<\/h1><p>PROFIL \u00c0 BORD CARR\u00c9 ET<br \/><strong>ACCESSOIRES EN ACIER INOXYDABLE<\/strong><\/p><p><strong><span style=\"color: #ff0000;\">APPLICATION PROFIL \u00c0 BORD CARR\u00c9<\/span><br \/><\/strong>GVQuad - Le pro\ufb01le forme avec ses surfaces visibles un angle ext\u00e9rieur rectangulaire distinctif. La pose pr\u00e9cise se fait directement \u00e0 l'aide de la colle \u00e0 carreaux.<\/p><p><strong><span style=\"color: #ff0000;\">POUR LES MODERNISTES QUI AIMENT CR\u00c9ER UNE TENDANCE.<\/span><\/strong><br \/>Les profil\u00e9s de haute qualit\u00e9 ne font pas que prot\u00e9ger les bords du rev\u00eatement, ils l'encadrent. Un d\u00e9tail plus sobre pour les puristes qui pr\u00e9f\u00e8rent un design clair et objectif. Qu'il s'agisse d'une fermeture ou d'une bordure discr\u00e8te, quad se sent \u00e0 l'aise dans toute architecture moderne. Le profil\u00e9 \u00e0 bords carr\u00e9s convient aux rev\u00eatements de carreaux \u00e0 partir de 4,5 mm.<\/p>\t\t\t\t\t\t\t\t<\/div>\n\t\t\t\t<\/div>\n\t\t\t\t\t<\/div>\n\t\t<\/div>\n\t\t\t\t<div class=\"elementor-column elementor-col-50 elementor-inner-column elementor-element elementor-element-b4604cb\" data-id=\"b4604cb\" data-element_type=\"column\">\n\t\t\t<div class=\"elementor-widget-wrap elementor-element-populated\">\n\t\t\t\t\t\t<div class=\"elementor-element elementor-element-125750a elementor-widget elementor-widget-image\" data-id=\"125750a\" data-element_type=\"widget\" data-widget_type=\"image.default\">\n\t\t\t\t<div class=\"elementor-widget-container\">\n\t\t\t\t\t\t\t\t\t\t\t\t\t\t\t<img fetchpriority=\"high\" decoding=\"async\" width=\"600\" height=\"600\" src=\"https:\/\/gvsystem.co.uk\/wp-content\/uploads\/2022\/10\/GVQuad-QA-E.jpg\" class=\"attachment-large size-large wp-image-3685\" alt=\"\" srcset=\"https:\/\/gvsystem.co.uk\/wp-content\/uploads\/2022\/10\/GVQuad-QA-E.jpg 600w, https:\/\/gvsystem.co.uk\/wp-content\/uploads\/2022\/10\/GVQuad-QA-E-300x300.jpg 300w, https:\/\/gvsystem.co.uk\/wp-content\/uploads\/2022\/10\/GVQuad-QA-E-150x150.jpg 150w, https:\/\/gvsystem.co.uk\/wp-content\/uploads\/2022\/10\/GVQuad-QA-E-12x12.jpg 12w, https:\/\/gvsystem.co.uk\/wp-content\/uploads\/2022\/10\/GVQuad-QA-E-100x100.jpg 100w\" sizes=\"(max-width: 600px) 100vw, 600px\" \/>\t\t\t\t\t\t\t\t\t\t\t\t\t\t\t<\/div>\n\t\t\t\t<\/div>\n\t\t\t\t\t<\/div>\n\t\t<\/div>\n\t\t\t\t\t<\/div>\n\t\t<\/section>\n\t\t\t\t<section class=\"elementor-section elementor-inner-section elementor-element elementor-element-49c325d elementor-section-boxed elementor-section-height-default elementor-section-height-default\" data-id=\"49c325d\" data-element_type=\"section\">\n\t\t\t\t\t\t<div class=\"elementor-container elementor-column-gap-default\">\n\t\t\t\t\t<div class=\"elementor-column elementor-col-50 elementor-inner-column elementor-element elementor-element-22fe30f\" data-id=\"22fe30f\" data-element_type=\"column\">\n\t\t\t<div class=\"elementor-widget-wrap elementor-element-populated\">\n\t\t\t\t\t\t<div class=\"elementor-element elementor-element-1a170ae elementor-widget elementor-widget-text-editor\" data-id=\"1a170ae\" data-element_type=\"widget\" data-widget_type=\"text-editor.default\">\n\t\t\t\t<div class=\"elementor-widget-container\">\n\t\t\t\t\t\t\t\t\t<p><strong><span style=\"color: #ff0000;\">SP\u00c9CIFICATIONS TECHNIQUES<\/span><\/strong><br \/><strong>Pro\ufb01les<\/strong><br \/>Acier inoxydable 1.4301 \/ X5CrNi18-10<br \/>Num\u00e9ro de mat\u00e9riau : 1.4301<\/p><p><br \/><strong>Accessoires<\/strong><br \/>Acier inoxydable 1.4305<br \/>Num\u00e9ro de mat\u00e9riau : 1.4305<\/p><p><br \/>Norme : DIN EN 10088<br \/>Poids sp\u00e9cifique (densit\u00e9) : 8,0 kg\/dm3<br \/>Limite d'\u00e9lasticit\u00e9 \u00e0 la traction : 190 - 230 N\/mm2 R\u00e9sistance \u00e0 la traction : 500 - 700 N\/mm2 Allongement \u00e0 la rupture (A) : 35 - 50 %.<\/p><p><br \/>Toutes les informations sont approximatives. Comme nous ne pouvons pas assumer la responsabilit\u00e9 d'applications sp\u00e9ciales, un test d'ad\u00e9quation correspondant doit toujours \u00eatre effectu\u00e9 par le client.<\/p>\t\t\t\t\t\t\t\t<\/div>\n\t\t\t\t<\/div>\n\t\t\t\t\t<\/div>\n\t\t<\/div>\n\t\t\t\t<div class=\"elementor-column elementor-col-50 elementor-inner-column elementor-element elementor-element-f5eb9d9\" data-id=\"f5eb9d9\" data-element_type=\"column\">\n\t\t\t<div class=\"elementor-widget-wrap elementor-element-populated\">\n\t\t\t\t\t\t<div class=\"elementor-element elementor-element-d0682c7 elementor-widget elementor-widget-image\" data-id=\"d0682c7\" data-element_type=\"widget\" data-widget_type=\"image.default\">\n\t\t\t\t<div class=\"elementor-widget-container\">\n\t\t\t\t\t\t\t\t\t\t\t\t\t\t\t<img decoding=\"async\" width=\"300\" height=\"425\" src=\"https:\/\/gvsystem.co.uk\/wp-content\/uploads\/2022\/10\/GVQuad-QA-E_detaill.jpg\" class=\"attachment-large size-large wp-image-3687\" alt=\"\" srcset=\"https:\/\/gvsystem.co.uk\/wp-content\/uploads\/2022\/10\/GVQuad-QA-E_detaill.jpg 300w, https:\/\/gvsystem.co.uk\/wp-content\/uploads\/2022\/10\/GVQuad-QA-E_detaill-212x300.jpg 212w, https:\/\/gvsystem.co.uk\/wp-content\/uploads\/2022\/10\/GVQuad-QA-E_detaill-8x12.jpg 8w\" sizes=\"(max-width: 300px) 100vw, 300px\" \/>\t\t\t\t\t\t\t\t\t\t\t\t\t\t\t<\/div>\n\t\t\t\t<\/div>\n\t\t\t\t\t<\/div>\n\t\t<\/div>\n\t\t\t\t\t<\/div>\n\t\t<\/section>\n\t\t\t\t<div class=\"elementor-element elementor-element-e89f959 elementor-widget elementor-widget-text-editor\" data-id=\"e89f959\" data-element_type=\"widget\" data-widget_type=\"text-editor.default\">\n\t\t\t\t<div class=\"elementor-widget-container\">\n\t\t\t\t\t\t\t\t\t<p><strong><span style=\"color: #ff0000;\">T\u00e9l\u00e9charger TDS<\/span> <a href=\"https:\/\/gvsystem.co.uk\/wp-content\/uploads\/2022\/10\/quad_AQ_E_eng_0520.pdf\" target=\"_blank\" rel=\"noopener\"><img decoding=\"async\" src=\"https:\/\/gvsystem.co.uk\/wp-content\/uploads\/2022\/09\/Download3.png\" \/><\/a><\/strong><\/p>\t\t\t\t\t\t\t\t<\/div>\n\t\t\t\t<\/div>\n\t\t\t\t<div class=\"elementor-element elementor-element-08e8846 elementor-widget elementor-widget-spacer\" data-id=\"08e8846\" data-element_type=\"widget\" data-widget_type=\"spacer.default\">\n\t\t\t\t<div class=\"elementor-widget-container\">\n\t\t\t\t\t\t\t<div class=\"elementor-spacer\">\n\t\t\t<div class=\"elementor-spacer-inner\"><\/div>\n\t\t<\/div>\n\t\t\t\t\t\t<\/div>\n\t\t\t\t<\/div>\n\t\t\t\t\t<\/div>\n\t\t<\/div>\n\t\t\t\t\t<\/div>\n\t\t<\/section>\n\t\t\t\t<\/div>","protected":false},"excerpt":{"rendered":"<p>GVQuad GQ-E SQUARE EDGE PROFILE ANDACCESSORIES MADE OF STAINLESS STEEL APPLICATION SQUARE EDGE PROFILEGVQuad \u2013 The pro\ufb01le forms with its visible surfaces a distinctive rectangular outer corner. The accurate laying is done directly using the tile adhesive. FOR MODERNISTS WHO LIKE TO SET A TREND.The high quality profiles not only protect the edges of the [&hellip;]<\/p>","protected":false},"featured_media":3686,"comment_status":"open","ping_status":"closed","template":"elementor_header_footer","meta":{"_acf_changed":false,"site-sidebar-layout":"no-sidebar","site-content-layout":"page-builder","ast-site-content-layout":"default","site-content-style":"default","site-sidebar-style":"default","ast-global-header-display":"","ast-banner-title-visibility":"","ast-main-header-display":"","ast-hfb-above-header-display":"","ast-hfb-below-header-display":"","ast-hfb-mobile-header-display":"","site-post-title":"disabled","ast-breadcrumbs-content":"","ast-featured-img":"disabled","footer-sml-layout":"","ast-disable-related-posts":"","theme-transparent-header-meta":"default","adv-header-id-meta":"","stick-header-meta":"","header-above-stick-meta":"","header-main-stick-meta":"","header-below-stick-meta":"","astra-migrate-meta-layouts":"default","ast-page-background-enabled":"default","ast-page-background-meta":{"desktop":{"background-color":"","background-image":"","background-repeat":"repeat","background-position":"center center","background-size":"auto","background-attachment":"scroll","background-type":"","background-media":"","overlay-type":"","overlay-color":"","overlay-opacity":"","overlay-gradient":""},"tablet":{"background-color":"","background-image":"","background-repeat":"repeat","background-position":"center center","background-size":"auto","background-attachment":"scroll","background-type":"","background-media":"","overlay-type":"","overlay-color":"","overlay-opacity":"","overlay-gradient":""},"mobile":{"background-color":"","background-image":"","background-repeat":"repeat","background-position":"center center","background-size":"auto","background-attachment":"scroll","background-type":"","background-media":"","overlay-type":"","overlay-color":"","overlay-opacity":"","overlay-gradient":""}},"ast-content-background-meta":{"desktop":{"background-color":"var(--ast-global-color-5)","background-image":"","background-repeat":"repeat","background-position":"center center","background-size":"auto","background-attachment":"scroll","background-type":"","background-media":"","overlay-type":"","overlay-color":"","overlay-opacity":"","overlay-gradient":""},"tablet":{"background-color":"var(--ast-global-color-5)","background-image":"","background-repeat":"repeat","background-position":"center center","background-size":"auto","background-attachment":"scroll","background-type":"","background-media":"","overlay-type":"","overlay-color":"","overlay-opacity":"","overlay-gradient":""},"mobile":{"background-color":"var(--ast-global-color-5)","background-image":"","background-repeat":"repeat","background-position":"center center","background-size":"auto","background-attachment":"scroll","background-type":"","background-media":"","overlay-type":"","overlay-color":"","overlay-opacity":"","overlay-gradient":""}}},"product_brand":[],"product_cat":[164],"product_tag":[],"class_list":{"0":"post-4851","1":"product","2":"type-product","3":"status-publish","4":"has-post-thumbnail","6":"product_cat-tile-accessories","7":"desktop-align-left","8":"tablet-align-left","9":"mobile-align-left","11":"first","12":"instock","13":"shipping-taxable","14":"product-type-simple"},"acf":[],"yoast_head":"<!-- This site is optimized with the Yoast SEO Premium plugin v18.9 (Yoast SEO v26.7) - https:\/\/yoast.com\/wordpress\/plugins\/seo\/ -->\n<title>GVQuad GQ-E - GV SYSTEM<\/title>\n<meta name=\"robots\" content=\"index, follow, max-snippet:-1, max-image-preview:large, max-video-preview:-1\" \/>\n<link rel=\"canonical\" href=\"https:\/\/gvsystem.co.uk\/fr\/produit\/gvquad-gq-e\/\" \/>\n<meta property=\"og:locale\" content=\"fr_FR\" \/>\n<meta property=\"og:type\" content=\"article\" \/>\n<meta property=\"og:title\" content=\"GVQuad GQ-E\" \/>\n<meta property=\"og:description\" content=\"GVQuad GQ-E SQUARE EDGE PROFILE ANDACCESSORIES MADE OF STAINLESS STEEL APPLICATION SQUARE EDGE PROFILEGVQuad \u2013 The pro\ufb01le forms with its visible surfaces a distinctive rectangular outer corner. The accurate laying is done directly using the tile adhesive. FOR MODERNISTS WHO LIKE TO SET A TREND.The high quality profiles not only protect the edges of the [&hellip;]\" \/>\n<meta property=\"og:url\" content=\"https:\/\/gvsystem.co.uk\/fr\/produit\/gvquad-gq-e\/\" \/>\n<meta property=\"og:site_name\" content=\"GV SYSTEM\" \/>\n<meta property=\"article:modified_time\" content=\"2022-11-30T22:01:25+00:00\" \/>\n<meta property=\"og:image\" content=\"https:\/\/gvsystem.co.uk\/wp-content\/uploads\/2022\/10\/GVQuad-QA-E_.jpg\" \/>\n\t<meta property=\"og:image:width\" content=\"300\" \/>\n\t<meta property=\"og:image:height\" content=\"300\" \/>\n\t<meta property=\"og:image:type\" content=\"image\/jpeg\" \/>\n<meta name=\"twitter:card\" content=\"summary_large_image\" \/>\n<!-- \/ Yoast SEO Premium plugin. -->","yoast_head_json":{"title":"GVQuad GQ-E - GV SYSTEM","robots":{"index":"index","follow":"follow","max-snippet":"max-snippet:-1","max-image-preview":"max-image-preview:large","max-video-preview":"max-video-preview:-1"},"canonical":"https:\/\/gvsystem.co.uk\/fr\/produit\/gvquad-gq-e\/","og_locale":"fr_FR","og_type":"article","og_title":"GVQuad GQ-E","og_description":"GVQuad GQ-E SQUARE EDGE PROFILE ANDACCESSORIES MADE OF STAINLESS STEEL APPLICATION SQUARE EDGE PROFILEGVQuad \u2013 The pro\ufb01le forms with its visible surfaces a distinctive rectangular outer corner. The accurate laying is done directly using the tile adhesive. FOR MODERNISTS WHO LIKE TO SET A TREND.The high quality profiles not only protect the edges of the [&hellip;]","og_url":"https:\/\/gvsystem.co.uk\/fr\/produit\/gvquad-gq-e\/","og_site_name":"GV SYSTEM","article_modified_time":"2022-11-30T22:01:25+00:00","og_image":[{"width":300,"height":300,"url":"https:\/\/gvsystem.co.uk\/wp-content\/uploads\/2022\/10\/GVQuad-QA-E_.jpg","type":"image\/jpeg"}],"twitter_card":"summary_large_image","schema":{"@context":"https:\/\/schema.org","@graph":[{"@type":"WebPage","@id":"https:\/\/gvsystem.co.uk\/product\/gvquad-gq-e\/","url":"https:\/\/gvsystem.co.uk\/product\/gvquad-gq-e\/","name":"GVQuad GQ-E - GV SYSTEM","isPartOf":{"@id":"https:\/\/gvsystem.co.uk\/#website"},"primaryImageOfPage":{"@id":"https:\/\/gvsystem.co.uk\/product\/gvquad-gq-e\/#primaryimage"},"image":{"@id":"https:\/\/gvsystem.co.uk\/product\/gvquad-gq-e\/#primaryimage"},"thumbnailUrl":"https:\/\/gvsystem.co.uk\/wp-content\/uploads\/2022\/10\/GVQuad-QA-E_.jpg","datePublished":"2022-11-07T02:35:35+00:00","dateModified":"2022-11-30T22:01:25+00:00","breadcrumb":{"@id":"https:\/\/gvsystem.co.uk\/product\/gvquad-gq-e\/#breadcrumb"},"inLanguage":"fr-FR","potentialAction":[{"@type":"ReadAction","target":["https:\/\/gvsystem.co.uk\/product\/gvquad-gq-e\/"]}]},{"@type":"ImageObject","inLanguage":"fr-FR","@id":"https:\/\/gvsystem.co.uk\/product\/gvquad-gq-e\/#primaryimage","url":"https:\/\/gvsystem.co.uk\/wp-content\/uploads\/2022\/10\/GVQuad-QA-E_.jpg","contentUrl":"https:\/\/gvsystem.co.uk\/wp-content\/uploads\/2022\/10\/GVQuad-QA-E_.jpg","width":300,"height":300},{"@type":"BreadcrumbList","@id":"https:\/\/gvsystem.co.uk\/product\/gvquad-gq-e\/#breadcrumb","itemListElement":[{"@type":"ListItem","position":1,"name":"Home","item":"https:\/\/gvsystem.co.uk\/"},{"@type":"ListItem","position":2,"name":"Products","item":"https:\/\/gvsystem.co.uk\/products\/"},{"@type":"ListItem","position":3,"name":"Tile Accessories","item":"https:\/\/gvsystem.co.uk\/product-category\/tile-accessories\/"},{"@type":"ListItem","position":4,"name":"GVQuad GQ-E"}]},{"@type":"WebSite","@id":"https:\/\/gvsystem.co.uk\/#website","url":"https:\/\/gvsystem.co.uk\/","name":"GV SYSTEM","description":"Catalogue GV System","publisher":{"@id":"https:\/\/gvsystem.co.uk\/#organization"},"potentialAction":[{"@type":"SearchAction","target":{"@type":"EntryPoint","urlTemplate":"https:\/\/gvsystem.co.uk\/?s={search_term_string}"},"query-input":{"@type":"PropertyValueSpecification","valueRequired":true,"valueName":"search_term_string"}}],"inLanguage":"fr-FR"},{"@type":"Organization","@id":"https:\/\/gvsystem.co.uk\/#organization","name":"GV SYSTEM LTD","url":"https:\/\/gvsystem.co.uk\/","logo":{"@type":"ImageObject","inLanguage":"fr-FR","@id":"https:\/\/gvsystem.co.uk\/#\/schema\/logo\/image\/","url":"https:\/\/gvsystem.co.uk\/wp-content\/uploads\/2022\/09\/Logo_GV_180_60.png","contentUrl":"https:\/\/gvsystem.co.uk\/wp-content\/uploads\/2022\/09\/Logo_GV_180_60.png","width":180,"height":60,"caption":"GV SYSTEM LTD"},"image":{"@id":"https:\/\/gvsystem.co.uk\/#\/schema\/logo\/image\/"}}]}},"_links":{"self":[{"href":"https:\/\/gvsystem.co.uk\/fr\/wp-json\/wp\/v2\/product\/4851","targetHints":{"allow":["GET"]}}],"collection":[{"href":"https:\/\/gvsystem.co.uk\/fr\/wp-json\/wp\/v2\/product"}],"about":[{"href":"https:\/\/gvsystem.co.uk\/fr\/wp-json\/wp\/v2\/types\/product"}],"replies":[{"embeddable":true,"href":"https:\/\/gvsystem.co.uk\/fr\/wp-json\/wp\/v2\/comments?post=4851"}],"version-history":[{"count":7,"href":"https:\/\/gvsystem.co.uk\/fr\/wp-json\/wp\/v2\/product\/4851\/revisions"}],"predecessor-version":[{"id":5112,"href":"https:\/\/gvsystem.co.uk\/fr\/wp-json\/wp\/v2\/product\/4851\/revisions\/5112"}],"wp:featuredmedia":[{"embeddable":true,"href":"https:\/\/gvsystem.co.uk\/fr\/wp-json\/wp\/v2\/media\/3686"}],"wp:attachment":[{"href":"https:\/\/gvsystem.co.uk\/fr\/wp-json\/wp\/v2\/media?parent=4851"}],"wp:term":[{"taxonomy":"product_brand","embeddable":true,"href":"https:\/\/gvsystem.co.uk\/fr\/wp-json\/wp\/v2\/product_brand?post=4851"},{"taxonomy":"product_cat","embeddable":true,"href":"https:\/\/gvsystem.co.uk\/fr\/wp-json\/wp\/v2\/product_cat?post=4851"},{"taxonomy":"product_tag","embeddable":true,"href":"https:\/\/gvsystem.co.uk\/fr\/wp-json\/wp\/v2\/product_tag?post=4851"}],"curies":[{"name":"wp","href":"https:\/\/api.w.org\/{rel}","templated":true}]}}