{"id":4827,"date":"2022-11-07T01:29:33","date_gmt":"2022-11-07T01:29:33","guid":{"rendered":"https:\/\/gvsystem.co.uk\/?post_type=product&#038;p=4827"},"modified":"2022-11-30T21:27:28","modified_gmt":"2022-11-30T21:27:28","slug":"gvcorner-gco-e-1","status":"publish","type":"product","link":"https:\/\/gvsystem.co.uk\/fr\/produit\/gvcorner-gco-e-1\/","title":{"rendered":"GVCorner GCO-E-1"},"content":{"rendered":"<div data-elementor-type=\"product-post\" data-elementor-id=\"4827\" class=\"elementor elementor-4827\" data-elementor-post-type=\"product\">\n\t\t\t\t\t\t<section class=\"elementor-section elementor-top-section elementor-element elementor-element-ba15ce7 elementor-section-boxed elementor-section-height-default elementor-section-height-default\" data-id=\"ba15ce7\" data-element_type=\"section\">\n\t\t\t\t\t\t<div class=\"elementor-container elementor-column-gap-default\">\n\t\t\t\t\t<div class=\"elementor-column elementor-col-100 elementor-top-column elementor-element elementor-element-767522b\" data-id=\"767522b\" data-element_type=\"column\">\n\t\t\t<div class=\"elementor-widget-wrap elementor-element-populated\">\n\t\t\t\t\t\t<div class=\"elementor-element elementor-element-620eef5 elementor-widget elementor-widget-shortcode\" data-id=\"620eef5\" data-element_type=\"widget\" data-widget_type=\"shortcode.default\">\n\t\t\t\t<div class=\"elementor-widget-container\">\n\t\t\t\t\t\t\t<div class=\"elementor-shortcode\"><span><span><a href=\"https:\/\/gvsystem.co.uk\/fr\/\">Maison<\/a><\/span><\/span><\/div>\n\t\t\t\t\t\t<\/div>\n\t\t\t\t<\/div>\n\t\t\t\t<section class=\"elementor-section elementor-inner-section elementor-element elementor-element-eeaf71f elementor-section-boxed elementor-section-height-default elementor-section-height-default\" data-id=\"eeaf71f\" data-element_type=\"section\">\n\t\t\t\t\t\t<div class=\"elementor-container elementor-column-gap-default\">\n\t\t\t\t\t<div class=\"elementor-column elementor-col-50 elementor-inner-column elementor-element elementor-element-735d55f\" data-id=\"735d55f\" data-element_type=\"column\">\n\t\t\t<div class=\"elementor-widget-wrap elementor-element-populated\">\n\t\t\t\t\t\t<div class=\"elementor-element elementor-element-c27840b elementor-widget elementor-widget-text-editor\" data-id=\"c27840b\" data-element_type=\"widget\" data-widget_type=\"text-editor.default\">\n\t\t\t\t<div class=\"elementor-widget-container\">\n\t\t\t\t\t\t\t\t\t<h1>GVCorner GCO-E-1<\/h1><p>PROFIL\u00c9 DE PROTECTION DES BORDS<br \/><strong>EN ACIER INOXYDABLE<\/strong><\/p><p><strong><span style=\"color: #ff0000;\">BORD D'APPLICATION PROT\u00c9GEANT 1 FOIS<\/span><br \/><\/strong>GVCorner - Le profil\u00e9 de protection d'angle \u00e0 bord unique en acier inoxydable ou en aluminium est ensuite coll\u00e9 directement sur le rev\u00eatement de carreaux.<\/p><p><strong><span style=\"color: #ff0000;\">DES BORDS STABLES ET PROPRES POUR LES REV\u00caTEMENTS DE CARREAUX, LES MURS ENDUITS OU TAPISS\u00c9S DE PAPIER PEINT<\/span><\/strong><br \/>Plus de bords cass\u00e9s. Les profil\u00e9s de la s\u00e9rie GVCorner prot\u00e8gent durablement les bords des murs contre les dommages dus aux chocs. Id\u00e9al dans les zones tr\u00e8s fr\u00e9quent\u00e9es comme les couloirs et les espaces publics.<br \/>Gr\u00e2ce \u00e0 un design intemporel et \u00e0 de nombreuses options, vous trouverez le produit ad\u00e9quat pour chaque application : profil\u00e9s \u00e0 installer dans le lit de carrelage ou \u00e0 compl\u00e9ter ult\u00e9rieurement, bords simples et triples dans de nombreuses options en acier inoxydable ou en aluminium.GV<\/p>\t\t\t\t\t\t\t\t<\/div>\n\t\t\t\t<\/div>\n\t\t\t\t\t<\/div>\n\t\t<\/div>\n\t\t\t\t<div class=\"elementor-column elementor-col-50 elementor-inner-column elementor-element elementor-element-a7bd9a2\" data-id=\"a7bd9a2\" data-element_type=\"column\">\n\t\t\t<div class=\"elementor-widget-wrap elementor-element-populated\">\n\t\t\t\t\t\t<div class=\"elementor-element elementor-element-03feb0c elementor-widget elementor-widget-image\" data-id=\"03feb0c\" data-element_type=\"widget\" data-widget_type=\"image.default\">\n\t\t\t\t<div class=\"elementor-widget-container\">\n\t\t\t\t\t\t\t\t\t\t\t\t\t\t\t<img fetchpriority=\"high\" decoding=\"async\" width=\"600\" height=\"600\" src=\"https:\/\/gvsystem.co.uk\/wp-content\/uploads\/2022\/10\/GVCorner-ACO-E-1.jpg\" class=\"attachment-large size-large wp-image-3857\" alt=\"\" srcset=\"https:\/\/gvsystem.co.uk\/wp-content\/uploads\/2022\/10\/GVCorner-ACO-E-1.jpg 600w, https:\/\/gvsystem.co.uk\/wp-content\/uploads\/2022\/10\/GVCorner-ACO-E-1-300x300.jpg 300w, https:\/\/gvsystem.co.uk\/wp-content\/uploads\/2022\/10\/GVCorner-ACO-E-1-150x150.jpg 150w, https:\/\/gvsystem.co.uk\/wp-content\/uploads\/2022\/10\/GVCorner-ACO-E-1-12x12.jpg 12w, https:\/\/gvsystem.co.uk\/wp-content\/uploads\/2022\/10\/GVCorner-ACO-E-1-100x100.jpg 100w\" sizes=\"(max-width: 600px) 100vw, 600px\" \/>\t\t\t\t\t\t\t\t\t\t\t\t\t\t\t<\/div>\n\t\t\t\t<\/div>\n\t\t\t\t\t<\/div>\n\t\t<\/div>\n\t\t\t\t\t<\/div>\n\t\t<\/section>\n\t\t\t\t<section class=\"elementor-section elementor-inner-section elementor-element elementor-element-654a118 elementor-section-boxed elementor-section-height-default elementor-section-height-default\" data-id=\"654a118\" data-element_type=\"section\">\n\t\t\t\t\t\t<div class=\"elementor-container elementor-column-gap-default\">\n\t\t\t\t\t<div class=\"elementor-column elementor-col-50 elementor-inner-column elementor-element elementor-element-3c7962b\" data-id=\"3c7962b\" data-element_type=\"column\">\n\t\t\t<div class=\"elementor-widget-wrap elementor-element-populated\">\n\t\t\t\t\t\t<div class=\"elementor-element elementor-element-7898c24 elementor-widget elementor-widget-text-editor\" data-id=\"7898c24\" data-element_type=\"widget\" data-widget_type=\"text-editor.default\">\n\t\t\t\t<div class=\"elementor-widget-container\">\n\t\t\t\t\t\t\t\t\t<p><strong><span style=\"color: #ff0000;\">SP\u00c9CIFICATIONS TECHNIQUES<\/span><\/strong><br \/>Acier inoxydable 1.4301 \/ X5CrNi18-10<br \/>Num\u00e9ro de mat\u00e9riau : 1.4301<br \/><br \/>Toutes les mesures, poids et charges indiqu\u00e9s dans cette fiche technique sont des valeurs approximatives. Nous ne pouvons pas assumer de responsabilit\u00e9 pour les applications sp\u00e9ciales ainsi que pour les dommages r\u00e9sultant d'un montage ou d'une utilisation incorrecte, un test d'ad\u00e9quation correspondant doit toujours \u00eatre effectu\u00e9 par le client.<\/p>\t\t\t\t\t\t\t\t<\/div>\n\t\t\t\t<\/div>\n\t\t\t\t\t<\/div>\n\t\t<\/div>\n\t\t\t\t<div class=\"elementor-column elementor-col-50 elementor-inner-column elementor-element elementor-element-84f0118\" data-id=\"84f0118\" data-element_type=\"column\">\n\t\t\t<div class=\"elementor-widget-wrap elementor-element-populated\">\n\t\t\t\t\t\t<div class=\"elementor-element elementor-element-b188149 elementor-widget elementor-widget-image\" data-id=\"b188149\" data-element_type=\"widget\" data-widget_type=\"image.default\">\n\t\t\t\t<div class=\"elementor-widget-container\">\n\t\t\t\t\t\t\t\t\t\t\t\t\t\t\t<img decoding=\"async\" width=\"300\" height=\"177\" src=\"https:\/\/gvsystem.co.uk\/wp-content\/uploads\/2022\/10\/GVCorner-ACO-E-1_detaill.jpg\" class=\"attachment-large size-large wp-image-3859\" alt=\"\" srcset=\"https:\/\/gvsystem.co.uk\/wp-content\/uploads\/2022\/10\/GVCorner-ACO-E-1_detaill.jpg 300w, https:\/\/gvsystem.co.uk\/wp-content\/uploads\/2022\/10\/GVCorner-ACO-E-1_detaill-18x12.jpg 18w\" sizes=\"(max-width: 300px) 100vw, 300px\" \/>\t\t\t\t\t\t\t\t\t\t\t\t\t\t\t<\/div>\n\t\t\t\t<\/div>\n\t\t\t\t\t<\/div>\n\t\t<\/div>\n\t\t\t\t\t<\/div>\n\t\t<\/section>\n\t\t\t\t<div class=\"elementor-element elementor-element-e21ad5a elementor-widget elementor-widget-text-editor\" data-id=\"e21ad5a\" data-element_type=\"widget\" data-widget_type=\"text-editor.default\">\n\t\t\t\t<div class=\"elementor-widget-container\">\n\t\t\t\t\t\t\t\t\t<p><strong><span style=\"color: #ff0000;\">T\u00e9l\u00e9charger TDS<\/span> <a href=\"https:\/\/gvsystem.co.uk\/wp-content\/uploads\/2022\/10\/corner_ACO_E-1.pdf\" target=\"_blank\" rel=\"noopener\"><img decoding=\"async\" src=\"https:\/\/gvsystem.co.uk\/wp-content\/uploads\/2022\/09\/Download3.png\" \/><\/a><\/strong><\/p>\t\t\t\t\t\t\t\t<\/div>\n\t\t\t\t<\/div>\n\t\t\t\t<div class=\"elementor-element elementor-element-4189702 elementor-widget elementor-widget-spacer\" data-id=\"4189702\" data-element_type=\"widget\" data-widget_type=\"spacer.default\">\n\t\t\t\t<div class=\"elementor-widget-container\">\n\t\t\t\t\t\t\t<div class=\"elementor-spacer\">\n\t\t\t<div class=\"elementor-spacer-inner\"><\/div>\n\t\t<\/div>\n\t\t\t\t\t\t<\/div>\n\t\t\t\t<\/div>\n\t\t\t\t\t<\/div>\n\t\t<\/div>\n\t\t\t\t\t<\/div>\n\t\t<\/section>\n\t\t\t\t<\/div>","protected":false},"excerpt":{"rendered":"<p>GVCorner GCO-E-1 EDGE PROTECTING PROFILEMADE OF STAINLESS STEEL APPLICATION EDGE PROTECTING 1-FOLDGVCorner \u2013 The 1-fold edged corner protection profile made of stainless steel or aluminium is subsequently glued directly on the tile covering. STABLE AND CLEAN EDGES FOR TILE OVERINGS, PLASTERED OR WALLPAPERED WALLSNo more broken edges. The profiles of the GVCorner series protect wall [&hellip;]<\/p>","protected":false},"featured_media":3858,"comment_status":"open","ping_status":"closed","template":"elementor_header_footer","meta":{"_acf_changed":false,"site-sidebar-layout":"no-sidebar","site-content-layout":"page-builder","ast-site-content-layout":"default","site-content-style":"default","site-sidebar-style":"default","ast-global-header-display":"","ast-banner-title-visibility":"","ast-main-header-display":"","ast-hfb-above-header-display":"","ast-hfb-below-header-display":"","ast-hfb-mobile-header-display":"","site-post-title":"disabled","ast-breadcrumbs-content":"","ast-featured-img":"disabled","footer-sml-layout":"","ast-disable-related-posts":"","theme-transparent-header-meta":"default","adv-header-id-meta":"","stick-header-meta":"","header-above-stick-meta":"","header-main-stick-meta":"","header-below-stick-meta":"","astra-migrate-meta-layouts":"default","ast-page-background-enabled":"default","ast-page-background-meta":{"desktop":{"background-color":"","background-image":"","background-repeat":"repeat","background-position":"center center","background-size":"auto","background-attachment":"scroll","background-type":"","background-media":"","overlay-type":"","overlay-color":"","overlay-opacity":"","overlay-gradient":""},"tablet":{"background-color":"","background-image":"","background-repeat":"repeat","background-position":"center center","background-size":"auto","background-attachment":"scroll","background-type":"","background-media":"","overlay-type":"","overlay-color":"","overlay-opacity":"","overlay-gradient":""},"mobile":{"background-color":"","background-image":"","background-repeat":"repeat","background-position":"center center","background-size":"auto","background-attachment":"scroll","background-type":"","background-media":"","overlay-type":"","overlay-color":"","overlay-opacity":"","overlay-gradient":""}},"ast-content-background-meta":{"desktop":{"background-color":"var(--ast-global-color-5)","background-image":"","background-repeat":"repeat","background-position":"center center","background-size":"auto","background-attachment":"scroll","background-type":"","background-media":"","overlay-type":"","overlay-color":"","overlay-opacity":"","overlay-gradient":""},"tablet":{"background-color":"var(--ast-global-color-5)","background-image":"","background-repeat":"repeat","background-position":"center center","background-size":"auto","background-attachment":"scroll","background-type":"","background-media":"","overlay-type":"","overlay-color":"","overlay-opacity":"","overlay-gradient":""},"mobile":{"background-color":"var(--ast-global-color-5)","background-image":"","background-repeat":"repeat","background-position":"center center","background-size":"auto","background-attachment":"scroll","background-type":"","background-media":"","overlay-type":"","overlay-color":"","overlay-opacity":"","overlay-gradient":""}}},"product_brand":[],"product_cat":[164],"product_tag":[],"class_list":{"0":"post-4827","1":"product","2":"type-product","3":"status-publish","4":"has-post-thumbnail","6":"product_cat-tile-accessories","7":"desktop-align-left","8":"tablet-align-left","9":"mobile-align-left","11":"first","12":"instock","13":"shipping-taxable","14":"product-type-simple"},"acf":[],"yoast_head":"<!-- This site is optimized with the Yoast SEO Premium plugin v18.9 (Yoast SEO v26.7) - https:\/\/yoast.com\/wordpress\/plugins\/seo\/ -->\n<title>GVCorner GCO-E-1 - GV SYSTEM<\/title>\n<meta name=\"robots\" content=\"index, follow, max-snippet:-1, max-image-preview:large, max-video-preview:-1\" \/>\n<link rel=\"canonical\" href=\"https:\/\/gvsystem.co.uk\/fr\/produit\/gvcorner-gco-e-1\/\" \/>\n<meta property=\"og:locale\" content=\"fr_FR\" \/>\n<meta property=\"og:type\" content=\"article\" \/>\n<meta property=\"og:title\" content=\"GVCorner GCO-E-1\" \/>\n<meta property=\"og:description\" content=\"GVCorner GCO-E-1 EDGE PROTECTING PROFILEMADE OF STAINLESS STEEL APPLICATION EDGE PROTECTING 1-FOLDGVCorner \u2013 The 1-fold edged corner protection profile made of stainless steel or aluminium is subsequently glued directly on the tile covering. STABLE AND CLEAN EDGES FOR TILE OVERINGS, PLASTERED OR WALLPAPERED WALLSNo more broken edges. The profiles of the GVCorner series protect wall [&hellip;]\" \/>\n<meta property=\"og:url\" content=\"https:\/\/gvsystem.co.uk\/fr\/produit\/gvcorner-gco-e-1\/\" \/>\n<meta property=\"og:site_name\" content=\"GV SYSTEM\" \/>\n<meta property=\"article:modified_time\" content=\"2022-11-30T21:27:28+00:00\" \/>\n<meta property=\"og:image\" content=\"https:\/\/gvsystem.co.uk\/wp-content\/uploads\/2022\/10\/GVCorner-ACO-E-1_.jpg\" \/>\n\t<meta property=\"og:image:width\" content=\"300\" \/>\n\t<meta property=\"og:image:height\" content=\"300\" \/>\n\t<meta property=\"og:image:type\" content=\"image\/jpeg\" \/>\n<meta name=\"twitter:card\" content=\"summary_large_image\" \/>\n<!-- \/ Yoast SEO Premium plugin. -->","yoast_head_json":{"title":"GVCorner GCO-E-1 - GV SYSTEM","robots":{"index":"index","follow":"follow","max-snippet":"max-snippet:-1","max-image-preview":"max-image-preview:large","max-video-preview":"max-video-preview:-1"},"canonical":"https:\/\/gvsystem.co.uk\/fr\/produit\/gvcorner-gco-e-1\/","og_locale":"fr_FR","og_type":"article","og_title":"GVCorner GCO-E-1","og_description":"GVCorner GCO-E-1 EDGE PROTECTING PROFILEMADE OF STAINLESS STEEL APPLICATION EDGE PROTECTING 1-FOLDGVCorner \u2013 The 1-fold edged corner protection profile made of stainless steel or aluminium is subsequently glued directly on the tile covering. STABLE AND CLEAN EDGES FOR TILE OVERINGS, PLASTERED OR WALLPAPERED WALLSNo more broken edges. The profiles of the GVCorner series protect wall [&hellip;]","og_url":"https:\/\/gvsystem.co.uk\/fr\/produit\/gvcorner-gco-e-1\/","og_site_name":"GV SYSTEM","article_modified_time":"2022-11-30T21:27:28+00:00","og_image":[{"width":300,"height":300,"url":"https:\/\/gvsystem.co.uk\/wp-content\/uploads\/2022\/10\/GVCorner-ACO-E-1_.jpg","type":"image\/jpeg"}],"twitter_card":"summary_large_image","schema":{"@context":"https:\/\/schema.org","@graph":[{"@type":"WebPage","@id":"https:\/\/gvsystem.co.uk\/product\/gvcorner-gco-e-1\/","url":"https:\/\/gvsystem.co.uk\/product\/gvcorner-gco-e-1\/","name":"GVCorner GCO-E-1 - GV SYSTEM","isPartOf":{"@id":"https:\/\/gvsystem.co.uk\/#website"},"primaryImageOfPage":{"@id":"https:\/\/gvsystem.co.uk\/product\/gvcorner-gco-e-1\/#primaryimage"},"image":{"@id":"https:\/\/gvsystem.co.uk\/product\/gvcorner-gco-e-1\/#primaryimage"},"thumbnailUrl":"https:\/\/gvsystem.co.uk\/wp-content\/uploads\/2022\/10\/GVCorner-ACO-E-1_.jpg","datePublished":"2022-11-07T01:29:33+00:00","dateModified":"2022-11-30T21:27:28+00:00","breadcrumb":{"@id":"https:\/\/gvsystem.co.uk\/product\/gvcorner-gco-e-1\/#breadcrumb"},"inLanguage":"fr-FR","potentialAction":[{"@type":"ReadAction","target":["https:\/\/gvsystem.co.uk\/product\/gvcorner-gco-e-1\/"]}]},{"@type":"ImageObject","inLanguage":"fr-FR","@id":"https:\/\/gvsystem.co.uk\/product\/gvcorner-gco-e-1\/#primaryimage","url":"https:\/\/gvsystem.co.uk\/wp-content\/uploads\/2022\/10\/GVCorner-ACO-E-1_.jpg","contentUrl":"https:\/\/gvsystem.co.uk\/wp-content\/uploads\/2022\/10\/GVCorner-ACO-E-1_.jpg","width":300,"height":300},{"@type":"BreadcrumbList","@id":"https:\/\/gvsystem.co.uk\/product\/gvcorner-gco-e-1\/#breadcrumb","itemListElement":[{"@type":"ListItem","position":1,"name":"Home","item":"https:\/\/gvsystem.co.uk\/"},{"@type":"ListItem","position":2,"name":"Products","item":"https:\/\/gvsystem.co.uk\/products\/"},{"@type":"ListItem","position":3,"name":"Tile Accessories","item":"https:\/\/gvsystem.co.uk\/product-category\/tile-accessories\/"},{"@type":"ListItem","position":4,"name":"GVCorner GCO-E-1"}]},{"@type":"WebSite","@id":"https:\/\/gvsystem.co.uk\/#website","url":"https:\/\/gvsystem.co.uk\/","name":"GV SYSTEM","description":"Catalogue GV System","publisher":{"@id":"https:\/\/gvsystem.co.uk\/#organization"},"potentialAction":[{"@type":"SearchAction","target":{"@type":"EntryPoint","urlTemplate":"https:\/\/gvsystem.co.uk\/?s={search_term_string}"},"query-input":{"@type":"PropertyValueSpecification","valueRequired":true,"valueName":"search_term_string"}}],"inLanguage":"fr-FR"},{"@type":"Organization","@id":"https:\/\/gvsystem.co.uk\/#organization","name":"GV SYSTEM LTD","url":"https:\/\/gvsystem.co.uk\/","logo":{"@type":"ImageObject","inLanguage":"fr-FR","@id":"https:\/\/gvsystem.co.uk\/#\/schema\/logo\/image\/","url":"https:\/\/gvsystem.co.uk\/wp-content\/uploads\/2022\/09\/Logo_GV_180_60.png","contentUrl":"https:\/\/gvsystem.co.uk\/wp-content\/uploads\/2022\/09\/Logo_GV_180_60.png","width":180,"height":60,"caption":"GV SYSTEM LTD"},"image":{"@id":"https:\/\/gvsystem.co.uk\/#\/schema\/logo\/image\/"}}]}},"_links":{"self":[{"href":"https:\/\/gvsystem.co.uk\/fr\/wp-json\/wp\/v2\/product\/4827","targetHints":{"allow":["GET"]}}],"collection":[{"href":"https:\/\/gvsystem.co.uk\/fr\/wp-json\/wp\/v2\/product"}],"about":[{"href":"https:\/\/gvsystem.co.uk\/fr\/wp-json\/wp\/v2\/types\/product"}],"replies":[{"embeddable":true,"href":"https:\/\/gvsystem.co.uk\/fr\/wp-json\/wp\/v2\/comments?post=4827"}],"version-history":[{"count":10,"href":"https:\/\/gvsystem.co.uk\/fr\/wp-json\/wp\/v2\/product\/4827\/revisions"}],"predecessor-version":[{"id":5082,"href":"https:\/\/gvsystem.co.uk\/fr\/wp-json\/wp\/v2\/product\/4827\/revisions\/5082"}],"wp:featuredmedia":[{"embeddable":true,"href":"https:\/\/gvsystem.co.uk\/fr\/wp-json\/wp\/v2\/media\/3858"}],"wp:attachment":[{"href":"https:\/\/gvsystem.co.uk\/fr\/wp-json\/wp\/v2\/media?parent=4827"}],"wp:term":[{"taxonomy":"product_brand","embeddable":true,"href":"https:\/\/gvsystem.co.uk\/fr\/wp-json\/wp\/v2\/product_brand?post=4827"},{"taxonomy":"product_cat","embeddable":true,"href":"https:\/\/gvsystem.co.uk\/fr\/wp-json\/wp\/v2\/product_cat?post=4827"},{"taxonomy":"product_tag","embeddable":true,"href":"https:\/\/gvsystem.co.uk\/fr\/wp-json\/wp\/v2\/product_tag?post=4827"}],"curies":[{"name":"wp","href":"https:\/\/api.w.org\/{rel}","templated":true}]}}