{"id":4650,"date":"2022-11-06T14:58:14","date_gmt":"2022-11-06T14:58:14","guid":{"rendered":"https:\/\/gvsystem.co.uk\/?post_type=product&#038;p=4650"},"modified":"2022-11-06T14:59:24","modified_gmt":"2022-11-06T14:59:24","slug":"step-gvsn-5030s","status":"publish","type":"product","link":"https:\/\/gvsystem.co.uk\/fr\/produit\/step-gvsn-5030s\/","title":{"rendered":"Step GVSN 5030S"},"content":{"rendered":"<div data-elementor-type=\"product-post\" data-elementor-id=\"4650\" class=\"elementor elementor-4650\" data-elementor-post-type=\"product\">\n\t\t\t\t\t\t<section class=\"elementor-section elementor-top-section elementor-element elementor-element-1f59b23 elementor-section-boxed elementor-section-height-default elementor-section-height-default\" data-id=\"1f59b23\" data-element_type=\"section\">\n\t\t\t\t\t\t<div class=\"elementor-container elementor-column-gap-default\">\n\t\t\t\t\t<div class=\"elementor-column elementor-col-100 elementor-top-column elementor-element elementor-element-0c935ff\" data-id=\"0c935ff\" data-element_type=\"column\">\n\t\t\t<div class=\"elementor-widget-wrap elementor-element-populated\">\n\t\t\t\t\t\t<div class=\"elementor-element elementor-element-72fa22c elementor-widget elementor-widget-shortcode\" data-id=\"72fa22c\" data-element_type=\"widget\" data-widget_type=\"shortcode.default\">\n\t\t\t\t<div class=\"elementor-widget-container\">\n\t\t\t\t\t\t\t<div class=\"elementor-shortcode\"><span><span><a href=\"https:\/\/gvsystem.co.uk\/fr\/\">Maison<\/a><\/span><\/span><\/div>\n\t\t\t\t\t\t<\/div>\n\t\t\t\t<\/div>\n\t\t\t\t<section class=\"elementor-section elementor-inner-section elementor-element elementor-element-8aff8be elementor-section-boxed elementor-section-height-default elementor-section-height-default\" data-id=\"8aff8be\" data-element_type=\"section\">\n\t\t\t\t\t\t<div class=\"elementor-container elementor-column-gap-default\">\n\t\t\t\t\t<div class=\"elementor-column elementor-col-50 elementor-inner-column elementor-element elementor-element-2ae869a\" data-id=\"2ae869a\" data-element_type=\"column\">\n\t\t\t<div class=\"elementor-widget-wrap elementor-element-populated\">\n\t\t\t\t\t\t<div class=\"elementor-element elementor-element-0359994 elementor-widget elementor-widget-text-editor\" data-id=\"0359994\" data-element_type=\"widget\" data-widget_type=\"text-editor.default\">\n\t\t\t\t<div class=\"elementor-widget-container\">\n\t\t\t\t\t\t\t\t\t<h1>PAS GVSN 5030S<\/h1><p>GV STEP EDGE PROFILE<br \/><strong>MADE EN ALUMINIUM<\/strong><\/p><p><strong><span style=\"color: #ff0000;\">Application Step Edge Profile<\/span><\/strong><\/p><p>GVStep - Le pro\ufb01le de bord de marche de haute qualit\u00e9 avec une surface de marche sp\u00e9cialement pro\ufb01l\u00e9e et gaufr\u00e9e. Le pro\ufb01le est antid\u00e9rapant et assure une protection optimale des bords de la marche.<\/p><p><span style=\"color: #ff0000;\"><strong>LA FORME RENCONTRE LA FONCTION : \u00c9L\u00c9MENT DE STYLE ET FACTEUR DE S\u00c9CURIT\u00c9 \u00c0 LA FOIS.<\/strong><\/span><\/p><p>Les escaliers sont un \u00e9l\u00e9ment de conception d\u00e9\ufb01nissant en architecture. Les marches offrent des transitions cr\u00e9atives et structurent l'espace. GVstep combine les exigences visuelles avec les besoins fonctionnels. Les pro\ufb01les de bord de marche augmentent la s\u00e9curit\u00e9 de la marche et prot\u00e8gent en m\u00eame temps le bord contre les contraintes m\u00e9caniques.<\/p>\t\t\t\t\t\t\t\t<\/div>\n\t\t\t\t<\/div>\n\t\t\t\t\t<\/div>\n\t\t<\/div>\n\t\t\t\t<div class=\"elementor-column elementor-col-50 elementor-inner-column elementor-element elementor-element-1ee6ce6\" data-id=\"1ee6ce6\" data-element_type=\"column\">\n\t\t\t<div class=\"elementor-widget-wrap elementor-element-populated\">\n\t\t\t\t\t\t<div class=\"elementor-element elementor-element-a8cd7d6 elementor-widget elementor-widget-image\" data-id=\"a8cd7d6\" data-element_type=\"widget\" data-widget_type=\"image.default\">\n\t\t\t\t<div class=\"elementor-widget-container\">\n\t\t\t\t\t\t\t\t\t\t\t\t\t\t\t<img fetchpriority=\"high\" decoding=\"async\" width=\"600\" height=\"613\" src=\"https:\/\/gvsystem.co.uk\/wp-content\/uploads\/2022\/09\/STEP-GVSN-5030S_profile.jpg\" class=\"attachment-large size-large wp-image-2866\" alt=\"\" srcset=\"https:\/\/gvsystem.co.uk\/wp-content\/uploads\/2022\/09\/STEP-GVSN-5030S_profile.jpg 600w, https:\/\/gvsystem.co.uk\/wp-content\/uploads\/2022\/09\/STEP-GVSN-5030S_profile-294x300.jpg 294w, https:\/\/gvsystem.co.uk\/wp-content\/uploads\/2022\/09\/STEP-GVSN-5030S_profile-12x12.jpg 12w\" sizes=\"(max-width: 600px) 100vw, 600px\" \/>\t\t\t\t\t\t\t\t\t\t\t\t\t\t\t<\/div>\n\t\t\t\t<\/div>\n\t\t\t\t\t<\/div>\n\t\t<\/div>\n\t\t\t\t\t<\/div>\n\t\t<\/section>\n\t\t\t\t<section class=\"elementor-section elementor-inner-section elementor-element elementor-element-6b6fc7b elementor-section-boxed elementor-section-height-default elementor-section-height-default\" data-id=\"6b6fc7b\" data-element_type=\"section\">\n\t\t\t\t\t\t<div class=\"elementor-container elementor-column-gap-default\">\n\t\t\t\t\t<div class=\"elementor-column elementor-col-50 elementor-inner-column elementor-element elementor-element-c3492e0\" data-id=\"c3492e0\" data-element_type=\"column\">\n\t\t\t<div class=\"elementor-widget-wrap elementor-element-populated\">\n\t\t\t\t\t\t<div class=\"elementor-element elementor-element-d3b064f elementor-widget elementor-widget-text-editor\" data-id=\"d3b064f\" data-element_type=\"widget\" data-widget_type=\"text-editor.default\">\n\t\t\t\t<div class=\"elementor-widget-container\">\n\t\t\t\t\t\t\t\t\t<p><strong style=\"color: #ff0000; font-style: inherit; background-color: var(--ast-global-color-4);\">SP\u00c9CIFICATIONS TECHNIQUES<\/strong><\/p><p>Aluminium 6063 T6<br \/>Taille :<br \/>* Bande de roulement 50 mm <br \/>* Riser 30 mm<br \/>Num\u00e9ro d'article : 33.206<\/p><p>Toutes les mesures, poids et charges indiqu\u00e9s dans cette fiche technique sont des valeurs approximatives. Nous ne pouvons pas assumer de responsabilit\u00e9 pour les applications sp\u00e9ciales ainsi que pour les dommages r\u00e9sultant d'un montage ou d'une utilisation incorrecte, un test d'ad\u00e9quation correspondant doit toujours \u00eatre effectu\u00e9 par le client.<\/p>\t\t\t\t\t\t\t\t<\/div>\n\t\t\t\t<\/div>\n\t\t\t\t\t<\/div>\n\t\t<\/div>\n\t\t\t\t<div class=\"elementor-column elementor-col-50 elementor-inner-column elementor-element elementor-element-ecca4df\" data-id=\"ecca4df\" data-element_type=\"column\">\n\t\t\t<div class=\"elementor-widget-wrap elementor-element-populated\">\n\t\t\t\t\t\t<div class=\"elementor-element elementor-element-9c95cb4 elementor-widget elementor-widget-image\" data-id=\"9c95cb4\" data-element_type=\"widget\" data-widget_type=\"image.default\">\n\t\t\t\t<div class=\"elementor-widget-container\">\n\t\t\t\t\t\t\t\t\t\t\t\t\t\t\t<img decoding=\"async\" width=\"300\" height=\"188\" src=\"https:\/\/gvsystem.co.uk\/wp-content\/uploads\/2022\/09\/STEP-GVSN-5030S_detaill_.jpg\" class=\"attachment-large size-large wp-image-2910\" alt=\"\" srcset=\"https:\/\/gvsystem.co.uk\/wp-content\/uploads\/2022\/09\/STEP-GVSN-5030S_detaill_.jpg 300w, https:\/\/gvsystem.co.uk\/wp-content\/uploads\/2022\/09\/STEP-GVSN-5030S_detaill_-18x12.jpg 18w\" sizes=\"(max-width: 300px) 100vw, 300px\" \/>\t\t\t\t\t\t\t\t\t\t\t\t\t\t\t<\/div>\n\t\t\t\t<\/div>\n\t\t\t\t\t<\/div>\n\t\t<\/div>\n\t\t\t\t\t<\/div>\n\t\t<\/section>\n\t\t\t\t<div class=\"elementor-element elementor-element-33cc588 elementor-widget elementor-widget-text-editor\" data-id=\"33cc588\" data-element_type=\"widget\" data-widget_type=\"text-editor.default\">\n\t\t\t\t<div class=\"elementor-widget-container\">\n\t\t\t\t\t\t\t\t\t<p><strong><span style=\"color: #ff0000;\">T\u00e9l\u00e9charger TDS<\/span> <a href=\"https:\/\/gvsystem.co.uk\/wp-content\/uploads\/2022\/09\/GVSTEP-5030S-TDS.pdf\" target=\"_blank\" rel=\"noopener\"><img decoding=\"async\" src=\"https:\/\/gvsystem.co.uk\/wp-content\/uploads\/2022\/09\/Download3.png\" \/> <\/a><\/strong><\/p>\t\t\t\t\t\t\t\t<\/div>\n\t\t\t\t<\/div>\n\t\t\t\t<div class=\"elementor-element elementor-element-f511ccb elementor-widget elementor-widget-spacer\" data-id=\"f511ccb\" data-element_type=\"widget\" data-widget_type=\"spacer.default\">\n\t\t\t\t<div class=\"elementor-widget-container\">\n\t\t\t\t\t\t\t<div class=\"elementor-spacer\">\n\t\t\t<div class=\"elementor-spacer-inner\"><\/div>\n\t\t<\/div>\n\t\t\t\t\t\t<\/div>\n\t\t\t\t<\/div>\n\t\t\t\t\t<\/div>\n\t\t<\/div>\n\t\t\t\t\t<\/div>\n\t\t<\/section>\n\t\t\t\t<\/div>","protected":false},"excerpt":{"rendered":"<p>STEP GVSN 5030S GV STEP EDGE PROFILEMADE OF ALUMINIUM Application Step Edge Profile GVStep \u2013 The high-quality step edge pro\ufb01le with specially pro\ufb01led and embossed tread surface. The pro\ufb01le is slip-resistant and provides optimum protection for the stair edges. FORM MEETS FUNCTION: STYLE ELEMENT AND SAFETY FACTOR AT ONCE. Stairs are a de\ufb01ning design element [&hellip;]<\/p>","protected":false},"featured_media":2866,"comment_status":"open","ping_status":"closed","template":"elementor_header_footer","meta":{"_acf_changed":false,"site-sidebar-layout":"no-sidebar","site-content-layout":"page-builder","ast-site-content-layout":"default","site-content-style":"default","site-sidebar-style":"default","ast-global-header-display":"","ast-banner-title-visibility":"","ast-main-header-display":"","ast-hfb-above-header-display":"","ast-hfb-below-header-display":"","ast-hfb-mobile-header-display":"","site-post-title":"disabled","ast-breadcrumbs-content":"","ast-featured-img":"disabled","footer-sml-layout":"","ast-disable-related-posts":"","theme-transparent-header-meta":"default","adv-header-id-meta":"","stick-header-meta":"","header-above-stick-meta":"","header-main-stick-meta":"","header-below-stick-meta":"","astra-migrate-meta-layouts":"default","ast-page-background-enabled":"default","ast-page-background-meta":{"desktop":{"background-color":"","background-image":"","background-repeat":"repeat","background-position":"center center","background-size":"auto","background-attachment":"scroll","background-type":"","background-media":"","overlay-type":"","overlay-color":"","overlay-opacity":"","overlay-gradient":""},"tablet":{"background-color":"","background-image":"","background-repeat":"repeat","background-position":"center center","background-size":"auto","background-attachment":"scroll","background-type":"","background-media":"","overlay-type":"","overlay-color":"","overlay-opacity":"","overlay-gradient":""},"mobile":{"background-color":"","background-image":"","background-repeat":"repeat","background-position":"center center","background-size":"auto","background-attachment":"scroll","background-type":"","background-media":"","overlay-type":"","overlay-color":"","overlay-opacity":"","overlay-gradient":""}},"ast-content-background-meta":{"desktop":{"background-color":"var(--ast-global-color-5)","background-image":"","background-repeat":"repeat","background-position":"center center","background-size":"auto","background-attachment":"scroll","background-type":"","background-media":"","overlay-type":"","overlay-color":"","overlay-opacity":"","overlay-gradient":""},"tablet":{"background-color":"var(--ast-global-color-5)","background-image":"","background-repeat":"repeat","background-position":"center center","background-size":"auto","background-attachment":"scroll","background-type":"","background-media":"","overlay-type":"","overlay-color":"","overlay-opacity":"","overlay-gradient":""},"mobile":{"background-color":"var(--ast-global-color-5)","background-image":"","background-repeat":"repeat","background-position":"center center","background-size":"auto","background-attachment":"scroll","background-type":"","background-media":"","overlay-type":"","overlay-color":"","overlay-opacity":"","overlay-gradient":""}}},"product_brand":[],"product_cat":[163],"product_tag":[],"class_list":{"0":"post-4650","1":"product","2":"type-product","3":"status-publish","4":"has-post-thumbnail","6":"product_cat-stair-nosing","7":"desktop-align-left","8":"tablet-align-left","9":"mobile-align-left","11":"first","12":"instock","13":"shipping-taxable","14":"product-type-simple"},"acf":[],"yoast_head":"<!-- This site is optimized with the Yoast SEO Premium plugin v18.9 (Yoast SEO v26.7) - https:\/\/yoast.com\/wordpress\/plugins\/seo\/ -->\n<title>Step GVSN 5030S - GV SYSTEM<\/title>\n<meta name=\"robots\" content=\"index, follow, max-snippet:-1, max-image-preview:large, max-video-preview:-1\" \/>\n<link rel=\"canonical\" href=\"https:\/\/gvsystem.co.uk\/fr\/produit\/step-gvsn-5030s\/\" \/>\n<meta property=\"og:locale\" content=\"fr_FR\" \/>\n<meta property=\"og:type\" content=\"article\" \/>\n<meta property=\"og:title\" content=\"Step GVSN 5030S\" \/>\n<meta property=\"og:description\" content=\"STEP GVSN 5030S GV STEP EDGE PROFILEMADE OF ALUMINIUM Application Step Edge Profile GVStep \u2013 The high-quality step edge pro\ufb01le with specially pro\ufb01led and embossed tread surface. The pro\ufb01le is slip-resistant and provides optimum protection for the stair edges. FORM MEETS FUNCTION: STYLE ELEMENT AND SAFETY FACTOR AT ONCE. Stairs are a de\ufb01ning design element [&hellip;]\" \/>\n<meta property=\"og:url\" content=\"https:\/\/gvsystem.co.uk\/fr\/produit\/step-gvsn-5030s\/\" \/>\n<meta property=\"og:site_name\" content=\"GV SYSTEM\" \/>\n<meta property=\"article:modified_time\" content=\"2022-11-06T14:59:24+00:00\" \/>\n<meta property=\"og:image\" content=\"https:\/\/gvsystem.co.uk\/wp-content\/uploads\/2022\/09\/STEP-GVSN-5030S_profile.jpg\" \/>\n\t<meta property=\"og:image:width\" content=\"600\" \/>\n\t<meta property=\"og:image:height\" content=\"613\" \/>\n\t<meta property=\"og:image:type\" content=\"image\/jpeg\" \/>\n<meta name=\"twitter:card\" content=\"summary_large_image\" \/>\n<!-- \/ Yoast SEO Premium plugin. -->","yoast_head_json":{"title":"Step GVSN 5030S - GV SYSTEM","robots":{"index":"index","follow":"follow","max-snippet":"max-snippet:-1","max-image-preview":"max-image-preview:large","max-video-preview":"max-video-preview:-1"},"canonical":"https:\/\/gvsystem.co.uk\/fr\/produit\/step-gvsn-5030s\/","og_locale":"fr_FR","og_type":"article","og_title":"Step GVSN 5030S","og_description":"STEP GVSN 5030S GV STEP EDGE PROFILEMADE OF ALUMINIUM Application Step Edge Profile GVStep \u2013 The high-quality step edge pro\ufb01le with specially pro\ufb01led and embossed tread surface. The pro\ufb01le is slip-resistant and provides optimum protection for the stair edges. FORM MEETS FUNCTION: STYLE ELEMENT AND SAFETY FACTOR AT ONCE. Stairs are a de\ufb01ning design element [&hellip;]","og_url":"https:\/\/gvsystem.co.uk\/fr\/produit\/step-gvsn-5030s\/","og_site_name":"GV SYSTEM","article_modified_time":"2022-11-06T14:59:24+00:00","og_image":[{"width":600,"height":613,"url":"https:\/\/gvsystem.co.uk\/wp-content\/uploads\/2022\/09\/STEP-GVSN-5030S_profile.jpg","type":"image\/jpeg"}],"twitter_card":"summary_large_image","schema":{"@context":"https:\/\/schema.org","@graph":[{"@type":"WebPage","@id":"https:\/\/gvsystem.co.uk\/product\/step-gvsn-5030s\/","url":"https:\/\/gvsystem.co.uk\/product\/step-gvsn-5030s\/","name":"Step GVSN 5030S - GV SYSTEM","isPartOf":{"@id":"https:\/\/gvsystem.co.uk\/#website"},"primaryImageOfPage":{"@id":"https:\/\/gvsystem.co.uk\/product\/step-gvsn-5030s\/#primaryimage"},"image":{"@id":"https:\/\/gvsystem.co.uk\/product\/step-gvsn-5030s\/#primaryimage"},"thumbnailUrl":"https:\/\/gvsystem.co.uk\/wp-content\/uploads\/2022\/09\/STEP-GVSN-5030S_profile.jpg","datePublished":"2022-11-06T14:58:14+00:00","dateModified":"2022-11-06T14:59:24+00:00","breadcrumb":{"@id":"https:\/\/gvsystem.co.uk\/product\/step-gvsn-5030s\/#breadcrumb"},"inLanguage":"fr-FR","potentialAction":[{"@type":"ReadAction","target":["https:\/\/gvsystem.co.uk\/product\/step-gvsn-5030s\/"]}]},{"@type":"ImageObject","inLanguage":"fr-FR","@id":"https:\/\/gvsystem.co.uk\/product\/step-gvsn-5030s\/#primaryimage","url":"https:\/\/gvsystem.co.uk\/wp-content\/uploads\/2022\/09\/STEP-GVSN-5030S_profile.jpg","contentUrl":"https:\/\/gvsystem.co.uk\/wp-content\/uploads\/2022\/09\/STEP-GVSN-5030S_profile.jpg","width":600,"height":613},{"@type":"BreadcrumbList","@id":"https:\/\/gvsystem.co.uk\/product\/step-gvsn-5030s\/#breadcrumb","itemListElement":[{"@type":"ListItem","position":1,"name":"Home","item":"https:\/\/gvsystem.co.uk\/"},{"@type":"ListItem","position":2,"name":"Products","item":"https:\/\/gvsystem.co.uk\/products\/"},{"@type":"ListItem","position":3,"name":"Stair Nosing","item":"https:\/\/gvsystem.co.uk\/product-category\/stair-nosing\/"},{"@type":"ListItem","position":4,"name":"Step GVSN 5030S"}]},{"@type":"WebSite","@id":"https:\/\/gvsystem.co.uk\/#website","url":"https:\/\/gvsystem.co.uk\/","name":"GV SYSTEM","description":"Catalogue GV System","publisher":{"@id":"https:\/\/gvsystem.co.uk\/#organization"},"potentialAction":[{"@type":"SearchAction","target":{"@type":"EntryPoint","urlTemplate":"https:\/\/gvsystem.co.uk\/?s={search_term_string}"},"query-input":{"@type":"PropertyValueSpecification","valueRequired":true,"valueName":"search_term_string"}}],"inLanguage":"fr-FR"},{"@type":"Organization","@id":"https:\/\/gvsystem.co.uk\/#organization","name":"GV SYSTEM LTD","url":"https:\/\/gvsystem.co.uk\/","logo":{"@type":"ImageObject","inLanguage":"fr-FR","@id":"https:\/\/gvsystem.co.uk\/#\/schema\/logo\/image\/","url":"https:\/\/gvsystem.co.uk\/wp-content\/uploads\/2022\/09\/Logo_GV_180_60.png","contentUrl":"https:\/\/gvsystem.co.uk\/wp-content\/uploads\/2022\/09\/Logo_GV_180_60.png","width":180,"height":60,"caption":"GV SYSTEM LTD"},"image":{"@id":"https:\/\/gvsystem.co.uk\/#\/schema\/logo\/image\/"}}]}},"_links":{"self":[{"href":"https:\/\/gvsystem.co.uk\/fr\/wp-json\/wp\/v2\/product\/4650","targetHints":{"allow":["GET"]}}],"collection":[{"href":"https:\/\/gvsystem.co.uk\/fr\/wp-json\/wp\/v2\/product"}],"about":[{"href":"https:\/\/gvsystem.co.uk\/fr\/wp-json\/wp\/v2\/types\/product"}],"replies":[{"embeddable":true,"href":"https:\/\/gvsystem.co.uk\/fr\/wp-json\/wp\/v2\/comments?post=4650"}],"version-history":[{"count":4,"href":"https:\/\/gvsystem.co.uk\/fr\/wp-json\/wp\/v2\/product\/4650\/revisions"}],"predecessor-version":[{"id":4658,"href":"https:\/\/gvsystem.co.uk\/fr\/wp-json\/wp\/v2\/product\/4650\/revisions\/4658"}],"wp:featuredmedia":[{"embeddable":true,"href":"https:\/\/gvsystem.co.uk\/fr\/wp-json\/wp\/v2\/media\/2866"}],"wp:attachment":[{"href":"https:\/\/gvsystem.co.uk\/fr\/wp-json\/wp\/v2\/media?parent=4650"}],"wp:term":[{"taxonomy":"product_brand","embeddable":true,"href":"https:\/\/gvsystem.co.uk\/fr\/wp-json\/wp\/v2\/product_brand?post=4650"},{"taxonomy":"product_cat","embeddable":true,"href":"https:\/\/gvsystem.co.uk\/fr\/wp-json\/wp\/v2\/product_cat?post=4650"},{"taxonomy":"product_tag","embeddable":true,"href":"https:\/\/gvsystem.co.uk\/fr\/wp-json\/wp\/v2\/product_tag?post=4650"}],"curies":[{"name":"wp","href":"https:\/\/api.w.org\/{rel}","templated":true}]}}