{"id":3588,"date":"2022-09-30T12:55:30","date_gmt":"2022-09-30T12:55:30","guid":{"rendered":"https:\/\/gvsystem.co.uk\/?post_type=product&#038;p=3588"},"modified":"2022-10-02T03:16:53","modified_gmt":"2022-10-02T03:16:53","slug":"ru-76-ff-fw","status":"publish","type":"product","link":"https:\/\/gvsystem.co.uk\/fr\/produit\/ru-76-ff-fw\/","title":{"rendered":"RU-76 FF-FW"},"content":{"rendered":"<p><img fetchpriority=\"high\" decoding=\"async\" class=\"aligncenter wp-image-3596 size-full\" src=\"https:\/\/gvsystem.co.uk\/wp-content\/uploads\/2022\/09\/Table_RU-76.jpg\" alt=\"\" width=\"900\" height=\"496\" srcset=\"https:\/\/gvsystem.co.uk\/wp-content\/uploads\/2022\/09\/Table_RU-76.jpg 900w, https:\/\/gvsystem.co.uk\/wp-content\/uploads\/2022\/09\/Table_RU-76-300x165.jpg 300w, https:\/\/gvsystem.co.uk\/wp-content\/uploads\/2022\/09\/Table_RU-76-768x423.jpg 768w, https:\/\/gvsystem.co.uk\/wp-content\/uploads\/2022\/09\/Table_RU-76-18x10.jpg 18w, https:\/\/gvsystem.co.uk\/wp-content\/uploads\/2022\/09\/Table_RU-76-600x331.jpg 600w\" sizes=\"(max-width: 900px) 100vw, 900px\" \/><\/p>\n<p>&nbsp;<\/p>\n<p><img decoding=\"async\" class=\"aligncenter wp-image-3592 size-full\" src=\"https:\/\/gvsystem.co.uk\/wp-content\/uploads\/2022\/09\/Install_RU-76.jpg\" alt=\"\" width=\"341\" height=\"415\" srcset=\"https:\/\/gvsystem.co.uk\/wp-content\/uploads\/2022\/09\/Install_RU-76.jpg 341w, https:\/\/gvsystem.co.uk\/wp-content\/uploads\/2022\/09\/Install_RU-76-247x300.jpg 247w, https:\/\/gvsystem.co.uk\/wp-content\/uploads\/2022\/09\/Install_RU-76-10x12.jpg 10w\" sizes=\"(max-width: 341px) 100vw, 341px\" \/><\/p>","protected":false},"excerpt":{"rendered":"<p>Le RU-76 est une simple plaque d'acier envelopp\u00e9e de caoutchouc. Le caoutchouc sert \u00e0 r\u00e9duire le bruit qu'une plaque d'acier expos\u00e9e ferait lorsque le trafic traverse la plaque. Elle poss\u00e8de \u00e9galement une section unique sur le c\u00f4t\u00e9 de fixation, afin de permettre un mouvement vertical.<\/p>","protected":false},"featured_media":3600,"comment_status":"open","ping_status":"closed","template":"","meta":{"_acf_changed":false,"site-sidebar-layout":"default","site-content-layout":"default","ast-site-content-layout":"default","site-content-style":"default","site-sidebar-style":"default","ast-global-header-display":"","ast-banner-title-visibility":"","ast-main-header-display":"","ast-hfb-above-header-display":"","ast-hfb-below-header-display":"","ast-hfb-mobile-header-display":"","site-post-title":"","ast-breadcrumbs-content":"","ast-featured-img":"","footer-sml-layout":"","ast-disable-related-posts":"","theme-transparent-header-meta":"default","adv-header-id-meta":"","stick-header-meta":"","header-above-stick-meta":"","header-main-stick-meta":"","header-below-stick-meta":"","astra-migrate-meta-layouts":"default","ast-page-background-enabled":"default","ast-page-background-meta":{"desktop":{"background-color":"","background-image":"","background-repeat":"repeat","background-position":"center center","background-size":"auto","background-attachment":"scroll","background-type":"","background-media":"","overlay-type":"","overlay-color":"","overlay-opacity":"","overlay-gradient":""},"tablet":{"background-color":"","background-image":"","background-repeat":"repeat","background-position":"center center","background-size":"auto","background-attachment":"scroll","background-type":"","background-media":"","overlay-type":"","overlay-color":"","overlay-opacity":"","overlay-gradient":""},"mobile":{"background-color":"","background-image":"","background-repeat":"repeat","background-position":"center center","background-size":"auto","background-attachment":"scroll","background-type":"","background-media":"","overlay-type":"","overlay-color":"","overlay-opacity":"","overlay-gradient":""}},"ast-content-background-meta":{"desktop":{"background-color":"var(--ast-global-color-5)","background-image":"","background-repeat":"repeat","background-position":"center center","background-size":"auto","background-attachment":"scroll","background-type":"","background-media":"","overlay-type":"","overlay-color":"","overlay-opacity":"","overlay-gradient":""},"tablet":{"background-color":"var(--ast-global-color-5)","background-image":"","background-repeat":"repeat","background-position":"center center","background-size":"auto","background-attachment":"scroll","background-type":"","background-media":"","overlay-type":"","overlay-color":"","overlay-opacity":"","overlay-gradient":""},"mobile":{"background-color":"var(--ast-global-color-5)","background-image":"","background-repeat":"repeat","background-position":"center center","background-size":"auto","background-attachment":"scroll","background-type":"","background-media":"","overlay-type":"","overlay-color":"","overlay-opacity":"","overlay-gradient":""}}},"product_brand":[],"product_cat":[19,124],"product_tag":[148],"class_list":{"0":"post-3588","1":"product","2":"type-product","3":"status-publish","4":"has-post-thumbnail","6":"product_cat-all-rubber","7":"product_cat-custom-fields","8":"product_tag-all-rubber","9":"desktop-align-left","10":"tablet-align-left","11":"mobile-align-left","13":"first","14":"instock","15":"shipping-taxable","16":"product-type-simple"},"acf":[],"yoast_head":"<!-- This site is optimized with the Yoast SEO Premium plugin v18.9 (Yoast SEO v26.7) - https:\/\/yoast.com\/wordpress\/plugins\/seo\/ -->\n<title>RU-76 FF-FW - GV SYSTEM<\/title>\n<meta name=\"description\" content=\"The RU-76 is a simple steel plate wrapped in rubber. The rubber is to reduce the noise an exposed steel plate would make when traffic crosses the plate, it also has a unique section on the fixing side, this is to allow for vertical movement.\" \/>\n<meta name=\"robots\" content=\"index, follow, max-snippet:-1, max-image-preview:large, max-video-preview:-1\" \/>\n<link rel=\"canonical\" href=\"https:\/\/gvsystem.co.uk\/fr\/produit\/ru-76-ff-fw\/\" \/>\n<meta property=\"og:locale\" content=\"fr_FR\" \/>\n<meta property=\"og:type\" content=\"article\" \/>\n<meta property=\"og:title\" content=\"RU-76 FF-FW\" \/>\n<meta property=\"og:description\" content=\"The RU-76 is a simple steel plate wrapped in rubber. The rubber is to reduce the noise an exposed steel plate would make when traffic crosses the plate, it also has a unique section on the fixing side, this is to allow for vertical movement.\" \/>\n<meta property=\"og:url\" content=\"https:\/\/gvsystem.co.uk\/fr\/produit\/ru-76-ff-fw\/\" \/>\n<meta property=\"og:site_name\" content=\"GV SYSTEM\" \/>\n<meta property=\"article:modified_time\" content=\"2022-10-02T03:16:53+00:00\" \/>\n<meta property=\"og:image\" content=\"https:\/\/gvsystem.co.uk\/wp-content\/uploads\/2022\/09\/Series-76-FF.png\" \/>\n\t<meta property=\"og:image:width\" content=\"700\" \/>\n\t<meta property=\"og:image:height\" content=\"700\" \/>\n\t<meta property=\"og:image:type\" content=\"image\/png\" \/>\n<meta name=\"twitter:card\" content=\"summary_large_image\" \/>\n<!-- \/ Yoast SEO Premium plugin. -->","yoast_head_json":{"title":"RU-76 FF-FW - GV SYSTEM","description":"Le RU-76 est une simple plaque d'acier envelopp\u00e9e de caoutchouc. Le caoutchouc sert \u00e0 r\u00e9duire le bruit qu'une plaque d'acier expos\u00e9e ferait lorsque le trafic traverse la plaque. Elle poss\u00e8de \u00e9galement une section unique sur le c\u00f4t\u00e9 de fixation, afin de permettre un mouvement vertical.","robots":{"index":"index","follow":"follow","max-snippet":"max-snippet:-1","max-image-preview":"max-image-preview:large","max-video-preview":"max-video-preview:-1"},"canonical":"https:\/\/gvsystem.co.uk\/fr\/produit\/ru-76-ff-fw\/","og_locale":"fr_FR","og_type":"article","og_title":"RU-76 FF-FW","og_description":"The RU-76 is a simple steel plate wrapped in rubber. The rubber is to reduce the noise an exposed steel plate would make when traffic crosses the plate, it also has a unique section on the fixing side, this is to allow for vertical movement.","og_url":"https:\/\/gvsystem.co.uk\/fr\/produit\/ru-76-ff-fw\/","og_site_name":"GV SYSTEM","article_modified_time":"2022-10-02T03:16:53+00:00","og_image":[{"width":700,"height":700,"url":"https:\/\/gvsystem.co.uk\/wp-content\/uploads\/2022\/09\/Series-76-FF.png","type":"image\/png"}],"twitter_card":"summary_large_image","schema":{"@context":"https:\/\/schema.org","@graph":[{"@type":"WebPage","@id":"https:\/\/gvsystem.co.uk\/product\/ru-76-ff-fw\/","url":"https:\/\/gvsystem.co.uk\/product\/ru-76-ff-fw\/","name":"RU-76 FF-FW - GV SYSTEM","isPartOf":{"@id":"https:\/\/gvsystem.co.uk\/#website"},"primaryImageOfPage":{"@id":"https:\/\/gvsystem.co.uk\/product\/ru-76-ff-fw\/#primaryimage"},"image":{"@id":"https:\/\/gvsystem.co.uk\/product\/ru-76-ff-fw\/#primaryimage"},"thumbnailUrl":"https:\/\/gvsystem.co.uk\/wp-content\/uploads\/2022\/09\/Series-76-FF.png","datePublished":"2022-09-30T12:55:30+00:00","dateModified":"2022-10-02T03:16:53+00:00","description":"Le RU-76 est une simple plaque d'acier envelopp\u00e9e de caoutchouc. Le caoutchouc sert \u00e0 r\u00e9duire le bruit qu'une plaque d'acier expos\u00e9e ferait lorsque le trafic traverse la plaque. Elle poss\u00e8de \u00e9galement une section unique sur le c\u00f4t\u00e9 de fixation, afin de permettre un mouvement vertical.","breadcrumb":{"@id":"https:\/\/gvsystem.co.uk\/product\/ru-76-ff-fw\/#breadcrumb"},"inLanguage":"fr-FR","potentialAction":[{"@type":"ReadAction","target":["https:\/\/gvsystem.co.uk\/product\/ru-76-ff-fw\/"]}]},{"@type":"ImageObject","inLanguage":"fr-FR","@id":"https:\/\/gvsystem.co.uk\/product\/ru-76-ff-fw\/#primaryimage","url":"https:\/\/gvsystem.co.uk\/wp-content\/uploads\/2022\/09\/Series-76-FF.png","contentUrl":"https:\/\/gvsystem.co.uk\/wp-content\/uploads\/2022\/09\/Series-76-FF.png","width":700,"height":700},{"@type":"BreadcrumbList","@id":"https:\/\/gvsystem.co.uk\/product\/ru-76-ff-fw\/#breadcrumb","itemListElement":[{"@type":"ListItem","position":1,"name":"Home","item":"https:\/\/gvsystem.co.uk\/"},{"@type":"ListItem","position":2,"name":"Products","item":"https:\/\/gvsystem.co.uk\/products\/"},{"@type":"ListItem","position":3,"name":"Expansion Joint","item":"https:\/\/gvsystem.co.uk\/product-category\/expansion-joint\/"},{"@type":"ListItem","position":4,"name":"All Rubber","item":"https:\/\/gvsystem.co.uk\/product-category\/expansion-joint\/all-rubber\/"},{"@type":"ListItem","position":5,"name":"RU-76 FF-FW"}]},{"@type":"WebSite","@id":"https:\/\/gvsystem.co.uk\/#website","url":"https:\/\/gvsystem.co.uk\/","name":"GV SYSTEM","description":"Catalogue GV System","publisher":{"@id":"https:\/\/gvsystem.co.uk\/#organization"},"potentialAction":[{"@type":"SearchAction","target":{"@type":"EntryPoint","urlTemplate":"https:\/\/gvsystem.co.uk\/?s={search_term_string}"},"query-input":{"@type":"PropertyValueSpecification","valueRequired":true,"valueName":"search_term_string"}}],"inLanguage":"fr-FR"},{"@type":"Organization","@id":"https:\/\/gvsystem.co.uk\/#organization","name":"GV SYSTEM LTD","url":"https:\/\/gvsystem.co.uk\/","logo":{"@type":"ImageObject","inLanguage":"fr-FR","@id":"https:\/\/gvsystem.co.uk\/#\/schema\/logo\/image\/","url":"https:\/\/gvsystem.co.uk\/wp-content\/uploads\/2022\/09\/Logo_GV_180_60.png","contentUrl":"https:\/\/gvsystem.co.uk\/wp-content\/uploads\/2022\/09\/Logo_GV_180_60.png","width":180,"height":60,"caption":"GV SYSTEM LTD"},"image":{"@id":"https:\/\/gvsystem.co.uk\/#\/schema\/logo\/image\/"}}]}},"_links":{"self":[{"href":"https:\/\/gvsystem.co.uk\/fr\/wp-json\/wp\/v2\/product\/3588","targetHints":{"allow":["GET"]}}],"collection":[{"href":"https:\/\/gvsystem.co.uk\/fr\/wp-json\/wp\/v2\/product"}],"about":[{"href":"https:\/\/gvsystem.co.uk\/fr\/wp-json\/wp\/v2\/types\/product"}],"replies":[{"embeddable":true,"href":"https:\/\/gvsystem.co.uk\/fr\/wp-json\/wp\/v2\/comments?post=3588"}],"version-history":[{"count":1,"href":"https:\/\/gvsystem.co.uk\/fr\/wp-json\/wp\/v2\/product\/3588\/revisions"}],"predecessor-version":[{"id":3609,"href":"https:\/\/gvsystem.co.uk\/fr\/wp-json\/wp\/v2\/product\/3588\/revisions\/3609"}],"wp:featuredmedia":[{"embeddable":true,"href":"https:\/\/gvsystem.co.uk\/fr\/wp-json\/wp\/v2\/media\/3600"}],"wp:attachment":[{"href":"https:\/\/gvsystem.co.uk\/fr\/wp-json\/wp\/v2\/media?parent=3588"}],"wp:term":[{"taxonomy":"product_brand","embeddable":true,"href":"https:\/\/gvsystem.co.uk\/fr\/wp-json\/wp\/v2\/product_brand?post=3588"},{"taxonomy":"product_cat","embeddable":true,"href":"https:\/\/gvsystem.co.uk\/fr\/wp-json\/wp\/v2\/product_cat?post=3588"},{"taxonomy":"product_tag","embeddable":true,"href":"https:\/\/gvsystem.co.uk\/fr\/wp-json\/wp\/v2\/product_tag?post=3588"}],"curies":[{"name":"wp","href":"https:\/\/api.w.org\/{rel}","templated":true}]}}