{"id":3499,"date":"2022-09-30T10:35:15","date_gmt":"2022-09-30T10:35:15","guid":{"rendered":"https:\/\/gvsystem.co.uk\/?post_type=product&#038;p=3499"},"modified":"2022-10-02T03:20:46","modified_gmt":"2022-10-02T03:20:46","slug":"ar-14p-ww-wc","status":"publish","type":"product","link":"https:\/\/gvsystem.co.uk\/fr\/produit\/ar-14p-ww-wc\/","title":{"rendered":"AR-14P WW-WC"},"content":{"rendered":"<p><img fetchpriority=\"high\" decoding=\"async\" class=\"aligncenter wp-image-3508 size-full\" src=\"https:\/\/gvsystem.co.uk\/wp-content\/uploads\/2022\/09\/Table_AR-14P.jpg\" alt=\"\" width=\"900\" height=\"684\" srcset=\"https:\/\/gvsystem.co.uk\/wp-content\/uploads\/2022\/09\/Table_AR-14P.jpg 900w, https:\/\/gvsystem.co.uk\/wp-content\/uploads\/2022\/09\/Table_AR-14P-300x228.jpg 300w, https:\/\/gvsystem.co.uk\/wp-content\/uploads\/2022\/09\/Table_AR-14P-768x584.jpg 768w, https:\/\/gvsystem.co.uk\/wp-content\/uploads\/2022\/09\/Table_AR-14P-16x12.jpg 16w, https:\/\/gvsystem.co.uk\/wp-content\/uploads\/2022\/09\/Table_AR-14P-600x456.jpg 600w\" sizes=\"(max-width: 900px) 100vw, 900px\" \/><\/p>\n<p>&nbsp;<\/p>\n<p><img decoding=\"async\" class=\"aligncenter wp-image-3504 size-full\" src=\"https:\/\/gvsystem.co.uk\/wp-content\/uploads\/2022\/09\/Install_AR-14P.jpg\" alt=\"\" width=\"551\" height=\"527\" srcset=\"https:\/\/gvsystem.co.uk\/wp-content\/uploads\/2022\/09\/Install_AR-14P.jpg 551w, https:\/\/gvsystem.co.uk\/wp-content\/uploads\/2022\/09\/Install_AR-14P-300x287.jpg 300w, https:\/\/gvsystem.co.uk\/wp-content\/uploads\/2022\/09\/Install_AR-14P-13x12.jpg 13w\" sizes=\"(max-width: 551px) 100vw, 551px\" \/><\/p>","protected":false},"excerpt":{"rendered":"<p>L'AR-14P (PRO) est sp\u00e9cialement con\u00e7u pour les murs ext\u00e9rieurs. Ce syst\u00e8me est fix\u00e9 derri\u00e8re les finitions du mur et offre un choix de 3 profils de mur d'angle diff\u00e9rents. Comme il s'agit de la version PRO, il incorpore \u00e9galement un deuxi\u00e8me joint pour l'\u00e9tanch\u00e9it\u00e9.<\/p>","protected":false},"featured_media":3512,"comment_status":"open","ping_status":"closed","template":"","meta":{"_acf_changed":false,"site-sidebar-layout":"default","site-content-layout":"default","ast-site-content-layout":"default","site-content-style":"default","site-sidebar-style":"default","ast-global-header-display":"","ast-banner-title-visibility":"","ast-main-header-display":"","ast-hfb-above-header-display":"","ast-hfb-below-header-display":"","ast-hfb-mobile-header-display":"","site-post-title":"","ast-breadcrumbs-content":"","ast-featured-img":"","footer-sml-layout":"","ast-disable-related-posts":"","theme-transparent-header-meta":"default","adv-header-id-meta":"","stick-header-meta":"","header-above-stick-meta":"","header-main-stick-meta":"","header-below-stick-meta":"","astra-migrate-meta-layouts":"default","ast-page-background-enabled":"default","ast-page-background-meta":{"desktop":{"background-color":"","background-image":"","background-repeat":"repeat","background-position":"center center","background-size":"auto","background-attachment":"scroll","background-type":"","background-media":"","overlay-type":"","overlay-color":"","overlay-opacity":"","overlay-gradient":""},"tablet":{"background-color":"","background-image":"","background-repeat":"repeat","background-position":"center center","background-size":"auto","background-attachment":"scroll","background-type":"","background-media":"","overlay-type":"","overlay-color":"","overlay-opacity":"","overlay-gradient":""},"mobile":{"background-color":"","background-image":"","background-repeat":"repeat","background-position":"center center","background-size":"auto","background-attachment":"scroll","background-type":"","background-media":"","overlay-type":"","overlay-color":"","overlay-opacity":"","overlay-gradient":""}},"ast-content-background-meta":{"desktop":{"background-color":"var(--ast-global-color-5)","background-image":"","background-repeat":"repeat","background-position":"center center","background-size":"auto","background-attachment":"scroll","background-type":"","background-media":"","overlay-type":"","overlay-color":"","overlay-opacity":"","overlay-gradient":""},"tablet":{"background-color":"var(--ast-global-color-5)","background-image":"","background-repeat":"repeat","background-position":"center center","background-size":"auto","background-attachment":"scroll","background-type":"","background-media":"","overlay-type":"","overlay-color":"","overlay-opacity":"","overlay-gradient":""},"mobile":{"background-color":"var(--ast-global-color-5)","background-image":"","background-repeat":"repeat","background-position":"center center","background-size":"auto","background-attachment":"scroll","background-type":"","background-media":"","overlay-type":"","overlay-color":"","overlay-opacity":"","overlay-gradient":""}}},"product_brand":[],"product_cat":[112,124],"product_tag":[151],"class_list":{"0":"post-3499","1":"product","2":"type-product","3":"status-publish","4":"has-post-thumbnail","6":"product_cat-aluminum-rubber","7":"product_cat-custom-fields","8":"product_tag-aluminum-and-rubber-system","9":"desktop-align-left","10":"tablet-align-left","11":"mobile-align-left","13":"first","14":"instock","15":"shipping-taxable","16":"product-type-simple"},"acf":[],"yoast_head":"<!-- This site is optimized with the Yoast SEO Premium plugin v18.9 (Yoast SEO v26.7) - https:\/\/yoast.com\/wordpress\/plugins\/seo\/ -->\n<title>AR-14P WW-WC - GV SYSTEM<\/title>\n<meta name=\"description\" content=\"The AR-14P (PRO) is specially designed for external walls. This system is fixed behind the finishes of the wall and has a choice of 3 different corner wall profiles.\" \/>\n<meta name=\"robots\" content=\"index, follow, max-snippet:-1, max-image-preview:large, max-video-preview:-1\" \/>\n<link rel=\"canonical\" href=\"https:\/\/gvsystem.co.uk\/fr\/produit\/ar-14p-ww-wc\/\" \/>\n<meta property=\"og:locale\" content=\"fr_FR\" \/>\n<meta property=\"og:type\" content=\"article\" \/>\n<meta property=\"og:title\" content=\"AR-14P WW-WC\" \/>\n<meta property=\"og:description\" content=\"The AR-14P (PRO) is specially designed for external walls. This system is fixed behind the finishes of the wall and has a choice of 3 different corner wall profiles.\" \/>\n<meta property=\"og:url\" content=\"https:\/\/gvsystem.co.uk\/fr\/produit\/ar-14p-ww-wc\/\" \/>\n<meta property=\"og:site_name\" content=\"GV SYSTEM\" \/>\n<meta property=\"article:modified_time\" content=\"2022-10-02T03:20:46+00:00\" \/>\n<meta property=\"og:image\" content=\"https:\/\/gvsystem.co.uk\/wp-content\/uploads\/2022\/09\/Series-14P.png\" \/>\n\t<meta property=\"og:image:width\" content=\"700\" \/>\n\t<meta property=\"og:image:height\" content=\"700\" \/>\n\t<meta property=\"og:image:type\" content=\"image\/png\" \/>\n<meta name=\"twitter:card\" content=\"summary_large_image\" \/>\n<!-- \/ Yoast SEO Premium plugin. -->","yoast_head_json":{"title":"AR-14P WW-WC - GV SYSTEM","description":"The AR-14P (PRO) is specially designed for external walls. This system is fixed behind the finishes of the wall and has a choice of 3 different corner wall profiles.","robots":{"index":"index","follow":"follow","max-snippet":"max-snippet:-1","max-image-preview":"max-image-preview:large","max-video-preview":"max-video-preview:-1"},"canonical":"https:\/\/gvsystem.co.uk\/fr\/produit\/ar-14p-ww-wc\/","og_locale":"fr_FR","og_type":"article","og_title":"AR-14P WW-WC","og_description":"The AR-14P (PRO) is specially designed for external walls. This system is fixed behind the finishes of the wall and has a choice of 3 different corner wall profiles.","og_url":"https:\/\/gvsystem.co.uk\/fr\/produit\/ar-14p-ww-wc\/","og_site_name":"GV SYSTEM","article_modified_time":"2022-10-02T03:20:46+00:00","og_image":[{"width":700,"height":700,"url":"https:\/\/gvsystem.co.uk\/wp-content\/uploads\/2022\/09\/Series-14P.png","type":"image\/png"}],"twitter_card":"summary_large_image","schema":{"@context":"https:\/\/schema.org","@graph":[{"@type":"WebPage","@id":"https:\/\/gvsystem.co.uk\/product\/ar-14p-ww-wc\/","url":"https:\/\/gvsystem.co.uk\/product\/ar-14p-ww-wc\/","name":"AR-14P WW-WC - GV SYSTEM","isPartOf":{"@id":"https:\/\/gvsystem.co.uk\/#website"},"primaryImageOfPage":{"@id":"https:\/\/gvsystem.co.uk\/product\/ar-14p-ww-wc\/#primaryimage"},"image":{"@id":"https:\/\/gvsystem.co.uk\/product\/ar-14p-ww-wc\/#primaryimage"},"thumbnailUrl":"https:\/\/gvsystem.co.uk\/wp-content\/uploads\/2022\/09\/Series-14P.png","datePublished":"2022-09-30T10:35:15+00:00","dateModified":"2022-10-02T03:20:46+00:00","description":"The AR-14P (PRO) is specially designed for external walls. This system is fixed behind the finishes of the wall and has a choice of 3 different corner wall profiles.","breadcrumb":{"@id":"https:\/\/gvsystem.co.uk\/product\/ar-14p-ww-wc\/#breadcrumb"},"inLanguage":"fr-FR","potentialAction":[{"@type":"ReadAction","target":["https:\/\/gvsystem.co.uk\/product\/ar-14p-ww-wc\/"]}]},{"@type":"ImageObject","inLanguage":"fr-FR","@id":"https:\/\/gvsystem.co.uk\/product\/ar-14p-ww-wc\/#primaryimage","url":"https:\/\/gvsystem.co.uk\/wp-content\/uploads\/2022\/09\/Series-14P.png","contentUrl":"https:\/\/gvsystem.co.uk\/wp-content\/uploads\/2022\/09\/Series-14P.png","width":700,"height":700},{"@type":"BreadcrumbList","@id":"https:\/\/gvsystem.co.uk\/product\/ar-14p-ww-wc\/#breadcrumb","itemListElement":[{"@type":"ListItem","position":1,"name":"Home","item":"https:\/\/gvsystem.co.uk\/"},{"@type":"ListItem","position":2,"name":"Products","item":"https:\/\/gvsystem.co.uk\/products\/"},{"@type":"ListItem","position":3,"name":"Expansion Joint","item":"https:\/\/gvsystem.co.uk\/product-category\/expansion-joint\/"},{"@type":"ListItem","position":4,"name":"Aluminum and Rubber System","item":"https:\/\/gvsystem.co.uk\/product-category\/expansion-joint\/aluminum-rubber\/"},{"@type":"ListItem","position":5,"name":"AR-14P WW-WC"}]},{"@type":"WebSite","@id":"https:\/\/gvsystem.co.uk\/#website","url":"https:\/\/gvsystem.co.uk\/","name":"GV SYSTEM","description":"Catalogue GV System","publisher":{"@id":"https:\/\/gvsystem.co.uk\/#organization"},"potentialAction":[{"@type":"SearchAction","target":{"@type":"EntryPoint","urlTemplate":"https:\/\/gvsystem.co.uk\/?s={search_term_string}"},"query-input":{"@type":"PropertyValueSpecification","valueRequired":true,"valueName":"search_term_string"}}],"inLanguage":"fr-FR"},{"@type":"Organization","@id":"https:\/\/gvsystem.co.uk\/#organization","name":"GV SYSTEM LTD","url":"https:\/\/gvsystem.co.uk\/","logo":{"@type":"ImageObject","inLanguage":"fr-FR","@id":"https:\/\/gvsystem.co.uk\/#\/schema\/logo\/image\/","url":"https:\/\/gvsystem.co.uk\/wp-content\/uploads\/2022\/09\/Logo_GV_180_60.png","contentUrl":"https:\/\/gvsystem.co.uk\/wp-content\/uploads\/2022\/09\/Logo_GV_180_60.png","width":180,"height":60,"caption":"GV SYSTEM LTD"},"image":{"@id":"https:\/\/gvsystem.co.uk\/#\/schema\/logo\/image\/"}}]}},"_links":{"self":[{"href":"https:\/\/gvsystem.co.uk\/fr\/wp-json\/wp\/v2\/product\/3499","targetHints":{"allow":["GET"]}}],"collection":[{"href":"https:\/\/gvsystem.co.uk\/fr\/wp-json\/wp\/v2\/product"}],"about":[{"href":"https:\/\/gvsystem.co.uk\/fr\/wp-json\/wp\/v2\/types\/product"}],"replies":[{"embeddable":true,"href":"https:\/\/gvsystem.co.uk\/fr\/wp-json\/wp\/v2\/comments?post=3499"}],"version-history":[{"count":1,"href":"https:\/\/gvsystem.co.uk\/fr\/wp-json\/wp\/v2\/product\/3499\/revisions"}],"predecessor-version":[{"id":3521,"href":"https:\/\/gvsystem.co.uk\/fr\/wp-json\/wp\/v2\/product\/3499\/revisions\/3521"}],"wp:featuredmedia":[{"embeddable":true,"href":"https:\/\/gvsystem.co.uk\/fr\/wp-json\/wp\/v2\/media\/3512"}],"wp:attachment":[{"href":"https:\/\/gvsystem.co.uk\/fr\/wp-json\/wp\/v2\/media?parent=3499"}],"wp:term":[{"taxonomy":"product_brand","embeddable":true,"href":"https:\/\/gvsystem.co.uk\/fr\/wp-json\/wp\/v2\/product_brand?post=3499"},{"taxonomy":"product_cat","embeddable":true,"href":"https:\/\/gvsystem.co.uk\/fr\/wp-json\/wp\/v2\/product_cat?post=3499"},{"taxonomy":"product_tag","embeddable":true,"href":"https:\/\/gvsystem.co.uk\/fr\/wp-json\/wp\/v2\/product_tag?post=3499"}],"curies":[{"name":"wp","href":"https:\/\/api.w.org\/{rel}","templated":true}]}}