{"id":533,"date":"2021-04-26T04:46:41","date_gmt":"2021-04-26T04:46:41","guid":{"rendered":"https:\/\/gvsystem.co.uk\/about-2\/"},"modified":"2023-06-16T07:27:11","modified_gmt":"2023-06-16T07:27:11","slug":"company","status":"publish","type":"page","link":"https:\/\/gvsystem.co.uk\/fr\/company\/","title":{"rendered":"Entreprise"},"content":{"rendered":"<div data-elementor-type=\"wp-page\" data-elementor-id=\"533\" class=\"elementor elementor-533\" data-elementor-post-type=\"page\">\n\t\t\t\t\t\t<section class=\"elementor-section elementor-top-section elementor-element elementor-element-92e75ea elementor-section-height-min-height elementor-section-items-bottom elementor-section-boxed elementor-section-height-default\" data-id=\"92e75ea\" data-element_type=\"section\" data-settings=\"{&quot;background_background&quot;:&quot;classic&quot;}\">\n\t\t\t\t\t\t\t<div class=\"elementor-background-overlay\"><\/div>\n\t\t\t\t\t\t\t<div class=\"elementor-container elementor-column-gap-no\">\n\t\t\t\t\t<div class=\"elementor-column elementor-col-100 elementor-top-column elementor-element elementor-element-76068cb\" data-id=\"76068cb\" data-element_type=\"column\">\n\t\t\t<div class=\"elementor-widget-wrap elementor-element-populated\">\n\t\t\t\t\t\t<div class=\"elementor-element elementor-element-bef2db0 elementor-widget elementor-widget-heading\" data-id=\"bef2db0\" data-element_type=\"widget\" data-widget_type=\"heading.default\">\n\t\t\t\t<div class=\"elementor-widget-container\">\n\t\t\t\t\t<h3 class=\"elementor-heading-title elementor-size-default\">\u00c0 propos du Syst\u00e8me GV<\/h3>\t\t\t\t<\/div>\n\t\t\t\t<\/div>\n\t\t\t\t<div class=\"elementor-element elementor-element-3b413e3 elementor-widget elementor-widget-heading\" data-id=\"3b413e3\" data-element_type=\"widget\" data-widget_type=\"heading.default\">\n\t\t\t\t<div class=\"elementor-widget-container\">\n\t\t\t\t\t<h1 class=\"elementor-heading-title elementor-size-default\">Seuls les meilleurs professionnels peuvent offrir les meilleurs produits<\/h1>\t\t\t\t<\/div>\n\t\t\t\t<\/div>\n\t\t\t\t<div class=\"elementor-element elementor-element-de48236 elementor-widget elementor-widget-text-editor\" data-id=\"de48236\" data-element_type=\"widget\" data-widget_type=\"text-editor.default\">\n\t\t\t\t<div class=\"elementor-widget-container\">\n\t\t\t\t\t\t\t\t\t<p>Exp\u00e9rience et qualit\u00e9 \u00e0 votre service.<\/p>\t\t\t\t\t\t\t\t<\/div>\n\t\t\t\t<\/div>\n\t\t\t\t<div class=\"elementor-element elementor-element-6e64186 elementor-align-center elementor-widget elementor-widget-button\" data-id=\"6e64186\" data-element_type=\"widget\" data-widget_type=\"button.default\">\n\t\t\t\t<div class=\"elementor-widget-container\">\n\t\t\t\t\t\t\t\t\t<div class=\"elementor-button-wrapper\">\n\t\t\t\t\t<a class=\"elementor-button elementor-button-link elementor-size-sm\" href=\"#intro\">\n\t\t\t\t\t\t<span class=\"elementor-button-content-wrapper\">\n\t\t\t\t\t\t<span class=\"elementor-button-icon\">\n\t\t\t\t<i aria-hidden=\"true\" class=\"fas fa-chevron-down\"><\/i>\t\t\t<\/span>\n\t\t\t\t\t\t\t\t\t<span class=\"elementor-button-text\">D\u00e9filement vers le bas<\/span>\n\t\t\t\t\t<\/span>\n\t\t\t\t\t<\/a>\n\t\t\t\t<\/div>\n\t\t\t\t\t\t\t\t<\/div>\n\t\t\t\t<\/div>\n\t\t\t\t\t<\/div>\n\t\t<\/div>\n\t\t\t\t\t<\/div>\n\t\t<\/section>\n\t\t\t\t<section class=\"elementor-section elementor-top-section elementor-element elementor-element-2c54a6e elementor-section-boxed elementor-section-height-default elementor-section-height-default\" data-id=\"2c54a6e\" data-element_type=\"section\" id=\"intro\">\n\t\t\t\t\t\t<div class=\"elementor-container elementor-column-gap-no\">\n\t\t\t\t\t<div class=\"elementor-column elementor-col-100 elementor-top-column elementor-element elementor-element-c270bf8\" data-id=\"c270bf8\" data-element_type=\"column\">\n\t\t\t<div class=\"elementor-widget-wrap elementor-element-populated\">\n\t\t\t\t\t\t<div class=\"elementor-element elementor-element-67f434a elementor-widget elementor-widget-heading\" data-id=\"67f434a\" data-element_type=\"widget\" data-widget_type=\"heading.default\">\n\t\t\t\t<div class=\"elementor-widget-container\">\n\t\t\t\t\t<h2 class=\"elementor-heading-title elementor-size-default\">Une Entreprise qui S'engage<\/h2>\t\t\t\t<\/div>\n\t\t\t\t<\/div>\n\t\t\t\t<div class=\"elementor-element elementor-element-7d7bc4f elementor-widget-divider--view-line elementor-widget elementor-widget-divider\" data-id=\"7d7bc4f\" data-element_type=\"widget\" data-widget_type=\"divider.default\">\n\t\t\t\t<div class=\"elementor-widget-container\">\n\t\t\t\t\t\t\t<div class=\"elementor-divider\">\n\t\t\t<span class=\"elementor-divider-separator\">\n\t\t\t\t\t\t<\/span>\n\t\t<\/div>\n\t\t\t\t\t\t<\/div>\n\t\t\t\t<\/div>\n\t\t\t\t<div class=\"elementor-element elementor-element-2d5cff1 elementor-widget elementor-widget-text-editor\" data-id=\"2d5cff1\" data-element_type=\"widget\" data-widget_type=\"text-editor.default\">\n\t\t\t\t<div class=\"elementor-widget-container\">\n\t\t\t\t\t\t\t\t\t<a style=\"color: red;\" href=\"https:\/\/gvsystem.co.uk\/fr\/\">GV System<\/a> started when two friends who worked with expansion joints found out there was a serious shortage of this product and a solution was needed. One of them had extensive experience and deep knowledge and was able to design superior <a style=\"color: red;\" href=\"https:\/\/gvsystem.co.uk\/fr\/categorie-produit\/expansion-joint\/\">expansion joints<\/a> than those offered in the market;\u00a0and the other one had professional and remarkable skills in installing expansion joints.\n\nTogether, they decided to share their experience and all the problems they had been facing during the past 15 years in the field and developed a system that would deal with them.\n\n<em><strong>En cons\u00e9quence, ils ont cr\u00e9\u00e9 les joints de dilatation GV System, qui ont \u00e9t\u00e9 test\u00e9s selon les normes internationales et sont aujourd'hui des produits r\u00e9put\u00e9s sur le march\u00e9.<\/strong><\/em>\n\nOur expansion joints have been tested in different countries through various methods and under different conditions and weathers to make sure they are efficient and of excellent quality.\nGV System relies on its own certified team to do installations when required and they are ready to go to different countries and provide training to installers, making sure GV\u2019s products are handled and installed correctly to avoid failures.\n\nExtensive production knowledge has become our best tool, allowing us to position ourselves as leaders in the market thanks to our ability and eagerness to adapt our expansion joints to each country&#8217;s requirements and keep innovating by investing in certified technicians and training.\n\nEstablished in the UK, GV Systems has a regional office in the Arab Emirates with a qualified and experienced team and has representatives in most Middle East countries with solid distributors. Thanks to the high-volume production, <a href=\"https:\/\/gvsystem.co.uk\/fr\/\" style=\"color: red;\">GV Systems<\/a> has manufacturing plants in both locations in order to offer its customers the best delivery time of the products.\t\t\t\t\t\t\t\t<\/div>\n\t\t\t\t<\/div>\n\t\t\t\t\t<\/div>\n\t\t<\/div>\n\t\t\t\t\t<\/div>\n\t\t<\/section>\n\t\t\t\t<section class=\"elementor-section elementor-top-section elementor-element elementor-element-3ace67e elementor-section-boxed elementor-section-height-default elementor-section-height-default\" data-id=\"3ace67e\" data-element_type=\"section\">\n\t\t\t\t\t\t<div class=\"elementor-container elementor-column-gap-no\">\n\t\t\t\t\t<div class=\"elementor-column elementor-col-100 elementor-top-column elementor-element elementor-element-5f1bcda\" data-id=\"5f1bcda\" data-element_type=\"column\">\n\t\t\t<div class=\"elementor-widget-wrap elementor-element-populated\">\n\t\t\t\t\t\t<section class=\"elementor-section elementor-inner-section elementor-element elementor-element-931a185 elementor-section-content-middle elementor-section-boxed elementor-section-height-default elementor-section-height-default\" data-id=\"931a185\" data-element_type=\"section\">\n\t\t\t\t\t\t<div class=\"elementor-container elementor-column-gap-no\">\n\t\t\t\t\t<div class=\"elementor-column elementor-col-50 elementor-inner-column elementor-element elementor-element-50ea5d0\" data-id=\"50ea5d0\" data-element_type=\"column\">\n\t\t\t<div class=\"elementor-widget-wrap elementor-element-populated\">\n\t\t\t\t\t\t<div class=\"elementor-element elementor-element-565c2c5 elementor-widget elementor-widget-image\" data-id=\"565c2c5\" data-element_type=\"widget\" data-widget_type=\"image.default\">\n\t\t\t\t<div class=\"elementor-widget-container\">\n\t\t\t\t\t\t\t\t\t\t\t\t\t\t\t<img fetchpriority=\"high\" decoding=\"async\" width=\"995\" height=\"661\" src=\"https:\/\/gvsystem.co.uk\/wp-content\/uploads\/2022\/09\/mission.png\" class=\"attachment-full size-full wp-image-1678\" alt=\"\" srcset=\"https:\/\/gvsystem.co.uk\/wp-content\/uploads\/2022\/09\/mission.png 995w, https:\/\/gvsystem.co.uk\/wp-content\/uploads\/2022\/09\/mission-300x199.png 300w, https:\/\/gvsystem.co.uk\/wp-content\/uploads\/2022\/09\/mission-768x510.png 768w, https:\/\/gvsystem.co.uk\/wp-content\/uploads\/2022\/09\/mission-18x12.png 18w, https:\/\/gvsystem.co.uk\/wp-content\/uploads\/2022\/09\/mission-600x399.png 600w\" sizes=\"(max-width: 995px) 100vw, 995px\" \/>\t\t\t\t\t\t\t\t\t\t\t\t\t\t\t<\/div>\n\t\t\t\t<\/div>\n\t\t\t\t\t<\/div>\n\t\t<\/div>\n\t\t\t\t<div class=\"elementor-column elementor-col-50 elementor-inner-column elementor-element elementor-element-398901b\" data-id=\"398901b\" data-element_type=\"column\">\n\t\t\t<div class=\"elementor-widget-wrap elementor-element-populated\">\n\t\t\t\t\t\t<div class=\"elementor-element elementor-element-874c5c0 elementor-widget elementor-widget-heading\" data-id=\"874c5c0\" data-element_type=\"widget\" data-widget_type=\"heading.default\">\n\t\t\t\t<div class=\"elementor-widget-container\">\n\t\t\t\t\t<h6 class=\"elementor-heading-title elementor-size-default\">01.<\/h6>\t\t\t\t<\/div>\n\t\t\t\t<\/div>\n\t\t\t\t<div class=\"elementor-element elementor-element-6d2a9e1 elementor-widget elementor-widget-heading\" data-id=\"6d2a9e1\" data-element_type=\"widget\" data-widget_type=\"heading.default\">\n\t\t\t\t<div class=\"elementor-widget-container\">\n\t\t\t\t\t<h3 class=\"elementor-heading-title elementor-size-default\">Mission<\/h3>\t\t\t\t<\/div>\n\t\t\t\t<\/div>\n\t\t\t\t<div class=\"elementor-element elementor-element-89b600d elementor-widget elementor-widget-text-editor\" data-id=\"89b600d\" data-element_type=\"widget\" data-widget_type=\"text-editor.default\">\n\t\t\t\t<div class=\"elementor-widget-container\">\n\t\t\t\t\t\t\t\t\t<p>Notre mission est de fournir \u00e0 nos clients la solution appropri\u00e9e d\u00e8s la phase de conception, en s\u00e9lectionnant les produits qui r\u00e9pondent \u00e0 leurs besoins et en tenant compte des d\u00e9tails techniques pour garantir le succ\u00e8s \u00e0 long terme.<\/p>\t\t\t\t\t\t\t\t<\/div>\n\t\t\t\t<\/div>\n\t\t\t\t\t<\/div>\n\t\t<\/div>\n\t\t\t\t\t<\/div>\n\t\t<\/section>\n\t\t\t\t<section class=\"elementor-section elementor-inner-section elementor-element elementor-element-f4927da elementor-section-content-middle elementor-reverse-mobile elementor-section-boxed elementor-section-height-default elementor-section-height-default\" data-id=\"f4927da\" data-element_type=\"section\">\n\t\t\t\t\t\t<div class=\"elementor-container elementor-column-gap-no\">\n\t\t\t\t\t<div class=\"elementor-column elementor-col-50 elementor-inner-column elementor-element elementor-element-9629cc2\" data-id=\"9629cc2\" data-element_type=\"column\">\n\t\t\t<div class=\"elementor-widget-wrap elementor-element-populated\">\n\t\t\t\t\t\t<div class=\"elementor-element elementor-element-aee9682 elementor-widget elementor-widget-heading\" data-id=\"aee9682\" data-element_type=\"widget\" data-widget_type=\"heading.default\">\n\t\t\t\t<div class=\"elementor-widget-container\">\n\t\t\t\t\t<h6 class=\"elementor-heading-title elementor-size-default\">02.<\/h6>\t\t\t\t<\/div>\n\t\t\t\t<\/div>\n\t\t\t\t<div class=\"elementor-element elementor-element-87dfef7 elementor-widget elementor-widget-heading\" data-id=\"87dfef7\" data-element_type=\"widget\" data-widget_type=\"heading.default\">\n\t\t\t\t<div class=\"elementor-widget-container\">\n\t\t\t\t\t<h3 class=\"elementor-heading-title elementor-size-default\">Vision<\/h3>\t\t\t\t<\/div>\n\t\t\t\t<\/div>\n\t\t\t\t<div class=\"elementor-element elementor-element-fe7e13a elementor-widget elementor-widget-text-editor\" data-id=\"fe7e13a\" data-element_type=\"widget\" data-widget_type=\"text-editor.default\">\n\t\t\t\t<div class=\"elementor-widget-container\">\n\t\t\t\t\t\t\t\t\t<p>Notre vision est de remplacer les produits architecturaux de faible qualit\u00e9 disponibles aujourd'hui sur le march\u00e9 par des produits de haute qualit\u00e9, au taux de d\u00e9faillance nul, \u00e0 un prix \u00e9quitable, en donnant toujours la priorit\u00e9 aux mat\u00e9riaux et au design d'une cat\u00e9gorie exceptionnelle.<\/p>\t\t\t\t\t\t\t\t<\/div>\n\t\t\t\t<\/div>\n\t\t\t\t\t<\/div>\n\t\t<\/div>\n\t\t\t\t<div class=\"elementor-column elementor-col-50 elementor-inner-column elementor-element elementor-element-acde9ca\" data-id=\"acde9ca\" data-element_type=\"column\">\n\t\t\t<div class=\"elementor-widget-wrap elementor-element-populated\">\n\t\t\t\t\t\t<div class=\"elementor-element elementor-element-2c45a8e elementor-widget elementor-widget-image\" data-id=\"2c45a8e\" data-element_type=\"widget\" data-widget_type=\"image.default\">\n\t\t\t\t<div class=\"elementor-widget-container\">\n\t\t\t\t\t\t\t\t\t\t\t\t\t\t\t<img decoding=\"async\" width=\"873\" height=\"789\" src=\"https:\/\/gvsystem.co.uk\/wp-content\/uploads\/2022\/09\/vision2.png\" class=\"attachment-full size-full wp-image-1680\" alt=\"\" srcset=\"https:\/\/gvsystem.co.uk\/wp-content\/uploads\/2022\/09\/vision2.png 873w, https:\/\/gvsystem.co.uk\/wp-content\/uploads\/2022\/09\/vision2-300x271.png 300w, https:\/\/gvsystem.co.uk\/wp-content\/uploads\/2022\/09\/vision2-768x694.png 768w, https:\/\/gvsystem.co.uk\/wp-content\/uploads\/2022\/09\/vision2-13x12.png 13w, https:\/\/gvsystem.co.uk\/wp-content\/uploads\/2022\/09\/vision2-600x542.png 600w\" sizes=\"(max-width: 873px) 100vw, 873px\" \/>\t\t\t\t\t\t\t\t\t\t\t\t\t\t\t<\/div>\n\t\t\t\t<\/div>\n\t\t\t\t\t<\/div>\n\t\t<\/div>\n\t\t\t\t\t<\/div>\n\t\t<\/section>\n\t\t\t\t<section class=\"elementor-section elementor-inner-section elementor-element elementor-element-385c292 elementor-section-content-middle elementor-section-boxed elementor-section-height-default elementor-section-height-default\" data-id=\"385c292\" data-element_type=\"section\">\n\t\t\t\t\t\t<div class=\"elementor-container elementor-column-gap-no\">\n\t\t\t\t\t<div class=\"elementor-column elementor-col-50 elementor-inner-column elementor-element elementor-element-7bed9ad\" data-id=\"7bed9ad\" data-element_type=\"column\">\n\t\t\t<div class=\"elementor-widget-wrap elementor-element-populated\">\n\t\t\t\t\t\t<div class=\"elementor-element elementor-element-6e5719e elementor-widget elementor-widget-image\" data-id=\"6e5719e\" data-element_type=\"widget\" data-widget_type=\"image.default\">\n\t\t\t\t<div class=\"elementor-widget-container\">\n\t\t\t\t\t\t\t\t\t\t\t\t\t\t\t<img decoding=\"async\" width=\"992\" height=\"632\" src=\"https:\/\/gvsystem.co.uk\/wp-content\/uploads\/2022\/09\/values.png\" class=\"attachment-full size-full wp-image-1679\" alt=\"\" srcset=\"https:\/\/gvsystem.co.uk\/wp-content\/uploads\/2022\/09\/values.png 992w, https:\/\/gvsystem.co.uk\/wp-content\/uploads\/2022\/09\/values-300x191.png 300w, https:\/\/gvsystem.co.uk\/wp-content\/uploads\/2022\/09\/values-768x489.png 768w, https:\/\/gvsystem.co.uk\/wp-content\/uploads\/2022\/09\/values-18x12.png 18w, https:\/\/gvsystem.co.uk\/wp-content\/uploads\/2022\/09\/values-600x382.png 600w\" sizes=\"(max-width: 992px) 100vw, 992px\" \/>\t\t\t\t\t\t\t\t\t\t\t\t\t\t\t<\/div>\n\t\t\t\t<\/div>\n\t\t\t\t\t<\/div>\n\t\t<\/div>\n\t\t\t\t<div class=\"elementor-column elementor-col-50 elementor-inner-column elementor-element elementor-element-3ad7f18\" data-id=\"3ad7f18\" data-element_type=\"column\">\n\t\t\t<div class=\"elementor-widget-wrap elementor-element-populated\">\n\t\t\t\t\t\t<div class=\"elementor-element elementor-element-3036126 elementor-widget elementor-widget-heading\" data-id=\"3036126\" data-element_type=\"widget\" data-widget_type=\"heading.default\">\n\t\t\t\t<div class=\"elementor-widget-container\">\n\t\t\t\t\t<h6 class=\"elementor-heading-title elementor-size-default\">03.<\/h6>\t\t\t\t<\/div>\n\t\t\t\t<\/div>\n\t\t\t\t<div class=\"elementor-element elementor-element-f731a5f elementor-widget elementor-widget-heading\" data-id=\"f731a5f\" data-element_type=\"widget\" data-widget_type=\"heading.default\">\n\t\t\t\t<div class=\"elementor-widget-container\">\n\t\t\t\t\t<h3 class=\"elementor-heading-title elementor-size-default\">Valeurs<\/h3>\t\t\t\t<\/div>\n\t\t\t\t<\/div>\n\t\t\t\t<div class=\"elementor-element elementor-element-e114204 elementor-widget elementor-widget-text-editor\" data-id=\"e114204\" data-element_type=\"widget\" data-widget_type=\"text-editor.default\">\n\t\t\t\t<div class=\"elementor-widget-container\">\n\t\t\t\t\t\t\t\t\t<h5><strong>Cr\u00e9ativit\u00e9<\/strong><\/h5><p>Nous nous effor\u00e7ons de cr\u00e9er de nouvelles opportunit\u00e9s et de trouver de nouveaux potentiels en regardant au-del\u00e0 de ce qui a d\u00e9j\u00e0 \u00e9t\u00e9 fait avec confiance et cr\u00e9ativit\u00e9.<\/p><h5>Int\u00e9grit\u00e9<\/h5><p>Nous savons que les probl\u00e8mes peuvent \u00eatre r\u00e9solus de nombreuses fa\u00e7ons, mais nous sommes particuli\u00e8rement int\u00e9ress\u00e9s par le choix de la bonne voie avec des r\u00e9ponses honn\u00eates, transparentes et ax\u00e9es sur le client.<\/p><h5><br \/>Solution-Pilotage<\/h5><p>Nous nous concentrons sur l'obtention de r\u00e9sultats positifs. C'est pourquoi nous disposons de la meilleure \u00e9quipe, toujours pr\u00eate \u00e0 r\u00e9soudre les impr\u00e9vus potentiels pendant les phases de conception ou de construction. Quelle que soit la gravit\u00e9 du probl\u00e8me, nous sommes pr\u00eats \u00e0 investir dans des produits ou des machines qui permettront de le r\u00e9soudre.<\/p>\t\t\t\t\t\t\t\t<\/div>\n\t\t\t\t<\/div>\n\t\t\t\t\t<\/div>\n\t\t<\/div>\n\t\t\t\t\t<\/div>\n\t\t<\/section>\n\t\t\t\t\t<\/div>\n\t\t<\/div>\n\t\t\t\t\t<\/div>\n\t\t<\/section>\n\t\t\t\t<\/div>","protected":false},"excerpt":{"rendered":"<p>About GV system Only the best professionals can offer the best products Experience and quality at your service. Scroll Down A Company with a Commitment GV System started when two friends who worked with expansion joints found out there was a serious shortage of this product and a solution was needed. One of them had [&hellip;]<\/p>","protected":false},"author":1,"featured_media":0,"parent":0,"menu_order":0,"comment_status":"closed","ping_status":"closed","template":"","meta":{"_acf_changed":false,"site-sidebar-layout":"no-sidebar","site-content-layout":"page-builder","ast-site-content-layout":"default","site-content-style":"default","site-sidebar-style":"default","ast-global-header-display":"","ast-banner-title-visibility":"","ast-main-header-display":"","ast-hfb-above-header-display":"","ast-hfb-below-header-display":"","ast-hfb-mobile-header-display":"","site-post-title":"disabled","ast-breadcrumbs-content":"disabled","ast-featured-img":"disabled","footer-sml-layout":"","ast-disable-related-posts":"","theme-transparent-header-meta":"enabled","adv-header-id-meta":"","stick-header-meta":"","header-above-stick-meta":"","header-main-stick-meta":"","header-below-stick-meta":"","astra-migrate-meta-layouts":"default","ast-page-background-enabled":"default","ast-page-background-meta":{"desktop":{"background-color":"","background-image":"","background-repeat":"repeat","background-position":"center center","background-size":"auto","background-attachment":"scroll","background-type":"","background-media":"","overlay-type":"","overlay-color":"","overlay-opacity":"","overlay-gradient":""},"tablet":{"background-color":"","background-image":"","background-repeat":"repeat","background-position":"center center","background-size":"auto","background-attachment":"scroll","background-type":"","background-media":"","overlay-type":"","overlay-color":"","overlay-opacity":"","overlay-gradient":""},"mobile":{"background-color":"","background-image":"","background-repeat":"repeat","background-position":"center center","background-size":"auto","background-attachment":"scroll","background-type":"","background-media":"","overlay-type":"","overlay-color":"","overlay-opacity":"","overlay-gradient":""}},"ast-content-background-meta":{"desktop":{"background-color":"var(--ast-global-color-5)","background-image":"","background-repeat":"repeat","background-position":"center center","background-size":"auto","background-attachment":"scroll","background-type":"","background-media":"","overlay-type":"","overlay-color":"","overlay-opacity":"","overlay-gradient":""},"tablet":{"background-color":"var(--ast-global-color-5)","background-image":"","background-repeat":"repeat","background-position":"center center","background-size":"auto","background-attachment":"scroll","background-type":"","background-media":"","overlay-type":"","overlay-color":"","overlay-opacity":"","overlay-gradient":""},"mobile":{"background-color":"var(--ast-global-color-5)","background-image":"","background-repeat":"repeat","background-position":"center center","background-size":"auto","background-attachment":"scroll","background-type":"","background-media":"","overlay-type":"","overlay-color":"","overlay-opacity":"","overlay-gradient":""}},"footnotes":""},"class_list":["post-533","page","type-page","status-publish","hentry"],"acf":[],"yoast_head":"<!-- This site is optimized with the Yoast SEO Premium plugin v18.9 (Yoast SEO v26.7) - https:\/\/yoast.com\/wordpress\/plugins\/seo\/ -->\n<title>Company - GV SYSTEM<\/title>\n<meta name=\"robots\" content=\"index, follow, max-snippet:-1, max-image-preview:large, max-video-preview:-1\" \/>\n<link rel=\"canonical\" href=\"https:\/\/gvsystem.co.uk\/fr\/company\/\" \/>\n<meta property=\"og:locale\" content=\"fr_FR\" \/>\n<meta property=\"og:type\" content=\"article\" \/>\n<meta property=\"og:title\" content=\"Company\" \/>\n<meta property=\"og:description\" content=\"About GV system Only the best professionals can offer the best products Experience and quality at your service. Scroll Down A Company with a Commitment GV System started when two friends who worked with expansion joints found out there was a serious shortage of this product and a solution was needed. One of them had [&hellip;]\" \/>\n<meta property=\"og:url\" content=\"https:\/\/gvsystem.co.uk\/fr\/company\/\" \/>\n<meta property=\"og:site_name\" content=\"GV SYSTEM\" \/>\n<meta property=\"article:modified_time\" content=\"2023-06-16T07:27:11+00:00\" \/>\n<meta property=\"og:image\" content=\"https:\/\/gvsystem.co.uk\/wp-content\/uploads\/2022\/09\/mission.png\" \/>\n<meta name=\"twitter:card\" content=\"summary_large_image\" \/>\n<!-- \/ Yoast SEO Premium plugin. -->","yoast_head_json":{"title":"Company - GV SYSTEM","robots":{"index":"index","follow":"follow","max-snippet":"max-snippet:-1","max-image-preview":"max-image-preview:large","max-video-preview":"max-video-preview:-1"},"canonical":"https:\/\/gvsystem.co.uk\/fr\/company\/","og_locale":"fr_FR","og_type":"article","og_title":"Company","og_description":"About GV system Only the best professionals can offer the best products Experience and quality at your service. Scroll Down A Company with a Commitment GV System started when two friends who worked with expansion joints found out there was a serious shortage of this product and a solution was needed. One of them had [&hellip;]","og_url":"https:\/\/gvsystem.co.uk\/fr\/company\/","og_site_name":"GV SYSTEM","article_modified_time":"2023-06-16T07:27:11+00:00","og_image":[{"url":"https:\/\/gvsystem.co.uk\/wp-content\/uploads\/2022\/09\/mission.png","type":"","width":"","height":""}],"twitter_card":"summary_large_image","schema":{"@context":"https:\/\/schema.org","@graph":[{"@type":"WebPage","@id":"https:\/\/gvsystem.co.uk\/company\/","url":"https:\/\/gvsystem.co.uk\/company\/","name":"Company - GV SYSTEM","isPartOf":{"@id":"https:\/\/gvsystem.co.uk\/#website"},"primaryImageOfPage":{"@id":"https:\/\/gvsystem.co.uk\/company\/#primaryimage"},"image":{"@id":"https:\/\/gvsystem.co.uk\/company\/#primaryimage"},"thumbnailUrl":"https:\/\/gvsystem.co.uk\/wp-content\/uploads\/2022\/09\/mission.png","datePublished":"2021-04-26T04:46:41+00:00","dateModified":"2023-06-16T07:27:11+00:00","breadcrumb":{"@id":"https:\/\/gvsystem.co.uk\/company\/#breadcrumb"},"inLanguage":"fr-FR","potentialAction":[{"@type":"ReadAction","target":["https:\/\/gvsystem.co.uk\/company\/"]}]},{"@type":"ImageObject","inLanguage":"fr-FR","@id":"https:\/\/gvsystem.co.uk\/company\/#primaryimage","url":"https:\/\/gvsystem.co.uk\/wp-content\/uploads\/2022\/09\/mission.png","contentUrl":"https:\/\/gvsystem.co.uk\/wp-content\/uploads\/2022\/09\/mission.png"},{"@type":"BreadcrumbList","@id":"https:\/\/gvsystem.co.uk\/company\/#breadcrumb","itemListElement":[{"@type":"ListItem","position":1,"name":"Home","item":"https:\/\/gvsystem.co.uk\/"},{"@type":"ListItem","position":2,"name":"Company"}]},{"@type":"WebSite","@id":"https:\/\/gvsystem.co.uk\/#website","url":"https:\/\/gvsystem.co.uk\/","name":"GV SYSTEM","description":"Catalogue GV System","publisher":{"@id":"https:\/\/gvsystem.co.uk\/#organization"},"potentialAction":[{"@type":"SearchAction","target":{"@type":"EntryPoint","urlTemplate":"https:\/\/gvsystem.co.uk\/?s={search_term_string}"},"query-input":{"@type":"PropertyValueSpecification","valueRequired":true,"valueName":"search_term_string"}}],"inLanguage":"fr-FR"},{"@type":"Organization","@id":"https:\/\/gvsystem.co.uk\/#organization","name":"GV SYSTEM LTD","url":"https:\/\/gvsystem.co.uk\/","logo":{"@type":"ImageObject","inLanguage":"fr-FR","@id":"https:\/\/gvsystem.co.uk\/#\/schema\/logo\/image\/","url":"https:\/\/gvsystem.co.uk\/wp-content\/uploads\/2022\/09\/Logo_GV_180_60.png","contentUrl":"https:\/\/gvsystem.co.uk\/wp-content\/uploads\/2022\/09\/Logo_GV_180_60.png","width":180,"height":60,"caption":"GV SYSTEM LTD"},"image":{"@id":"https:\/\/gvsystem.co.uk\/#\/schema\/logo\/image\/"}}]}},"_links":{"self":[{"href":"https:\/\/gvsystem.co.uk\/fr\/wp-json\/wp\/v2\/pages\/533","targetHints":{"allow":["GET"]}}],"collection":[{"href":"https:\/\/gvsystem.co.uk\/fr\/wp-json\/wp\/v2\/pages"}],"about":[{"href":"https:\/\/gvsystem.co.uk\/fr\/wp-json\/wp\/v2\/types\/page"}],"author":[{"embeddable":true,"href":"https:\/\/gvsystem.co.uk\/fr\/wp-json\/wp\/v2\/users\/1"}],"replies":[{"embeddable":true,"href":"https:\/\/gvsystem.co.uk\/fr\/wp-json\/wp\/v2\/comments?post=533"}],"version-history":[{"count":30,"href":"https:\/\/gvsystem.co.uk\/fr\/wp-json\/wp\/v2\/pages\/533\/revisions"}],"predecessor-version":[{"id":5594,"href":"https:\/\/gvsystem.co.uk\/fr\/wp-json\/wp\/v2\/pages\/533\/revisions\/5594"}],"wp:attachment":[{"href":"https:\/\/gvsystem.co.uk\/fr\/wp-json\/wp\/v2\/media?parent=533"}],"curies":[{"name":"wp","href":"https:\/\/api.w.org\/{rel}","templated":true}]}}