{"id":4817,"date":"2022-11-07T01:26:29","date_gmt":"2022-11-07T01:26:29","guid":{"rendered":"https:\/\/gvsystem.co.uk\/?post_type=product&#038;p=4817"},"modified":"2022-11-30T21:28:38","modified_gmt":"2022-11-30T21:28:38","slug":"gvcorner-gco-e-3","status":"publish","type":"product","link":"https:\/\/gvsystem.co.uk\/es\/producto\/gvcorner-gco-e-3\/","title":{"rendered":"GVCorner GCO-E-3"},"content":{"rendered":"<div data-elementor-type=\"product-post\" data-elementor-id=\"4817\" class=\"elementor elementor-4817\" data-elementor-post-type=\"product\">\n\t\t\t\t\t\t<section class=\"elementor-section elementor-top-section elementor-element elementor-element-3c69693 elementor-section-boxed elementor-section-height-default elementor-section-height-default\" data-id=\"3c69693\" data-element_type=\"section\">\n\t\t\t\t\t\t<div class=\"elementor-container elementor-column-gap-default\">\n\t\t\t\t\t<div class=\"elementor-column elementor-col-100 elementor-top-column elementor-element elementor-element-acbaf44\" data-id=\"acbaf44\" data-element_type=\"column\">\n\t\t\t<div class=\"elementor-widget-wrap elementor-element-populated\">\n\t\t\t\t\t\t<div class=\"elementor-element elementor-element-1090310 elementor-widget elementor-widget-shortcode\" data-id=\"1090310\" data-element_type=\"widget\" data-widget_type=\"shortcode.default\">\n\t\t\t\t<div class=\"elementor-widget-container\">\n\t\t\t\t\t\t\t<div class=\"elementor-shortcode\"><span><span><a href=\"https:\/\/gvsystem.co.uk\/es\/\">Principal<\/a><\/span><\/span><\/div>\n\t\t\t\t\t\t<\/div>\n\t\t\t\t<\/div>\n\t\t\t\t<section class=\"elementor-section elementor-inner-section elementor-element elementor-element-8dc4986 elementor-section-boxed elementor-section-height-default elementor-section-height-default\" data-id=\"8dc4986\" data-element_type=\"section\">\n\t\t\t\t\t\t<div class=\"elementor-container elementor-column-gap-default\">\n\t\t\t\t\t<div class=\"elementor-column elementor-col-50 elementor-inner-column elementor-element elementor-element-216de97\" data-id=\"216de97\" data-element_type=\"column\">\n\t\t\t<div class=\"elementor-widget-wrap elementor-element-populated\">\n\t\t\t\t\t\t<div class=\"elementor-element elementor-element-a741461 elementor-widget elementor-widget-text-editor\" data-id=\"a741461\" data-element_type=\"widget\" data-widget_type=\"text-editor.default\">\n\t\t\t\t<div class=\"elementor-widget-container\">\n\t\t\t\t\t\t\t\t\t<h1>GVCorner GCO-E-3<\/h1><p>PERFIL DE PROTECCI\u00d3N DE BORDES<br \/><strong>DE ACERO INOXIDABLE<\/strong><\/p><p><strong><span style=\"color: #ff0000;\">APLICACI\u00d3N DE LA PROTECCI\u00d3N DEL BORDE TRIPLE<\/span><br \/><\/strong>GVCorner - El perfil de protecci\u00f3n de esquinas de 3 bordes de acero inoxidable es ideal para los cuartos h\u00famedos. El perfil se pega posteriormente directamente sobre el revestimiento de baldosas.<\/p><p><strong><span style=\"color: #ff0000;\">BORDES ESTABLES Y LIMPIOS PARA REVESTIMIENTOS DE BALDOSAS, PAREDES ENLUCIDAS O EMPAPELADAS<\/span><\/strong><br \/>Se acabaron los bordes rotos. Los perfiles de la serie GVCorner protegen los bordes de las paredes de forma permanente contra los da\u00f1os por impacto. Ideal en zonas muy frecuentadas, como pasillos y espacios p\u00fablicos.<br \/>Gracias a su dise\u00f1o intemporal y a sus numerosas opciones, encontrar\u00e1 el producto adecuado para cada aplicaci\u00f3n: perfiles para instalar en el lecho de la baldosa o para su posterior terminaci\u00f3n, cantos simples y triples en muchas opciones de acero inoxidable o aluminio.<\/p>\t\t\t\t\t\t\t\t<\/div>\n\t\t\t\t<\/div>\n\t\t\t\t\t<\/div>\n\t\t<\/div>\n\t\t\t\t<div class=\"elementor-column elementor-col-50 elementor-inner-column elementor-element elementor-element-2e89ff5\" data-id=\"2e89ff5\" data-element_type=\"column\">\n\t\t\t<div class=\"elementor-widget-wrap elementor-element-populated\">\n\t\t\t\t\t\t<div class=\"elementor-element elementor-element-a84ada4 elementor-widget elementor-widget-image\" data-id=\"a84ada4\" data-element_type=\"widget\" data-widget_type=\"image.default\">\n\t\t\t\t<div class=\"elementor-widget-container\">\n\t\t\t\t\t\t\t\t\t\t\t\t\t\t\t<img fetchpriority=\"high\" decoding=\"async\" width=\"600\" height=\"600\" src=\"https:\/\/gvsystem.co.uk\/wp-content\/uploads\/2022\/10\/GVCorner-ACO-E-3.jpg\" class=\"attachment-large size-large wp-image-3863\" alt=\"\" srcset=\"https:\/\/gvsystem.co.uk\/wp-content\/uploads\/2022\/10\/GVCorner-ACO-E-3.jpg 600w, https:\/\/gvsystem.co.uk\/wp-content\/uploads\/2022\/10\/GVCorner-ACO-E-3-300x300.jpg 300w, https:\/\/gvsystem.co.uk\/wp-content\/uploads\/2022\/10\/GVCorner-ACO-E-3-150x150.jpg 150w, https:\/\/gvsystem.co.uk\/wp-content\/uploads\/2022\/10\/GVCorner-ACO-E-3-12x12.jpg 12w, https:\/\/gvsystem.co.uk\/wp-content\/uploads\/2022\/10\/GVCorner-ACO-E-3-100x100.jpg 100w\" sizes=\"(max-width: 600px) 100vw, 600px\" \/>\t\t\t\t\t\t\t\t\t\t\t\t\t\t\t<\/div>\n\t\t\t\t<\/div>\n\t\t\t\t\t<\/div>\n\t\t<\/div>\n\t\t\t\t\t<\/div>\n\t\t<\/section>\n\t\t\t\t<section class=\"elementor-section elementor-inner-section elementor-element elementor-element-467cdf8 elementor-section-boxed elementor-section-height-default elementor-section-height-default\" data-id=\"467cdf8\" data-element_type=\"section\">\n\t\t\t\t\t\t<div class=\"elementor-container elementor-column-gap-default\">\n\t\t\t\t\t<div class=\"elementor-column elementor-col-50 elementor-inner-column elementor-element elementor-element-708b853\" data-id=\"708b853\" data-element_type=\"column\">\n\t\t\t<div class=\"elementor-widget-wrap elementor-element-populated\">\n\t\t\t\t\t\t<div class=\"elementor-element elementor-element-eeaa89b elementor-widget elementor-widget-text-editor\" data-id=\"eeaa89b\" data-element_type=\"widget\" data-widget_type=\"text-editor.default\">\n\t\t\t\t<div class=\"elementor-widget-container\">\n\t\t\t\t\t\t\t\t\t<p><strong><span style=\"color: #ff0000;\">ESPECIFICACIONES T\u00c9CNICAS<\/span><\/strong><br \/>Acero inoxidable 1.4301 \/ X5CrNi18-10<br \/>N\u00famero de material: 1.4301<br \/><br \/>Todas las medidas, pesos y cargas indicadas en esta ficha t\u00e9cnica son cifras aproximadas. No podemos asumir la responsabilidad de las aplicaciones especiales, as\u00ed como de los da\u00f1os resultantes de un montaje o uso inadecuado; el cliente deber\u00e1 realizar siempre la correspondiente prueba de idoneidad.<\/p>\t\t\t\t\t\t\t\t<\/div>\n\t\t\t\t<\/div>\n\t\t\t\t\t<\/div>\n\t\t<\/div>\n\t\t\t\t<div class=\"elementor-column elementor-col-50 elementor-inner-column elementor-element elementor-element-c06344b\" data-id=\"c06344b\" data-element_type=\"column\">\n\t\t\t<div class=\"elementor-widget-wrap elementor-element-populated\">\n\t\t\t\t\t\t<div class=\"elementor-element elementor-element-e891eb8 elementor-widget elementor-widget-image\" data-id=\"e891eb8\" data-element_type=\"widget\" data-widget_type=\"image.default\">\n\t\t\t\t<div class=\"elementor-widget-container\">\n\t\t\t\t\t\t\t\t\t\t\t\t\t\t\t<img decoding=\"async\" width=\"300\" height=\"182\" src=\"https:\/\/gvsystem.co.uk\/wp-content\/uploads\/2022\/10\/GVCorner-ACO-E-3_detaill.jpg\" class=\"attachment-large size-large wp-image-3865\" alt=\"\" srcset=\"https:\/\/gvsystem.co.uk\/wp-content\/uploads\/2022\/10\/GVCorner-ACO-E-3_detaill.jpg 300w, https:\/\/gvsystem.co.uk\/wp-content\/uploads\/2022\/10\/GVCorner-ACO-E-3_detaill-18x12.jpg 18w\" sizes=\"(max-width: 300px) 100vw, 300px\" \/>\t\t\t\t\t\t\t\t\t\t\t\t\t\t\t<\/div>\n\t\t\t\t<\/div>\n\t\t\t\t\t<\/div>\n\t\t<\/div>\n\t\t\t\t\t<\/div>\n\t\t<\/section>\n\t\t\t\t<div class=\"elementor-element elementor-element-27302c1 elementor-widget elementor-widget-text-editor\" data-id=\"27302c1\" data-element_type=\"widget\" data-widget_type=\"text-editor.default\">\n\t\t\t\t<div class=\"elementor-widget-container\">\n\t\t\t\t\t\t\t\t\t<p><strong><span style=\"color: #ff0000;\">Descargar HTD<\/span> <a href=\"https:\/\/gvsystem.co.uk\/wp-content\/uploads\/2022\/10\/corner_ACO_E-3.pdf\" target=\"_blank\" rel=\"noopener\"><img decoding=\"async\" src=\"https:\/\/gvsystem.co.uk\/wp-content\/uploads\/2022\/09\/Download3.png\" \/><\/a><\/strong><\/p>\t\t\t\t\t\t\t\t<\/div>\n\t\t\t\t<\/div>\n\t\t\t\t<div class=\"elementor-element elementor-element-323851f elementor-widget elementor-widget-spacer\" data-id=\"323851f\" data-element_type=\"widget\" data-widget_type=\"spacer.default\">\n\t\t\t\t<div class=\"elementor-widget-container\">\n\t\t\t\t\t\t\t<div class=\"elementor-spacer\">\n\t\t\t<div class=\"elementor-spacer-inner\"><\/div>\n\t\t<\/div>\n\t\t\t\t\t\t<\/div>\n\t\t\t\t<\/div>\n\t\t\t\t\t<\/div>\n\t\t<\/div>\n\t\t\t\t\t<\/div>\n\t\t<\/section>\n\t\t\t\t<\/div>","protected":false},"excerpt":{"rendered":"<p>GVCorner GCO-E-3 EDGE PROTECTING PROFILEMADE OF STAINLESS STEEL APPLICATION EDGE PROTECTING 3-FOLDGVCorner \u2013 The 3-fold edged corner protection profile made of stainless steel is ideal for wet rooms. The profile is subsequently glued directly onto the tile covering. STABLE AND CLEAN EDGES FOR TILE OVERINGS, PLASTERED OR WALLPAPERED WALLSNo more broken edges. The profiles of [&hellip;]<\/p>","protected":false},"featured_media":3864,"comment_status":"open","ping_status":"closed","template":"elementor_header_footer","meta":{"_acf_changed":false,"site-sidebar-layout":"no-sidebar","site-content-layout":"page-builder","ast-site-content-layout":"default","site-content-style":"default","site-sidebar-style":"default","ast-global-header-display":"","ast-banner-title-visibility":"","ast-main-header-display":"","ast-hfb-above-header-display":"","ast-hfb-below-header-display":"","ast-hfb-mobile-header-display":"","site-post-title":"disabled","ast-breadcrumbs-content":"","ast-featured-img":"disabled","footer-sml-layout":"","ast-disable-related-posts":"","theme-transparent-header-meta":"default","adv-header-id-meta":"","stick-header-meta":"","header-above-stick-meta":"","header-main-stick-meta":"","header-below-stick-meta":"","astra-migrate-meta-layouts":"default","ast-page-background-enabled":"default","ast-page-background-meta":{"desktop":{"background-color":"","background-image":"","background-repeat":"repeat","background-position":"center center","background-size":"auto","background-attachment":"scroll","background-type":"","background-media":"","overlay-type":"","overlay-color":"","overlay-opacity":"","overlay-gradient":""},"tablet":{"background-color":"","background-image":"","background-repeat":"repeat","background-position":"center center","background-size":"auto","background-attachment":"scroll","background-type":"","background-media":"","overlay-type":"","overlay-color":"","overlay-opacity":"","overlay-gradient":""},"mobile":{"background-color":"","background-image":"","background-repeat":"repeat","background-position":"center center","background-size":"auto","background-attachment":"scroll","background-type":"","background-media":"","overlay-type":"","overlay-color":"","overlay-opacity":"","overlay-gradient":""}},"ast-content-background-meta":{"desktop":{"background-color":"var(--ast-global-color-5)","background-image":"","background-repeat":"repeat","background-position":"center center","background-size":"auto","background-attachment":"scroll","background-type":"","background-media":"","overlay-type":"","overlay-color":"","overlay-opacity":"","overlay-gradient":""},"tablet":{"background-color":"var(--ast-global-color-5)","background-image":"","background-repeat":"repeat","background-position":"center center","background-size":"auto","background-attachment":"scroll","background-type":"","background-media":"","overlay-type":"","overlay-color":"","overlay-opacity":"","overlay-gradient":""},"mobile":{"background-color":"var(--ast-global-color-5)","background-image":"","background-repeat":"repeat","background-position":"center center","background-size":"auto","background-attachment":"scroll","background-type":"","background-media":"","overlay-type":"","overlay-color":"","overlay-opacity":"","overlay-gradient":""}}},"product_brand":[],"product_cat":[164],"product_tag":[],"class_list":{"0":"post-4817","1":"product","2":"type-product","3":"status-publish","4":"has-post-thumbnail","6":"product_cat-tile-accessories","7":"desktop-align-left","8":"tablet-align-left","9":"mobile-align-left","11":"first","12":"instock","13":"shipping-taxable","14":"product-type-simple"},"acf":[],"yoast_head":"<!-- This site is optimized with the Yoast SEO Premium plugin v18.9 (Yoast SEO v26.7) - https:\/\/yoast.com\/wordpress\/plugins\/seo\/ -->\n<title>GVCorner GCO-E-3 - GV SYSTEM<\/title>\n<meta name=\"robots\" content=\"index, follow, max-snippet:-1, max-image-preview:large, max-video-preview:-1\" \/>\n<link rel=\"canonical\" href=\"https:\/\/gvsystem.co.uk\/es\/producto\/gvcorner-gco-e-3\/\" \/>\n<meta property=\"og:locale\" content=\"es_ES\" \/>\n<meta property=\"og:type\" content=\"article\" \/>\n<meta property=\"og:title\" content=\"GVCorner GCO-E-3\" \/>\n<meta property=\"og:description\" content=\"GVCorner GCO-E-3 EDGE PROTECTING PROFILEMADE OF STAINLESS STEEL APPLICATION EDGE PROTECTING 3-FOLDGVCorner \u2013 The 3-fold edged corner protection profile made of stainless steel is ideal for wet rooms. The profile is subsequently glued directly onto the tile covering. STABLE AND CLEAN EDGES FOR TILE OVERINGS, PLASTERED OR WALLPAPERED WALLSNo more broken edges. The profiles of [&hellip;]\" \/>\n<meta property=\"og:url\" content=\"https:\/\/gvsystem.co.uk\/es\/producto\/gvcorner-gco-e-3\/\" \/>\n<meta property=\"og:site_name\" content=\"GV SYSTEM\" \/>\n<meta property=\"article:modified_time\" content=\"2022-11-30T21:28:38+00:00\" \/>\n<meta property=\"og:image\" content=\"https:\/\/gvsystem.co.uk\/wp-content\/uploads\/2022\/10\/GVCorner-ACO-E-3_.jpg\" \/>\n\t<meta property=\"og:image:width\" content=\"300\" \/>\n\t<meta property=\"og:image:height\" content=\"300\" \/>\n\t<meta property=\"og:image:type\" content=\"image\/jpeg\" \/>\n<meta name=\"twitter:card\" content=\"summary_large_image\" \/>\n<!-- \/ Yoast SEO Premium plugin. -->","yoast_head_json":{"title":"GVCorner GCO-E-3 - GV SYSTEM","robots":{"index":"index","follow":"follow","max-snippet":"max-snippet:-1","max-image-preview":"max-image-preview:large","max-video-preview":"max-video-preview:-1"},"canonical":"https:\/\/gvsystem.co.uk\/es\/producto\/gvcorner-gco-e-3\/","og_locale":"es_ES","og_type":"article","og_title":"GVCorner GCO-E-3","og_description":"GVCorner GCO-E-3 EDGE PROTECTING PROFILEMADE OF STAINLESS STEEL APPLICATION EDGE PROTECTING 3-FOLDGVCorner \u2013 The 3-fold edged corner protection profile made of stainless steel is ideal for wet rooms. The profile is subsequently glued directly onto the tile covering. STABLE AND CLEAN EDGES FOR TILE OVERINGS, PLASTERED OR WALLPAPERED WALLSNo more broken edges. The profiles of [&hellip;]","og_url":"https:\/\/gvsystem.co.uk\/es\/producto\/gvcorner-gco-e-3\/","og_site_name":"GV SYSTEM","article_modified_time":"2022-11-30T21:28:38+00:00","og_image":[{"width":300,"height":300,"url":"https:\/\/gvsystem.co.uk\/wp-content\/uploads\/2022\/10\/GVCorner-ACO-E-3_.jpg","type":"image\/jpeg"}],"twitter_card":"summary_large_image","schema":{"@context":"https:\/\/schema.org","@graph":[{"@type":"WebPage","@id":"https:\/\/gvsystem.co.uk\/product\/gvcorner-gco-e-3\/","url":"https:\/\/gvsystem.co.uk\/product\/gvcorner-gco-e-3\/","name":"GVCorner GCO-E-3 - GV SYSTEM","isPartOf":{"@id":"https:\/\/gvsystem.co.uk\/#website"},"primaryImageOfPage":{"@id":"https:\/\/gvsystem.co.uk\/product\/gvcorner-gco-e-3\/#primaryimage"},"image":{"@id":"https:\/\/gvsystem.co.uk\/product\/gvcorner-gco-e-3\/#primaryimage"},"thumbnailUrl":"https:\/\/gvsystem.co.uk\/wp-content\/uploads\/2022\/10\/GVCorner-ACO-E-3_.jpg","datePublished":"2022-11-07T01:26:29+00:00","dateModified":"2022-11-30T21:28:38+00:00","breadcrumb":{"@id":"https:\/\/gvsystem.co.uk\/product\/gvcorner-gco-e-3\/#breadcrumb"},"inLanguage":"es","potentialAction":[{"@type":"ReadAction","target":["https:\/\/gvsystem.co.uk\/product\/gvcorner-gco-e-3\/"]}]},{"@type":"ImageObject","inLanguage":"es","@id":"https:\/\/gvsystem.co.uk\/product\/gvcorner-gco-e-3\/#primaryimage","url":"https:\/\/gvsystem.co.uk\/wp-content\/uploads\/2022\/10\/GVCorner-ACO-E-3_.jpg","contentUrl":"https:\/\/gvsystem.co.uk\/wp-content\/uploads\/2022\/10\/GVCorner-ACO-E-3_.jpg","width":300,"height":300},{"@type":"BreadcrumbList","@id":"https:\/\/gvsystem.co.uk\/product\/gvcorner-gco-e-3\/#breadcrumb","itemListElement":[{"@type":"ListItem","position":1,"name":"Home","item":"https:\/\/gvsystem.co.uk\/"},{"@type":"ListItem","position":2,"name":"Products","item":"https:\/\/gvsystem.co.uk\/products\/"},{"@type":"ListItem","position":3,"name":"Tile Accessories","item":"https:\/\/gvsystem.co.uk\/product-category\/tile-accessories\/"},{"@type":"ListItem","position":4,"name":"GVCorner GCO-E-3"}]},{"@type":"WebSite","@id":"https:\/\/gvsystem.co.uk\/#website","url":"https:\/\/gvsystem.co.uk\/","name":"GV SYSTEM","description":"Catalogue GV System","publisher":{"@id":"https:\/\/gvsystem.co.uk\/#organization"},"potentialAction":[{"@type":"SearchAction","target":{"@type":"EntryPoint","urlTemplate":"https:\/\/gvsystem.co.uk\/?s={search_term_string}"},"query-input":{"@type":"PropertyValueSpecification","valueRequired":true,"valueName":"search_term_string"}}],"inLanguage":"es"},{"@type":"Organization","@id":"https:\/\/gvsystem.co.uk\/#organization","name":"GV SYSTEM LTD","url":"https:\/\/gvsystem.co.uk\/","logo":{"@type":"ImageObject","inLanguage":"es","@id":"https:\/\/gvsystem.co.uk\/#\/schema\/logo\/image\/","url":"https:\/\/gvsystem.co.uk\/wp-content\/uploads\/2022\/09\/Logo_GV_180_60.png","contentUrl":"https:\/\/gvsystem.co.uk\/wp-content\/uploads\/2022\/09\/Logo_GV_180_60.png","width":180,"height":60,"caption":"GV SYSTEM LTD"},"image":{"@id":"https:\/\/gvsystem.co.uk\/#\/schema\/logo\/image\/"}}]}},"_links":{"self":[{"href":"https:\/\/gvsystem.co.uk\/es\/wp-json\/wp\/v2\/product\/4817","targetHints":{"allow":["GET"]}}],"collection":[{"href":"https:\/\/gvsystem.co.uk\/es\/wp-json\/wp\/v2\/product"}],"about":[{"href":"https:\/\/gvsystem.co.uk\/es\/wp-json\/wp\/v2\/types\/product"}],"replies":[{"embeddable":true,"href":"https:\/\/gvsystem.co.uk\/es\/wp-json\/wp\/v2\/comments?post=4817"}],"version-history":[{"count":7,"href":"https:\/\/gvsystem.co.uk\/es\/wp-json\/wp\/v2\/product\/4817\/revisions"}],"predecessor-version":[{"id":5085,"href":"https:\/\/gvsystem.co.uk\/es\/wp-json\/wp\/v2\/product\/4817\/revisions\/5085"}],"wp:featuredmedia":[{"embeddable":true,"href":"https:\/\/gvsystem.co.uk\/es\/wp-json\/wp\/v2\/media\/3864"}],"wp:attachment":[{"href":"https:\/\/gvsystem.co.uk\/es\/wp-json\/wp\/v2\/media?parent=4817"}],"wp:term":[{"taxonomy":"product_brand","embeddable":true,"href":"https:\/\/gvsystem.co.uk\/es\/wp-json\/wp\/v2\/product_brand?post=4817"},{"taxonomy":"product_cat","embeddable":true,"href":"https:\/\/gvsystem.co.uk\/es\/wp-json\/wp\/v2\/product_cat?post=4817"},{"taxonomy":"product_tag","embeddable":true,"href":"https:\/\/gvsystem.co.uk\/es\/wp-json\/wp\/v2\/product_tag?post=4817"}],"curies":[{"name":"wp","href":"https:\/\/api.w.org\/{rel}","templated":true}]}}