{"id":4771,"date":"2022-11-06T21:45:33","date_gmt":"2022-11-06T21:45:33","guid":{"rendered":"https:\/\/gvsystem.co.uk\/?post_type=product&#038;p=4771"},"modified":"2022-11-30T18:21:56","modified_gmt":"2022-11-30T18:21:56","slug":"gvcap-gcr-a","status":"publish","type":"product","link":"https:\/\/gvsystem.co.uk\/es\/producto\/gvcap-gcr-a\/","title":{"rendered":"GVCap GCR-A"},"content":{"rendered":"<div data-elementor-type=\"product-post\" data-elementor-id=\"4771\" class=\"elementor elementor-4771\" data-elementor-post-type=\"product\">\n\t\t\t\t\t\t<section class=\"elementor-section elementor-top-section elementor-element elementor-element-c2663b4 elementor-section-boxed elementor-section-height-default elementor-section-height-default\" data-id=\"c2663b4\" data-element_type=\"section\">\n\t\t\t\t\t\t<div class=\"elementor-container elementor-column-gap-default\">\n\t\t\t\t\t<div class=\"elementor-column elementor-col-100 elementor-top-column elementor-element elementor-element-418d2e4\" data-id=\"418d2e4\" data-element_type=\"column\">\n\t\t\t<div class=\"elementor-widget-wrap elementor-element-populated\">\n\t\t\t\t\t\t<div class=\"elementor-element elementor-element-c821329 elementor-widget elementor-widget-shortcode\" data-id=\"c821329\" data-element_type=\"widget\" data-widget_type=\"shortcode.default\">\n\t\t\t\t<div class=\"elementor-widget-container\">\n\t\t\t\t\t\t\t<div class=\"elementor-shortcode\"><span><span><a href=\"https:\/\/gvsystem.co.uk\/es\/\">Principal<\/a><\/span><\/span><\/div>\n\t\t\t\t\t\t<\/div>\n\t\t\t\t<\/div>\n\t\t\t\t<section class=\"elementor-section elementor-inner-section elementor-element elementor-element-2291995 elementor-section-boxed elementor-section-height-default elementor-section-height-default\" data-id=\"2291995\" data-element_type=\"section\">\n\t\t\t\t\t\t<div class=\"elementor-container elementor-column-gap-default\">\n\t\t\t\t\t<div class=\"elementor-column elementor-col-50 elementor-inner-column elementor-element elementor-element-9bef6ee\" data-id=\"9bef6ee\" data-element_type=\"column\">\n\t\t\t<div class=\"elementor-widget-wrap elementor-element-populated\">\n\t\t\t\t\t\t<div class=\"elementor-element elementor-element-e12c7cb elementor-widget elementor-widget-text-editor\" data-id=\"e12c7cb\" data-element_type=\"widget\" data-widget_type=\"text-editor.default\">\n\t\t\t\t<div class=\"elementor-widget-container\">\n\t\t\t\t\t\t\t\t\t<h1>GVCap GCR-A<\/h1>\n<p>PERFIL DE CUBIERTA DE LA JUNTA DE BORDE<br><strong>Y ACCESORIOS DE ALUMINIO<\/strong> <\/p>\n<p><strong><span style=\"color: #ff0000;\">Aplicaci\u00f3n Perfil de la cubierta de la junta del borde<\/span><\/strong><br>Cap-round - Este pro\ufb01le oculta h\u00e1bilmente la transici\u00f3n en las esquinas interiores. Los pro\ufb01les silenciados simplemente se presionan en la silicona fresca.<\/p>\n<p><strong><span style=\"color: #ff0000;\">PERFILES DE COBERTURA DE JUNTAS DE BORDE<\/span><\/strong><br>La soluci\u00f3n contra el desgaste y el moho de las juntas de silicona en la cocina y el ba\u00f1o.<br>Los per\ufb01les c\u00f3ncavos cubren elegantemente las juntas entre la pared y el suelo o las esquinas interiores. La instalaci\u00f3n se realiza f\u00e1cilmente, ya que el prisma se introduce simplemente en la silicona h\u00fameda. Con la serie de tapas redondas, las juntas quedan completamente cubiertas. Tambi\u00e9n se puede realizar una instalaci\u00f3n posterior. Por fin se acabaron las antiest\u00e9ticas juntas de silicona.<\/p>\t\t\t\t\t\t\t\t<\/div>\n\t\t\t\t<\/div>\n\t\t\t\t\t<\/div>\n\t\t<\/div>\n\t\t\t\t<div class=\"elementor-column elementor-col-50 elementor-inner-column elementor-element elementor-element-bbcac58\" data-id=\"bbcac58\" data-element_type=\"column\">\n\t\t\t<div class=\"elementor-widget-wrap elementor-element-populated\">\n\t\t\t\t\t\t<div class=\"elementor-element elementor-element-5e922a0 elementor-widget elementor-widget-image\" data-id=\"5e922a0\" data-element_type=\"widget\" data-widget_type=\"image.default\">\n\t\t\t\t<div class=\"elementor-widget-container\">\n\t\t\t\t\t\t\t\t\t\t\t\t\t\t\t<img fetchpriority=\"high\" decoding=\"async\" width=\"600\" height=\"600\" src=\"https:\/\/gvsystem.co.uk\/wp-content\/uploads\/2022\/10\/GVCap-ACR-A.jpg\" class=\"attachment-large size-large wp-image-3791\" alt=\"\" srcset=\"https:\/\/gvsystem.co.uk\/wp-content\/uploads\/2022\/10\/GVCap-ACR-A.jpg 600w, https:\/\/gvsystem.co.uk\/wp-content\/uploads\/2022\/10\/GVCap-ACR-A-300x300.jpg 300w, https:\/\/gvsystem.co.uk\/wp-content\/uploads\/2022\/10\/GVCap-ACR-A-150x150.jpg 150w, https:\/\/gvsystem.co.uk\/wp-content\/uploads\/2022\/10\/GVCap-ACR-A-12x12.jpg 12w, https:\/\/gvsystem.co.uk\/wp-content\/uploads\/2022\/10\/GVCap-ACR-A-100x100.jpg 100w\" sizes=\"(max-width: 600px) 100vw, 600px\" \/>\t\t\t\t\t\t\t\t\t\t\t\t\t\t\t<\/div>\n\t\t\t\t<\/div>\n\t\t\t\t\t<\/div>\n\t\t<\/div>\n\t\t\t\t\t<\/div>\n\t\t<\/section>\n\t\t\t\t<section class=\"elementor-section elementor-inner-section elementor-element elementor-element-885000d elementor-section-boxed elementor-section-height-default elementor-section-height-default\" data-id=\"885000d\" data-element_type=\"section\">\n\t\t\t\t\t\t<div class=\"elementor-container elementor-column-gap-default\">\n\t\t\t\t\t<div class=\"elementor-column elementor-col-50 elementor-inner-column elementor-element elementor-element-ec67c67\" data-id=\"ec67c67\" data-element_type=\"column\">\n\t\t\t<div class=\"elementor-widget-wrap elementor-element-populated\">\n\t\t\t\t\t\t<div class=\"elementor-element elementor-element-b44cf5a elementor-widget elementor-widget-text-editor\" data-id=\"b44cf5a\" data-element_type=\"widget\" data-widget_type=\"text-editor.default\">\n\t\t\t\t<div class=\"elementor-widget-container\">\n\t\t\t\t\t\t\t\t\t<p><strong><span style=\"color: #ff0000;\">ESPECIFICACIONES T\u00c9CNICAS<\/span><\/strong><br \/><strong>Perfiles<\/strong><br \/>AlMgSi0,5<br \/>N\u00famero de material: 33.206<br \/><br \/><strong>Accesorios<\/strong><br \/>Cloruro de polivinilo, duro<br \/>Nombre abreviado PVC-U<br \/><br \/>Todos los datos son aproximados. Dado que no podemos asumir la responsabilidad de las aplicaciones especiales, el cliente deber\u00e1 realizar siempre la correspondiente prueba de idoneidad.<\/p>\t\t\t\t\t\t\t\t<\/div>\n\t\t\t\t<\/div>\n\t\t\t\t\t<\/div>\n\t\t<\/div>\n\t\t\t\t<div class=\"elementor-column elementor-col-50 elementor-inner-column elementor-element elementor-element-35687cd\" data-id=\"35687cd\" data-element_type=\"column\">\n\t\t\t<div class=\"elementor-widget-wrap elementor-element-populated\">\n\t\t\t\t\t\t<div class=\"elementor-element elementor-element-1b9add3 elementor-widget elementor-widget-image\" data-id=\"1b9add3\" data-element_type=\"widget\" data-widget_type=\"image.default\">\n\t\t\t\t<div class=\"elementor-widget-container\">\n\t\t\t\t\t\t\t\t\t\t\t\t\t\t\t<img decoding=\"async\" width=\"300\" height=\"477\" src=\"https:\/\/gvsystem.co.uk\/wp-content\/uploads\/2022\/10\/GVCap-ACR-A_detaill.jpg\" class=\"attachment-large size-large wp-image-3793\" alt=\"\" srcset=\"https:\/\/gvsystem.co.uk\/wp-content\/uploads\/2022\/10\/GVCap-ACR-A_detaill.jpg 300w, https:\/\/gvsystem.co.uk\/wp-content\/uploads\/2022\/10\/GVCap-ACR-A_detaill-189x300.jpg 189w, https:\/\/gvsystem.co.uk\/wp-content\/uploads\/2022\/10\/GVCap-ACR-A_detaill-8x12.jpg 8w\" sizes=\"(max-width: 300px) 100vw, 300px\" \/>\t\t\t\t\t\t\t\t\t\t\t\t\t\t\t<\/div>\n\t\t\t\t<\/div>\n\t\t\t\t\t<\/div>\n\t\t<\/div>\n\t\t\t\t\t<\/div>\n\t\t<\/section>\n\t\t\t\t<div class=\"elementor-element elementor-element-4eae7ec elementor-widget elementor-widget-text-editor\" data-id=\"4eae7ec\" data-element_type=\"widget\" data-widget_type=\"text-editor.default\">\n\t\t\t\t<div class=\"elementor-widget-container\">\n\t\t\t\t\t\t\t\t\t<strong><span style=\"color: #ff0000;\">Descargar HTD<\/span> <a href=\"https:\/\/gvsystem.co.uk\/wp-content\/uploads\/2022\/10\/cap-round_ACR_A.pdf\" target=\"_blank\" rel=\"noopener\"><img decoding=\"async\" src=\"https:\/\/gvsystem.co.uk\/wp-content\/uploads\/2022\/09\/Download3.png\" \/><\/a><\/strong>\t\t\t\t\t\t\t\t<\/div>\n\t\t\t\t<\/div>\n\t\t\t\t<div class=\"elementor-element elementor-element-c21f052 elementor-widget elementor-widget-spacer\" data-id=\"c21f052\" data-element_type=\"widget\" data-widget_type=\"spacer.default\">\n\t\t\t\t<div class=\"elementor-widget-container\">\n\t\t\t\t\t\t\t<div class=\"elementor-spacer\">\n\t\t\t<div class=\"elementor-spacer-inner\"><\/div>\n\t\t<\/div>\n\t\t\t\t\t\t<\/div>\n\t\t\t\t<\/div>\n\t\t\t\t\t<\/div>\n\t\t<\/div>\n\t\t\t\t\t<\/div>\n\t\t<\/section>\n\t\t\t\t<\/div>","protected":false},"excerpt":{"rendered":"<p>GVCap GCR-A EDGE JOINT COVER PROFILEAND ACCESSORIES MADE OF ALUMINIUM Application Edge Joint Cover ProfileCap-round \u2013 This pro\ufb01le adeptly conceals adeptly conceals the transition at inner corners. The \ufb02uted pro\ufb01les are simply pressed into the fresh silicone. EDGE JOINT COVER PROFILESThe solution against worn and mouldy silicone joints in kitchen and bathroom.The concave pro\ufb01les elegantly [&hellip;]<\/p>","protected":false},"featured_media":3792,"comment_status":"open","ping_status":"closed","template":"elementor_header_footer","meta":{"_acf_changed":false,"site-sidebar-layout":"no-sidebar","site-content-layout":"page-builder","ast-site-content-layout":"default","site-content-style":"default","site-sidebar-style":"default","ast-global-header-display":"","ast-banner-title-visibility":"","ast-main-header-display":"","ast-hfb-above-header-display":"","ast-hfb-below-header-display":"","ast-hfb-mobile-header-display":"","site-post-title":"disabled","ast-breadcrumbs-content":"","ast-featured-img":"disabled","footer-sml-layout":"","ast-disable-related-posts":"","theme-transparent-header-meta":"default","adv-header-id-meta":"","stick-header-meta":"","header-above-stick-meta":"","header-main-stick-meta":"","header-below-stick-meta":"","astra-migrate-meta-layouts":"default","ast-page-background-enabled":"default","ast-page-background-meta":{"desktop":{"background-color":"","background-image":"","background-repeat":"repeat","background-position":"center center","background-size":"auto","background-attachment":"scroll","background-type":"","background-media":"","overlay-type":"","overlay-color":"","overlay-opacity":"","overlay-gradient":""},"tablet":{"background-color":"","background-image":"","background-repeat":"repeat","background-position":"center center","background-size":"auto","background-attachment":"scroll","background-type":"","background-media":"","overlay-type":"","overlay-color":"","overlay-opacity":"","overlay-gradient":""},"mobile":{"background-color":"","background-image":"","background-repeat":"repeat","background-position":"center center","background-size":"auto","background-attachment":"scroll","background-type":"","background-media":"","overlay-type":"","overlay-color":"","overlay-opacity":"","overlay-gradient":""}},"ast-content-background-meta":{"desktop":{"background-color":"var(--ast-global-color-5)","background-image":"","background-repeat":"repeat","background-position":"center center","background-size":"auto","background-attachment":"scroll","background-type":"","background-media":"","overlay-type":"","overlay-color":"","overlay-opacity":"","overlay-gradient":""},"tablet":{"background-color":"var(--ast-global-color-5)","background-image":"","background-repeat":"repeat","background-position":"center center","background-size":"auto","background-attachment":"scroll","background-type":"","background-media":"","overlay-type":"","overlay-color":"","overlay-opacity":"","overlay-gradient":""},"mobile":{"background-color":"var(--ast-global-color-5)","background-image":"","background-repeat":"repeat","background-position":"center center","background-size":"auto","background-attachment":"scroll","background-type":"","background-media":"","overlay-type":"","overlay-color":"","overlay-opacity":"","overlay-gradient":""}}},"product_brand":[],"product_cat":[164],"product_tag":[],"class_list":{"0":"post-4771","1":"product","2":"type-product","3":"status-publish","4":"has-post-thumbnail","6":"product_cat-tile-accessories","7":"desktop-align-left","8":"tablet-align-left","9":"mobile-align-left","11":"first","12":"instock","13":"shipping-taxable","14":"product-type-simple"},"acf":[],"yoast_head":"<!-- This site is optimized with the Yoast SEO Premium plugin v18.9 (Yoast SEO v26.7) - https:\/\/yoast.com\/wordpress\/plugins\/seo\/ -->\n<title>GVCap GCR-A - GV SYSTEM<\/title>\n<meta name=\"robots\" content=\"index, follow, max-snippet:-1, max-image-preview:large, max-video-preview:-1\" \/>\n<link rel=\"canonical\" href=\"https:\/\/gvsystem.co.uk\/es\/producto\/gvcap-gcr-a\/\" \/>\n<meta property=\"og:locale\" content=\"es_ES\" \/>\n<meta property=\"og:type\" content=\"article\" \/>\n<meta property=\"og:title\" content=\"GVCap GCR-A\" \/>\n<meta property=\"og:description\" content=\"GVCap GCR-A EDGE JOINT COVER PROFILEAND ACCESSORIES MADE OF ALUMINIUM Application Edge Joint Cover ProfileCap-round \u2013 This pro\ufb01le adeptly conceals adeptly conceals the transition at inner corners. The \ufb02uted pro\ufb01les are simply pressed into the fresh silicone. EDGE JOINT COVER PROFILESThe solution against worn and mouldy silicone joints in kitchen and bathroom.The concave pro\ufb01les elegantly [&hellip;]\" \/>\n<meta property=\"og:url\" content=\"https:\/\/gvsystem.co.uk\/es\/producto\/gvcap-gcr-a\/\" \/>\n<meta property=\"og:site_name\" content=\"GV SYSTEM\" \/>\n<meta property=\"article:modified_time\" content=\"2022-11-30T18:21:56+00:00\" \/>\n<meta property=\"og:image\" content=\"https:\/\/gvsystem.co.uk\/wp-content\/uploads\/2022\/10\/GVCap-ACR-A_.jpg\" \/>\n\t<meta property=\"og:image:width\" content=\"300\" \/>\n\t<meta property=\"og:image:height\" content=\"300\" \/>\n\t<meta property=\"og:image:type\" content=\"image\/jpeg\" \/>\n<meta name=\"twitter:card\" content=\"summary_large_image\" \/>\n<!-- \/ Yoast SEO Premium plugin. -->","yoast_head_json":{"title":"GVCap GCR-A - GV SYSTEM","robots":{"index":"index","follow":"follow","max-snippet":"max-snippet:-1","max-image-preview":"max-image-preview:large","max-video-preview":"max-video-preview:-1"},"canonical":"https:\/\/gvsystem.co.uk\/es\/producto\/gvcap-gcr-a\/","og_locale":"es_ES","og_type":"article","og_title":"GVCap GCR-A","og_description":"GVCap GCR-A EDGE JOINT COVER PROFILEAND ACCESSORIES MADE OF ALUMINIUM Application Edge Joint Cover ProfileCap-round \u2013 This pro\ufb01le adeptly conceals adeptly conceals the transition at inner corners. The \ufb02uted pro\ufb01les are simply pressed into the fresh silicone. EDGE JOINT COVER PROFILESThe solution against worn and mouldy silicone joints in kitchen and bathroom.The concave pro\ufb01les elegantly [&hellip;]","og_url":"https:\/\/gvsystem.co.uk\/es\/producto\/gvcap-gcr-a\/","og_site_name":"GV SYSTEM","article_modified_time":"2022-11-30T18:21:56+00:00","og_image":[{"width":300,"height":300,"url":"https:\/\/gvsystem.co.uk\/wp-content\/uploads\/2022\/10\/GVCap-ACR-A_.jpg","type":"image\/jpeg"}],"twitter_card":"summary_large_image","schema":{"@context":"https:\/\/schema.org","@graph":[{"@type":"WebPage","@id":"https:\/\/gvsystem.co.uk\/product\/gvcap-gcr-a\/","url":"https:\/\/gvsystem.co.uk\/product\/gvcap-gcr-a\/","name":"GVCap GCR-A - GV SYSTEM","isPartOf":{"@id":"https:\/\/gvsystem.co.uk\/#website"},"primaryImageOfPage":{"@id":"https:\/\/gvsystem.co.uk\/product\/gvcap-gcr-a\/#primaryimage"},"image":{"@id":"https:\/\/gvsystem.co.uk\/product\/gvcap-gcr-a\/#primaryimage"},"thumbnailUrl":"https:\/\/gvsystem.co.uk\/wp-content\/uploads\/2022\/10\/GVCap-ACR-A_.jpg","datePublished":"2022-11-06T21:45:33+00:00","dateModified":"2022-11-30T18:21:56+00:00","breadcrumb":{"@id":"https:\/\/gvsystem.co.uk\/product\/gvcap-gcr-a\/#breadcrumb"},"inLanguage":"es","potentialAction":[{"@type":"ReadAction","target":["https:\/\/gvsystem.co.uk\/product\/gvcap-gcr-a\/"]}]},{"@type":"ImageObject","inLanguage":"es","@id":"https:\/\/gvsystem.co.uk\/product\/gvcap-gcr-a\/#primaryimage","url":"https:\/\/gvsystem.co.uk\/wp-content\/uploads\/2022\/10\/GVCap-ACR-A_.jpg","contentUrl":"https:\/\/gvsystem.co.uk\/wp-content\/uploads\/2022\/10\/GVCap-ACR-A_.jpg","width":300,"height":300},{"@type":"BreadcrumbList","@id":"https:\/\/gvsystem.co.uk\/product\/gvcap-gcr-a\/#breadcrumb","itemListElement":[{"@type":"ListItem","position":1,"name":"Home","item":"https:\/\/gvsystem.co.uk\/"},{"@type":"ListItem","position":2,"name":"Products","item":"https:\/\/gvsystem.co.uk\/products\/"},{"@type":"ListItem","position":3,"name":"Tile Accessories","item":"https:\/\/gvsystem.co.uk\/product-category\/tile-accessories\/"},{"@type":"ListItem","position":4,"name":"GVCap GCR-A"}]},{"@type":"WebSite","@id":"https:\/\/gvsystem.co.uk\/#website","url":"https:\/\/gvsystem.co.uk\/","name":"GV SYSTEM","description":"Catalogue GV System","publisher":{"@id":"https:\/\/gvsystem.co.uk\/#organization"},"potentialAction":[{"@type":"SearchAction","target":{"@type":"EntryPoint","urlTemplate":"https:\/\/gvsystem.co.uk\/?s={search_term_string}"},"query-input":{"@type":"PropertyValueSpecification","valueRequired":true,"valueName":"search_term_string"}}],"inLanguage":"es"},{"@type":"Organization","@id":"https:\/\/gvsystem.co.uk\/#organization","name":"GV SYSTEM LTD","url":"https:\/\/gvsystem.co.uk\/","logo":{"@type":"ImageObject","inLanguage":"es","@id":"https:\/\/gvsystem.co.uk\/#\/schema\/logo\/image\/","url":"https:\/\/gvsystem.co.uk\/wp-content\/uploads\/2022\/09\/Logo_GV_180_60.png","contentUrl":"https:\/\/gvsystem.co.uk\/wp-content\/uploads\/2022\/09\/Logo_GV_180_60.png","width":180,"height":60,"caption":"GV SYSTEM LTD"},"image":{"@id":"https:\/\/gvsystem.co.uk\/#\/schema\/logo\/image\/"}}]}},"_links":{"self":[{"href":"https:\/\/gvsystem.co.uk\/es\/wp-json\/wp\/v2\/product\/4771","targetHints":{"allow":["GET"]}}],"collection":[{"href":"https:\/\/gvsystem.co.uk\/es\/wp-json\/wp\/v2\/product"}],"about":[{"href":"https:\/\/gvsystem.co.uk\/es\/wp-json\/wp\/v2\/types\/product"}],"replies":[{"embeddable":true,"href":"https:\/\/gvsystem.co.uk\/es\/wp-json\/wp\/v2\/comments?post=4771"}],"version-history":[{"count":7,"href":"https:\/\/gvsystem.co.uk\/es\/wp-json\/wp\/v2\/product\/4771\/revisions"}],"predecessor-version":[{"id":5054,"href":"https:\/\/gvsystem.co.uk\/es\/wp-json\/wp\/v2\/product\/4771\/revisions\/5054"}],"wp:featuredmedia":[{"embeddable":true,"href":"https:\/\/gvsystem.co.uk\/es\/wp-json\/wp\/v2\/media\/3792"}],"wp:attachment":[{"href":"https:\/\/gvsystem.co.uk\/es\/wp-json\/wp\/v2\/media?parent=4771"}],"wp:term":[{"taxonomy":"product_brand","embeddable":true,"href":"https:\/\/gvsystem.co.uk\/es\/wp-json\/wp\/v2\/product_brand?post=4771"},{"taxonomy":"product_cat","embeddable":true,"href":"https:\/\/gvsystem.co.uk\/es\/wp-json\/wp\/v2\/product_cat?post=4771"},{"taxonomy":"product_tag","embeddable":true,"href":"https:\/\/gvsystem.co.uk\/es\/wp-json\/wp\/v2\/product_tag?post=4771"}],"curies":[{"name":"wp","href":"https:\/\/api.w.org\/{rel}","templated":true}]}}