{"id":3575,"date":"2022-09-30T11:43:19","date_gmt":"2022-09-30T11:43:19","guid":{"rendered":"https:\/\/gvsystem.co.uk\/?post_type=product&#038;p=3575"},"modified":"2022-10-02T03:17:55","modified_gmt":"2022-10-02T03:17:55","slug":"al-49-ww-wc","status":"publish","type":"product","link":"https:\/\/gvsystem.co.uk\/es\/producto\/al-49-ww-wc\/","title":{"rendered":"AL-49 WW-WC"},"content":{"rendered":"<p><img fetchpriority=\"high\" decoding=\"async\" class=\"aligncenter wp-image-3579 size-full\" src=\"https:\/\/gvsystem.co.uk\/wp-content\/uploads\/2022\/09\/Table_AL-49.jpg\" alt=\"\" width=\"900\" height=\"395\" srcset=\"https:\/\/gvsystem.co.uk\/wp-content\/uploads\/2022\/09\/Table_AL-49.jpg 900w, https:\/\/gvsystem.co.uk\/wp-content\/uploads\/2022\/09\/Table_AL-49-300x132.jpg 300w, https:\/\/gvsystem.co.uk\/wp-content\/uploads\/2022\/09\/Table_AL-49-768x337.jpg 768w, https:\/\/gvsystem.co.uk\/wp-content\/uploads\/2022\/09\/Table_AL-49-18x8.jpg 18w, https:\/\/gvsystem.co.uk\/wp-content\/uploads\/2022\/09\/Table_AL-49-600x263.jpg 600w\" sizes=\"(max-width: 900px) 100vw, 900px\" \/><\/p>\n<p>&nbsp;<\/p>\n<p><img decoding=\"async\" class=\"aligncenter wp-image-3577 size-full\" src=\"https:\/\/gvsystem.co.uk\/wp-content\/uploads\/2022\/09\/Install_AL-49.jpg\" alt=\"\" width=\"510\" height=\"251\" srcset=\"https:\/\/gvsystem.co.uk\/wp-content\/uploads\/2022\/09\/Install_AL-49.jpg 510w, https:\/\/gvsystem.co.uk\/wp-content\/uploads\/2022\/09\/Install_AL-49-300x148.jpg 300w, https:\/\/gvsystem.co.uk\/wp-content\/uploads\/2022\/09\/Install_AL-49-18x9.jpg 18w\" sizes=\"(max-width: 510px) 100vw, 510px\" \/><\/p>","protected":false},"excerpt":{"rendered":"<p>La AL-49 es nuestra junta de pared de aluminio m\u00e1s peque\u00f1a, tiene un dise\u00f1o de resorte \u00fanico que mantiene la placa de cubierta en su lugar, as\u00ed como el centro de la brecha; esto permite que el producto tenga una anchura reducida, ya que no hay necesidad de tornillos, tambi\u00e9n significa que no va a da\u00f1ar la pared durante el proceso de instalaci\u00f3n igualmente significa que todos, pero cualquier persona es capaz de instalar este producto con facilidad.<\/p>","protected":false},"featured_media":3583,"comment_status":"open","ping_status":"closed","template":"","meta":{"_acf_changed":false,"site-sidebar-layout":"default","site-content-layout":"default","ast-site-content-layout":"default","site-content-style":"default","site-sidebar-style":"default","ast-global-header-display":"","ast-banner-title-visibility":"","ast-main-header-display":"","ast-hfb-above-header-display":"","ast-hfb-below-header-display":"","ast-hfb-mobile-header-display":"","site-post-title":"","ast-breadcrumbs-content":"","ast-featured-img":"","footer-sml-layout":"","ast-disable-related-posts":"","theme-transparent-header-meta":"default","adv-header-id-meta":"","stick-header-meta":"","header-above-stick-meta":"","header-main-stick-meta":"","header-below-stick-meta":"","astra-migrate-meta-layouts":"default","ast-page-background-enabled":"default","ast-page-background-meta":{"desktop":{"background-color":"","background-image":"","background-repeat":"repeat","background-position":"center center","background-size":"auto","background-attachment":"scroll","background-type":"","background-media":"","overlay-type":"","overlay-color":"","overlay-opacity":"","overlay-gradient":""},"tablet":{"background-color":"","background-image":"","background-repeat":"repeat","background-position":"center center","background-size":"auto","background-attachment":"scroll","background-type":"","background-media":"","overlay-type":"","overlay-color":"","overlay-opacity":"","overlay-gradient":""},"mobile":{"background-color":"","background-image":"","background-repeat":"repeat","background-position":"center center","background-size":"auto","background-attachment":"scroll","background-type":"","background-media":"","overlay-type":"","overlay-color":"","overlay-opacity":"","overlay-gradient":""}},"ast-content-background-meta":{"desktop":{"background-color":"var(--ast-global-color-5)","background-image":"","background-repeat":"repeat","background-position":"center center","background-size":"auto","background-attachment":"scroll","background-type":"","background-media":"","overlay-type":"","overlay-color":"","overlay-opacity":"","overlay-gradient":""},"tablet":{"background-color":"var(--ast-global-color-5)","background-image":"","background-repeat":"repeat","background-position":"center center","background-size":"auto","background-attachment":"scroll","background-type":"","background-media":"","overlay-type":"","overlay-color":"","overlay-opacity":"","overlay-gradient":""},"mobile":{"background-color":"var(--ast-global-color-5)","background-image":"","background-repeat":"repeat","background-position":"center center","background-size":"auto","background-attachment":"scroll","background-type":"","background-media":"","overlay-type":"","overlay-color":"","overlay-opacity":"","overlay-gradient":""}}},"product_brand":[],"product_cat":[115,124],"product_tag":[150],"class_list":{"0":"post-3575","1":"product","2":"type-product","3":"status-publish","4":"has-post-thumbnail","6":"product_cat-aluminum-for-wall","7":"product_cat-custom-fields","8":"product_tag-all-aluminum-for-wall","9":"desktop-align-left","10":"tablet-align-left","11":"mobile-align-left","13":"first","14":"instock","15":"shipping-taxable","16":"product-type-simple"},"acf":[],"yoast_head":"<!-- This site is optimized with the Yoast SEO Premium plugin v18.9 (Yoast SEO v26.7) - https:\/\/yoast.com\/wordpress\/plugins\/seo\/ -->\n<title>AL-49 WW-WC - GV SYSTEM<\/title>\n<meta name=\"description\" content=\"The AL-49 is our smallest all aluminium wall joint, it has a unique spring design that holds the cover plate in place as well as central to the gap; this allows the product to have a reduced width as there is no requirement for screws, also meaning you will not be damaging the wall during the installation process equally meaning all but anyone is capable of installing this product with ease.\" \/>\n<meta name=\"robots\" content=\"index, follow, max-snippet:-1, max-image-preview:large, max-video-preview:-1\" \/>\n<link rel=\"canonical\" href=\"https:\/\/gvsystem.co.uk\/es\/producto\/al-49-ww-wc\/\" \/>\n<meta property=\"og:locale\" content=\"es_ES\" \/>\n<meta property=\"og:type\" content=\"article\" \/>\n<meta property=\"og:title\" content=\"AL-49 WW-WC\" \/>\n<meta property=\"og:description\" content=\"The AL-49 is our smallest all aluminium wall joint, it has a unique spring design that holds the cover plate in place as well as central to the gap; this allows the product to have a reduced width as there is no requirement for screws, also meaning you will not be damaging the wall during the installation process equally meaning all but anyone is capable of installing this product with ease.\" \/>\n<meta property=\"og:url\" content=\"https:\/\/gvsystem.co.uk\/es\/producto\/al-49-ww-wc\/\" \/>\n<meta property=\"og:site_name\" content=\"GV SYSTEM\" \/>\n<meta property=\"article:modified_time\" content=\"2022-10-02T03:17:55+00:00\" \/>\n<meta property=\"og:image\" content=\"https:\/\/gvsystem.co.uk\/wp-content\/uploads\/2022\/09\/series-49.png\" \/>\n\t<meta property=\"og:image:width\" content=\"700\" \/>\n\t<meta property=\"og:image:height\" content=\"700\" \/>\n\t<meta property=\"og:image:type\" content=\"image\/png\" \/>\n<meta name=\"twitter:card\" content=\"summary_large_image\" \/>\n<!-- \/ Yoast SEO Premium plugin. -->","yoast_head_json":{"title":"AL-49 WW-WC - GV SYSTEM","description":"La AL-49 es nuestra junta de pared de aluminio m\u00e1s peque\u00f1a, tiene un dise\u00f1o de resorte \u00fanico que mantiene la placa de cubierta en su lugar, as\u00ed como el centro de la brecha; esto permite que el producto tenga una anchura reducida, ya que no hay necesidad de tornillos, tambi\u00e9n significa que no va a da\u00f1ar la pared durante el proceso de instalaci\u00f3n igualmente significa que todos, pero cualquier persona es capaz de instalar este producto con facilidad.","robots":{"index":"index","follow":"follow","max-snippet":"max-snippet:-1","max-image-preview":"max-image-preview:large","max-video-preview":"max-video-preview:-1"},"canonical":"https:\/\/gvsystem.co.uk\/es\/producto\/al-49-ww-wc\/","og_locale":"es_ES","og_type":"article","og_title":"AL-49 WW-WC","og_description":"The AL-49 is our smallest all aluminium wall joint, it has a unique spring design that holds the cover plate in place as well as central to the gap; this allows the product to have a reduced width as there is no requirement for screws, also meaning you will not be damaging the wall during the installation process equally meaning all but anyone is capable of installing this product with ease.","og_url":"https:\/\/gvsystem.co.uk\/es\/producto\/al-49-ww-wc\/","og_site_name":"GV SYSTEM","article_modified_time":"2022-10-02T03:17:55+00:00","og_image":[{"width":700,"height":700,"url":"https:\/\/gvsystem.co.uk\/wp-content\/uploads\/2022\/09\/series-49.png","type":"image\/png"}],"twitter_card":"summary_large_image","schema":{"@context":"https:\/\/schema.org","@graph":[{"@type":"WebPage","@id":"https:\/\/gvsystem.co.uk\/product\/al-49-ww-wc\/","url":"https:\/\/gvsystem.co.uk\/product\/al-49-ww-wc\/","name":"AL-49 WW-WC - GV SYSTEM","isPartOf":{"@id":"https:\/\/gvsystem.co.uk\/#website"},"primaryImageOfPage":{"@id":"https:\/\/gvsystem.co.uk\/product\/al-49-ww-wc\/#primaryimage"},"image":{"@id":"https:\/\/gvsystem.co.uk\/product\/al-49-ww-wc\/#primaryimage"},"thumbnailUrl":"https:\/\/gvsystem.co.uk\/wp-content\/uploads\/2022\/09\/series-49.png","datePublished":"2022-09-30T11:43:19+00:00","dateModified":"2022-10-02T03:17:55+00:00","description":"La AL-49 es nuestra junta de pared de aluminio m\u00e1s peque\u00f1a, tiene un dise\u00f1o de resorte \u00fanico que mantiene la placa de cubierta en su lugar, as\u00ed como el centro de la brecha; esto permite que el producto tenga una anchura reducida, ya que no hay necesidad de tornillos, tambi\u00e9n significa que no va a da\u00f1ar la pared durante el proceso de instalaci\u00f3n igualmente significa que todos, pero cualquier persona es capaz de instalar este producto con facilidad.","breadcrumb":{"@id":"https:\/\/gvsystem.co.uk\/product\/al-49-ww-wc\/#breadcrumb"},"inLanguage":"es","potentialAction":[{"@type":"ReadAction","target":["https:\/\/gvsystem.co.uk\/product\/al-49-ww-wc\/"]}]},{"@type":"ImageObject","inLanguage":"es","@id":"https:\/\/gvsystem.co.uk\/product\/al-49-ww-wc\/#primaryimage","url":"https:\/\/gvsystem.co.uk\/wp-content\/uploads\/2022\/09\/series-49.png","contentUrl":"https:\/\/gvsystem.co.uk\/wp-content\/uploads\/2022\/09\/series-49.png","width":700,"height":700},{"@type":"BreadcrumbList","@id":"https:\/\/gvsystem.co.uk\/product\/al-49-ww-wc\/#breadcrumb","itemListElement":[{"@type":"ListItem","position":1,"name":"Home","item":"https:\/\/gvsystem.co.uk\/"},{"@type":"ListItem","position":2,"name":"Products","item":"https:\/\/gvsystem.co.uk\/products\/"},{"@type":"ListItem","position":3,"name":"Expansion Joint","item":"https:\/\/gvsystem.co.uk\/product-category\/expansion-joint\/"},{"@type":"ListItem","position":4,"name":"All Aluminum for Wall","item":"https:\/\/gvsystem.co.uk\/product-category\/expansion-joint\/aluminum-for-wall\/"},{"@type":"ListItem","position":5,"name":"AL-49 WW-WC"}]},{"@type":"WebSite","@id":"https:\/\/gvsystem.co.uk\/#website","url":"https:\/\/gvsystem.co.uk\/","name":"GV SYSTEM","description":"Catalogue GV System","publisher":{"@id":"https:\/\/gvsystem.co.uk\/#organization"},"potentialAction":[{"@type":"SearchAction","target":{"@type":"EntryPoint","urlTemplate":"https:\/\/gvsystem.co.uk\/?s={search_term_string}"},"query-input":{"@type":"PropertyValueSpecification","valueRequired":true,"valueName":"search_term_string"}}],"inLanguage":"es"},{"@type":"Organization","@id":"https:\/\/gvsystem.co.uk\/#organization","name":"GV SYSTEM LTD","url":"https:\/\/gvsystem.co.uk\/","logo":{"@type":"ImageObject","inLanguage":"es","@id":"https:\/\/gvsystem.co.uk\/#\/schema\/logo\/image\/","url":"https:\/\/gvsystem.co.uk\/wp-content\/uploads\/2022\/09\/Logo_GV_180_60.png","contentUrl":"https:\/\/gvsystem.co.uk\/wp-content\/uploads\/2022\/09\/Logo_GV_180_60.png","width":180,"height":60,"caption":"GV SYSTEM LTD"},"image":{"@id":"https:\/\/gvsystem.co.uk\/#\/schema\/logo\/image\/"}}]}},"_links":{"self":[{"href":"https:\/\/gvsystem.co.uk\/es\/wp-json\/wp\/v2\/product\/3575","targetHints":{"allow":["GET"]}}],"collection":[{"href":"https:\/\/gvsystem.co.uk\/es\/wp-json\/wp\/v2\/product"}],"about":[{"href":"https:\/\/gvsystem.co.uk\/es\/wp-json\/wp\/v2\/types\/product"}],"replies":[{"embeddable":true,"href":"https:\/\/gvsystem.co.uk\/es\/wp-json\/wp\/v2\/comments?post=3575"}],"version-history":[{"count":1,"href":"https:\/\/gvsystem.co.uk\/es\/wp-json\/wp\/v2\/product\/3575\/revisions"}],"predecessor-version":[{"id":3585,"href":"https:\/\/gvsystem.co.uk\/es\/wp-json\/wp\/v2\/product\/3575\/revisions\/3585"}],"wp:featuredmedia":[{"embeddable":true,"href":"https:\/\/gvsystem.co.uk\/es\/wp-json\/wp\/v2\/media\/3583"}],"wp:attachment":[{"href":"https:\/\/gvsystem.co.uk\/es\/wp-json\/wp\/v2\/media?parent=3575"}],"wp:term":[{"taxonomy":"product_brand","embeddable":true,"href":"https:\/\/gvsystem.co.uk\/es\/wp-json\/wp\/v2\/product_brand?post=3575"},{"taxonomy":"product_cat","embeddable":true,"href":"https:\/\/gvsystem.co.uk\/es\/wp-json\/wp\/v2\/product_cat?post=3575"},{"taxonomy":"product_tag","embeddable":true,"href":"https:\/\/gvsystem.co.uk\/es\/wp-json\/wp\/v2\/product_tag?post=3575"}],"curies":[{"name":"wp","href":"https:\/\/api.w.org\/{rel}","templated":true}]}}