{"id":3474,"date":"2022-09-30T10:07:38","date_gmt":"2022-09-30T10:07:38","guid":{"rendered":"https:\/\/gvsystem.co.uk\/?post_type=product&#038;p=3474"},"modified":"2022-10-02T03:21:23","modified_gmt":"2022-10-02T03:21:23","slug":"ar-12p-ww-wc","status":"publish","type":"product","link":"https:\/\/gvsystem.co.uk\/es\/producto\/ar-12p-ww-wc\/","title":{"rendered":"AR-12P WW-WC"},"content":{"rendered":"<p><img fetchpriority=\"high\" decoding=\"async\" class=\"aligncenter wp-image-3484 size-full\" style=\"font-weight: inherit;\" src=\"https:\/\/gvsystem.co.uk\/wp-content\/uploads\/2022\/09\/Table_AR-12P.jpg\" alt=\"\" width=\"900\" height=\"189\" srcset=\"https:\/\/gvsystem.co.uk\/wp-content\/uploads\/2022\/09\/Table_AR-12P.jpg 900w, https:\/\/gvsystem.co.uk\/wp-content\/uploads\/2022\/09\/Table_AR-12P-300x63.jpg 300w, https:\/\/gvsystem.co.uk\/wp-content\/uploads\/2022\/09\/Table_AR-12P-768x161.jpg 768w, https:\/\/gvsystem.co.uk\/wp-content\/uploads\/2022\/09\/Table_AR-12P-18x4.jpg 18w, https:\/\/gvsystem.co.uk\/wp-content\/uploads\/2022\/09\/Table_AR-12P-600x126.jpg 600w\" sizes=\"(max-width: 900px) 100vw, 900px\" \/><\/p>\n<p>&nbsp;<\/p>\n<p><img decoding=\"async\" class=\"aligncenter wp-image-3480 size-full\" src=\"https:\/\/gvsystem.co.uk\/wp-content\/uploads\/2022\/09\/Install_AR-12P.jpg\" alt=\"\" width=\"467\" height=\"252\" srcset=\"https:\/\/gvsystem.co.uk\/wp-content\/uploads\/2022\/09\/Install_AR-12P.jpg 467w, https:\/\/gvsystem.co.uk\/wp-content\/uploads\/2022\/09\/Install_AR-12P-300x162.jpg 300w, https:\/\/gvsystem.co.uk\/wp-content\/uploads\/2022\/09\/Install_AR-12P-18x10.jpg 18w\" sizes=\"(max-width: 467px) 100vw, 467px\" \/><\/p>","protected":false},"excerpt":{"rendered":"<p>La serie AR-12P (PRO) es una versi\u00f3n de doble sellado de la serie 12 que ofrece una capa de impermeabilizaci\u00f3n incorporada en los marcos de aluminio, este producto est\u00e1 dise\u00f1ado para paredes exteriores.<\/p>","protected":false},"featured_media":3488,"comment_status":"open","ping_status":"closed","template":"","meta":{"_acf_changed":false,"site-sidebar-layout":"default","site-content-layout":"default","ast-site-content-layout":"default","site-content-style":"default","site-sidebar-style":"default","ast-global-header-display":"","ast-banner-title-visibility":"","ast-main-header-display":"","ast-hfb-above-header-display":"","ast-hfb-below-header-display":"","ast-hfb-mobile-header-display":"","site-post-title":"","ast-breadcrumbs-content":"","ast-featured-img":"","footer-sml-layout":"","ast-disable-related-posts":"","theme-transparent-header-meta":"default","adv-header-id-meta":"","stick-header-meta":"","header-above-stick-meta":"","header-main-stick-meta":"","header-below-stick-meta":"","astra-migrate-meta-layouts":"default","ast-page-background-enabled":"default","ast-page-background-meta":{"desktop":{"background-color":"","background-image":"","background-repeat":"repeat","background-position":"center center","background-size":"auto","background-attachment":"scroll","background-type":"","background-media":"","overlay-type":"","overlay-color":"","overlay-opacity":"","overlay-gradient":""},"tablet":{"background-color":"","background-image":"","background-repeat":"repeat","background-position":"center center","background-size":"auto","background-attachment":"scroll","background-type":"","background-media":"","overlay-type":"","overlay-color":"","overlay-opacity":"","overlay-gradient":""},"mobile":{"background-color":"","background-image":"","background-repeat":"repeat","background-position":"center center","background-size":"auto","background-attachment":"scroll","background-type":"","background-media":"","overlay-type":"","overlay-color":"","overlay-opacity":"","overlay-gradient":""}},"ast-content-background-meta":{"desktop":{"background-color":"var(--ast-global-color-5)","background-image":"","background-repeat":"repeat","background-position":"center center","background-size":"auto","background-attachment":"scroll","background-type":"","background-media":"","overlay-type":"","overlay-color":"","overlay-opacity":"","overlay-gradient":""},"tablet":{"background-color":"var(--ast-global-color-5)","background-image":"","background-repeat":"repeat","background-position":"center center","background-size":"auto","background-attachment":"scroll","background-type":"","background-media":"","overlay-type":"","overlay-color":"","overlay-opacity":"","overlay-gradient":""},"mobile":{"background-color":"var(--ast-global-color-5)","background-image":"","background-repeat":"repeat","background-position":"center center","background-size":"auto","background-attachment":"scroll","background-type":"","background-media":"","overlay-type":"","overlay-color":"","overlay-opacity":"","overlay-gradient":""}}},"product_brand":[],"product_cat":[112,124],"product_tag":[151],"class_list":{"0":"post-3474","1":"product","2":"type-product","3":"status-publish","4":"has-post-thumbnail","6":"product_cat-aluminum-rubber","7":"product_cat-custom-fields","8":"product_tag-aluminum-and-rubber-system","9":"desktop-align-left","10":"tablet-align-left","11":"mobile-align-left","13":"first","14":"instock","15":"shipping-taxable","16":"product-type-simple"},"acf":[],"yoast_head":"<!-- This site is optimized with the Yoast SEO Premium plugin v18.9 (Yoast SEO v26.7) - https:\/\/yoast.com\/wordpress\/plugins\/seo\/ -->\n<title>AR-12P WW-WC - GV SYSTEM<\/title>\n<meta name=\"description\" content=\"The AR-12P (PRO) series is a double seal version of the 12 series offering a layer of waterproofing built within the aluminium frames, this product is designed for external walls.\" \/>\n<meta name=\"robots\" content=\"index, follow, max-snippet:-1, max-image-preview:large, max-video-preview:-1\" \/>\n<link rel=\"canonical\" href=\"https:\/\/gvsystem.co.uk\/es\/producto\/ar-12p-ww-wc\/\" \/>\n<meta property=\"og:locale\" content=\"es_ES\" \/>\n<meta property=\"og:type\" content=\"article\" \/>\n<meta property=\"og:title\" content=\"AR-12P WW-WC\" \/>\n<meta property=\"og:description\" content=\"The AR-12P (PRO) series is a double seal version of the 12 series offering a layer of waterproofing built within the aluminium frames, this product is designed for external walls.\" \/>\n<meta property=\"og:url\" content=\"https:\/\/gvsystem.co.uk\/es\/producto\/ar-12p-ww-wc\/\" \/>\n<meta property=\"og:site_name\" content=\"GV SYSTEM\" \/>\n<meta property=\"article:modified_time\" content=\"2022-10-02T03:21:23+00:00\" \/>\n<meta property=\"og:image\" content=\"https:\/\/gvsystem.co.uk\/wp-content\/uploads\/2022\/09\/Series-12P-WW.png\" \/>\n\t<meta property=\"og:image:width\" content=\"700\" \/>\n\t<meta property=\"og:image:height\" content=\"700\" \/>\n\t<meta property=\"og:image:type\" content=\"image\/png\" \/>\n<meta name=\"twitter:card\" content=\"summary_large_image\" \/>\n<!-- \/ Yoast SEO Premium plugin. -->","yoast_head_json":{"title":"AR-12P WW-WC - GV SYSTEM","description":"La serie AR-12P (PRO) es una versi\u00f3n de doble sellado de la serie 12 que ofrece una capa de impermeabilizaci\u00f3n incorporada en los marcos de aluminio, este producto est\u00e1 dise\u00f1ado para paredes exteriores.","robots":{"index":"index","follow":"follow","max-snippet":"max-snippet:-1","max-image-preview":"max-image-preview:large","max-video-preview":"max-video-preview:-1"},"canonical":"https:\/\/gvsystem.co.uk\/es\/producto\/ar-12p-ww-wc\/","og_locale":"es_ES","og_type":"article","og_title":"AR-12P WW-WC","og_description":"The AR-12P (PRO) series is a double seal version of the 12 series offering a layer of waterproofing built within the aluminium frames, this product is designed for external walls.","og_url":"https:\/\/gvsystem.co.uk\/es\/producto\/ar-12p-ww-wc\/","og_site_name":"GV SYSTEM","article_modified_time":"2022-10-02T03:21:23+00:00","og_image":[{"width":700,"height":700,"url":"https:\/\/gvsystem.co.uk\/wp-content\/uploads\/2022\/09\/Series-12P-WW.png","type":"image\/png"}],"twitter_card":"summary_large_image","schema":{"@context":"https:\/\/schema.org","@graph":[{"@type":"WebPage","@id":"https:\/\/gvsystem.co.uk\/product\/ar-12p-ww-wc\/","url":"https:\/\/gvsystem.co.uk\/product\/ar-12p-ww-wc\/","name":"AR-12P WW-WC - GV SYSTEM","isPartOf":{"@id":"https:\/\/gvsystem.co.uk\/#website"},"primaryImageOfPage":{"@id":"https:\/\/gvsystem.co.uk\/product\/ar-12p-ww-wc\/#primaryimage"},"image":{"@id":"https:\/\/gvsystem.co.uk\/product\/ar-12p-ww-wc\/#primaryimage"},"thumbnailUrl":"https:\/\/gvsystem.co.uk\/wp-content\/uploads\/2022\/09\/Series-12P-WW.png","datePublished":"2022-09-30T10:07:38+00:00","dateModified":"2022-10-02T03:21:23+00:00","description":"La serie AR-12P (PRO) es una versi\u00f3n de doble sellado de la serie 12 que ofrece una capa de impermeabilizaci\u00f3n incorporada en los marcos de aluminio, este producto est\u00e1 dise\u00f1ado para paredes exteriores.","breadcrumb":{"@id":"https:\/\/gvsystem.co.uk\/product\/ar-12p-ww-wc\/#breadcrumb"},"inLanguage":"es","potentialAction":[{"@type":"ReadAction","target":["https:\/\/gvsystem.co.uk\/product\/ar-12p-ww-wc\/"]}]},{"@type":"ImageObject","inLanguage":"es","@id":"https:\/\/gvsystem.co.uk\/product\/ar-12p-ww-wc\/#primaryimage","url":"https:\/\/gvsystem.co.uk\/wp-content\/uploads\/2022\/09\/Series-12P-WW.png","contentUrl":"https:\/\/gvsystem.co.uk\/wp-content\/uploads\/2022\/09\/Series-12P-WW.png","width":700,"height":700},{"@type":"BreadcrumbList","@id":"https:\/\/gvsystem.co.uk\/product\/ar-12p-ww-wc\/#breadcrumb","itemListElement":[{"@type":"ListItem","position":1,"name":"Home","item":"https:\/\/gvsystem.co.uk\/"},{"@type":"ListItem","position":2,"name":"Products","item":"https:\/\/gvsystem.co.uk\/products\/"},{"@type":"ListItem","position":3,"name":"Expansion Joint","item":"https:\/\/gvsystem.co.uk\/product-category\/expansion-joint\/"},{"@type":"ListItem","position":4,"name":"Aluminum and Rubber System","item":"https:\/\/gvsystem.co.uk\/product-category\/expansion-joint\/aluminum-rubber\/"},{"@type":"ListItem","position":5,"name":"AR-12P WW-WC"}]},{"@type":"WebSite","@id":"https:\/\/gvsystem.co.uk\/#website","url":"https:\/\/gvsystem.co.uk\/","name":"GV SYSTEM","description":"Catalogue GV System","publisher":{"@id":"https:\/\/gvsystem.co.uk\/#organization"},"potentialAction":[{"@type":"SearchAction","target":{"@type":"EntryPoint","urlTemplate":"https:\/\/gvsystem.co.uk\/?s={search_term_string}"},"query-input":{"@type":"PropertyValueSpecification","valueRequired":true,"valueName":"search_term_string"}}],"inLanguage":"es"},{"@type":"Organization","@id":"https:\/\/gvsystem.co.uk\/#organization","name":"GV SYSTEM LTD","url":"https:\/\/gvsystem.co.uk\/","logo":{"@type":"ImageObject","inLanguage":"es","@id":"https:\/\/gvsystem.co.uk\/#\/schema\/logo\/image\/","url":"https:\/\/gvsystem.co.uk\/wp-content\/uploads\/2022\/09\/Logo_GV_180_60.png","contentUrl":"https:\/\/gvsystem.co.uk\/wp-content\/uploads\/2022\/09\/Logo_GV_180_60.png","width":180,"height":60,"caption":"GV SYSTEM LTD"},"image":{"@id":"https:\/\/gvsystem.co.uk\/#\/schema\/logo\/image\/"}}]}},"_links":{"self":[{"href":"https:\/\/gvsystem.co.uk\/es\/wp-json\/wp\/v2\/product\/3474","targetHints":{"allow":["GET"]}}],"collection":[{"href":"https:\/\/gvsystem.co.uk\/es\/wp-json\/wp\/v2\/product"}],"about":[{"href":"https:\/\/gvsystem.co.uk\/es\/wp-json\/wp\/v2\/types\/product"}],"replies":[{"embeddable":true,"href":"https:\/\/gvsystem.co.uk\/es\/wp-json\/wp\/v2\/comments?post=3474"}],"version-history":[{"count":1,"href":"https:\/\/gvsystem.co.uk\/es\/wp-json\/wp\/v2\/product\/3474\/revisions"}],"predecessor-version":[{"id":3494,"href":"https:\/\/gvsystem.co.uk\/es\/wp-json\/wp\/v2\/product\/3474\/revisions\/3494"}],"wp:featuredmedia":[{"embeddable":true,"href":"https:\/\/gvsystem.co.uk\/es\/wp-json\/wp\/v2\/media\/3488"}],"wp:attachment":[{"href":"https:\/\/gvsystem.co.uk\/es\/wp-json\/wp\/v2\/media?parent=3474"}],"wp:term":[{"taxonomy":"product_brand","embeddable":true,"href":"https:\/\/gvsystem.co.uk\/es\/wp-json\/wp\/v2\/product_brand?post=3474"},{"taxonomy":"product_cat","embeddable":true,"href":"https:\/\/gvsystem.co.uk\/es\/wp-json\/wp\/v2\/product_cat?post=3474"},{"taxonomy":"product_tag","embeddable":true,"href":"https:\/\/gvsystem.co.uk\/es\/wp-json\/wp\/v2\/product_tag?post=3474"}],"curies":[{"name":"wp","href":"https:\/\/api.w.org\/{rel}","templated":true}]}}