{"id":4863,"date":"2022-11-07T02:39:13","date_gmt":"2022-11-07T02:39:13","guid":{"rendered":"https:\/\/gvsystem.co.uk\/?post_type=product&#038;p=4863"},"modified":"2022-11-30T21:45:13","modified_gmt":"2022-11-30T21:45:13","slug":"gvcurve-gcu-a","status":"publish","type":"product","link":"https:\/\/gvsystem.co.uk\/de\/produkt\/gvcurve-gcu-a\/","title":{"rendered":"GVCurve GCU-A"},"content":{"rendered":"<div data-elementor-type=\"product-post\" data-elementor-id=\"4863\" class=\"elementor elementor-4863\" data-elementor-post-type=\"product\">\n\t\t\t\t\t\t<section class=\"elementor-section elementor-top-section elementor-element elementor-element-80d46c6 elementor-section-boxed elementor-section-height-default elementor-section-height-default\" data-id=\"80d46c6\" data-element_type=\"section\">\n\t\t\t\t\t\t<div class=\"elementor-container elementor-column-gap-default\">\n\t\t\t\t\t<div class=\"elementor-column elementor-col-100 elementor-top-column elementor-element elementor-element-77e71de\" data-id=\"77e71de\" data-element_type=\"column\">\n\t\t\t<div class=\"elementor-widget-wrap elementor-element-populated\">\n\t\t\t\t\t\t<div class=\"elementor-element elementor-element-4b19c77 elementor-widget elementor-widget-shortcode\" data-id=\"4b19c77\" data-element_type=\"widget\" data-widget_type=\"shortcode.default\">\n\t\t\t\t<div class=\"elementor-widget-container\">\n\t\t\t\t\t\t\t<div class=\"elementor-shortcode\"><span><span><a href=\"https:\/\/gvsystem.co.uk\/de\/\">Heim<\/a><\/span><\/span><\/div>\n\t\t\t\t\t\t<\/div>\n\t\t\t\t<\/div>\n\t\t\t\t<section class=\"elementor-section elementor-inner-section elementor-element elementor-element-7502ee9 elementor-section-boxed elementor-section-height-default elementor-section-height-default\" data-id=\"7502ee9\" data-element_type=\"section\">\n\t\t\t\t\t\t<div class=\"elementor-container elementor-column-gap-default\">\n\t\t\t\t\t<div class=\"elementor-column elementor-col-50 elementor-inner-column elementor-element elementor-element-494ff2e\" data-id=\"494ff2e\" data-element_type=\"column\">\n\t\t\t<div class=\"elementor-widget-wrap elementor-element-populated\">\n\t\t\t\t\t\t<div class=\"elementor-element elementor-element-3bfa800 elementor-widget elementor-widget-text-editor\" data-id=\"3bfa800\" data-element_type=\"widget\" data-widget_type=\"text-editor.default\">\n\t\t\t\t<div class=\"elementor-widget-container\">\n\t\t\t\t\t\t\t\t\t<h1>GVCurve GCU-A<\/h1>\n<p>BIEGSAMES WINKELPROFIL<br><strong>GEMACHT AUS ALUMINIUM<\/strong><\/p>\n<p><strong><span style=\"color: #ff0000;\">ANWENDUNG BIEGSAMES WINKELPROFIL<\/span><br><\/strong>GVCurve - Individuell gestaltbare Winkelpro\ufb01le passen sich jeder Situation perfekt an. Runden Sie die Abdeckung \u00fcberall dort ab, wo keine Abschl\u00fcsse gew\u00fcnscht sind.<\/p>\n<p><strong><span style=\"color: #ff0000;\">BELEBEN DAS DESIGN VON FLIESEN-VORSATZRINGEN<\/span><\/strong><br>GVCurve pro\ufb01les sind dank ihrer speziellen Stanzung flexibel. Sie passen sich Ihrer individuellen Kurvenf\u00fchrung an. \u00dcberg\u00e4nge mit eleganten Rundungen lassen sich leicht realisieren. Die Serie umfasst Pro\ufb01le mit einer H\u00f6he von 2 mm bis 30 mm.<br>Werden Sie kreativ mit GVCurve!<\/p>\t\t\t\t\t\t\t\t<\/div>\n\t\t\t\t<\/div>\n\t\t\t\t\t<\/div>\n\t\t<\/div>\n\t\t\t\t<div class=\"elementor-column elementor-col-50 elementor-inner-column elementor-element elementor-element-32aa708\" data-id=\"32aa708\" data-element_type=\"column\">\n\t\t\t<div class=\"elementor-widget-wrap elementor-element-populated\">\n\t\t\t\t\t\t<div class=\"elementor-element elementor-element-dd0b49a elementor-widget elementor-widget-image\" data-id=\"dd0b49a\" data-element_type=\"widget\" data-widget_type=\"image.default\">\n\t\t\t\t<div class=\"elementor-widget-container\">\n\t\t\t\t\t\t\t\t\t\t\t\t\t\t\t<img fetchpriority=\"high\" decoding=\"async\" width=\"600\" height=\"600\" src=\"https:\/\/gvsystem.co.uk\/wp-content\/uploads\/2022\/10\/GVCurve-ACU-A.jpg\" class=\"attachment-large size-large wp-image-3807\" alt=\"\" srcset=\"https:\/\/gvsystem.co.uk\/wp-content\/uploads\/2022\/10\/GVCurve-ACU-A.jpg 600w, https:\/\/gvsystem.co.uk\/wp-content\/uploads\/2022\/10\/GVCurve-ACU-A-300x300.jpg 300w, https:\/\/gvsystem.co.uk\/wp-content\/uploads\/2022\/10\/GVCurve-ACU-A-150x150.jpg 150w, https:\/\/gvsystem.co.uk\/wp-content\/uploads\/2022\/10\/GVCurve-ACU-A-12x12.jpg 12w, https:\/\/gvsystem.co.uk\/wp-content\/uploads\/2022\/10\/GVCurve-ACU-A-100x100.jpg 100w\" sizes=\"(max-width: 600px) 100vw, 600px\" \/>\t\t\t\t\t\t\t\t\t\t\t\t\t\t\t<\/div>\n\t\t\t\t<\/div>\n\t\t\t\t\t<\/div>\n\t\t<\/div>\n\t\t\t\t\t<\/div>\n\t\t<\/section>\n\t\t\t\t<section class=\"elementor-section elementor-inner-section elementor-element elementor-element-a441d29 elementor-section-boxed elementor-section-height-default elementor-section-height-default\" data-id=\"a441d29\" data-element_type=\"section\">\n\t\t\t\t\t\t<div class=\"elementor-container elementor-column-gap-default\">\n\t\t\t\t\t<div class=\"elementor-column elementor-col-50 elementor-inner-column elementor-element elementor-element-02dc10f\" data-id=\"02dc10f\" data-element_type=\"column\">\n\t\t\t<div class=\"elementor-widget-wrap elementor-element-populated\">\n\t\t\t\t\t\t<div class=\"elementor-element elementor-element-6284b38 elementor-widget elementor-widget-text-editor\" data-id=\"6284b38\" data-element_type=\"widget\" data-widget_type=\"text-editor.default\">\n\t\t\t\t<div class=\"elementor-widget-container\">\n\t\t\t\t\t\t\t\t\t<p><strong><span style=\"color: #ff0000;\">TECHNISCHE DATEN<\/span><\/strong><br \/>AlMgSi0,5<br \/>Materialnummer: 33.206<br \/><br \/>Alle Angaben sind ann\u00e4hernd. Da wir f\u00fcr spezielle Anwendungen keine Haftung \u00fcbernehmen k\u00f6nnen, muss immer eine entsprechende Eignungspr\u00fcfung durch den Kunden durchgef\u00fchrt werden<\/p>\t\t\t\t\t\t\t\t<\/div>\n\t\t\t\t<\/div>\n\t\t\t\t\t<\/div>\n\t\t<\/div>\n\t\t\t\t<div class=\"elementor-column elementor-col-50 elementor-inner-column elementor-element elementor-element-7288822\" data-id=\"7288822\" data-element_type=\"column\">\n\t\t\t<div class=\"elementor-widget-wrap elementor-element-populated\">\n\t\t\t\t\t\t<div class=\"elementor-element elementor-element-e828f7f elementor-widget elementor-widget-image\" data-id=\"e828f7f\" data-element_type=\"widget\" data-widget_type=\"image.default\">\n\t\t\t\t<div class=\"elementor-widget-container\">\n\t\t\t\t\t\t\t\t\t\t\t\t\t\t\t<img decoding=\"async\" width=\"300\" height=\"192\" src=\"https:\/\/gvsystem.co.uk\/wp-content\/uploads\/2022\/10\/GVCurve-ACU-A_detaill.jpg\" class=\"attachment-large size-large wp-image-3809\" alt=\"\" srcset=\"https:\/\/gvsystem.co.uk\/wp-content\/uploads\/2022\/10\/GVCurve-ACU-A_detaill.jpg 300w, https:\/\/gvsystem.co.uk\/wp-content\/uploads\/2022\/10\/GVCurve-ACU-A_detaill-18x12.jpg 18w\" sizes=\"(max-width: 300px) 100vw, 300px\" \/>\t\t\t\t\t\t\t\t\t\t\t\t\t\t\t<\/div>\n\t\t\t\t<\/div>\n\t\t\t\t\t<\/div>\n\t\t<\/div>\n\t\t\t\t\t<\/div>\n\t\t<\/section>\n\t\t\t\t<div class=\"elementor-element elementor-element-d139969 elementor-widget elementor-widget-text-editor\" data-id=\"d139969\" data-element_type=\"widget\" data-widget_type=\"text-editor.default\">\n\t\t\t\t<div class=\"elementor-widget-container\">\n\t\t\t\t\t\t\t\t\t<p><strong><span style=\"color: #ff0000;\">TDS herunterladen<\/span> <a href=\"https:\/\/gvsystem.co.uk\/wp-content\/uploads\/2022\/10\/curve_ACU_A.pdf\" target=\"_blank\" rel=\"noopener\"><img decoding=\"async\" src=\"https:\/\/gvsystem.co.uk\/wp-content\/uploads\/2022\/09\/Download3.png\" \/><\/a><\/strong><\/p>\t\t\t\t\t\t\t\t<\/div>\n\t\t\t\t<\/div>\n\t\t\t\t<div class=\"elementor-element elementor-element-fb3a998 elementor-widget elementor-widget-spacer\" data-id=\"fb3a998\" data-element_type=\"widget\" data-widget_type=\"spacer.default\">\n\t\t\t\t<div class=\"elementor-widget-container\">\n\t\t\t\t\t\t\t<div class=\"elementor-spacer\">\n\t\t\t<div class=\"elementor-spacer-inner\"><\/div>\n\t\t<\/div>\n\t\t\t\t\t\t<\/div>\n\t\t\t\t<\/div>\n\t\t\t\t\t<\/div>\n\t\t<\/div>\n\t\t\t\t\t<\/div>\n\t\t<\/section>\n\t\t\t\t<\/div>","protected":false},"excerpt":{"rendered":"<p>GVCurve GCU-A PLIABLE ANGLE PROFILEMADE OF ALUMINIUM APPLICATION PLIABLE ANGLE PROFILEGVCurve \u2013 Individually shapeable angle pro\ufb01les \ufb01t perfectly into any situation. Round o\ufb00 the covering wherever closings are not desired. ENLIVEN THE DESIGN OF TILE COVE-RINGSGVCurve pro\ufb01les are \ufb02exible, thanks to their special die-cutting. They adapt to your individual curve guide. Transitions with elegant rounding [&hellip;]<\/p>","protected":false},"featured_media":3808,"comment_status":"open","ping_status":"closed","template":"elementor_header_footer","meta":{"_acf_changed":false,"site-sidebar-layout":"no-sidebar","site-content-layout":"page-builder","ast-site-content-layout":"default","site-content-style":"default","site-sidebar-style":"default","ast-global-header-display":"","ast-banner-title-visibility":"","ast-main-header-display":"","ast-hfb-above-header-display":"","ast-hfb-below-header-display":"","ast-hfb-mobile-header-display":"","site-post-title":"disabled","ast-breadcrumbs-content":"","ast-featured-img":"disabled","footer-sml-layout":"","ast-disable-related-posts":"","theme-transparent-header-meta":"default","adv-header-id-meta":"","stick-header-meta":"","header-above-stick-meta":"","header-main-stick-meta":"","header-below-stick-meta":"","astra-migrate-meta-layouts":"default","ast-page-background-enabled":"default","ast-page-background-meta":{"desktop":{"background-color":"","background-image":"","background-repeat":"repeat","background-position":"center center","background-size":"auto","background-attachment":"scroll","background-type":"","background-media":"","overlay-type":"","overlay-color":"","overlay-opacity":"","overlay-gradient":""},"tablet":{"background-color":"","background-image":"","background-repeat":"repeat","background-position":"center center","background-size":"auto","background-attachment":"scroll","background-type":"","background-media":"","overlay-type":"","overlay-color":"","overlay-opacity":"","overlay-gradient":""},"mobile":{"background-color":"","background-image":"","background-repeat":"repeat","background-position":"center center","background-size":"auto","background-attachment":"scroll","background-type":"","background-media":"","overlay-type":"","overlay-color":"","overlay-opacity":"","overlay-gradient":""}},"ast-content-background-meta":{"desktop":{"background-color":"var(--ast-global-color-5)","background-image":"","background-repeat":"repeat","background-position":"center center","background-size":"auto","background-attachment":"scroll","background-type":"","background-media":"","overlay-type":"","overlay-color":"","overlay-opacity":"","overlay-gradient":""},"tablet":{"background-color":"var(--ast-global-color-5)","background-image":"","background-repeat":"repeat","background-position":"center center","background-size":"auto","background-attachment":"scroll","background-type":"","background-media":"","overlay-type":"","overlay-color":"","overlay-opacity":"","overlay-gradient":""},"mobile":{"background-color":"var(--ast-global-color-5)","background-image":"","background-repeat":"repeat","background-position":"center center","background-size":"auto","background-attachment":"scroll","background-type":"","background-media":"","overlay-type":"","overlay-color":"","overlay-opacity":"","overlay-gradient":""}}},"product_brand":[],"product_cat":[164],"product_tag":[],"class_list":{"0":"post-4863","1":"product","2":"type-product","3":"status-publish","4":"has-post-thumbnail","6":"product_cat-tile-accessories","7":"desktop-align-left","8":"tablet-align-left","9":"mobile-align-left","11":"first","12":"instock","13":"shipping-taxable","14":"product-type-simple"},"acf":[],"yoast_head":"<!-- This site is optimized with the Yoast SEO Premium plugin v18.9 (Yoast SEO v26.7) - https:\/\/yoast.com\/wordpress\/plugins\/seo\/ -->\n<title>GVCurve GCU-A - GV SYSTEM<\/title>\n<meta name=\"robots\" content=\"index, follow, max-snippet:-1, max-image-preview:large, max-video-preview:-1\" \/>\n<link rel=\"canonical\" href=\"https:\/\/gvsystem.co.uk\/de\/produkt\/gvcurve-gcu-a\/\" \/>\n<meta property=\"og:locale\" content=\"de_DE\" \/>\n<meta property=\"og:type\" content=\"article\" \/>\n<meta property=\"og:title\" content=\"GVCurve GCU-A\" \/>\n<meta property=\"og:description\" content=\"GVCurve GCU-A PLIABLE ANGLE PROFILEMADE OF ALUMINIUM APPLICATION PLIABLE ANGLE PROFILEGVCurve \u2013 Individually shapeable angle pro\ufb01les \ufb01t perfectly into any situation. Round o\ufb00 the covering wherever closings are not desired. ENLIVEN THE DESIGN OF TILE COVE-RINGSGVCurve pro\ufb01les are \ufb02exible, thanks to their special die-cutting. They adapt to your individual curve guide. Transitions with elegant rounding [&hellip;]\" \/>\n<meta property=\"og:url\" content=\"https:\/\/gvsystem.co.uk\/de\/produkt\/gvcurve-gcu-a\/\" \/>\n<meta property=\"og:site_name\" content=\"GV SYSTEM\" \/>\n<meta property=\"article:modified_time\" content=\"2022-11-30T21:45:13+00:00\" \/>\n<meta property=\"og:image\" content=\"https:\/\/gvsystem.co.uk\/wp-content\/uploads\/2022\/10\/GVCurve-ACU-A_.jpg\" \/>\n\t<meta property=\"og:image:width\" content=\"300\" \/>\n\t<meta property=\"og:image:height\" content=\"300\" \/>\n\t<meta property=\"og:image:type\" content=\"image\/jpeg\" \/>\n<meta name=\"twitter:card\" content=\"summary_large_image\" \/>\n<!-- \/ Yoast SEO Premium plugin. -->","yoast_head_json":{"title":"GVCurve GCU-A - GV SYSTEM","robots":{"index":"index","follow":"follow","max-snippet":"max-snippet:-1","max-image-preview":"max-image-preview:large","max-video-preview":"max-video-preview:-1"},"canonical":"https:\/\/gvsystem.co.uk\/de\/produkt\/gvcurve-gcu-a\/","og_locale":"de_DE","og_type":"article","og_title":"GVCurve GCU-A","og_description":"GVCurve GCU-A PLIABLE ANGLE PROFILEMADE OF ALUMINIUM APPLICATION PLIABLE ANGLE PROFILEGVCurve \u2013 Individually shapeable angle pro\ufb01les \ufb01t perfectly into any situation. Round o\ufb00 the covering wherever closings are not desired. ENLIVEN THE DESIGN OF TILE COVE-RINGSGVCurve pro\ufb01les are \ufb02exible, thanks to their special die-cutting. They adapt to your individual curve guide. Transitions with elegant rounding [&hellip;]","og_url":"https:\/\/gvsystem.co.uk\/de\/produkt\/gvcurve-gcu-a\/","og_site_name":"GV SYSTEM","article_modified_time":"2022-11-30T21:45:13+00:00","og_image":[{"width":300,"height":300,"url":"https:\/\/gvsystem.co.uk\/wp-content\/uploads\/2022\/10\/GVCurve-ACU-A_.jpg","type":"image\/jpeg"}],"twitter_card":"summary_large_image","schema":{"@context":"https:\/\/schema.org","@graph":[{"@type":"WebPage","@id":"https:\/\/gvsystem.co.uk\/product\/gvcurve-gcu-a\/","url":"https:\/\/gvsystem.co.uk\/product\/gvcurve-gcu-a\/","name":"GVCurve GCU-A - GV SYSTEM","isPartOf":{"@id":"https:\/\/gvsystem.co.uk\/#website"},"primaryImageOfPage":{"@id":"https:\/\/gvsystem.co.uk\/product\/gvcurve-gcu-a\/#primaryimage"},"image":{"@id":"https:\/\/gvsystem.co.uk\/product\/gvcurve-gcu-a\/#primaryimage"},"thumbnailUrl":"https:\/\/gvsystem.co.uk\/wp-content\/uploads\/2022\/10\/GVCurve-ACU-A_.jpg","datePublished":"2022-11-07T02:39:13+00:00","dateModified":"2022-11-30T21:45:13+00:00","breadcrumb":{"@id":"https:\/\/gvsystem.co.uk\/product\/gvcurve-gcu-a\/#breadcrumb"},"inLanguage":"de","potentialAction":[{"@type":"ReadAction","target":["https:\/\/gvsystem.co.uk\/product\/gvcurve-gcu-a\/"]}]},{"@type":"ImageObject","inLanguage":"de","@id":"https:\/\/gvsystem.co.uk\/product\/gvcurve-gcu-a\/#primaryimage","url":"https:\/\/gvsystem.co.uk\/wp-content\/uploads\/2022\/10\/GVCurve-ACU-A_.jpg","contentUrl":"https:\/\/gvsystem.co.uk\/wp-content\/uploads\/2022\/10\/GVCurve-ACU-A_.jpg","width":300,"height":300},{"@type":"BreadcrumbList","@id":"https:\/\/gvsystem.co.uk\/product\/gvcurve-gcu-a\/#breadcrumb","itemListElement":[{"@type":"ListItem","position":1,"name":"Home","item":"https:\/\/gvsystem.co.uk\/"},{"@type":"ListItem","position":2,"name":"Products","item":"https:\/\/gvsystem.co.uk\/products\/"},{"@type":"ListItem","position":3,"name":"Tile Accessories","item":"https:\/\/gvsystem.co.uk\/product-category\/tile-accessories\/"},{"@type":"ListItem","position":4,"name":"GVCurve GCU-A"}]},{"@type":"WebSite","@id":"https:\/\/gvsystem.co.uk\/#website","url":"https:\/\/gvsystem.co.uk\/","name":"GV SYSTEM","description":"Catalogue GV System","publisher":{"@id":"https:\/\/gvsystem.co.uk\/#organization"},"potentialAction":[{"@type":"SearchAction","target":{"@type":"EntryPoint","urlTemplate":"https:\/\/gvsystem.co.uk\/?s={search_term_string}"},"query-input":{"@type":"PropertyValueSpecification","valueRequired":true,"valueName":"search_term_string"}}],"inLanguage":"de"},{"@type":"Organization","@id":"https:\/\/gvsystem.co.uk\/#organization","name":"GV SYSTEM LTD","url":"https:\/\/gvsystem.co.uk\/","logo":{"@type":"ImageObject","inLanguage":"de","@id":"https:\/\/gvsystem.co.uk\/#\/schema\/logo\/image\/","url":"https:\/\/gvsystem.co.uk\/wp-content\/uploads\/2022\/09\/Logo_GV_180_60.png","contentUrl":"https:\/\/gvsystem.co.uk\/wp-content\/uploads\/2022\/09\/Logo_GV_180_60.png","width":180,"height":60,"caption":"GV SYSTEM LTD"},"image":{"@id":"https:\/\/gvsystem.co.uk\/#\/schema\/logo\/image\/"}}]}},"_links":{"self":[{"href":"https:\/\/gvsystem.co.uk\/de\/wp-json\/wp\/v2\/product\/4863","targetHints":{"allow":["GET"]}}],"collection":[{"href":"https:\/\/gvsystem.co.uk\/de\/wp-json\/wp\/v2\/product"}],"about":[{"href":"https:\/\/gvsystem.co.uk\/de\/wp-json\/wp\/v2\/types\/product"}],"replies":[{"embeddable":true,"href":"https:\/\/gvsystem.co.uk\/de\/wp-json\/wp\/v2\/comments?post=4863"}],"version-history":[{"count":10,"href":"https:\/\/gvsystem.co.uk\/de\/wp-json\/wp\/v2\/product\/4863\/revisions"}],"predecessor-version":[{"id":5097,"href":"https:\/\/gvsystem.co.uk\/de\/wp-json\/wp\/v2\/product\/4863\/revisions\/5097"}],"wp:featuredmedia":[{"embeddable":true,"href":"https:\/\/gvsystem.co.uk\/de\/wp-json\/wp\/v2\/media\/3808"}],"wp:attachment":[{"href":"https:\/\/gvsystem.co.uk\/de\/wp-json\/wp\/v2\/media?parent=4863"}],"wp:term":[{"taxonomy":"product_brand","embeddable":true,"href":"https:\/\/gvsystem.co.uk\/de\/wp-json\/wp\/v2\/product_brand?post=4863"},{"taxonomy":"product_cat","embeddable":true,"href":"https:\/\/gvsystem.co.uk\/de\/wp-json\/wp\/v2\/product_cat?post=4863"},{"taxonomy":"product_tag","embeddable":true,"href":"https:\/\/gvsystem.co.uk\/de\/wp-json\/wp\/v2\/product_tag?post=4863"}],"curies":[{"name":"wp","href":"https:\/\/api.w.org\/{rel}","templated":true}]}}