{"id":4833,"date":"2022-11-07T01:31:06","date_gmt":"2022-11-07T01:31:06","guid":{"rendered":"https:\/\/gvsystem.co.uk\/?post_type=product&#038;p=4833"},"modified":"2022-11-30T21:26:42","modified_gmt":"2022-11-30T21:26:42","slug":"gvcorner-gco-e","status":"publish","type":"product","link":"https:\/\/gvsystem.co.uk\/de\/produkt\/gvcorner-gco-e\/","title":{"rendered":"GVCorner GCO-E"},"content":{"rendered":"<div data-elementor-type=\"product-post\" data-elementor-id=\"4833\" class=\"elementor elementor-4833\" data-elementor-post-type=\"product\">\n\t\t\t\t\t\t<section class=\"elementor-section elementor-top-section elementor-element elementor-element-bc31d6e elementor-section-boxed elementor-section-height-default elementor-section-height-default\" data-id=\"bc31d6e\" data-element_type=\"section\">\n\t\t\t\t\t\t<div class=\"elementor-container elementor-column-gap-default\">\n\t\t\t\t\t<div class=\"elementor-column elementor-col-100 elementor-top-column elementor-element elementor-element-e187a39\" data-id=\"e187a39\" data-element_type=\"column\">\n\t\t\t<div class=\"elementor-widget-wrap elementor-element-populated\">\n\t\t\t\t\t\t<div class=\"elementor-element elementor-element-065b74b elementor-widget elementor-widget-shortcode\" data-id=\"065b74b\" data-element_type=\"widget\" data-widget_type=\"shortcode.default\">\n\t\t\t\t<div class=\"elementor-widget-container\">\n\t\t\t\t\t\t\t<div class=\"elementor-shortcode\"><span><span><a href=\"https:\/\/gvsystem.co.uk\/de\/\">Heim<\/a><\/span><\/span><\/div>\n\t\t\t\t\t\t<\/div>\n\t\t\t\t<\/div>\n\t\t\t\t<section class=\"elementor-section elementor-inner-section elementor-element elementor-element-23fc758 elementor-section-boxed elementor-section-height-default elementor-section-height-default\" data-id=\"23fc758\" data-element_type=\"section\">\n\t\t\t\t\t\t<div class=\"elementor-container elementor-column-gap-default\">\n\t\t\t\t\t<div class=\"elementor-column elementor-col-50 elementor-inner-column elementor-element elementor-element-229b9a0\" data-id=\"229b9a0\" data-element_type=\"column\">\n\t\t\t<div class=\"elementor-widget-wrap elementor-element-populated\">\n\t\t\t\t\t\t<div class=\"elementor-element elementor-element-c2de4b8 elementor-widget elementor-widget-text-editor\" data-id=\"c2de4b8\" data-element_type=\"widget\" data-widget_type=\"text-editor.default\">\n\t\t\t\t<div class=\"elementor-widget-container\">\n\t\t\t\t\t\t\t\t\t<h1>GVCorner GCO-E<\/h1>\n<p>KANTENSCHUTZPROFIL<br><strong>AUS ROSTFREIEM STAHL<\/strong><\/p>\n<p><span style=\"color: #ff0000;\"><strong>ANWENDUNG KANTENSCHUTZPROFIL<\/strong><\/span><br>GVCorner - Das 1-fach gekantete Eckschutzprofil aus Edelstahl oder Aluminium wird nachtr\u00e4glich direkt auf den Fliesenbelag geklebt.<\/p>\n<p><strong><span style=\"color: #ff0000;\">STABILE UND SAUBERE KANTEN F\u00dcR FLIESENBEL\u00c4GE, VERPUTZTE ODER TAPEZIERTE W\u00c4NDE<\/span><\/strong><br>Keine gebrochenen Kanten mehr. Die Profile der GVCorner-Serie sch\u00fctzen Wandkanten dauerhaft vor Sto\u00dfsch\u00e4den. Ideal in stark frequentierten Bereichen wie Fluren und \u00f6ffentlichen R\u00e4umen.<br>Dank zeitlosem Design und vielen Optionen finden Sie f\u00fcr jede Anwendung das richtige Produkt: Profile zum Einbau ins Fliesenbett oder zur nachtr\u00e4glichen Fertigstellung, ein- und dreifach gekantet in vielen Varianten aus Edelstahl oder Aluminium.<\/p>\t\t\t\t\t\t\t\t<\/div>\n\t\t\t\t<\/div>\n\t\t\t\t\t<\/div>\n\t\t<\/div>\n\t\t\t\t<div class=\"elementor-column elementor-col-50 elementor-inner-column elementor-element elementor-element-5063e36\" data-id=\"5063e36\" data-element_type=\"column\">\n\t\t\t<div class=\"elementor-widget-wrap elementor-element-populated\">\n\t\t\t\t\t\t<div class=\"elementor-element elementor-element-e83310f elementor-widget elementor-widget-image\" data-id=\"e83310f\" data-element_type=\"widget\" data-widget_type=\"image.default\">\n\t\t\t\t<div class=\"elementor-widget-container\">\n\t\t\t\t\t\t\t\t\t\t\t\t\t\t\t<img fetchpriority=\"high\" decoding=\"async\" width=\"600\" height=\"600\" src=\"https:\/\/gvsystem.co.uk\/wp-content\/uploads\/2022\/10\/GVCorner-ACO-E.jpg\" class=\"attachment-large size-large wp-image-3848\" alt=\"\" srcset=\"https:\/\/gvsystem.co.uk\/wp-content\/uploads\/2022\/10\/GVCorner-ACO-E.jpg 600w, https:\/\/gvsystem.co.uk\/wp-content\/uploads\/2022\/10\/GVCorner-ACO-E-300x300.jpg 300w, https:\/\/gvsystem.co.uk\/wp-content\/uploads\/2022\/10\/GVCorner-ACO-E-150x150.jpg 150w, https:\/\/gvsystem.co.uk\/wp-content\/uploads\/2022\/10\/GVCorner-ACO-E-12x12.jpg 12w, https:\/\/gvsystem.co.uk\/wp-content\/uploads\/2022\/10\/GVCorner-ACO-E-100x100.jpg 100w\" sizes=\"(max-width: 600px) 100vw, 600px\" \/>\t\t\t\t\t\t\t\t\t\t\t\t\t\t\t<\/div>\n\t\t\t\t<\/div>\n\t\t\t\t\t<\/div>\n\t\t<\/div>\n\t\t\t\t\t<\/div>\n\t\t<\/section>\n\t\t\t\t<section class=\"elementor-section elementor-inner-section elementor-element elementor-element-443d9ff elementor-section-boxed elementor-section-height-default elementor-section-height-default\" data-id=\"443d9ff\" data-element_type=\"section\">\n\t\t\t\t\t\t<div class=\"elementor-container elementor-column-gap-default\">\n\t\t\t\t\t<div class=\"elementor-column elementor-col-50 elementor-inner-column elementor-element elementor-element-39516d2\" data-id=\"39516d2\" data-element_type=\"column\">\n\t\t\t<div class=\"elementor-widget-wrap elementor-element-populated\">\n\t\t\t\t\t\t<div class=\"elementor-element elementor-element-f765ff1 elementor-widget elementor-widget-text-editor\" data-id=\"f765ff1\" data-element_type=\"widget\" data-widget_type=\"text-editor.default\">\n\t\t\t\t<div class=\"elementor-widget-container\">\n\t\t\t\t\t\t\t\t\t<p><strong><span style=\"color: #ff0000;\">TECHNISCHE DATEN<\/span><\/strong><br \/>Rostfreier Stahl 1.4301 \/ X5CrNi18-10<br \/>Werkstoffnummer: 1.4301<br \/><br \/>Alle in diesem Datenblatt angegebenen Ma\u00dfe, Gewichte und Belastungen sind ca.-Angaben. F\u00fcr spezielle Anwendungen sowie Sch\u00e4den, die durch unsachgem\u00e4\u00dfe Montage oder Verwendung entstehen, k\u00f6nnen wir keine Haftung \u00fcbernehmen, eine entsprechende Eignungspr\u00fcfung muss immer vom Kunden durchgef\u00fchrt werden.<\/p>\t\t\t\t\t\t\t\t<\/div>\n\t\t\t\t<\/div>\n\t\t\t\t\t<\/div>\n\t\t<\/div>\n\t\t\t\t<div class=\"elementor-column elementor-col-50 elementor-inner-column elementor-element elementor-element-35820bf\" data-id=\"35820bf\" data-element_type=\"column\">\n\t\t\t<div class=\"elementor-widget-wrap elementor-element-populated\">\n\t\t\t\t\t\t<div class=\"elementor-element elementor-element-c1d27e0 elementor-widget elementor-widget-image\" data-id=\"c1d27e0\" data-element_type=\"widget\" data-widget_type=\"image.default\">\n\t\t\t\t<div class=\"elementor-widget-container\">\n\t\t\t\t\t\t\t\t\t\t\t\t\t\t\t<img decoding=\"async\" width=\"300\" height=\"184\" src=\"https:\/\/gvsystem.co.uk\/wp-content\/uploads\/2022\/10\/GVCorner-ACO-E_detaill.jpg\" class=\"attachment-large size-large wp-image-3850\" alt=\"\" srcset=\"https:\/\/gvsystem.co.uk\/wp-content\/uploads\/2022\/10\/GVCorner-ACO-E_detaill.jpg 300w, https:\/\/gvsystem.co.uk\/wp-content\/uploads\/2022\/10\/GVCorner-ACO-E_detaill-18x12.jpg 18w\" sizes=\"(max-width: 300px) 100vw, 300px\" \/>\t\t\t\t\t\t\t\t\t\t\t\t\t\t\t<\/div>\n\t\t\t\t<\/div>\n\t\t\t\t\t<\/div>\n\t\t<\/div>\n\t\t\t\t\t<\/div>\n\t\t<\/section>\n\t\t\t\t<div class=\"elementor-element elementor-element-74caaf0 elementor-widget elementor-widget-text-editor\" data-id=\"74caaf0\" data-element_type=\"widget\" data-widget_type=\"text-editor.default\">\n\t\t\t\t<div class=\"elementor-widget-container\">\n\t\t\t\t\t\t\t\t\t<p><strong><span style=\"color: #ff0000;\">TDS herunterladen<\/span> <a href=\"https:\/\/gvsystem.co.uk\/wp-content\/uploads\/2022\/10\/corner_ACO_E.pdf\" target=\"_blank\" rel=\"noopener\"><img decoding=\"async\" src=\"https:\/\/gvsystem.co.uk\/wp-content\/uploads\/2022\/09\/Download3.png\" \/><\/a><\/strong><\/p>\t\t\t\t\t\t\t\t<\/div>\n\t\t\t\t<\/div>\n\t\t\t\t<div class=\"elementor-element elementor-element-f2def08 elementor-widget elementor-widget-spacer\" data-id=\"f2def08\" data-element_type=\"widget\" data-widget_type=\"spacer.default\">\n\t\t\t\t<div class=\"elementor-widget-container\">\n\t\t\t\t\t\t\t<div class=\"elementor-spacer\">\n\t\t\t<div class=\"elementor-spacer-inner\"><\/div>\n\t\t<\/div>\n\t\t\t\t\t\t<\/div>\n\t\t\t\t<\/div>\n\t\t\t\t\t<\/div>\n\t\t<\/div>\n\t\t\t\t\t<\/div>\n\t\t<\/section>\n\t\t\t\t<\/div>","protected":false},"excerpt":{"rendered":"<p>GVCorner GCO-E EDGE PROTECTING PROFILEMADE OF STAINLESS STEEL APPLICATION EDGE PROTECTING PROFILEGVCorner \u2013 The 1-fold edged corner protection profile made of stainless steel or aluminium is subsequently glued directly on the tile covering. STABLE AND CLEAN EDGES FOR TILE OVERINGS, PLASTERED OR WALLPAPERED WALLSNo more broken edges. The profiles of the GVCorner series protect wall [&hellip;]<\/p>","protected":false},"featured_media":3849,"comment_status":"open","ping_status":"closed","template":"elementor_header_footer","meta":{"_acf_changed":false,"site-sidebar-layout":"no-sidebar","site-content-layout":"page-builder","ast-site-content-layout":"default","site-content-style":"default","site-sidebar-style":"default","ast-global-header-display":"","ast-banner-title-visibility":"","ast-main-header-display":"","ast-hfb-above-header-display":"","ast-hfb-below-header-display":"","ast-hfb-mobile-header-display":"","site-post-title":"disabled","ast-breadcrumbs-content":"","ast-featured-img":"disabled","footer-sml-layout":"","ast-disable-related-posts":"","theme-transparent-header-meta":"default","adv-header-id-meta":"","stick-header-meta":"","header-above-stick-meta":"","header-main-stick-meta":"","header-below-stick-meta":"","astra-migrate-meta-layouts":"default","ast-page-background-enabled":"default","ast-page-background-meta":{"desktop":{"background-color":"","background-image":"","background-repeat":"repeat","background-position":"center center","background-size":"auto","background-attachment":"scroll","background-type":"","background-media":"","overlay-type":"","overlay-color":"","overlay-opacity":"","overlay-gradient":""},"tablet":{"background-color":"","background-image":"","background-repeat":"repeat","background-position":"center center","background-size":"auto","background-attachment":"scroll","background-type":"","background-media":"","overlay-type":"","overlay-color":"","overlay-opacity":"","overlay-gradient":""},"mobile":{"background-color":"","background-image":"","background-repeat":"repeat","background-position":"center center","background-size":"auto","background-attachment":"scroll","background-type":"","background-media":"","overlay-type":"","overlay-color":"","overlay-opacity":"","overlay-gradient":""}},"ast-content-background-meta":{"desktop":{"background-color":"var(--ast-global-color-5)","background-image":"","background-repeat":"repeat","background-position":"center center","background-size":"auto","background-attachment":"scroll","background-type":"","background-media":"","overlay-type":"","overlay-color":"","overlay-opacity":"","overlay-gradient":""},"tablet":{"background-color":"var(--ast-global-color-5)","background-image":"","background-repeat":"repeat","background-position":"center center","background-size":"auto","background-attachment":"scroll","background-type":"","background-media":"","overlay-type":"","overlay-color":"","overlay-opacity":"","overlay-gradient":""},"mobile":{"background-color":"var(--ast-global-color-5)","background-image":"","background-repeat":"repeat","background-position":"center center","background-size":"auto","background-attachment":"scroll","background-type":"","background-media":"","overlay-type":"","overlay-color":"","overlay-opacity":"","overlay-gradient":""}}},"product_brand":[],"product_cat":[164],"product_tag":[],"class_list":{"0":"post-4833","1":"product","2":"type-product","3":"status-publish","4":"has-post-thumbnail","6":"product_cat-tile-accessories","7":"desktop-align-left","8":"tablet-align-left","9":"mobile-align-left","11":"first","12":"instock","13":"shipping-taxable","14":"product-type-simple"},"acf":[],"yoast_head":"<!-- This site is optimized with the Yoast SEO Premium plugin v18.9 (Yoast SEO v26.7) - https:\/\/yoast.com\/wordpress\/plugins\/seo\/ -->\n<title>GVCorner GCO-E - GV SYSTEM<\/title>\n<meta name=\"robots\" content=\"index, follow, max-snippet:-1, max-image-preview:large, max-video-preview:-1\" \/>\n<link rel=\"canonical\" href=\"https:\/\/gvsystem.co.uk\/de\/produkt\/gvcorner-gco-e\/\" \/>\n<meta property=\"og:locale\" content=\"de_DE\" \/>\n<meta property=\"og:type\" content=\"article\" \/>\n<meta property=\"og:title\" content=\"GVCorner GCO-E\" \/>\n<meta property=\"og:description\" content=\"GVCorner GCO-E EDGE PROTECTING PROFILEMADE OF STAINLESS STEEL APPLICATION EDGE PROTECTING PROFILEGVCorner \u2013 The 1-fold edged corner protection profile made of stainless steel or aluminium is subsequently glued directly on the tile covering. STABLE AND CLEAN EDGES FOR TILE OVERINGS, PLASTERED OR WALLPAPERED WALLSNo more broken edges. The profiles of the GVCorner series protect wall [&hellip;]\" \/>\n<meta property=\"og:url\" content=\"https:\/\/gvsystem.co.uk\/de\/produkt\/gvcorner-gco-e\/\" \/>\n<meta property=\"og:site_name\" content=\"GV SYSTEM\" \/>\n<meta property=\"article:modified_time\" content=\"2022-11-30T21:26:42+00:00\" \/>\n<meta property=\"og:image\" content=\"https:\/\/gvsystem.co.uk\/wp-content\/uploads\/2022\/10\/GVCorner-ACO-E_.jpg\" \/>\n\t<meta property=\"og:image:width\" content=\"300\" \/>\n\t<meta property=\"og:image:height\" content=\"300\" \/>\n\t<meta property=\"og:image:type\" content=\"image\/jpeg\" \/>\n<meta name=\"twitter:card\" content=\"summary_large_image\" \/>\n<!-- \/ Yoast SEO Premium plugin. -->","yoast_head_json":{"title":"GVCorner GCO-E - GV SYSTEM","robots":{"index":"index","follow":"follow","max-snippet":"max-snippet:-1","max-image-preview":"max-image-preview:large","max-video-preview":"max-video-preview:-1"},"canonical":"https:\/\/gvsystem.co.uk\/de\/produkt\/gvcorner-gco-e\/","og_locale":"de_DE","og_type":"article","og_title":"GVCorner GCO-E","og_description":"GVCorner GCO-E EDGE PROTECTING PROFILEMADE OF STAINLESS STEEL APPLICATION EDGE PROTECTING PROFILEGVCorner \u2013 The 1-fold edged corner protection profile made of stainless steel or aluminium is subsequently glued directly on the tile covering. STABLE AND CLEAN EDGES FOR TILE OVERINGS, PLASTERED OR WALLPAPERED WALLSNo more broken edges. The profiles of the GVCorner series protect wall [&hellip;]","og_url":"https:\/\/gvsystem.co.uk\/de\/produkt\/gvcorner-gco-e\/","og_site_name":"GV SYSTEM","article_modified_time":"2022-11-30T21:26:42+00:00","og_image":[{"width":300,"height":300,"url":"https:\/\/gvsystem.co.uk\/wp-content\/uploads\/2022\/10\/GVCorner-ACO-E_.jpg","type":"image\/jpeg"}],"twitter_card":"summary_large_image","schema":{"@context":"https:\/\/schema.org","@graph":[{"@type":"WebPage","@id":"https:\/\/gvsystem.co.uk\/product\/gvcorner-gco-e\/","url":"https:\/\/gvsystem.co.uk\/product\/gvcorner-gco-e\/","name":"GVCorner GCO-E - GV SYSTEM","isPartOf":{"@id":"https:\/\/gvsystem.co.uk\/#website"},"primaryImageOfPage":{"@id":"https:\/\/gvsystem.co.uk\/product\/gvcorner-gco-e\/#primaryimage"},"image":{"@id":"https:\/\/gvsystem.co.uk\/product\/gvcorner-gco-e\/#primaryimage"},"thumbnailUrl":"https:\/\/gvsystem.co.uk\/wp-content\/uploads\/2022\/10\/GVCorner-ACO-E_.jpg","datePublished":"2022-11-07T01:31:06+00:00","dateModified":"2022-11-30T21:26:42+00:00","breadcrumb":{"@id":"https:\/\/gvsystem.co.uk\/product\/gvcorner-gco-e\/#breadcrumb"},"inLanguage":"de","potentialAction":[{"@type":"ReadAction","target":["https:\/\/gvsystem.co.uk\/product\/gvcorner-gco-e\/"]}]},{"@type":"ImageObject","inLanguage":"de","@id":"https:\/\/gvsystem.co.uk\/product\/gvcorner-gco-e\/#primaryimage","url":"https:\/\/gvsystem.co.uk\/wp-content\/uploads\/2022\/10\/GVCorner-ACO-E_.jpg","contentUrl":"https:\/\/gvsystem.co.uk\/wp-content\/uploads\/2022\/10\/GVCorner-ACO-E_.jpg","width":300,"height":300},{"@type":"BreadcrumbList","@id":"https:\/\/gvsystem.co.uk\/product\/gvcorner-gco-e\/#breadcrumb","itemListElement":[{"@type":"ListItem","position":1,"name":"Home","item":"https:\/\/gvsystem.co.uk\/"},{"@type":"ListItem","position":2,"name":"Products","item":"https:\/\/gvsystem.co.uk\/products\/"},{"@type":"ListItem","position":3,"name":"Tile Accessories","item":"https:\/\/gvsystem.co.uk\/product-category\/tile-accessories\/"},{"@type":"ListItem","position":4,"name":"GVCorner GCO-E"}]},{"@type":"WebSite","@id":"https:\/\/gvsystem.co.uk\/#website","url":"https:\/\/gvsystem.co.uk\/","name":"GV SYSTEM","description":"Catalogue GV System","publisher":{"@id":"https:\/\/gvsystem.co.uk\/#organization"},"potentialAction":[{"@type":"SearchAction","target":{"@type":"EntryPoint","urlTemplate":"https:\/\/gvsystem.co.uk\/?s={search_term_string}"},"query-input":{"@type":"PropertyValueSpecification","valueRequired":true,"valueName":"search_term_string"}}],"inLanguage":"de"},{"@type":"Organization","@id":"https:\/\/gvsystem.co.uk\/#organization","name":"GV SYSTEM LTD","url":"https:\/\/gvsystem.co.uk\/","logo":{"@type":"ImageObject","inLanguage":"de","@id":"https:\/\/gvsystem.co.uk\/#\/schema\/logo\/image\/","url":"https:\/\/gvsystem.co.uk\/wp-content\/uploads\/2022\/09\/Logo_GV_180_60.png","contentUrl":"https:\/\/gvsystem.co.uk\/wp-content\/uploads\/2022\/09\/Logo_GV_180_60.png","width":180,"height":60,"caption":"GV SYSTEM LTD"},"image":{"@id":"https:\/\/gvsystem.co.uk\/#\/schema\/logo\/image\/"}}]}},"_links":{"self":[{"href":"https:\/\/gvsystem.co.uk\/de\/wp-json\/wp\/v2\/product\/4833","targetHints":{"allow":["GET"]}}],"collection":[{"href":"https:\/\/gvsystem.co.uk\/de\/wp-json\/wp\/v2\/product"}],"about":[{"href":"https:\/\/gvsystem.co.uk\/de\/wp-json\/wp\/v2\/types\/product"}],"replies":[{"embeddable":true,"href":"https:\/\/gvsystem.co.uk\/de\/wp-json\/wp\/v2\/comments?post=4833"}],"version-history":[{"count":10,"href":"https:\/\/gvsystem.co.uk\/de\/wp-json\/wp\/v2\/product\/4833\/revisions"}],"predecessor-version":[{"id":5076,"href":"https:\/\/gvsystem.co.uk\/de\/wp-json\/wp\/v2\/product\/4833\/revisions\/5076"}],"wp:featuredmedia":[{"embeddable":true,"href":"https:\/\/gvsystem.co.uk\/de\/wp-json\/wp\/v2\/media\/3849"}],"wp:attachment":[{"href":"https:\/\/gvsystem.co.uk\/de\/wp-json\/wp\/v2\/media?parent=4833"}],"wp:term":[{"taxonomy":"product_brand","embeddable":true,"href":"https:\/\/gvsystem.co.uk\/de\/wp-json\/wp\/v2\/product_brand?post=4833"},{"taxonomy":"product_cat","embeddable":true,"href":"https:\/\/gvsystem.co.uk\/de\/wp-json\/wp\/v2\/product_cat?post=4833"},{"taxonomy":"product_tag","embeddable":true,"href":"https:\/\/gvsystem.co.uk\/de\/wp-json\/wp\/v2\/product_tag?post=4833"}],"curies":[{"name":"wp","href":"https:\/\/api.w.org\/{rel}","templated":true}]}}