{"id":4801,"date":"2022-11-06T22:00:54","date_gmt":"2022-11-06T22:00:54","guid":{"rendered":"https:\/\/gvsystem.co.uk\/?post_type=product&#038;p=4801"},"modified":"2022-11-30T21:11:56","modified_gmt":"2022-11-30T21:11:56","slug":"gvcircle-gc-e","status":"publish","type":"product","link":"https:\/\/gvsystem.co.uk\/de\/produkt\/gvcircle-gc-e\/","title":{"rendered":"GVCircle GC-E"},"content":{"rendered":"<div data-elementor-type=\"product-post\" data-elementor-id=\"4801\" class=\"elementor elementor-4801\" data-elementor-post-type=\"product\">\n\t\t\t\t\t\t<section class=\"elementor-section elementor-top-section elementor-element elementor-element-11d6207 elementor-section-boxed elementor-section-height-default elementor-section-height-default\" data-id=\"11d6207\" data-element_type=\"section\">\n\t\t\t\t\t\t<div class=\"elementor-container elementor-column-gap-default\">\n\t\t\t\t\t<div class=\"elementor-column elementor-col-100 elementor-top-column elementor-element elementor-element-373db82\" data-id=\"373db82\" data-element_type=\"column\">\n\t\t\t<div class=\"elementor-widget-wrap elementor-element-populated\">\n\t\t\t\t\t\t<div class=\"elementor-element elementor-element-b0ba392 elementor-widget elementor-widget-shortcode\" data-id=\"b0ba392\" data-element_type=\"widget\" data-widget_type=\"shortcode.default\">\n\t\t\t\t<div class=\"elementor-widget-container\">\n\t\t\t\t\t\t\t<div class=\"elementor-shortcode\"><span><span><a href=\"https:\/\/gvsystem.co.uk\/de\/\">Heim<\/a><\/span><\/span><\/div>\n\t\t\t\t\t\t<\/div>\n\t\t\t\t<\/div>\n\t\t\t\t<section class=\"elementor-section elementor-inner-section elementor-element elementor-element-2cb0415 elementor-section-boxed elementor-section-height-default elementor-section-height-default\" data-id=\"2cb0415\" data-element_type=\"section\">\n\t\t\t\t\t\t<div class=\"elementor-container elementor-column-gap-default\">\n\t\t\t\t\t<div class=\"elementor-column elementor-col-50 elementor-inner-column elementor-element elementor-element-f4ee52d\" data-id=\"f4ee52d\" data-element_type=\"column\">\n\t\t\t<div class=\"elementor-widget-wrap elementor-element-populated\">\n\t\t\t\t\t\t<div class=\"elementor-element elementor-element-0280f7b elementor-widget elementor-widget-text-editor\" data-id=\"0280f7b\" data-element_type=\"widget\" data-widget_type=\"text-editor.default\">\n\t\t\t\t<div class=\"elementor-widget-container\">\n\t\t\t\t\t\t\t\t\t<h1>GVCircle GC-E<\/h1>\n<p>VIERTELKREISPROFILE UND<br><strong>ZUBEH\u00d6R AUS ROSTFREIEM STAHL<\/strong><\/p>\n<p><strong><span style=\"font-family: Montserrat; color: red; background-image: initial; background-position: initial; background-size: initial; background-repeat: initial; background-attachment: initial; background-origin: initial; background-clip: initial;\">ANWENDUNG VIERTELKREISPROFIL<br><\/span><\/strong><span style=\"font-style: inherit; font-weight: inherit; background-color: var(--ast-global-color-4); color: var(--ast-global-color-3);\">GVCircle - Das geschlossene Viertelkreis-Pro\ufb01le eignet sich als Wandinnenecke: robuster Schutz f\u00fcr die Fliesenkante und Gestaltungselement in einem.<\/span><\/p>\n<p><strong><span style=\"color: #ff0000;\">ABGERUNDETE AUSSENKANTEN SEHR SICHER UND ELEGANT<\/span><\/strong><br>Der symmetrische Querschnitt des alfercircle verleiht den Bel\u00e4gen einen sanften \u00dcbergang oder Abschluss. Weniger auff\u00e4llig als die anderen Serien, tritt aftercircle in den Hintergrund und \u00fcberl\u00e4sst dem Belag die Hauptrolle. Das Finish wird durch passende Innenecken vervollst\u00e4ndigt. Die dezent abgerundeten Au\u00dfenecken sehen nicht nur gut aus, sie verringern auch das Risiko von Kratzern bei St\u00f6\u00dfen.<\/p>\n<p><o:p><\/o:p><\/p>\t\t\t\t\t\t\t\t<\/div>\n\t\t\t\t<\/div>\n\t\t\t\t\t<\/div>\n\t\t<\/div>\n\t\t\t\t<div class=\"elementor-column elementor-col-50 elementor-inner-column elementor-element elementor-element-912778c\" data-id=\"912778c\" data-element_type=\"column\">\n\t\t\t<div class=\"elementor-widget-wrap elementor-element-populated\">\n\t\t\t\t\t\t<div class=\"elementor-element elementor-element-970fa40 elementor-widget elementor-widget-image\" data-id=\"970fa40\" data-element_type=\"widget\" data-widget_type=\"image.default\">\n\t\t\t\t<div class=\"elementor-widget-container\">\n\t\t\t\t\t\t\t\t\t\t\t\t\t\t\t<img fetchpriority=\"high\" decoding=\"async\" width=\"600\" height=\"600\" src=\"https:\/\/gvsystem.co.uk\/wp-content\/uploads\/2022\/10\/GVCircle-AC-E.jpg\" class=\"attachment-large size-large wp-image-3726\" alt=\"\" srcset=\"https:\/\/gvsystem.co.uk\/wp-content\/uploads\/2022\/10\/GVCircle-AC-E.jpg 600w, https:\/\/gvsystem.co.uk\/wp-content\/uploads\/2022\/10\/GVCircle-AC-E-300x300.jpg 300w, https:\/\/gvsystem.co.uk\/wp-content\/uploads\/2022\/10\/GVCircle-AC-E-150x150.jpg 150w, https:\/\/gvsystem.co.uk\/wp-content\/uploads\/2022\/10\/GVCircle-AC-E-12x12.jpg 12w, https:\/\/gvsystem.co.uk\/wp-content\/uploads\/2022\/10\/GVCircle-AC-E-100x100.jpg 100w\" sizes=\"(max-width: 600px) 100vw, 600px\" \/>\t\t\t\t\t\t\t\t\t\t\t\t\t\t\t<\/div>\n\t\t\t\t<\/div>\n\t\t\t\t\t<\/div>\n\t\t<\/div>\n\t\t\t\t\t<\/div>\n\t\t<\/section>\n\t\t\t\t<section class=\"elementor-section elementor-inner-section elementor-element elementor-element-7c0792f elementor-section-boxed elementor-section-height-default elementor-section-height-default\" data-id=\"7c0792f\" data-element_type=\"section\">\n\t\t\t\t\t\t<div class=\"elementor-container elementor-column-gap-default\">\n\t\t\t\t\t<div class=\"elementor-column elementor-col-50 elementor-inner-column elementor-element elementor-element-7169073\" data-id=\"7169073\" data-element_type=\"column\">\n\t\t\t<div class=\"elementor-widget-wrap elementor-element-populated\">\n\t\t\t\t\t\t<div class=\"elementor-element elementor-element-1277603 elementor-widget elementor-widget-text-editor\" data-id=\"1277603\" data-element_type=\"widget\" data-widget_type=\"text-editor.default\">\n\t\t\t\t<div class=\"elementor-widget-container\">\n\t\t\t\t\t\t\t\t\t<p><strong><span style=\"color: #ff0000;\">TECHNISCHE DATEN<\/span><\/strong><\/p><p><strong>Pro\ufb01les<\/strong><br \/>Rostfreier Stahl 1.4301 \/ X5CrNi18-10<br \/>Werkstoffnummer: 1.4301<\/p><p><strong>Zubeh\u00f6r<\/strong><br \/>Rostfreier Stahl 1.4305<br \/>Werkstoffnummer: 1.4305<br \/>Norm: DIN EN 10088<br \/>Spezifische Schwerkraft (Dichte): 8,0kg\/dm3<br \/>Streckgrenze: 190 - 230N\/mm2 Zugfestigkeit: 500 - 700N\/mm2 Bruchdehnung (A): 35 - 50%<\/p><p>Alle Angaben sind ann\u00e4hernd. Da wir f\u00fcr spezielle Anwendungen keine Haftung \u00fcbernehmen k\u00f6nnen, muss immer eine entsprechende Eignungspr\u00fcfung durch den Kunden durchgef\u00fchrt werden.<\/p>\t\t\t\t\t\t\t\t<\/div>\n\t\t\t\t<\/div>\n\t\t\t\t\t<\/div>\n\t\t<\/div>\n\t\t\t\t<div class=\"elementor-column elementor-col-50 elementor-inner-column elementor-element elementor-element-8b082dd\" data-id=\"8b082dd\" data-element_type=\"column\">\n\t\t\t<div class=\"elementor-widget-wrap elementor-element-populated\">\n\t\t\t\t\t\t<div class=\"elementor-element elementor-element-940cd01 elementor-widget elementor-widget-image\" data-id=\"940cd01\" data-element_type=\"widget\" data-widget_type=\"image.default\">\n\t\t\t\t<div class=\"elementor-widget-container\">\n\t\t\t\t\t\t\t\t\t\t\t\t\t\t\t<img decoding=\"async\" width=\"300\" height=\"416\" src=\"https:\/\/gvsystem.co.uk\/wp-content\/uploads\/2022\/10\/GVCircle-AC-E_detaill.jpg\" class=\"attachment-large size-large wp-image-3728\" alt=\"\" srcset=\"https:\/\/gvsystem.co.uk\/wp-content\/uploads\/2022\/10\/GVCircle-AC-E_detaill.jpg 300w, https:\/\/gvsystem.co.uk\/wp-content\/uploads\/2022\/10\/GVCircle-AC-E_detaill-216x300.jpg 216w, https:\/\/gvsystem.co.uk\/wp-content\/uploads\/2022\/10\/GVCircle-AC-E_detaill-9x12.jpg 9w\" sizes=\"(max-width: 300px) 100vw, 300px\" \/>\t\t\t\t\t\t\t\t\t\t\t\t\t\t\t<\/div>\n\t\t\t\t<\/div>\n\t\t\t\t\t<\/div>\n\t\t<\/div>\n\t\t\t\t\t<\/div>\n\t\t<\/section>\n\t\t\t\t<div class=\"elementor-element elementor-element-8230593 elementor-widget elementor-widget-text-editor\" data-id=\"8230593\" data-element_type=\"widget\" data-widget_type=\"text-editor.default\">\n\t\t\t\t<div class=\"elementor-widget-container\">\n\t\t\t\t\t\t\t\t\t<p><strong><span style=\"color: #ff0000;\">TDS herunterladen<\/span> <a href=\"https:\/\/gvsystem.co.uk\/wp-content\/uploads\/2022\/10\/circle_AC_E_eng_0520.pdf\" target=\"_blank\" rel=\"noopener\"><img decoding=\"async\" src=\"https:\/\/gvsystem.co.uk\/wp-content\/uploads\/2022\/09\/Download3.png\" \/><\/a><\/strong><\/p>\t\t\t\t\t\t\t\t<\/div>\n\t\t\t\t<\/div>\n\t\t\t\t<div class=\"elementor-element elementor-element-5df7749 elementor-widget elementor-widget-spacer\" data-id=\"5df7749\" data-element_type=\"widget\" data-widget_type=\"spacer.default\">\n\t\t\t\t<div class=\"elementor-widget-container\">\n\t\t\t\t\t\t\t<div class=\"elementor-spacer\">\n\t\t\t<div class=\"elementor-spacer-inner\"><\/div>\n\t\t<\/div>\n\t\t\t\t\t\t<\/div>\n\t\t\t\t<\/div>\n\t\t\t\t\t<\/div>\n\t\t<\/div>\n\t\t\t\t\t<\/div>\n\t\t<\/section>\n\t\t\t\t<\/div>","protected":false},"excerpt":{"rendered":"<p>GVCircle GC-E QUARTER CIRCLE PROFILES ANDACCESSORIES MADE OF STAINLESS STEEL APPLICATION QUARTER CIRCLE PROFILEGVCircle \u2013 The closed quarter circle pro\ufb01le is suitable as a wall inside corner: robust protection for the tile edge and design element in one. ROUNDED OUTER EDGES VERY SAFE AND ELEGANTThe symmetrical cross section of the alfercircle gives coverings a smooth [&hellip;]<\/p>","protected":false},"featured_media":3727,"comment_status":"open","ping_status":"closed","template":"elementor_header_footer","meta":{"_acf_changed":false,"site-sidebar-layout":"no-sidebar","site-content-layout":"page-builder","ast-site-content-layout":"default","site-content-style":"default","site-sidebar-style":"default","ast-global-header-display":"","ast-banner-title-visibility":"","ast-main-header-display":"","ast-hfb-above-header-display":"","ast-hfb-below-header-display":"","ast-hfb-mobile-header-display":"","site-post-title":"disabled","ast-breadcrumbs-content":"","ast-featured-img":"disabled","footer-sml-layout":"","ast-disable-related-posts":"","theme-transparent-header-meta":"default","adv-header-id-meta":"","stick-header-meta":"","header-above-stick-meta":"","header-main-stick-meta":"","header-below-stick-meta":"","astra-migrate-meta-layouts":"default","ast-page-background-enabled":"default","ast-page-background-meta":{"desktop":{"background-color":"","background-image":"","background-repeat":"repeat","background-position":"center center","background-size":"auto","background-attachment":"scroll","background-type":"","background-media":"","overlay-type":"","overlay-color":"","overlay-opacity":"","overlay-gradient":""},"tablet":{"background-color":"","background-image":"","background-repeat":"repeat","background-position":"center center","background-size":"auto","background-attachment":"scroll","background-type":"","background-media":"","overlay-type":"","overlay-color":"","overlay-opacity":"","overlay-gradient":""},"mobile":{"background-color":"","background-image":"","background-repeat":"repeat","background-position":"center center","background-size":"auto","background-attachment":"scroll","background-type":"","background-media":"","overlay-type":"","overlay-color":"","overlay-opacity":"","overlay-gradient":""}},"ast-content-background-meta":{"desktop":{"background-color":"var(--ast-global-color-5)","background-image":"","background-repeat":"repeat","background-position":"center center","background-size":"auto","background-attachment":"scroll","background-type":"","background-media":"","overlay-type":"","overlay-color":"","overlay-opacity":"","overlay-gradient":""},"tablet":{"background-color":"var(--ast-global-color-5)","background-image":"","background-repeat":"repeat","background-position":"center center","background-size":"auto","background-attachment":"scroll","background-type":"","background-media":"","overlay-type":"","overlay-color":"","overlay-opacity":"","overlay-gradient":""},"mobile":{"background-color":"var(--ast-global-color-5)","background-image":"","background-repeat":"repeat","background-position":"center center","background-size":"auto","background-attachment":"scroll","background-type":"","background-media":"","overlay-type":"","overlay-color":"","overlay-opacity":"","overlay-gradient":""}}},"product_brand":[],"product_cat":[164],"product_tag":[],"class_list":{"0":"post-4801","1":"product","2":"type-product","3":"status-publish","4":"has-post-thumbnail","6":"product_cat-tile-accessories","7":"desktop-align-left","8":"tablet-align-left","9":"mobile-align-left","11":"first","12":"instock","13":"shipping-taxable","14":"product-type-simple"},"acf":[],"yoast_head":"<!-- This site is optimized with the Yoast SEO Premium plugin v18.9 (Yoast SEO v26.7) - https:\/\/yoast.com\/wordpress\/plugins\/seo\/ -->\n<title>GVCircle GC-E - GV SYSTEM<\/title>\n<meta name=\"robots\" content=\"index, follow, max-snippet:-1, max-image-preview:large, max-video-preview:-1\" \/>\n<link rel=\"canonical\" href=\"https:\/\/gvsystem.co.uk\/de\/produkt\/gvcircle-gc-e\/\" \/>\n<meta property=\"og:locale\" content=\"de_DE\" \/>\n<meta property=\"og:type\" content=\"article\" \/>\n<meta property=\"og:title\" content=\"GVCircle GC-E\" \/>\n<meta property=\"og:description\" content=\"GVCircle GC-E QUARTER CIRCLE PROFILES ANDACCESSORIES MADE OF STAINLESS STEEL APPLICATION QUARTER CIRCLE PROFILEGVCircle \u2013 The closed quarter circle pro\ufb01le is suitable as a wall inside corner: robust protection for the tile edge and design element in one. ROUNDED OUTER EDGES VERY SAFE AND ELEGANTThe symmetrical cross section of the alfercircle gives coverings a smooth [&hellip;]\" \/>\n<meta property=\"og:url\" content=\"https:\/\/gvsystem.co.uk\/de\/produkt\/gvcircle-gc-e\/\" \/>\n<meta property=\"og:site_name\" content=\"GV SYSTEM\" \/>\n<meta property=\"article:modified_time\" content=\"2022-11-30T21:11:56+00:00\" \/>\n<meta property=\"og:image\" content=\"https:\/\/gvsystem.co.uk\/wp-content\/uploads\/2022\/10\/GVCircle-AC-E_.jpg\" \/>\n\t<meta property=\"og:image:width\" content=\"300\" \/>\n\t<meta property=\"og:image:height\" content=\"300\" \/>\n\t<meta property=\"og:image:type\" content=\"image\/jpeg\" \/>\n<meta name=\"twitter:card\" content=\"summary_large_image\" \/>\n<!-- \/ Yoast SEO Premium plugin. -->","yoast_head_json":{"title":"GVCircle GC-E - GV SYSTEM","robots":{"index":"index","follow":"follow","max-snippet":"max-snippet:-1","max-image-preview":"max-image-preview:large","max-video-preview":"max-video-preview:-1"},"canonical":"https:\/\/gvsystem.co.uk\/de\/produkt\/gvcircle-gc-e\/","og_locale":"de_DE","og_type":"article","og_title":"GVCircle GC-E","og_description":"GVCircle GC-E QUARTER CIRCLE PROFILES ANDACCESSORIES MADE OF STAINLESS STEEL APPLICATION QUARTER CIRCLE PROFILEGVCircle \u2013 The closed quarter circle pro\ufb01le is suitable as a wall inside corner: robust protection for the tile edge and design element in one. ROUNDED OUTER EDGES VERY SAFE AND ELEGANTThe symmetrical cross section of the alfercircle gives coverings a smooth [&hellip;]","og_url":"https:\/\/gvsystem.co.uk\/de\/produkt\/gvcircle-gc-e\/","og_site_name":"GV SYSTEM","article_modified_time":"2022-11-30T21:11:56+00:00","og_image":[{"width":300,"height":300,"url":"https:\/\/gvsystem.co.uk\/wp-content\/uploads\/2022\/10\/GVCircle-AC-E_.jpg","type":"image\/jpeg"}],"twitter_card":"summary_large_image","schema":{"@context":"https:\/\/schema.org","@graph":[{"@type":"WebPage","@id":"https:\/\/gvsystem.co.uk\/product\/gvcircle-gc-e\/","url":"https:\/\/gvsystem.co.uk\/product\/gvcircle-gc-e\/","name":"GVCircle GC-E - GV SYSTEM","isPartOf":{"@id":"https:\/\/gvsystem.co.uk\/#website"},"primaryImageOfPage":{"@id":"https:\/\/gvsystem.co.uk\/product\/gvcircle-gc-e\/#primaryimage"},"image":{"@id":"https:\/\/gvsystem.co.uk\/product\/gvcircle-gc-e\/#primaryimage"},"thumbnailUrl":"https:\/\/gvsystem.co.uk\/wp-content\/uploads\/2022\/10\/GVCircle-AC-E_.jpg","datePublished":"2022-11-06T22:00:54+00:00","dateModified":"2022-11-30T21:11:56+00:00","breadcrumb":{"@id":"https:\/\/gvsystem.co.uk\/product\/gvcircle-gc-e\/#breadcrumb"},"inLanguage":"de","potentialAction":[{"@type":"ReadAction","target":["https:\/\/gvsystem.co.uk\/product\/gvcircle-gc-e\/"]}]},{"@type":"ImageObject","inLanguage":"de","@id":"https:\/\/gvsystem.co.uk\/product\/gvcircle-gc-e\/#primaryimage","url":"https:\/\/gvsystem.co.uk\/wp-content\/uploads\/2022\/10\/GVCircle-AC-E_.jpg","contentUrl":"https:\/\/gvsystem.co.uk\/wp-content\/uploads\/2022\/10\/GVCircle-AC-E_.jpg","width":300,"height":300},{"@type":"BreadcrumbList","@id":"https:\/\/gvsystem.co.uk\/product\/gvcircle-gc-e\/#breadcrumb","itemListElement":[{"@type":"ListItem","position":1,"name":"Home","item":"https:\/\/gvsystem.co.uk\/"},{"@type":"ListItem","position":2,"name":"Products","item":"https:\/\/gvsystem.co.uk\/products\/"},{"@type":"ListItem","position":3,"name":"Tile Accessories","item":"https:\/\/gvsystem.co.uk\/product-category\/tile-accessories\/"},{"@type":"ListItem","position":4,"name":"GVCircle GC-E"}]},{"@type":"WebSite","@id":"https:\/\/gvsystem.co.uk\/#website","url":"https:\/\/gvsystem.co.uk\/","name":"GV SYSTEM","description":"Catalogue GV System","publisher":{"@id":"https:\/\/gvsystem.co.uk\/#organization"},"potentialAction":[{"@type":"SearchAction","target":{"@type":"EntryPoint","urlTemplate":"https:\/\/gvsystem.co.uk\/?s={search_term_string}"},"query-input":{"@type":"PropertyValueSpecification","valueRequired":true,"valueName":"search_term_string"}}],"inLanguage":"de"},{"@type":"Organization","@id":"https:\/\/gvsystem.co.uk\/#organization","name":"GV SYSTEM LTD","url":"https:\/\/gvsystem.co.uk\/","logo":{"@type":"ImageObject","inLanguage":"de","@id":"https:\/\/gvsystem.co.uk\/#\/schema\/logo\/image\/","url":"https:\/\/gvsystem.co.uk\/wp-content\/uploads\/2022\/09\/Logo_GV_180_60.png","contentUrl":"https:\/\/gvsystem.co.uk\/wp-content\/uploads\/2022\/09\/Logo_GV_180_60.png","width":180,"height":60,"caption":"GV SYSTEM LTD"},"image":{"@id":"https:\/\/gvsystem.co.uk\/#\/schema\/logo\/image\/"}}]}},"_links":{"self":[{"href":"https:\/\/gvsystem.co.uk\/de\/wp-json\/wp\/v2\/product\/4801","targetHints":{"allow":["GET"]}}],"collection":[{"href":"https:\/\/gvsystem.co.uk\/de\/wp-json\/wp\/v2\/product"}],"about":[{"href":"https:\/\/gvsystem.co.uk\/de\/wp-json\/wp\/v2\/types\/product"}],"replies":[{"embeddable":true,"href":"https:\/\/gvsystem.co.uk\/de\/wp-json\/wp\/v2\/comments?post=4801"}],"version-history":[{"count":10,"href":"https:\/\/gvsystem.co.uk\/de\/wp-json\/wp\/v2\/product\/4801\/revisions"}],"predecessor-version":[{"id":5067,"href":"https:\/\/gvsystem.co.uk\/de\/wp-json\/wp\/v2\/product\/4801\/revisions\/5067"}],"wp:featuredmedia":[{"embeddable":true,"href":"https:\/\/gvsystem.co.uk\/de\/wp-json\/wp\/v2\/media\/3727"}],"wp:attachment":[{"href":"https:\/\/gvsystem.co.uk\/de\/wp-json\/wp\/v2\/media?parent=4801"}],"wp:term":[{"taxonomy":"product_brand","embeddable":true,"href":"https:\/\/gvsystem.co.uk\/de\/wp-json\/wp\/v2\/product_brand?post=4801"},{"taxonomy":"product_cat","embeddable":true,"href":"https:\/\/gvsystem.co.uk\/de\/wp-json\/wp\/v2\/product_cat?post=4801"},{"taxonomy":"product_tag","embeddable":true,"href":"https:\/\/gvsystem.co.uk\/de\/wp-json\/wp\/v2\/product_tag?post=4801"}],"curies":[{"name":"wp","href":"https:\/\/api.w.org\/{rel}","templated":true}]}}