{"id":4783,"date":"2022-11-06T21:49:02","date_gmt":"2022-11-06T21:49:02","guid":{"rendered":"https:\/\/gvsystem.co.uk\/?post_type=product&#038;p=4783"},"modified":"2022-11-30T18:14:43","modified_gmt":"2022-11-30T18:14:43","slug":"gvcap-gca-e","status":"publish","type":"product","link":"https:\/\/gvsystem.co.uk\/de\/produkt\/gvcap-gca-e\/","title":{"rendered":"GVCap GCA-E"},"content":{"rendered":"<div data-elementor-type=\"product-post\" data-elementor-id=\"4783\" class=\"elementor elementor-4783\" data-elementor-post-type=\"product\">\n\t\t\t\t\t\t<section class=\"elementor-section elementor-top-section elementor-element elementor-element-631c177 elementor-section-boxed elementor-section-height-default elementor-section-height-default\" data-id=\"631c177\" data-element_type=\"section\">\n\t\t\t\t\t\t<div class=\"elementor-container elementor-column-gap-default\">\n\t\t\t\t\t<div class=\"elementor-column elementor-col-100 elementor-top-column elementor-element elementor-element-5e25739\" data-id=\"5e25739\" data-element_type=\"column\">\n\t\t\t<div class=\"elementor-widget-wrap elementor-element-populated\">\n\t\t\t\t\t\t<div class=\"elementor-element elementor-element-b469fd1 elementor-widget elementor-widget-shortcode\" data-id=\"b469fd1\" data-element_type=\"widget\" data-widget_type=\"shortcode.default\">\n\t\t\t\t<div class=\"elementor-widget-container\">\n\t\t\t\t\t\t\t<div class=\"elementor-shortcode\"><span><span><a href=\"https:\/\/gvsystem.co.uk\/de\/\">Heim<\/a><\/span><\/span><\/div>\n\t\t\t\t\t\t<\/div>\n\t\t\t\t<\/div>\n\t\t\t\t<section class=\"elementor-section elementor-inner-section elementor-element elementor-element-18b481e elementor-section-boxed elementor-section-height-default elementor-section-height-default\" data-id=\"18b481e\" data-element_type=\"section\">\n\t\t\t\t\t\t<div class=\"elementor-container elementor-column-gap-default\">\n\t\t\t\t\t<div class=\"elementor-column elementor-col-50 elementor-inner-column elementor-element elementor-element-8faf204\" data-id=\"8faf204\" data-element_type=\"column\">\n\t\t\t<div class=\"elementor-widget-wrap elementor-element-populated\">\n\t\t\t\t\t\t<div class=\"elementor-element elementor-element-6e3d3df elementor-widget elementor-widget-text-editor\" data-id=\"6e3d3df\" data-element_type=\"widget\" data-widget_type=\"text-editor.default\">\n\t\t\t\t<div class=\"elementor-widget-container\">\n\t\t\t\t\t\t\t\t\t<h1>GVCap GCA-E<\/h1>\n<p>T-PROFILE<br>&nbsp;<strong>AUS ROSTFREIEM STAHL<\/strong><\/p>\n<p><strong><span style=\"color: #ff0000;\">Anwendung T-Profil<\/span><\/strong><br>Kappe - Dieses Pro\ufb01le verdeckt elegant die \u00dcberg\u00e4nge von angrenzenden Bodenbel\u00e4gen. Zur Montage werden die T-Pro\ufb01le einfach in das frische Silikon gedr\u00fcckt.<\/p>\n<p><strong><span style=\"color: #ff0000;\">DER INTELLIGENTE BELAG F\u00dcR DEHNUNGSFUGEN UND \u00dcBERG\u00c4NGE ZWISCHEN VERSCHIEDENEN BODENBEL\u00c4GEN<\/span><\/strong><\/p>\n<p>Keramikfliesen sind ohne Fugen unvorstellbar. Allerdings st\u00f6ren sie oft das Erscheinungsbild. Die Kappenpro\ufb01le werden in das noch feuchte Silikonbett gedr\u00fcckt und kaschieren geschickt die \u00dcberg\u00e4nge zwischen den Bodenfl\u00e4chen. Erh\u00e4ltlich in vielen trendigen Farben und hochwertigen Materialien sind sie Designerst\u00fccke. Die Pro\ufb01le k\u00f6nnen auch nachtr\u00e4glich angebracht werden. Eine elegante L\u00f6sung f\u00fcr Abdeckungsst\u00e4rken ab 6 mm.<\/p>\t\t\t\t\t\t\t\t<\/div>\n\t\t\t\t<\/div>\n\t\t\t\t\t<\/div>\n\t\t<\/div>\n\t\t\t\t<div class=\"elementor-column elementor-col-50 elementor-inner-column elementor-element elementor-element-dc934e7\" data-id=\"dc934e7\" data-element_type=\"column\">\n\t\t\t<div class=\"elementor-widget-wrap elementor-element-populated\">\n\t\t\t\t\t\t<div class=\"elementor-element elementor-element-5f520dd elementor-widget elementor-widget-image\" data-id=\"5f520dd\" data-element_type=\"widget\" data-widget_type=\"image.default\">\n\t\t\t\t<div class=\"elementor-widget-container\">\n\t\t\t\t\t\t\t\t\t\t\t\t\t\t\t<img fetchpriority=\"high\" decoding=\"async\" width=\"600\" height=\"600\" src=\"https:\/\/gvsystem.co.uk\/wp-content\/uploads\/2022\/10\/GVCap-ACA-El.jpg\" class=\"attachment-large size-large wp-image-3778\" alt=\"\" srcset=\"https:\/\/gvsystem.co.uk\/wp-content\/uploads\/2022\/10\/GVCap-ACA-El.jpg 600w, https:\/\/gvsystem.co.uk\/wp-content\/uploads\/2022\/10\/GVCap-ACA-El-300x300.jpg 300w, https:\/\/gvsystem.co.uk\/wp-content\/uploads\/2022\/10\/GVCap-ACA-El-150x150.jpg 150w, https:\/\/gvsystem.co.uk\/wp-content\/uploads\/2022\/10\/GVCap-ACA-El-12x12.jpg 12w, https:\/\/gvsystem.co.uk\/wp-content\/uploads\/2022\/10\/GVCap-ACA-El-100x100.jpg 100w\" sizes=\"(max-width: 600px) 100vw, 600px\" \/>\t\t\t\t\t\t\t\t\t\t\t\t\t\t\t<\/div>\n\t\t\t\t<\/div>\n\t\t\t\t\t<\/div>\n\t\t<\/div>\n\t\t\t\t\t<\/div>\n\t\t<\/section>\n\t\t\t\t<section class=\"elementor-section elementor-inner-section elementor-element elementor-element-b717526 elementor-section-boxed elementor-section-height-default elementor-section-height-default\" data-id=\"b717526\" data-element_type=\"section\">\n\t\t\t\t\t\t<div class=\"elementor-container elementor-column-gap-default\">\n\t\t\t\t\t<div class=\"elementor-column elementor-col-50 elementor-inner-column elementor-element elementor-element-368399b\" data-id=\"368399b\" data-element_type=\"column\">\n\t\t\t<div class=\"elementor-widget-wrap elementor-element-populated\">\n\t\t\t\t\t\t<div class=\"elementor-element elementor-element-f4fe1ee elementor-widget elementor-widget-text-editor\" data-id=\"f4fe1ee\" data-element_type=\"widget\" data-widget_type=\"text-editor.default\">\n\t\t\t\t<div class=\"elementor-widget-container\">\n\t\t\t\t\t\t\t\t\t<p><strong><span style=\"color: #ff0000;\">TECHNISCHE DATEN<\/span><\/strong><br>Rostfreier Stahl 1.4301 \/ X5CrNi18-10<br>Werkstoffnummer: 1.4301<\/p>\n<p>Alle Angaben sind ann\u00e4hernd. Da wir f\u00fcr spezielle Anwendungen keine Haftung \u00fcbernehmen k\u00f6nnen, muss immer eine entsprechende Eignungspr\u00fcfung durch den Kunden durchgef\u00fchrt werden.<\/p>\t\t\t\t\t\t\t\t<\/div>\n\t\t\t\t<\/div>\n\t\t\t\t\t<\/div>\n\t\t<\/div>\n\t\t\t\t<div class=\"elementor-column elementor-col-50 elementor-inner-column elementor-element elementor-element-68ca975\" data-id=\"68ca975\" data-element_type=\"column\">\n\t\t\t<div class=\"elementor-widget-wrap elementor-element-populated\">\n\t\t\t\t\t\t<div class=\"elementor-element elementor-element-b7b4de5 elementor-widget elementor-widget-image\" data-id=\"b7b4de5\" data-element_type=\"widget\" data-widget_type=\"image.default\">\n\t\t\t\t<div class=\"elementor-widget-container\">\n\t\t\t\t\t\t\t\t\t\t\t\t\t\t\t<img decoding=\"async\" width=\"300\" height=\"188\" src=\"https:\/\/gvsystem.co.uk\/wp-content\/uploads\/2022\/10\/GVCap-ACA-E_detaill.jpg\" class=\"attachment-large size-large wp-image-3777\" alt=\"\" srcset=\"https:\/\/gvsystem.co.uk\/wp-content\/uploads\/2022\/10\/GVCap-ACA-E_detaill.jpg 300w, https:\/\/gvsystem.co.uk\/wp-content\/uploads\/2022\/10\/GVCap-ACA-E_detaill-18x12.jpg 18w\" sizes=\"(max-width: 300px) 100vw, 300px\" \/>\t\t\t\t\t\t\t\t\t\t\t\t\t\t\t<\/div>\n\t\t\t\t<\/div>\n\t\t\t\t\t<\/div>\n\t\t<\/div>\n\t\t\t\t\t<\/div>\n\t\t<\/section>\n\t\t\t\t<div class=\"elementor-element elementor-element-14dbf19 elementor-widget elementor-widget-text-editor\" data-id=\"14dbf19\" data-element_type=\"widget\" data-widget_type=\"text-editor.default\">\n\t\t\t\t<div class=\"elementor-widget-container\">\n\t\t\t\t\t\t\t\t\t<p><strong><span style=\"color: #ff0000;\">TDS herunterladen<\/span> <a href=\"https:\/\/gvsystem.co.uk\/wp-content\/uploads\/2022\/10\/cap_ACA_E.pdf\" target=\"_blank\" rel=\"noopener\"><img decoding=\"async\" src=\"https:\/\/gvsystem.co.uk\/wp-content\/uploads\/2022\/09\/Download3.png\" \/><\/a><\/strong><\/p>\t\t\t\t\t\t\t\t<\/div>\n\t\t\t\t<\/div>\n\t\t\t\t<div class=\"elementor-element elementor-element-aca9121 elementor-widget elementor-widget-spacer\" data-id=\"aca9121\" data-element_type=\"widget\" data-widget_type=\"spacer.default\">\n\t\t\t\t<div class=\"elementor-widget-container\">\n\t\t\t\t\t\t\t<div class=\"elementor-spacer\">\n\t\t\t<div class=\"elementor-spacer-inner\"><\/div>\n\t\t<\/div>\n\t\t\t\t\t\t<\/div>\n\t\t\t\t<\/div>\n\t\t\t\t\t<\/div>\n\t\t<\/div>\n\t\t\t\t\t<\/div>\n\t\t<\/section>\n\t\t\t\t<\/div>","protected":false},"excerpt":{"rendered":"<p>GVCap GCA-E T-PROFILE&nbsp;MADE OF STAINLESS STEEL Application T-profileCap \u2013 This pro\ufb01le elegantly conceals transitions of adjoining \ufb02oor coverings. For installation, the T-pro\ufb01les are simply pushed into the fresh silicone. THE SMART COVERING FOR EXPANSION JOINTS AND TRANSITIONS BETWEEN VARIOUS FLOOR SURFACES Ceramic tiles are unimaginable without joints. However, they often interfere with the appearance. The [&hellip;]<\/p>","protected":false},"featured_media":3776,"comment_status":"open","ping_status":"closed","template":"elementor_header_footer","meta":{"_acf_changed":false,"site-sidebar-layout":"no-sidebar","site-content-layout":"page-builder","ast-site-content-layout":"default","site-content-style":"default","site-sidebar-style":"default","ast-global-header-display":"","ast-banner-title-visibility":"","ast-main-header-display":"","ast-hfb-above-header-display":"","ast-hfb-below-header-display":"","ast-hfb-mobile-header-display":"","site-post-title":"disabled","ast-breadcrumbs-content":"","ast-featured-img":"disabled","footer-sml-layout":"","ast-disable-related-posts":"","theme-transparent-header-meta":"default","adv-header-id-meta":"","stick-header-meta":"","header-above-stick-meta":"","header-main-stick-meta":"","header-below-stick-meta":"","astra-migrate-meta-layouts":"default","ast-page-background-enabled":"default","ast-page-background-meta":{"desktop":{"background-color":"","background-image":"","background-repeat":"repeat","background-position":"center center","background-size":"auto","background-attachment":"scroll","background-type":"","background-media":"","overlay-type":"","overlay-color":"","overlay-opacity":"","overlay-gradient":""},"tablet":{"background-color":"","background-image":"","background-repeat":"repeat","background-position":"center center","background-size":"auto","background-attachment":"scroll","background-type":"","background-media":"","overlay-type":"","overlay-color":"","overlay-opacity":"","overlay-gradient":""},"mobile":{"background-color":"","background-image":"","background-repeat":"repeat","background-position":"center center","background-size":"auto","background-attachment":"scroll","background-type":"","background-media":"","overlay-type":"","overlay-color":"","overlay-opacity":"","overlay-gradient":""}},"ast-content-background-meta":{"desktop":{"background-color":"var(--ast-global-color-5)","background-image":"","background-repeat":"repeat","background-position":"center center","background-size":"auto","background-attachment":"scroll","background-type":"","background-media":"","overlay-type":"","overlay-color":"","overlay-opacity":"","overlay-gradient":""},"tablet":{"background-color":"var(--ast-global-color-5)","background-image":"","background-repeat":"repeat","background-position":"center center","background-size":"auto","background-attachment":"scroll","background-type":"","background-media":"","overlay-type":"","overlay-color":"","overlay-opacity":"","overlay-gradient":""},"mobile":{"background-color":"var(--ast-global-color-5)","background-image":"","background-repeat":"repeat","background-position":"center center","background-size":"auto","background-attachment":"scroll","background-type":"","background-media":"","overlay-type":"","overlay-color":"","overlay-opacity":"","overlay-gradient":""}}},"product_brand":[],"product_cat":[164],"product_tag":[],"class_list":{"0":"post-4783","1":"product","2":"type-product","3":"status-publish","4":"has-post-thumbnail","6":"product_cat-tile-accessories","7":"desktop-align-left","8":"tablet-align-left","9":"mobile-align-left","11":"first","12":"instock","13":"shipping-taxable","14":"product-type-simple"},"acf":[],"yoast_head":"<!-- This site is optimized with the Yoast SEO Premium plugin v18.9 (Yoast SEO v26.7) - https:\/\/yoast.com\/wordpress\/plugins\/seo\/ -->\n<title>GVCap GCA-E - GV SYSTEM<\/title>\n<meta name=\"robots\" content=\"index, follow, max-snippet:-1, max-image-preview:large, max-video-preview:-1\" \/>\n<link rel=\"canonical\" href=\"https:\/\/gvsystem.co.uk\/de\/produkt\/gvcap-gca-e\/\" \/>\n<meta property=\"og:locale\" content=\"de_DE\" \/>\n<meta property=\"og:type\" content=\"article\" \/>\n<meta property=\"og:title\" content=\"GVCap GCA-E\" \/>\n<meta property=\"og:description\" content=\"GVCap GCA-E T-PROFILE&nbsp;MADE OF STAINLESS STEEL Application T-profileCap \u2013 This pro\ufb01le elegantly conceals transitions of adjoining \ufb02oor coverings. For installation, the T-pro\ufb01les are simply pushed into the fresh silicone. THE SMART COVERING FOR EXPANSION JOINTS AND TRANSITIONS BETWEEN VARIOUS FLOOR SURFACES Ceramic tiles are unimaginable without joints. However, they often interfere with the appearance. The [&hellip;]\" \/>\n<meta property=\"og:url\" content=\"https:\/\/gvsystem.co.uk\/de\/produkt\/gvcap-gca-e\/\" \/>\n<meta property=\"og:site_name\" content=\"GV SYSTEM\" \/>\n<meta property=\"article:modified_time\" content=\"2022-11-30T18:14:43+00:00\" \/>\n<meta property=\"og:image\" content=\"https:\/\/gvsystem.co.uk\/wp-content\/uploads\/2022\/10\/GVCap-ACA-E_.jpg\" \/>\n\t<meta property=\"og:image:width\" content=\"300\" \/>\n\t<meta property=\"og:image:height\" content=\"300\" \/>\n\t<meta property=\"og:image:type\" content=\"image\/jpeg\" \/>\n<meta name=\"twitter:card\" content=\"summary_large_image\" \/>\n<!-- \/ Yoast SEO Premium plugin. -->","yoast_head_json":{"title":"GVCap GCA-E - GV SYSTEM","robots":{"index":"index","follow":"follow","max-snippet":"max-snippet:-1","max-image-preview":"max-image-preview:large","max-video-preview":"max-video-preview:-1"},"canonical":"https:\/\/gvsystem.co.uk\/de\/produkt\/gvcap-gca-e\/","og_locale":"de_DE","og_type":"article","og_title":"GVCap GCA-E","og_description":"GVCap GCA-E T-PROFILE&nbsp;MADE OF STAINLESS STEEL Application T-profileCap \u2013 This pro\ufb01le elegantly conceals transitions of adjoining \ufb02oor coverings. For installation, the T-pro\ufb01les are simply pushed into the fresh silicone. THE SMART COVERING FOR EXPANSION JOINTS AND TRANSITIONS BETWEEN VARIOUS FLOOR SURFACES Ceramic tiles are unimaginable without joints. However, they often interfere with the appearance. The [&hellip;]","og_url":"https:\/\/gvsystem.co.uk\/de\/produkt\/gvcap-gca-e\/","og_site_name":"GV SYSTEM","article_modified_time":"2022-11-30T18:14:43+00:00","og_image":[{"width":300,"height":300,"url":"https:\/\/gvsystem.co.uk\/wp-content\/uploads\/2022\/10\/GVCap-ACA-E_.jpg","type":"image\/jpeg"}],"twitter_card":"summary_large_image","schema":{"@context":"https:\/\/schema.org","@graph":[{"@type":"WebPage","@id":"https:\/\/gvsystem.co.uk\/product\/gvcap-gca-e\/","url":"https:\/\/gvsystem.co.uk\/product\/gvcap-gca-e\/","name":"GVCap GCA-E - GV SYSTEM","isPartOf":{"@id":"https:\/\/gvsystem.co.uk\/#website"},"primaryImageOfPage":{"@id":"https:\/\/gvsystem.co.uk\/product\/gvcap-gca-e\/#primaryimage"},"image":{"@id":"https:\/\/gvsystem.co.uk\/product\/gvcap-gca-e\/#primaryimage"},"thumbnailUrl":"https:\/\/gvsystem.co.uk\/wp-content\/uploads\/2022\/10\/GVCap-ACA-E_.jpg","datePublished":"2022-11-06T21:49:02+00:00","dateModified":"2022-11-30T18:14:43+00:00","breadcrumb":{"@id":"https:\/\/gvsystem.co.uk\/product\/gvcap-gca-e\/#breadcrumb"},"inLanguage":"de","potentialAction":[{"@type":"ReadAction","target":["https:\/\/gvsystem.co.uk\/product\/gvcap-gca-e\/"]}]},{"@type":"ImageObject","inLanguage":"de","@id":"https:\/\/gvsystem.co.uk\/product\/gvcap-gca-e\/#primaryimage","url":"https:\/\/gvsystem.co.uk\/wp-content\/uploads\/2022\/10\/GVCap-ACA-E_.jpg","contentUrl":"https:\/\/gvsystem.co.uk\/wp-content\/uploads\/2022\/10\/GVCap-ACA-E_.jpg","width":300,"height":300},{"@type":"BreadcrumbList","@id":"https:\/\/gvsystem.co.uk\/product\/gvcap-gca-e\/#breadcrumb","itemListElement":[{"@type":"ListItem","position":1,"name":"Home","item":"https:\/\/gvsystem.co.uk\/"},{"@type":"ListItem","position":2,"name":"Products","item":"https:\/\/gvsystem.co.uk\/products\/"},{"@type":"ListItem","position":3,"name":"Tile Accessories","item":"https:\/\/gvsystem.co.uk\/product-category\/tile-accessories\/"},{"@type":"ListItem","position":4,"name":"GVCap GCA-E"}]},{"@type":"WebSite","@id":"https:\/\/gvsystem.co.uk\/#website","url":"https:\/\/gvsystem.co.uk\/","name":"GV SYSTEM","description":"Catalogue GV System","publisher":{"@id":"https:\/\/gvsystem.co.uk\/#organization"},"potentialAction":[{"@type":"SearchAction","target":{"@type":"EntryPoint","urlTemplate":"https:\/\/gvsystem.co.uk\/?s={search_term_string}"},"query-input":{"@type":"PropertyValueSpecification","valueRequired":true,"valueName":"search_term_string"}}],"inLanguage":"de"},{"@type":"Organization","@id":"https:\/\/gvsystem.co.uk\/#organization","name":"GV SYSTEM LTD","url":"https:\/\/gvsystem.co.uk\/","logo":{"@type":"ImageObject","inLanguage":"de","@id":"https:\/\/gvsystem.co.uk\/#\/schema\/logo\/image\/","url":"https:\/\/gvsystem.co.uk\/wp-content\/uploads\/2022\/09\/Logo_GV_180_60.png","contentUrl":"https:\/\/gvsystem.co.uk\/wp-content\/uploads\/2022\/09\/Logo_GV_180_60.png","width":180,"height":60,"caption":"GV SYSTEM LTD"},"image":{"@id":"https:\/\/gvsystem.co.uk\/#\/schema\/logo\/image\/"}}]}},"_links":{"self":[{"href":"https:\/\/gvsystem.co.uk\/de\/wp-json\/wp\/v2\/product\/4783","targetHints":{"allow":["GET"]}}],"collection":[{"href":"https:\/\/gvsystem.co.uk\/de\/wp-json\/wp\/v2\/product"}],"about":[{"href":"https:\/\/gvsystem.co.uk\/de\/wp-json\/wp\/v2\/types\/product"}],"replies":[{"embeddable":true,"href":"https:\/\/gvsystem.co.uk\/de\/wp-json\/wp\/v2\/comments?post=4783"}],"version-history":[{"count":7,"href":"https:\/\/gvsystem.co.uk\/de\/wp-json\/wp\/v2\/product\/4783\/revisions"}],"predecessor-version":[{"id":5049,"href":"https:\/\/gvsystem.co.uk\/de\/wp-json\/wp\/v2\/product\/4783\/revisions\/5049"}],"wp:featuredmedia":[{"embeddable":true,"href":"https:\/\/gvsystem.co.uk\/de\/wp-json\/wp\/v2\/media\/3776"}],"wp:attachment":[{"href":"https:\/\/gvsystem.co.uk\/de\/wp-json\/wp\/v2\/media?parent=4783"}],"wp:term":[{"taxonomy":"product_brand","embeddable":true,"href":"https:\/\/gvsystem.co.uk\/de\/wp-json\/wp\/v2\/product_brand?post=4783"},{"taxonomy":"product_cat","embeddable":true,"href":"https:\/\/gvsystem.co.uk\/de\/wp-json\/wp\/v2\/product_cat?post=4783"},{"taxonomy":"product_tag","embeddable":true,"href":"https:\/\/gvsystem.co.uk\/de\/wp-json\/wp\/v2\/product_tag?post=4783"}],"curies":[{"name":"wp","href":"https:\/\/api.w.org\/{rel}","templated":true}]}}