{"id":4713,"date":"2022-11-06T18:20:43","date_gmt":"2022-11-06T18:20:43","guid":{"rendered":"https:\/\/gvsystem.co.uk\/?post_type=product&#038;p=4713"},"modified":"2022-11-30T17:37:07","modified_gmt":"2022-11-30T17:37:07","slug":"gvbasic-gb-a","status":"publish","type":"product","link":"https:\/\/gvsystem.co.uk\/de\/produkt\/gvbasic-gb-a\/","title":{"rendered":"GVBasic GB-A"},"content":{"rendered":"<div data-elementor-type=\"product-post\" data-elementor-id=\"4713\" class=\"elementor elementor-4713\" data-elementor-post-type=\"product\">\n\t\t\t\t\t\t<section class=\"elementor-section elementor-top-section elementor-element elementor-element-a826ae2 elementor-section-boxed elementor-section-height-default elementor-section-height-default\" data-id=\"a826ae2\" data-element_type=\"section\">\n\t\t\t\t\t\t<div class=\"elementor-container elementor-column-gap-default\">\n\t\t\t\t\t<div class=\"elementor-column elementor-col-100 elementor-top-column elementor-element elementor-element-eb23806\" data-id=\"eb23806\" data-element_type=\"column\">\n\t\t\t<div class=\"elementor-widget-wrap elementor-element-populated\">\n\t\t\t\t\t\t<div class=\"elementor-element elementor-element-3fe8fef elementor-widget elementor-widget-shortcode\" data-id=\"3fe8fef\" data-element_type=\"widget\" data-widget_type=\"shortcode.default\">\n\t\t\t\t<div class=\"elementor-widget-container\">\n\t\t\t\t\t\t\t<div class=\"elementor-shortcode\"><span><span><a href=\"https:\/\/gvsystem.co.uk\/de\/\">Heim<\/a><\/span><\/span><\/div>\n\t\t\t\t\t\t<\/div>\n\t\t\t\t<\/div>\n\t\t\t\t<section class=\"elementor-section elementor-inner-section elementor-element elementor-element-e7592e6 elementor-section-boxed elementor-section-height-default elementor-section-height-default\" data-id=\"e7592e6\" data-element_type=\"section\">\n\t\t\t\t\t\t<div class=\"elementor-container elementor-column-gap-default\">\n\t\t\t\t\t<div class=\"elementor-column elementor-col-50 elementor-inner-column elementor-element elementor-element-72b3ad5\" data-id=\"72b3ad5\" data-element_type=\"column\">\n\t\t\t<div class=\"elementor-widget-wrap elementor-element-populated\">\n\t\t\t\t\t\t<div class=\"elementor-element elementor-element-6ba6e1f elementor-widget elementor-widget-text-editor\" data-id=\"6ba6e1f\" data-element_type=\"widget\" data-widget_type=\"text-editor.default\">\n\t\t\t\t<div class=\"elementor-widget-container\">\n\t\t\t\t\t\t\t\t\t<h1>GVBasic GB-A<\/h1>\n<p>KACHELWINKELPROFIL<br><strong>GEMACHT AUS ALUMINIUM<\/strong><\/p>\n<p><strong><span style=\"color: #ff0000;\">Anwendung Winkelprofil<\/span><\/strong><br>Basic - Winkelprofile sind klassische Abschl\u00fcsse f\u00fcr Fliesenbel\u00e4ge. Dekorativ und funktional: der perfekte Schutz f\u00fcr Fliesenkanten.<\/p>\n<p><strong><span style=\"color: #ff0000;\">DEN LETZTEN SCHLIFF F\u00dcR FLIESEN, PARKETT, LAMINAT, DESIGNB\u00d6DEN ODER TEPPICH.<\/span><\/strong><\/p>\n<p>Ob als Abschluss oder \u00dcbergang zwischen Bel\u00e4gen, die Profile der GVBasic-Serie sch\u00fctzen die Fliesenkanten und schaffen eine elegante Optik. Eine Vielzahl von Optionen, Materialien und Oberfl\u00e4chen o\ufb01nden Sie f\u00fcr jede Anwendung das richtige Produkt.<br>Ob funktional-elegant oder gem\u00fctlich-rustikal, die Pro\ufb01les f\u00fcgen sich in jede Umgebung ein. Sie k\u00f6nnen sogar nach dem Geschmack des Designers geschickt platziert werden.&nbsp;<\/p>\t\t\t\t\t\t\t\t<\/div>\n\t\t\t\t<\/div>\n\t\t\t\t\t<\/div>\n\t\t<\/div>\n\t\t\t\t<div class=\"elementor-column elementor-col-50 elementor-inner-column elementor-element elementor-element-c6cd2bb\" data-id=\"c6cd2bb\" data-element_type=\"column\">\n\t\t\t<div class=\"elementor-widget-wrap elementor-element-populated\">\n\t\t\t\t\t\t<div class=\"elementor-element elementor-element-4f050bc elementor-widget elementor-widget-image\" data-id=\"4f050bc\" data-element_type=\"widget\" data-widget_type=\"image.default\">\n\t\t\t\t<div class=\"elementor-widget-container\">\n\t\t\t\t\t\t\t\t\t\t\t\t\t\t\t<img fetchpriority=\"high\" decoding=\"async\" width=\"600\" height=\"600\" src=\"https:\/\/gvsystem.co.uk\/wp-content\/uploads\/2022\/09\/GVBasic-AB-A.jpg\" class=\"attachment-large size-large wp-image-3234\" alt=\"\" srcset=\"https:\/\/gvsystem.co.uk\/wp-content\/uploads\/2022\/09\/GVBasic-AB-A.jpg 600w, https:\/\/gvsystem.co.uk\/wp-content\/uploads\/2022\/09\/GVBasic-AB-A-300x300.jpg 300w, https:\/\/gvsystem.co.uk\/wp-content\/uploads\/2022\/09\/GVBasic-AB-A-150x150.jpg 150w, https:\/\/gvsystem.co.uk\/wp-content\/uploads\/2022\/09\/GVBasic-AB-A-12x12.jpg 12w, https:\/\/gvsystem.co.uk\/wp-content\/uploads\/2022\/09\/GVBasic-AB-A-100x100.jpg 100w\" sizes=\"(max-width: 600px) 100vw, 600px\" \/>\t\t\t\t\t\t\t\t\t\t\t\t\t\t\t<\/div>\n\t\t\t\t<\/div>\n\t\t\t\t\t<\/div>\n\t\t<\/div>\n\t\t\t\t\t<\/div>\n\t\t<\/section>\n\t\t\t\t<section class=\"elementor-section elementor-inner-section elementor-element elementor-element-a2639a5 elementor-section-boxed elementor-section-height-default elementor-section-height-default\" data-id=\"a2639a5\" data-element_type=\"section\">\n\t\t\t\t\t\t<div class=\"elementor-container elementor-column-gap-default\">\n\t\t\t\t\t<div class=\"elementor-column elementor-col-50 elementor-inner-column elementor-element elementor-element-2c35bf8\" data-id=\"2c35bf8\" data-element_type=\"column\">\n\t\t\t<div class=\"elementor-widget-wrap elementor-element-populated\">\n\t\t\t\t\t\t<div class=\"elementor-element elementor-element-9db68e2 elementor-widget elementor-widget-text-editor\" data-id=\"9db68e2\" data-element_type=\"widget\" data-widget_type=\"text-editor.default\">\n\t\t\t\t<div class=\"elementor-widget-container\">\n\t\t\t\t\t\t\t\t\t<p><strong><span style=\"color: #ff0000;\">TECHNISCHE DATEN<\/span><\/strong><br \/>AlMgSi0,5<br \/>Materialnummer: 33.206<br \/>Alle in diesem Datenblatt angegebenen Ma\u00dfe, Gewichte und Belastungen sind ca.-Angaben. F\u00fcr spezielle Anwendungen sowie Sch\u00e4den, die durch unsachgem\u00e4\u00dfe Montage oder Verwendung entstehen, k\u00f6nnen wir keine Haftung \u00fcbernehmen, eine entsprechende Eignungspr\u00fcfung muss immer vom Kunden durchgef\u00fchrt werden.<\/p>\t\t\t\t\t\t\t\t<\/div>\n\t\t\t\t<\/div>\n\t\t\t\t\t<\/div>\n\t\t<\/div>\n\t\t\t\t<div class=\"elementor-column elementor-col-50 elementor-inner-column elementor-element elementor-element-a988dc3\" data-id=\"a988dc3\" data-element_type=\"column\">\n\t\t\t<div class=\"elementor-widget-wrap elementor-element-populated\">\n\t\t\t\t\t\t<div class=\"elementor-element elementor-element-64b702a elementor-widget elementor-widget-image\" data-id=\"64b702a\" data-element_type=\"widget\" data-widget_type=\"image.default\">\n\t\t\t\t<div class=\"elementor-widget-container\">\n\t\t\t\t\t\t\t\t\t\t\t\t\t\t\t<img decoding=\"async\" width=\"300\" height=\"171\" src=\"https:\/\/gvsystem.co.uk\/wp-content\/uploads\/2022\/09\/GVBasic-AB-A_detaill.jpg\" class=\"attachment-large size-large wp-image-3235\" alt=\"\" srcset=\"https:\/\/gvsystem.co.uk\/wp-content\/uploads\/2022\/09\/GVBasic-AB-A_detaill.jpg 300w, https:\/\/gvsystem.co.uk\/wp-content\/uploads\/2022\/09\/GVBasic-AB-A_detaill-18x10.jpg 18w\" sizes=\"(max-width: 300px) 100vw, 300px\" \/>\t\t\t\t\t\t\t\t\t\t\t\t\t\t\t<\/div>\n\t\t\t\t<\/div>\n\t\t\t\t\t<\/div>\n\t\t<\/div>\n\t\t\t\t\t<\/div>\n\t\t<\/section>\n\t\t\t\t<div class=\"elementor-element elementor-element-ea47a24 elementor-widget elementor-widget-text-editor\" data-id=\"ea47a24\" data-element_type=\"widget\" data-widget_type=\"text-editor.default\">\n\t\t\t\t<div class=\"elementor-widget-container\">\n\t\t\t\t\t\t\t\t\t<h5>Datenblatt zum Herunterladen<\/h5>\t\t\t\t\t\t\t\t<\/div>\n\t\t\t\t<\/div>\n\t\t\t\t<div class=\"elementor-element elementor-element-b1cf687 elementor-widget elementor-widget-text-editor\" data-id=\"b1cf687\" data-element_type=\"widget\" data-widget_type=\"text-editor.default\">\n\t\t\t\t<div class=\"elementor-widget-container\">\n\t\t\t\t\t\t\t\t\t<p><strong><span style=\"color: #ff0000;\"><span style=\"color: #000000;\"><div class=\"um-locked-content\">\n\t<div class=\"um-locked-content-msg\">Dieser Inhalt ist nur f\u00fcr angemeldete Benutzer sichtbar. Bitte <a href=\"https:\/\/gvsystem.co.uk\/de\/login\/?redirect_to=https%3A%2F%2Fgvsystem.co.uk%2Fde%2Fwp-json%2Fwp%2Fv2%2Fproduct%2F4713\">melde dich an<\/a>, um diesen Inhalt anzuzeigen.<\/div>\n<\/div>\n<\/a><\/strong><\/p>\t\t\t\t\t\t\t\t<\/div>\n\t\t\t\t<\/div>\n\t\t\t\t<div class=\"elementor-element elementor-element-e4f6e97 elementor-widget elementor-widget-spacer\" data-id=\"e4f6e97\" data-element_type=\"widget\" data-widget_type=\"spacer.default\">\n\t\t\t\t<div class=\"elementor-widget-container\">\n\t\t\t\t\t\t\t<div class=\"elementor-spacer\">\n\t\t\t<div class=\"elementor-spacer-inner\"><\/div>\n\t\t<\/div>\n\t\t\t\t\t\t<\/div>\n\t\t\t\t<\/div>\n\t\t\t\t\t<\/div>\n\t\t<\/div>\n\t\t\t\t\t<\/div>\n\t\t<\/section>\n\t\t\t\t<\/div>","protected":false},"excerpt":{"rendered":"<p>GVBasic GB-A TILE ANGLE PROFILEMADE OF ALUMINIUM Application angle profileBasic \u2013 Angle profiles are classical closures for tile coverings. Decorative and functional: the perfect protection for tile edges. THE FINISHING TOUCHES FOR TILES, PARQUET, LAMINATE, DESIGN FLOORS OR CARPET. Whether as a closure or transition between coverings, the pro\ufb01les of the GVBasic series protect the [&hellip;]<\/p>","protected":false},"featured_media":3259,"comment_status":"open","ping_status":"closed","template":"elementor_header_footer","meta":{"_acf_changed":false,"site-sidebar-layout":"no-sidebar","site-content-layout":"page-builder","ast-site-content-layout":"default","site-content-style":"default","site-sidebar-style":"default","ast-global-header-display":"","ast-banner-title-visibility":"","ast-main-header-display":"","ast-hfb-above-header-display":"","ast-hfb-below-header-display":"","ast-hfb-mobile-header-display":"","site-post-title":"disabled","ast-breadcrumbs-content":"","ast-featured-img":"disabled","footer-sml-layout":"","ast-disable-related-posts":"","theme-transparent-header-meta":"default","adv-header-id-meta":"","stick-header-meta":"","header-above-stick-meta":"","header-main-stick-meta":"","header-below-stick-meta":"","astra-migrate-meta-layouts":"default","ast-page-background-enabled":"default","ast-page-background-meta":{"desktop":{"background-color":"","background-image":"","background-repeat":"repeat","background-position":"center center","background-size":"auto","background-attachment":"scroll","background-type":"","background-media":"","overlay-type":"","overlay-color":"","overlay-opacity":"","overlay-gradient":""},"tablet":{"background-color":"","background-image":"","background-repeat":"repeat","background-position":"center center","background-size":"auto","background-attachment":"scroll","background-type":"","background-media":"","overlay-type":"","overlay-color":"","overlay-opacity":"","overlay-gradient":""},"mobile":{"background-color":"","background-image":"","background-repeat":"repeat","background-position":"center center","background-size":"auto","background-attachment":"scroll","background-type":"","background-media":"","overlay-type":"","overlay-color":"","overlay-opacity":"","overlay-gradient":""}},"ast-content-background-meta":{"desktop":{"background-color":"var(--ast-global-color-5)","background-image":"","background-repeat":"repeat","background-position":"center center","background-size":"auto","background-attachment":"scroll","background-type":"","background-media":"","overlay-type":"","overlay-color":"","overlay-opacity":"","overlay-gradient":""},"tablet":{"background-color":"var(--ast-global-color-5)","background-image":"","background-repeat":"repeat","background-position":"center center","background-size":"auto","background-attachment":"scroll","background-type":"","background-media":"","overlay-type":"","overlay-color":"","overlay-opacity":"","overlay-gradient":""},"mobile":{"background-color":"var(--ast-global-color-5)","background-image":"","background-repeat":"repeat","background-position":"center center","background-size":"auto","background-attachment":"scroll","background-type":"","background-media":"","overlay-type":"","overlay-color":"","overlay-opacity":"","overlay-gradient":""}}},"product_brand":[],"product_cat":[164],"product_tag":[],"class_list":{"0":"post-4713","1":"product","2":"type-product","3":"status-publish","4":"has-post-thumbnail","6":"product_cat-tile-accessories","7":"desktop-align-left","8":"tablet-align-left","9":"mobile-align-left","11":"first","12":"instock","13":"shipping-taxable","14":"product-type-simple"},"acf":[],"yoast_head":"<!-- This site is optimized with the Yoast SEO Premium plugin v18.9 (Yoast SEO v26.7) - https:\/\/yoast.com\/wordpress\/plugins\/seo\/ -->\n<title>GVBasic GB-A - GV SYSTEM<\/title>\n<meta name=\"robots\" content=\"index, follow, max-snippet:-1, max-image-preview:large, max-video-preview:-1\" \/>\n<link rel=\"canonical\" href=\"https:\/\/gvsystem.co.uk\/de\/produkt\/gvbasic-gb-a\/\" \/>\n<meta property=\"og:locale\" content=\"de_DE\" \/>\n<meta property=\"og:type\" content=\"article\" \/>\n<meta property=\"og:title\" content=\"GVBasic GB-A\" \/>\n<meta property=\"og:description\" content=\"GVBasic GB-A TILE ANGLE PROFILEMADE OF ALUMINIUM Application angle profileBasic \u2013 Angle profiles are classical closures for tile coverings. Decorative and functional: the perfect protection for tile edges. THE FINISHING TOUCHES FOR TILES, PARQUET, LAMINATE, DESIGN FLOORS OR CARPET. Whether as a closure or transition between coverings, the pro\ufb01les of the GVBasic series protect the [&hellip;]\" \/>\n<meta property=\"og:url\" content=\"https:\/\/gvsystem.co.uk\/de\/produkt\/gvbasic-gb-a\/\" \/>\n<meta property=\"og:site_name\" content=\"GV SYSTEM\" \/>\n<meta property=\"article:modified_time\" content=\"2022-11-30T17:37:07+00:00\" \/>\n<meta property=\"og:image\" content=\"https:\/\/gvsystem.co.uk\/wp-content\/uploads\/2022\/09\/GVBasic-AB-A_.jpg\" \/>\n\t<meta property=\"og:image:width\" content=\"300\" \/>\n\t<meta property=\"og:image:height\" content=\"300\" \/>\n\t<meta property=\"og:image:type\" content=\"image\/jpeg\" \/>\n<meta name=\"twitter:card\" content=\"summary_large_image\" \/>\n<!-- \/ Yoast SEO Premium plugin. -->","yoast_head_json":{"title":"GVBasic GB-A - GV SYSTEM","robots":{"index":"index","follow":"follow","max-snippet":"max-snippet:-1","max-image-preview":"max-image-preview:large","max-video-preview":"max-video-preview:-1"},"canonical":"https:\/\/gvsystem.co.uk\/de\/produkt\/gvbasic-gb-a\/","og_locale":"de_DE","og_type":"article","og_title":"GVBasic GB-A","og_description":"GVBasic GB-A TILE ANGLE PROFILEMADE OF ALUMINIUM Application angle profileBasic \u2013 Angle profiles are classical closures for tile coverings. Decorative and functional: the perfect protection for tile edges. THE FINISHING TOUCHES FOR TILES, PARQUET, LAMINATE, DESIGN FLOORS OR CARPET. Whether as a closure or transition between coverings, the pro\ufb01les of the GVBasic series protect the [&hellip;]","og_url":"https:\/\/gvsystem.co.uk\/de\/produkt\/gvbasic-gb-a\/","og_site_name":"GV SYSTEM","article_modified_time":"2022-11-30T17:37:07+00:00","og_image":[{"width":300,"height":300,"url":"https:\/\/gvsystem.co.uk\/wp-content\/uploads\/2022\/09\/GVBasic-AB-A_.jpg","type":"image\/jpeg"}],"twitter_card":"summary_large_image","schema":{"@context":"https:\/\/schema.org","@graph":[{"@type":"WebPage","@id":"https:\/\/gvsystem.co.uk\/product\/gvbasic-gb-a\/","url":"https:\/\/gvsystem.co.uk\/product\/gvbasic-gb-a\/","name":"GVBasic GB-A - GV SYSTEM","isPartOf":{"@id":"https:\/\/gvsystem.co.uk\/#website"},"primaryImageOfPage":{"@id":"https:\/\/gvsystem.co.uk\/product\/gvbasic-gb-a\/#primaryimage"},"image":{"@id":"https:\/\/gvsystem.co.uk\/product\/gvbasic-gb-a\/#primaryimage"},"thumbnailUrl":"https:\/\/gvsystem.co.uk\/wp-content\/uploads\/2022\/09\/GVBasic-AB-A_.jpg","datePublished":"2022-11-06T18:20:43+00:00","dateModified":"2022-11-30T17:37:07+00:00","breadcrumb":{"@id":"https:\/\/gvsystem.co.uk\/product\/gvbasic-gb-a\/#breadcrumb"},"inLanguage":"de","potentialAction":[{"@type":"ReadAction","target":["https:\/\/gvsystem.co.uk\/product\/gvbasic-gb-a\/"]}]},{"@type":"ImageObject","inLanguage":"de","@id":"https:\/\/gvsystem.co.uk\/product\/gvbasic-gb-a\/#primaryimage","url":"https:\/\/gvsystem.co.uk\/wp-content\/uploads\/2022\/09\/GVBasic-AB-A_.jpg","contentUrl":"https:\/\/gvsystem.co.uk\/wp-content\/uploads\/2022\/09\/GVBasic-AB-A_.jpg","width":300,"height":300},{"@type":"BreadcrumbList","@id":"https:\/\/gvsystem.co.uk\/product\/gvbasic-gb-a\/#breadcrumb","itemListElement":[{"@type":"ListItem","position":1,"name":"Home","item":"https:\/\/gvsystem.co.uk\/"},{"@type":"ListItem","position":2,"name":"Products","item":"https:\/\/gvsystem.co.uk\/products\/"},{"@type":"ListItem","position":3,"name":"Tile Accessories","item":"https:\/\/gvsystem.co.uk\/product-category\/tile-accessories\/"},{"@type":"ListItem","position":4,"name":"GVBasic GB-A"}]},{"@type":"WebSite","@id":"https:\/\/gvsystem.co.uk\/#website","url":"https:\/\/gvsystem.co.uk\/","name":"GV SYSTEM","description":"Catalogue GV System","publisher":{"@id":"https:\/\/gvsystem.co.uk\/#organization"},"potentialAction":[{"@type":"SearchAction","target":{"@type":"EntryPoint","urlTemplate":"https:\/\/gvsystem.co.uk\/?s={search_term_string}"},"query-input":{"@type":"PropertyValueSpecification","valueRequired":true,"valueName":"search_term_string"}}],"inLanguage":"de"},{"@type":"Organization","@id":"https:\/\/gvsystem.co.uk\/#organization","name":"GV SYSTEM LTD","url":"https:\/\/gvsystem.co.uk\/","logo":{"@type":"ImageObject","inLanguage":"de","@id":"https:\/\/gvsystem.co.uk\/#\/schema\/logo\/image\/","url":"https:\/\/gvsystem.co.uk\/wp-content\/uploads\/2022\/09\/Logo_GV_180_60.png","contentUrl":"https:\/\/gvsystem.co.uk\/wp-content\/uploads\/2022\/09\/Logo_GV_180_60.png","width":180,"height":60,"caption":"GV SYSTEM LTD"},"image":{"@id":"https:\/\/gvsystem.co.uk\/#\/schema\/logo\/image\/"}}]}},"_links":{"self":[{"href":"https:\/\/gvsystem.co.uk\/de\/wp-json\/wp\/v2\/product\/4713","targetHints":{"allow":["GET"]}}],"collection":[{"href":"https:\/\/gvsystem.co.uk\/de\/wp-json\/wp\/v2\/product"}],"about":[{"href":"https:\/\/gvsystem.co.uk\/de\/wp-json\/wp\/v2\/types\/product"}],"replies":[{"embeddable":true,"href":"https:\/\/gvsystem.co.uk\/de\/wp-json\/wp\/v2\/comments?post=4713"}],"version-history":[{"count":7,"href":"https:\/\/gvsystem.co.uk\/de\/wp-json\/wp\/v2\/product\/4713\/revisions"}],"predecessor-version":[{"id":5029,"href":"https:\/\/gvsystem.co.uk\/de\/wp-json\/wp\/v2\/product\/4713\/revisions\/5029"}],"wp:featuredmedia":[{"embeddable":true,"href":"https:\/\/gvsystem.co.uk\/de\/wp-json\/wp\/v2\/media\/3259"}],"wp:attachment":[{"href":"https:\/\/gvsystem.co.uk\/de\/wp-json\/wp\/v2\/media?parent=4713"}],"wp:term":[{"taxonomy":"product_brand","embeddable":true,"href":"https:\/\/gvsystem.co.uk\/de\/wp-json\/wp\/v2\/product_brand?post=4713"},{"taxonomy":"product_cat","embeddable":true,"href":"https:\/\/gvsystem.co.uk\/de\/wp-json\/wp\/v2\/product_cat?post=4713"},{"taxonomy":"product_tag","embeddable":true,"href":"https:\/\/gvsystem.co.uk\/de\/wp-json\/wp\/v2\/product_tag?post=4713"}],"curies":[{"name":"wp","href":"https:\/\/api.w.org\/{rel}","templated":true}]}}