{"id":4644,"date":"2022-11-06T14:56:33","date_gmt":"2022-11-06T14:56:33","guid":{"rendered":"https:\/\/gvsystem.co.uk\/?post_type=product&#038;p=4644"},"modified":"2022-11-06T14:57:34","modified_gmt":"2022-11-06T14:57:34","slug":"step-gvsn-5030sr","status":"publish","type":"product","link":"https:\/\/gvsystem.co.uk\/de\/produkt\/step-gvsn-5030sr\/","title":{"rendered":"Step GVSN 5030SR"},"content":{"rendered":"<div data-elementor-type=\"product-post\" data-elementor-id=\"4644\" class=\"elementor elementor-4644\" data-elementor-post-type=\"product\">\n\t\t\t\t\t\t<section class=\"elementor-section elementor-top-section elementor-element elementor-element-9e36800 elementor-section-boxed elementor-section-height-default elementor-section-height-default\" data-id=\"9e36800\" data-element_type=\"section\">\n\t\t\t\t\t\t<div class=\"elementor-container elementor-column-gap-default\">\n\t\t\t\t\t<div class=\"elementor-column elementor-col-100 elementor-top-column elementor-element elementor-element-548e91d\" data-id=\"548e91d\" data-element_type=\"column\">\n\t\t\t<div class=\"elementor-widget-wrap elementor-element-populated\">\n\t\t\t\t\t\t<div class=\"elementor-element elementor-element-cd80480 elementor-widget elementor-widget-shortcode\" data-id=\"cd80480\" data-element_type=\"widget\" data-widget_type=\"shortcode.default\">\n\t\t\t\t<div class=\"elementor-widget-container\">\n\t\t\t\t\t\t\t<div class=\"elementor-shortcode\"><span><span><a href=\"https:\/\/gvsystem.co.uk\/de\/\">Heim<\/a><\/span><\/span><\/div>\n\t\t\t\t\t\t<\/div>\n\t\t\t\t<\/div>\n\t\t\t\t<section class=\"elementor-section elementor-inner-section elementor-element elementor-element-f783d4d elementor-section-boxed elementor-section-height-default elementor-section-height-default\" data-id=\"f783d4d\" data-element_type=\"section\">\n\t\t\t\t\t\t<div class=\"elementor-container elementor-column-gap-default\">\n\t\t\t\t\t<div class=\"elementor-column elementor-col-50 elementor-inner-column elementor-element elementor-element-fd937d8\" data-id=\"fd937d8\" data-element_type=\"column\">\n\t\t\t<div class=\"elementor-widget-wrap elementor-element-populated\">\n\t\t\t\t\t\t<div class=\"elementor-element elementor-element-acee274 elementor-widget elementor-widget-text-editor\" data-id=\"acee274\" data-element_type=\"widget\" data-widget_type=\"text-editor.default\">\n\t\t\t\t<div class=\"elementor-widget-container\">\n\t\t\t\t\t\t\t\t\t<h1>STUFE GVSN 5030SR<\/h1><p>GV-STUFENKANTENPROFIL<br \/><strong>GEMACHT AUS ALUMINIUM<\/strong><\/p><p><strong><span style=\"color: #ff0000;\">Anwendungsschritt Kantenprofil<\/span><\/strong><\/p><p>GVStep - Das hochwertige Treppenkantenprofil mit speziell profilierter und gepr\u00e4gter Trittfl\u00e4che. Das Profil ist rutschhemmend und bietet optimalen Schutz f\u00fcr die Treppenkanten.<\/p><p><span style=\"color: #ff0000;\"><strong>FORM TRIFFT FUNKTION: STILELEMENT UND SICHERHEITSFAKTOR IN EINEM.<\/strong><\/span><\/p><p>Treppen sind ein pr\u00e4gendes Gestaltungselement in der Architektur. Die Stufen sorgen f\u00fcr kreative \u00dcberg\u00e4nge und strukturieren den Raum. GVstep verbindet optische Anforderungen mit funktionalen Bed\u00fcrfnissen. Stufenkantenprofile erh\u00f6hen die Trittsicherheit und sch\u00fctzen gleichzeitig die Kante vor mechanischer Beanspruchung.<\/p>\t\t\t\t\t\t\t\t<\/div>\n\t\t\t\t<\/div>\n\t\t\t\t\t<\/div>\n\t\t<\/div>\n\t\t\t\t<div class=\"elementor-column elementor-col-50 elementor-inner-column elementor-element elementor-element-418bd42\" data-id=\"418bd42\" data-element_type=\"column\">\n\t\t\t<div class=\"elementor-widget-wrap elementor-element-populated\">\n\t\t\t\t\t\t<div class=\"elementor-element elementor-element-3109a1b elementor-widget elementor-widget-image\" data-id=\"3109a1b\" data-element_type=\"widget\" data-widget_type=\"image.default\">\n\t\t\t\t<div class=\"elementor-widget-container\">\n\t\t\t\t\t\t\t\t\t\t\t\t\t\t\t<img fetchpriority=\"high\" decoding=\"async\" width=\"600\" height=\"610\" src=\"https:\/\/gvsystem.co.uk\/wp-content\/uploads\/2022\/09\/Step-GVSN-5030SR_profile.jpg\" class=\"attachment-large size-large wp-image-2899\" alt=\"\" srcset=\"https:\/\/gvsystem.co.uk\/wp-content\/uploads\/2022\/09\/Step-GVSN-5030SR_profile.jpg 600w, https:\/\/gvsystem.co.uk\/wp-content\/uploads\/2022\/09\/Step-GVSN-5030SR_profile-295x300.jpg 295w, https:\/\/gvsystem.co.uk\/wp-content\/uploads\/2022\/09\/Step-GVSN-5030SR_profile-12x12.jpg 12w\" sizes=\"(max-width: 600px) 100vw, 600px\" \/>\t\t\t\t\t\t\t\t\t\t\t\t\t\t\t<\/div>\n\t\t\t\t<\/div>\n\t\t\t\t\t<\/div>\n\t\t<\/div>\n\t\t\t\t\t<\/div>\n\t\t<\/section>\n\t\t\t\t<section class=\"elementor-section elementor-inner-section elementor-element elementor-element-0b7a4ef elementor-section-boxed elementor-section-height-default elementor-section-height-default\" data-id=\"0b7a4ef\" data-element_type=\"section\">\n\t\t\t\t\t\t<div class=\"elementor-container elementor-column-gap-default\">\n\t\t\t\t\t<div class=\"elementor-column elementor-col-50 elementor-inner-column elementor-element elementor-element-c41301f\" data-id=\"c41301f\" data-element_type=\"column\">\n\t\t\t<div class=\"elementor-widget-wrap elementor-element-populated\">\n\t\t\t\t\t\t<div class=\"elementor-element elementor-element-166e9bb elementor-widget elementor-widget-text-editor\" data-id=\"166e9bb\" data-element_type=\"widget\" data-widget_type=\"text-editor.default\">\n\t\t\t\t<div class=\"elementor-widget-container\">\n\t\t\t\t\t\t\t\t\t<p><strong style=\"color: #ff0000; font-style: inherit; background-color: var(--ast-global-color-4);\">TECHNISCHE DATEN<\/strong><\/p><p>Aluminium 6063 T6<br \/>Gr\u00f6\u00dfe:<br \/>* Lauffl\u00e4che 50 mm <br \/>* Steigrohr 30 mm<br \/>Materialnummer: 33.206<\/p><p>Alle in diesem Datenblatt angegebenen Ma\u00dfe, Gewichte und Belastungen sind ca.-Angaben. F\u00fcr spezielle Anwendungen sowie Sch\u00e4den, die durch unsachgem\u00e4\u00dfe Montage oder Verwendung entstehen, k\u00f6nnen wir keine Haftung \u00fcbernehmen, eine entsprechende Eignungspr\u00fcfung muss immer vom Kunden durchgef\u00fchrt werden.<\/p>\t\t\t\t\t\t\t\t<\/div>\n\t\t\t\t<\/div>\n\t\t\t\t\t<\/div>\n\t\t<\/div>\n\t\t\t\t<div class=\"elementor-column elementor-col-50 elementor-inner-column elementor-element elementor-element-3c28fdd\" data-id=\"3c28fdd\" data-element_type=\"column\">\n\t\t\t<div class=\"elementor-widget-wrap elementor-element-populated\">\n\t\t\t\t\t\t<div class=\"elementor-element elementor-element-cecf41c elementor-widget elementor-widget-image\" data-id=\"cecf41c\" data-element_type=\"widget\" data-widget_type=\"image.default\">\n\t\t\t\t<div class=\"elementor-widget-container\">\n\t\t\t\t\t\t\t\t\t\t\t\t\t\t\t<img decoding=\"async\" width=\"300\" height=\"194\" src=\"https:\/\/gvsystem.co.uk\/wp-content\/uploads\/2022\/09\/Step-GVSN-5030SR_detaill.jpg\" class=\"attachment-large size-large wp-image-2898\" alt=\"\" srcset=\"https:\/\/gvsystem.co.uk\/wp-content\/uploads\/2022\/09\/Step-GVSN-5030SR_detaill.jpg 300w, https:\/\/gvsystem.co.uk\/wp-content\/uploads\/2022\/09\/Step-GVSN-5030SR_detaill-18x12.jpg 18w\" sizes=\"(max-width: 300px) 100vw, 300px\" \/>\t\t\t\t\t\t\t\t\t\t\t\t\t\t\t<\/div>\n\t\t\t\t<\/div>\n\t\t\t\t\t<\/div>\n\t\t<\/div>\n\t\t\t\t\t<\/div>\n\t\t<\/section>\n\t\t\t\t<div class=\"elementor-element elementor-element-e8e3043 elementor-widget elementor-widget-text-editor\" data-id=\"e8e3043\" data-element_type=\"widget\" data-widget_type=\"text-editor.default\">\n\t\t\t\t<div class=\"elementor-widget-container\">\n\t\t\t\t\t\t\t\t\t<p><strong><span style=\"color: #ff0000;\">\u00a0TDS herunterladen<\/span> <a href=\"https:\/\/gvsystem.co.uk\/wp-content\/uploads\/2022\/09\/GVSTEP-5030SR-TDS.pdf\" target=\"_blank\" rel=\"noopener\"><img decoding=\"async\" src=\"https:\/\/gvsystem.co.uk\/wp-content\/uploads\/2022\/09\/Download3.png\" \/> <\/a><\/strong><\/p>\t\t\t\t\t\t\t\t<\/div>\n\t\t\t\t<\/div>\n\t\t\t\t<div class=\"elementor-element elementor-element-d9d331f elementor-widget elementor-widget-spacer\" data-id=\"d9d331f\" data-element_type=\"widget\" data-widget_type=\"spacer.default\">\n\t\t\t\t<div class=\"elementor-widget-container\">\n\t\t\t\t\t\t\t<div class=\"elementor-spacer\">\n\t\t\t<div class=\"elementor-spacer-inner\"><\/div>\n\t\t<\/div>\n\t\t\t\t\t\t<\/div>\n\t\t\t\t<\/div>\n\t\t\t\t\t<\/div>\n\t\t<\/div>\n\t\t\t\t\t<\/div>\n\t\t<\/section>\n\t\t\t\t<\/div>","protected":false},"excerpt":{"rendered":"<p>STEP GVSN 5030SR GV STEP EDGE PROFILEMADE OF ALUMINIUM Application Step Edge Profile GVStep \u2013 The high-quality step edge profile with specially profiled and embossed tread surface. The profile is slip-resistant and provides optimum protection for the stair edges. FORM MEETS FUNCTION: STYLE ELEMENT AND SAFETY FACTOR AT ONCE. Stairs are a defining design element [&hellip;]<\/p>","protected":false},"featured_media":2899,"comment_status":"open","ping_status":"closed","template":"elementor_header_footer","meta":{"_acf_changed":false,"site-sidebar-layout":"no-sidebar","site-content-layout":"page-builder","ast-site-content-layout":"default","site-content-style":"default","site-sidebar-style":"default","ast-global-header-display":"","ast-banner-title-visibility":"","ast-main-header-display":"","ast-hfb-above-header-display":"","ast-hfb-below-header-display":"","ast-hfb-mobile-header-display":"","site-post-title":"disabled","ast-breadcrumbs-content":"","ast-featured-img":"disabled","footer-sml-layout":"","ast-disable-related-posts":"","theme-transparent-header-meta":"default","adv-header-id-meta":"","stick-header-meta":"","header-above-stick-meta":"","header-main-stick-meta":"","header-below-stick-meta":"","astra-migrate-meta-layouts":"default","ast-page-background-enabled":"default","ast-page-background-meta":{"desktop":{"background-color":"","background-image":"","background-repeat":"repeat","background-position":"center center","background-size":"auto","background-attachment":"scroll","background-type":"","background-media":"","overlay-type":"","overlay-color":"","overlay-opacity":"","overlay-gradient":""},"tablet":{"background-color":"","background-image":"","background-repeat":"repeat","background-position":"center center","background-size":"auto","background-attachment":"scroll","background-type":"","background-media":"","overlay-type":"","overlay-color":"","overlay-opacity":"","overlay-gradient":""},"mobile":{"background-color":"","background-image":"","background-repeat":"repeat","background-position":"center center","background-size":"auto","background-attachment":"scroll","background-type":"","background-media":"","overlay-type":"","overlay-color":"","overlay-opacity":"","overlay-gradient":""}},"ast-content-background-meta":{"desktop":{"background-color":"var(--ast-global-color-5)","background-image":"","background-repeat":"repeat","background-position":"center center","background-size":"auto","background-attachment":"scroll","background-type":"","background-media":"","overlay-type":"","overlay-color":"","overlay-opacity":"","overlay-gradient":""},"tablet":{"background-color":"var(--ast-global-color-5)","background-image":"","background-repeat":"repeat","background-position":"center center","background-size":"auto","background-attachment":"scroll","background-type":"","background-media":"","overlay-type":"","overlay-color":"","overlay-opacity":"","overlay-gradient":""},"mobile":{"background-color":"var(--ast-global-color-5)","background-image":"","background-repeat":"repeat","background-position":"center center","background-size":"auto","background-attachment":"scroll","background-type":"","background-media":"","overlay-type":"","overlay-color":"","overlay-opacity":"","overlay-gradient":""}}},"product_brand":[],"product_cat":[163],"product_tag":[],"class_list":{"0":"post-4644","1":"product","2":"type-product","3":"status-publish","4":"has-post-thumbnail","6":"product_cat-stair-nosing","7":"desktop-align-left","8":"tablet-align-left","9":"mobile-align-left","11":"first","12":"instock","13":"shipping-taxable","14":"product-type-simple"},"acf":[],"yoast_head":"<!-- This site is optimized with the Yoast SEO Premium plugin v18.9 (Yoast SEO v26.7) - https:\/\/yoast.com\/wordpress\/plugins\/seo\/ -->\n<title>Step GVSN 5030SR - GV SYSTEM<\/title>\n<meta name=\"robots\" content=\"index, follow, max-snippet:-1, max-image-preview:large, max-video-preview:-1\" \/>\n<link rel=\"canonical\" href=\"https:\/\/gvsystem.co.uk\/de\/produkt\/step-gvsn-5030sr\/\" \/>\n<meta property=\"og:locale\" content=\"de_DE\" \/>\n<meta property=\"og:type\" content=\"article\" \/>\n<meta property=\"og:title\" content=\"Step GVSN 5030SR\" \/>\n<meta property=\"og:description\" content=\"STEP GVSN 5030SR GV STEP EDGE PROFILEMADE OF ALUMINIUM Application Step Edge Profile GVStep \u2013 The high-quality step edge profile with specially profiled and embossed tread surface. The profile is slip-resistant and provides optimum protection for the stair edges. FORM MEETS FUNCTION: STYLE ELEMENT AND SAFETY FACTOR AT ONCE. Stairs are a defining design element [&hellip;]\" \/>\n<meta property=\"og:url\" content=\"https:\/\/gvsystem.co.uk\/de\/produkt\/step-gvsn-5030sr\/\" \/>\n<meta property=\"og:site_name\" content=\"GV SYSTEM\" \/>\n<meta property=\"article:modified_time\" content=\"2022-11-06T14:57:34+00:00\" \/>\n<meta property=\"og:image\" content=\"https:\/\/gvsystem.co.uk\/wp-content\/uploads\/2022\/09\/Step-GVSN-5030SR_profile.jpg\" \/>\n\t<meta property=\"og:image:width\" content=\"600\" \/>\n\t<meta property=\"og:image:height\" content=\"610\" \/>\n\t<meta property=\"og:image:type\" content=\"image\/jpeg\" \/>\n<meta name=\"twitter:card\" content=\"summary_large_image\" \/>\n<!-- \/ Yoast SEO Premium plugin. -->","yoast_head_json":{"title":"Step GVSN 5030SR - GV SYSTEM","robots":{"index":"index","follow":"follow","max-snippet":"max-snippet:-1","max-image-preview":"max-image-preview:large","max-video-preview":"max-video-preview:-1"},"canonical":"https:\/\/gvsystem.co.uk\/de\/produkt\/step-gvsn-5030sr\/","og_locale":"de_DE","og_type":"article","og_title":"Step GVSN 5030SR","og_description":"STEP GVSN 5030SR GV STEP EDGE PROFILEMADE OF ALUMINIUM Application Step Edge Profile GVStep \u2013 The high-quality step edge profile with specially profiled and embossed tread surface. The profile is slip-resistant and provides optimum protection for the stair edges. FORM MEETS FUNCTION: STYLE ELEMENT AND SAFETY FACTOR AT ONCE. Stairs are a defining design element [&hellip;]","og_url":"https:\/\/gvsystem.co.uk\/de\/produkt\/step-gvsn-5030sr\/","og_site_name":"GV SYSTEM","article_modified_time":"2022-11-06T14:57:34+00:00","og_image":[{"width":600,"height":610,"url":"https:\/\/gvsystem.co.uk\/wp-content\/uploads\/2022\/09\/Step-GVSN-5030SR_profile.jpg","type":"image\/jpeg"}],"twitter_card":"summary_large_image","schema":{"@context":"https:\/\/schema.org","@graph":[{"@type":"WebPage","@id":"https:\/\/gvsystem.co.uk\/product\/step-gvsn-5030sr\/","url":"https:\/\/gvsystem.co.uk\/product\/step-gvsn-5030sr\/","name":"Step GVSN 5030SR - GV SYSTEM","isPartOf":{"@id":"https:\/\/gvsystem.co.uk\/#website"},"primaryImageOfPage":{"@id":"https:\/\/gvsystem.co.uk\/product\/step-gvsn-5030sr\/#primaryimage"},"image":{"@id":"https:\/\/gvsystem.co.uk\/product\/step-gvsn-5030sr\/#primaryimage"},"thumbnailUrl":"https:\/\/gvsystem.co.uk\/wp-content\/uploads\/2022\/09\/Step-GVSN-5030SR_profile.jpg","datePublished":"2022-11-06T14:56:33+00:00","dateModified":"2022-11-06T14:57:34+00:00","breadcrumb":{"@id":"https:\/\/gvsystem.co.uk\/product\/step-gvsn-5030sr\/#breadcrumb"},"inLanguage":"de","potentialAction":[{"@type":"ReadAction","target":["https:\/\/gvsystem.co.uk\/product\/step-gvsn-5030sr\/"]}]},{"@type":"ImageObject","inLanguage":"de","@id":"https:\/\/gvsystem.co.uk\/product\/step-gvsn-5030sr\/#primaryimage","url":"https:\/\/gvsystem.co.uk\/wp-content\/uploads\/2022\/09\/Step-GVSN-5030SR_profile.jpg","contentUrl":"https:\/\/gvsystem.co.uk\/wp-content\/uploads\/2022\/09\/Step-GVSN-5030SR_profile.jpg","width":600,"height":610},{"@type":"BreadcrumbList","@id":"https:\/\/gvsystem.co.uk\/product\/step-gvsn-5030sr\/#breadcrumb","itemListElement":[{"@type":"ListItem","position":1,"name":"Home","item":"https:\/\/gvsystem.co.uk\/"},{"@type":"ListItem","position":2,"name":"Products","item":"https:\/\/gvsystem.co.uk\/products\/"},{"@type":"ListItem","position":3,"name":"Stair Nosing","item":"https:\/\/gvsystem.co.uk\/product-category\/stair-nosing\/"},{"@type":"ListItem","position":4,"name":"Step GVSN 5030SR"}]},{"@type":"WebSite","@id":"https:\/\/gvsystem.co.uk\/#website","url":"https:\/\/gvsystem.co.uk\/","name":"GV SYSTEM","description":"Catalogue GV System","publisher":{"@id":"https:\/\/gvsystem.co.uk\/#organization"},"potentialAction":[{"@type":"SearchAction","target":{"@type":"EntryPoint","urlTemplate":"https:\/\/gvsystem.co.uk\/?s={search_term_string}"},"query-input":{"@type":"PropertyValueSpecification","valueRequired":true,"valueName":"search_term_string"}}],"inLanguage":"de"},{"@type":"Organization","@id":"https:\/\/gvsystem.co.uk\/#organization","name":"GV SYSTEM LTD","url":"https:\/\/gvsystem.co.uk\/","logo":{"@type":"ImageObject","inLanguage":"de","@id":"https:\/\/gvsystem.co.uk\/#\/schema\/logo\/image\/","url":"https:\/\/gvsystem.co.uk\/wp-content\/uploads\/2022\/09\/Logo_GV_180_60.png","contentUrl":"https:\/\/gvsystem.co.uk\/wp-content\/uploads\/2022\/09\/Logo_GV_180_60.png","width":180,"height":60,"caption":"GV SYSTEM LTD"},"image":{"@id":"https:\/\/gvsystem.co.uk\/#\/schema\/logo\/image\/"}}]}},"_links":{"self":[{"href":"https:\/\/gvsystem.co.uk\/de\/wp-json\/wp\/v2\/product\/4644","targetHints":{"allow":["GET"]}}],"collection":[{"href":"https:\/\/gvsystem.co.uk\/de\/wp-json\/wp\/v2\/product"}],"about":[{"href":"https:\/\/gvsystem.co.uk\/de\/wp-json\/wp\/v2\/types\/product"}],"replies":[{"embeddable":true,"href":"https:\/\/gvsystem.co.uk\/de\/wp-json\/wp\/v2\/comments?post=4644"}],"version-history":[{"count":4,"href":"https:\/\/gvsystem.co.uk\/de\/wp-json\/wp\/v2\/product\/4644\/revisions"}],"predecessor-version":[{"id":4652,"href":"https:\/\/gvsystem.co.uk\/de\/wp-json\/wp\/v2\/product\/4644\/revisions\/4652"}],"wp:featuredmedia":[{"embeddable":true,"href":"https:\/\/gvsystem.co.uk\/de\/wp-json\/wp\/v2\/media\/2899"}],"wp:attachment":[{"href":"https:\/\/gvsystem.co.uk\/de\/wp-json\/wp\/v2\/media?parent=4644"}],"wp:term":[{"taxonomy":"product_brand","embeddable":true,"href":"https:\/\/gvsystem.co.uk\/de\/wp-json\/wp\/v2\/product_brand?post=4644"},{"taxonomy":"product_cat","embeddable":true,"href":"https:\/\/gvsystem.co.uk\/de\/wp-json\/wp\/v2\/product_cat?post=4644"},{"taxonomy":"product_tag","embeddable":true,"href":"https:\/\/gvsystem.co.uk\/de\/wp-json\/wp\/v2\/product_tag?post=4644"}],"curies":[{"name":"wp","href":"https:\/\/api.w.org\/{rel}","templated":true}]}}