{"id":4640,"date":"2022-11-06T14:54:46","date_gmt":"2022-11-06T14:54:46","guid":{"rendered":"https:\/\/gvsystem.co.uk\/?post_type=product&#038;p=4640"},"modified":"2022-11-06T14:55:50","modified_gmt":"2022-11-06T14:55:50","slug":"step-gvsn-7530","status":"publish","type":"product","link":"https:\/\/gvsystem.co.uk\/de\/produkt\/step-gvsn-7530\/","title":{"rendered":"Step GVSN 7530"},"content":{"rendered":"<div data-elementor-type=\"product-post\" data-elementor-id=\"4640\" class=\"elementor elementor-4640\" data-elementor-post-type=\"product\">\n\t\t\t\t\t\t<section class=\"elementor-section elementor-top-section elementor-element elementor-element-b7241c1 elementor-section-boxed elementor-section-height-default elementor-section-height-default\" data-id=\"b7241c1\" data-element_type=\"section\">\n\t\t\t\t\t\t<div class=\"elementor-container elementor-column-gap-default\">\n\t\t\t\t\t<div class=\"elementor-column elementor-col-100 elementor-top-column elementor-element elementor-element-fc7f764\" data-id=\"fc7f764\" data-element_type=\"column\">\n\t\t\t<div class=\"elementor-widget-wrap elementor-element-populated\">\n\t\t\t\t\t\t<div class=\"elementor-element elementor-element-b8bc5de elementor-widget elementor-widget-shortcode\" data-id=\"b8bc5de\" data-element_type=\"widget\" data-widget_type=\"shortcode.default\">\n\t\t\t\t<div class=\"elementor-widget-container\">\n\t\t\t\t\t\t\t<div class=\"elementor-shortcode\"><span><span><a href=\"https:\/\/gvsystem.co.uk\/de\/\">Heim<\/a><\/span><\/span><\/div>\n\t\t\t\t\t\t<\/div>\n\t\t\t\t<\/div>\n\t\t\t\t<section class=\"elementor-section elementor-inner-section elementor-element elementor-element-8217398 elementor-section-boxed elementor-section-height-default elementor-section-height-default\" data-id=\"8217398\" data-element_type=\"section\">\n\t\t\t\t\t\t<div class=\"elementor-container elementor-column-gap-default\">\n\t\t\t\t\t<div class=\"elementor-column elementor-col-50 elementor-inner-column elementor-element elementor-element-e6e5fbb\" data-id=\"e6e5fbb\" data-element_type=\"column\">\n\t\t\t<div class=\"elementor-widget-wrap elementor-element-populated\">\n\t\t\t\t\t\t<div class=\"elementor-element elementor-element-38dce0b elementor-widget elementor-widget-text-editor\" data-id=\"38dce0b\" data-element_type=\"widget\" data-widget_type=\"text-editor.default\">\n\t\t\t\t<div class=\"elementor-widget-container\">\n\t\t\t\t\t\t\t\t\t<h1>SCHRITT GVSN 7530<\/h1><p>GV-STUFENKANTENPROFIL<br \/><strong>GEMACHT AUS ALUMINIUM<\/strong><\/p><p><strong><span style=\"color: #ff0000;\">Anwendungsschritt Kantenprofil<\/span><\/strong><\/p><p>GVStep - Das hochwertige Treppenkantenprofil mit speziell profilierter und gepr\u00e4gter Trittfl\u00e4che. Das Profil ist rutschhemmend und bietet optimalen Schutz f\u00fcr die Treppenkanten.<\/p><p><span style=\"color: #ff0000;\"><strong>FORM TRIFFT FUNKTION: STILELEMENT UND SICHERHEITSFAKTOR IN EINEM.<\/strong><\/span><\/p><p>Treppen sind ein pr\u00e4gendes Gestaltungselement in der Architektur. Die Stufen sorgen f\u00fcr kreative \u00dcberg\u00e4nge und strukturieren den Raum. GVstep verbindet optische Anforderungen mit funktionalen Bed\u00fcrfnissen. Stufenkantenprofile erh\u00f6hen die Trittsicherheit und sch\u00fctzen gleichzeitig die Kante vor mechanischer Beanspruchung.<\/p>\t\t\t\t\t\t\t\t<\/div>\n\t\t\t\t<\/div>\n\t\t\t\t\t<\/div>\n\t\t<\/div>\n\t\t\t\t<div class=\"elementor-column elementor-col-50 elementor-inner-column elementor-element elementor-element-a02d3ef\" data-id=\"a02d3ef\" data-element_type=\"column\">\n\t\t\t<div class=\"elementor-widget-wrap elementor-element-populated\">\n\t\t\t\t\t\t<div class=\"elementor-element elementor-element-fa502ac elementor-widget elementor-widget-image\" data-id=\"fa502ac\" data-element_type=\"widget\" data-widget_type=\"image.default\">\n\t\t\t\t<div class=\"elementor-widget-container\">\n\t\t\t\t\t\t\t\t\t\t\t\t\t\t\t<img fetchpriority=\"high\" decoding=\"async\" width=\"600\" height=\"600\" src=\"https:\/\/gvsystem.co.uk\/wp-content\/uploads\/2022\/09\/Step-GVSN-7530_profile.jpg\" class=\"attachment-large size-large wp-image-2941\" alt=\"\" srcset=\"https:\/\/gvsystem.co.uk\/wp-content\/uploads\/2022\/09\/Step-GVSN-7530_profile.jpg 600w, https:\/\/gvsystem.co.uk\/wp-content\/uploads\/2022\/09\/Step-GVSN-7530_profile-300x300.jpg 300w, https:\/\/gvsystem.co.uk\/wp-content\/uploads\/2022\/09\/Step-GVSN-7530_profile-150x150.jpg 150w, https:\/\/gvsystem.co.uk\/wp-content\/uploads\/2022\/09\/Step-GVSN-7530_profile-12x12.jpg 12w, https:\/\/gvsystem.co.uk\/wp-content\/uploads\/2022\/09\/Step-GVSN-7530_profile-100x100.jpg 100w\" sizes=\"(max-width: 600px) 100vw, 600px\" \/>\t\t\t\t\t\t\t\t\t\t\t\t\t\t\t<\/div>\n\t\t\t\t<\/div>\n\t\t\t\t\t<\/div>\n\t\t<\/div>\n\t\t\t\t\t<\/div>\n\t\t<\/section>\n\t\t\t\t<section class=\"elementor-section elementor-inner-section elementor-element elementor-element-593e400 elementor-section-boxed elementor-section-height-default elementor-section-height-default\" data-id=\"593e400\" data-element_type=\"section\">\n\t\t\t\t\t\t<div class=\"elementor-container elementor-column-gap-default\">\n\t\t\t\t\t<div class=\"elementor-column elementor-col-50 elementor-inner-column elementor-element elementor-element-b7b1ea2\" data-id=\"b7b1ea2\" data-element_type=\"column\">\n\t\t\t<div class=\"elementor-widget-wrap elementor-element-populated\">\n\t\t\t\t\t\t<div class=\"elementor-element elementor-element-739e193 elementor-widget elementor-widget-text-editor\" data-id=\"739e193\" data-element_type=\"widget\" data-widget_type=\"text-editor.default\">\n\t\t\t\t<div class=\"elementor-widget-container\">\n\t\t\t\t\t\t\t\t\t<p><strong style=\"color: #ff0000; font-style: inherit; background-color: var(--ast-global-color-4);\">TECHNISCHE DATEN<\/strong><\/p><p>Aluminium 6063 T6<br \/>Gr\u00f6\u00dfe:<br \/>* Tread 75 mm <br \/>* Steigrohr 30 mm<br \/>Materialnummer: 33.206<\/p><p>Alle in diesem Datenblatt angegebenen Ma\u00dfe, Gewichte und Belastungen sind ca.-Angaben. F\u00fcr spezielle Anwendungen sowie Sch\u00e4den, die durch unsachgem\u00e4\u00dfe Montage oder Verwendung entstehen, k\u00f6nnen wir keine Haftung \u00fcbernehmen, eine entsprechende Eignungspr\u00fcfung muss immer vom Kunden durchgef\u00fchrt werden.<\/p>\t\t\t\t\t\t\t\t<\/div>\n\t\t\t\t<\/div>\n\t\t\t\t\t<\/div>\n\t\t<\/div>\n\t\t\t\t<div class=\"elementor-column elementor-col-50 elementor-inner-column elementor-element elementor-element-57a8012\" data-id=\"57a8012\" data-element_type=\"column\">\n\t\t\t<div class=\"elementor-widget-wrap elementor-element-populated\">\n\t\t\t\t\t\t<div class=\"elementor-element elementor-element-67811a8 elementor-widget elementor-widget-image\" data-id=\"67811a8\" data-element_type=\"widget\" data-widget_type=\"image.default\">\n\t\t\t\t<div class=\"elementor-widget-container\">\n\t\t\t\t\t\t\t\t\t\t\t\t\t\t\t<img decoding=\"async\" width=\"300\" height=\"202\" src=\"https:\/\/gvsystem.co.uk\/wp-content\/uploads\/2022\/09\/Step-GVSN-7530_detaill.jpg\" class=\"attachment-large size-large wp-image-2945\" alt=\"\" srcset=\"https:\/\/gvsystem.co.uk\/wp-content\/uploads\/2022\/09\/Step-GVSN-7530_detaill.jpg 300w, https:\/\/gvsystem.co.uk\/wp-content\/uploads\/2022\/09\/Step-GVSN-7530_detaill-18x12.jpg 18w\" sizes=\"(max-width: 300px) 100vw, 300px\" \/>\t\t\t\t\t\t\t\t\t\t\t\t\t\t\t<\/div>\n\t\t\t\t<\/div>\n\t\t\t\t\t<\/div>\n\t\t<\/div>\n\t\t\t\t\t<\/div>\n\t\t<\/section>\n\t\t\t\t<div class=\"elementor-element elementor-element-bb454b1 elementor-widget elementor-widget-text-editor\" data-id=\"bb454b1\" data-element_type=\"widget\" data-widget_type=\"text-editor.default\">\n\t\t\t\t<div class=\"elementor-widget-container\">\n\t\t\t\t\t\t\t\t\t<p><strong><span style=\"color: #ff0000;\">TDS herunterladen<\/span> <a href=\"https:\/\/gvsystem.co.uk\/wp-content\/uploads\/2022\/09\/GVSTEP-7530-TDS-.pdf\" target=\"_blank\" rel=\"noopener\"><img decoding=\"async\" src=\"https:\/\/gvsystem.co.uk\/wp-content\/uploads\/2022\/09\/Download3.png\" \/> <\/a><a href=\"https:\/\/gvsystem.co.uk\/wp-content\/uploads\/2022\/09\/GVSTEP-4525-TDS.pdf\" target=\"_blank\" rel=\"noopener\">\u00a0<\/a><\/strong><\/p>\t\t\t\t\t\t\t\t<\/div>\n\t\t\t\t<\/div>\n\t\t\t\t<div class=\"elementor-element elementor-element-3baef9c elementor-widget elementor-widget-spacer\" data-id=\"3baef9c\" data-element_type=\"widget\" data-widget_type=\"spacer.default\">\n\t\t\t\t<div class=\"elementor-widget-container\">\n\t\t\t\t\t\t\t<div class=\"elementor-spacer\">\n\t\t\t<div class=\"elementor-spacer-inner\"><\/div>\n\t\t<\/div>\n\t\t\t\t\t\t<\/div>\n\t\t\t\t<\/div>\n\t\t\t\t\t<\/div>\n\t\t<\/div>\n\t\t\t\t\t<\/div>\n\t\t<\/section>\n\t\t\t\t<\/div>","protected":false},"excerpt":{"rendered":"<p>STEP GVSN 7530 GV STEP EDGE PROFILEMADE OF ALUMINIUM Application Step Edge Profile GVStep \u2013 The high-quality step edge profile with specially profiled and embossed tread surface. The profile is slip-resistant and provides optimum protection for the stair edges. FORM MEETS FUNCTION: STYLE ELEMENT AND SAFETY FACTOR AT ONCE. Stairs are a defining design element [&hellip;]<\/p>","protected":false},"featured_media":2941,"comment_status":"open","ping_status":"closed","template":"elementor_header_footer","meta":{"_acf_changed":false,"site-sidebar-layout":"no-sidebar","site-content-layout":"page-builder","ast-site-content-layout":"default","site-content-style":"default","site-sidebar-style":"default","ast-global-header-display":"","ast-banner-title-visibility":"","ast-main-header-display":"","ast-hfb-above-header-display":"","ast-hfb-below-header-display":"","ast-hfb-mobile-header-display":"","site-post-title":"disabled","ast-breadcrumbs-content":"","ast-featured-img":"disabled","footer-sml-layout":"","ast-disable-related-posts":"","theme-transparent-header-meta":"default","adv-header-id-meta":"","stick-header-meta":"","header-above-stick-meta":"","header-main-stick-meta":"","header-below-stick-meta":"","astra-migrate-meta-layouts":"default","ast-page-background-enabled":"default","ast-page-background-meta":{"desktop":{"background-color":"","background-image":"","background-repeat":"repeat","background-position":"center center","background-size":"auto","background-attachment":"scroll","background-type":"","background-media":"","overlay-type":"","overlay-color":"","overlay-opacity":"","overlay-gradient":""},"tablet":{"background-color":"","background-image":"","background-repeat":"repeat","background-position":"center center","background-size":"auto","background-attachment":"scroll","background-type":"","background-media":"","overlay-type":"","overlay-color":"","overlay-opacity":"","overlay-gradient":""},"mobile":{"background-color":"","background-image":"","background-repeat":"repeat","background-position":"center center","background-size":"auto","background-attachment":"scroll","background-type":"","background-media":"","overlay-type":"","overlay-color":"","overlay-opacity":"","overlay-gradient":""}},"ast-content-background-meta":{"desktop":{"background-color":"var(--ast-global-color-5)","background-image":"","background-repeat":"repeat","background-position":"center center","background-size":"auto","background-attachment":"scroll","background-type":"","background-media":"","overlay-type":"","overlay-color":"","overlay-opacity":"","overlay-gradient":""},"tablet":{"background-color":"var(--ast-global-color-5)","background-image":"","background-repeat":"repeat","background-position":"center center","background-size":"auto","background-attachment":"scroll","background-type":"","background-media":"","overlay-type":"","overlay-color":"","overlay-opacity":"","overlay-gradient":""},"mobile":{"background-color":"var(--ast-global-color-5)","background-image":"","background-repeat":"repeat","background-position":"center center","background-size":"auto","background-attachment":"scroll","background-type":"","background-media":"","overlay-type":"","overlay-color":"","overlay-opacity":"","overlay-gradient":""}}},"product_brand":[],"product_cat":[163],"product_tag":[],"class_list":{"0":"post-4640","1":"product","2":"type-product","3":"status-publish","4":"has-post-thumbnail","6":"product_cat-stair-nosing","7":"desktop-align-left","8":"tablet-align-left","9":"mobile-align-left","11":"first","12":"instock","13":"shipping-taxable","14":"product-type-simple"},"acf":[],"yoast_head":"<!-- This site is optimized with the Yoast SEO Premium plugin v18.9 (Yoast SEO v26.7) - https:\/\/yoast.com\/wordpress\/plugins\/seo\/ -->\n<title>Step GVSN 7530 - GV SYSTEM<\/title>\n<meta name=\"robots\" content=\"index, follow, max-snippet:-1, max-image-preview:large, max-video-preview:-1\" \/>\n<link rel=\"canonical\" href=\"https:\/\/gvsystem.co.uk\/de\/produkt\/step-gvsn-7530\/\" \/>\n<meta property=\"og:locale\" content=\"de_DE\" \/>\n<meta property=\"og:type\" content=\"article\" \/>\n<meta property=\"og:title\" content=\"Step GVSN 7530\" \/>\n<meta property=\"og:description\" content=\"STEP GVSN 7530 GV STEP EDGE PROFILEMADE OF ALUMINIUM Application Step Edge Profile GVStep \u2013 The high-quality step edge profile with specially profiled and embossed tread surface. The profile is slip-resistant and provides optimum protection for the stair edges. FORM MEETS FUNCTION: STYLE ELEMENT AND SAFETY FACTOR AT ONCE. Stairs are a defining design element [&hellip;]\" \/>\n<meta property=\"og:url\" content=\"https:\/\/gvsystem.co.uk\/de\/produkt\/step-gvsn-7530\/\" \/>\n<meta property=\"og:site_name\" content=\"GV SYSTEM\" \/>\n<meta property=\"article:modified_time\" content=\"2022-11-06T14:55:50+00:00\" \/>\n<meta property=\"og:image\" content=\"https:\/\/gvsystem.co.uk\/wp-content\/uploads\/2022\/09\/Step-GVSN-7530_profile.jpg\" \/>\n\t<meta property=\"og:image:width\" content=\"600\" \/>\n\t<meta property=\"og:image:height\" content=\"600\" \/>\n\t<meta property=\"og:image:type\" content=\"image\/jpeg\" \/>\n<meta name=\"twitter:card\" content=\"summary_large_image\" \/>\n<!-- \/ Yoast SEO Premium plugin. -->","yoast_head_json":{"title":"Step GVSN 7530 - GV SYSTEM","robots":{"index":"index","follow":"follow","max-snippet":"max-snippet:-1","max-image-preview":"max-image-preview:large","max-video-preview":"max-video-preview:-1"},"canonical":"https:\/\/gvsystem.co.uk\/de\/produkt\/step-gvsn-7530\/","og_locale":"de_DE","og_type":"article","og_title":"Step GVSN 7530","og_description":"STEP GVSN 7530 GV STEP EDGE PROFILEMADE OF ALUMINIUM Application Step Edge Profile GVStep \u2013 The high-quality step edge profile with specially profiled and embossed tread surface. The profile is slip-resistant and provides optimum protection for the stair edges. FORM MEETS FUNCTION: STYLE ELEMENT AND SAFETY FACTOR AT ONCE. Stairs are a defining design element [&hellip;]","og_url":"https:\/\/gvsystem.co.uk\/de\/produkt\/step-gvsn-7530\/","og_site_name":"GV SYSTEM","article_modified_time":"2022-11-06T14:55:50+00:00","og_image":[{"width":600,"height":600,"url":"https:\/\/gvsystem.co.uk\/wp-content\/uploads\/2022\/09\/Step-GVSN-7530_profile.jpg","type":"image\/jpeg"}],"twitter_card":"summary_large_image","schema":{"@context":"https:\/\/schema.org","@graph":[{"@type":"WebPage","@id":"https:\/\/gvsystem.co.uk\/product\/step-gvsn-7530\/","url":"https:\/\/gvsystem.co.uk\/product\/step-gvsn-7530\/","name":"Step GVSN 7530 - GV SYSTEM","isPartOf":{"@id":"https:\/\/gvsystem.co.uk\/#website"},"primaryImageOfPage":{"@id":"https:\/\/gvsystem.co.uk\/product\/step-gvsn-7530\/#primaryimage"},"image":{"@id":"https:\/\/gvsystem.co.uk\/product\/step-gvsn-7530\/#primaryimage"},"thumbnailUrl":"https:\/\/gvsystem.co.uk\/wp-content\/uploads\/2022\/09\/Step-GVSN-7530_profile.jpg","datePublished":"2022-11-06T14:54:46+00:00","dateModified":"2022-11-06T14:55:50+00:00","breadcrumb":{"@id":"https:\/\/gvsystem.co.uk\/product\/step-gvsn-7530\/#breadcrumb"},"inLanguage":"de","potentialAction":[{"@type":"ReadAction","target":["https:\/\/gvsystem.co.uk\/product\/step-gvsn-7530\/"]}]},{"@type":"ImageObject","inLanguage":"de","@id":"https:\/\/gvsystem.co.uk\/product\/step-gvsn-7530\/#primaryimage","url":"https:\/\/gvsystem.co.uk\/wp-content\/uploads\/2022\/09\/Step-GVSN-7530_profile.jpg","contentUrl":"https:\/\/gvsystem.co.uk\/wp-content\/uploads\/2022\/09\/Step-GVSN-7530_profile.jpg","width":600,"height":600},{"@type":"BreadcrumbList","@id":"https:\/\/gvsystem.co.uk\/product\/step-gvsn-7530\/#breadcrumb","itemListElement":[{"@type":"ListItem","position":1,"name":"Home","item":"https:\/\/gvsystem.co.uk\/"},{"@type":"ListItem","position":2,"name":"Products","item":"https:\/\/gvsystem.co.uk\/products\/"},{"@type":"ListItem","position":3,"name":"Stair Nosing","item":"https:\/\/gvsystem.co.uk\/product-category\/stair-nosing\/"},{"@type":"ListItem","position":4,"name":"Step GVSN 7530"}]},{"@type":"WebSite","@id":"https:\/\/gvsystem.co.uk\/#website","url":"https:\/\/gvsystem.co.uk\/","name":"GV SYSTEM","description":"Catalogue GV System","publisher":{"@id":"https:\/\/gvsystem.co.uk\/#organization"},"potentialAction":[{"@type":"SearchAction","target":{"@type":"EntryPoint","urlTemplate":"https:\/\/gvsystem.co.uk\/?s={search_term_string}"},"query-input":{"@type":"PropertyValueSpecification","valueRequired":true,"valueName":"search_term_string"}}],"inLanguage":"de"},{"@type":"Organization","@id":"https:\/\/gvsystem.co.uk\/#organization","name":"GV SYSTEM LTD","url":"https:\/\/gvsystem.co.uk\/","logo":{"@type":"ImageObject","inLanguage":"de","@id":"https:\/\/gvsystem.co.uk\/#\/schema\/logo\/image\/","url":"https:\/\/gvsystem.co.uk\/wp-content\/uploads\/2022\/09\/Logo_GV_180_60.png","contentUrl":"https:\/\/gvsystem.co.uk\/wp-content\/uploads\/2022\/09\/Logo_GV_180_60.png","width":180,"height":60,"caption":"GV SYSTEM LTD"},"image":{"@id":"https:\/\/gvsystem.co.uk\/#\/schema\/logo\/image\/"}}]}},"_links":{"self":[{"href":"https:\/\/gvsystem.co.uk\/de\/wp-json\/wp\/v2\/product\/4640","targetHints":{"allow":["GET"]}}],"collection":[{"href":"https:\/\/gvsystem.co.uk\/de\/wp-json\/wp\/v2\/product"}],"about":[{"href":"https:\/\/gvsystem.co.uk\/de\/wp-json\/wp\/v2\/types\/product"}],"replies":[{"embeddable":true,"href":"https:\/\/gvsystem.co.uk\/de\/wp-json\/wp\/v2\/comments?post=4640"}],"version-history":[{"count":4,"href":"https:\/\/gvsystem.co.uk\/de\/wp-json\/wp\/v2\/product\/4640\/revisions"}],"predecessor-version":[{"id":4646,"href":"https:\/\/gvsystem.co.uk\/de\/wp-json\/wp\/v2\/product\/4640\/revisions\/4646"}],"wp:featuredmedia":[{"embeddable":true,"href":"https:\/\/gvsystem.co.uk\/de\/wp-json\/wp\/v2\/media\/2941"}],"wp:attachment":[{"href":"https:\/\/gvsystem.co.uk\/de\/wp-json\/wp\/v2\/media?parent=4640"}],"wp:term":[{"taxonomy":"product_brand","embeddable":true,"href":"https:\/\/gvsystem.co.uk\/de\/wp-json\/wp\/v2\/product_brand?post=4640"},{"taxonomy":"product_cat","embeddable":true,"href":"https:\/\/gvsystem.co.uk\/de\/wp-json\/wp\/v2\/product_cat?post=4640"},{"taxonomy":"product_tag","embeddable":true,"href":"https:\/\/gvsystem.co.uk\/de\/wp-json\/wp\/v2\/product_tag?post=4640"}],"curies":[{"name":"wp","href":"https:\/\/api.w.org\/{rel}","templated":true}]}}