{"id":3353,"date":"2022-09-29T14:38:43","date_gmt":"2022-09-29T14:38:43","guid":{"rendered":"https:\/\/gvsystem.co.uk\/?post_type=product&#038;p=3353"},"modified":"2022-10-02T02:52:11","modified_gmt":"2022-10-02T02:52:11","slug":"ro-81p-rr-rw","status":"publish","type":"product","link":"https:\/\/gvsystem.co.uk\/de\/produkt\/ro-81p-rr-rw\/","title":{"rendered":"RO-81P RR-RW"},"content":{"rendered":"<p><img fetchpriority=\"high\" decoding=\"async\" class=\"aligncenter wp-image-3359 size-full\" src=\"https:\/\/gvsystem.co.uk\/wp-content\/uploads\/2022\/09\/Table_RO-81P.jpg\" alt=\"\" width=\"900\" height=\"798\" srcset=\"https:\/\/gvsystem.co.uk\/wp-content\/uploads\/2022\/09\/Table_RO-81P.jpg 900w, https:\/\/gvsystem.co.uk\/wp-content\/uploads\/2022\/09\/Table_RO-81P-300x266.jpg 300w, https:\/\/gvsystem.co.uk\/wp-content\/uploads\/2022\/09\/Table_RO-81P-768x681.jpg 768w, https:\/\/gvsystem.co.uk\/wp-content\/uploads\/2022\/09\/Table_RO-81P-14x12.jpg 14w, https:\/\/gvsystem.co.uk\/wp-content\/uploads\/2022\/09\/Table_RO-81P-600x532.jpg 600w\" sizes=\"(max-width: 900px) 100vw, 900px\" \/><\/p>\n<p>&nbsp;<\/p>\n<p><img decoding=\"async\" class=\"aligncenter wp-image-3356 size-full\" src=\"https:\/\/gvsystem.co.uk\/wp-content\/uploads\/2022\/09\/Install_RO-81P.jpg\" alt=\"\" width=\"574\" height=\"255\" srcset=\"https:\/\/gvsystem.co.uk\/wp-content\/uploads\/2022\/09\/Install_RO-81P.jpg 574w, https:\/\/gvsystem.co.uk\/wp-content\/uploads\/2022\/09\/Install_RO-81P-300x133.jpg 300w, https:\/\/gvsystem.co.uk\/wp-content\/uploads\/2022\/09\/Install_RO-81P-18x8.jpg 18w\" sizes=\"(max-width: 574px) 100vw, 574px\" \/><\/p>","protected":false},"excerpt":{"rendered":"<p>Der RO-81P (PRO) ist einfach der beste technische Dachanschluss auf dem Markt. Es wurde an alles gedacht, insbesondere an die Art und Weise, wie die Abdichtung dieses Produkts in das System integriert wurde; er verf\u00fcgt \u00fcber einen ma\u00dfgeschneiderten Anschluss im Aluminiumrahmen, an den die Spezialmembran angeschlossen werden kann, um die Wasserdichtigkeit der Fuge zu gew\u00e4hrleisten.<br \/>\nDas Dachprodukt ist die am st\u00e4rksten der Witterung ausgesetzte Dehnungsfuge, und dies wurde von unserem Designteam ber\u00fccksichtigt, indem eine zus\u00e4tzliche Membran eingebaut wurde, die die Befestigungen \u00fcberlappt; diese Membran verwendet ebenfalls unser ma\u00dfgeschneidertes Verbindungsdesign.<\/p>","protected":false},"featured_media":3362,"comment_status":"open","ping_status":"closed","template":"","meta":{"_acf_changed":false,"site-sidebar-layout":"default","site-content-layout":"default","ast-site-content-layout":"default","site-content-style":"default","site-sidebar-style":"default","ast-global-header-display":"","ast-banner-title-visibility":"","ast-main-header-display":"","ast-hfb-above-header-display":"","ast-hfb-below-header-display":"","ast-hfb-mobile-header-display":"","site-post-title":"","ast-breadcrumbs-content":"","ast-featured-img":"","footer-sml-layout":"","ast-disable-related-posts":"","theme-transparent-header-meta":"default","adv-header-id-meta":"","stick-header-meta":"","header-above-stick-meta":"","header-main-stick-meta":"","header-below-stick-meta":"","astra-migrate-meta-layouts":"default","ast-page-background-enabled":"default","ast-page-background-meta":{"desktop":{"background-color":"","background-image":"","background-repeat":"repeat","background-position":"center center","background-size":"auto","background-attachment":"scroll","background-type":"","background-media":"","overlay-type":"","overlay-color":"","overlay-opacity":"","overlay-gradient":""},"tablet":{"background-color":"","background-image":"","background-repeat":"repeat","background-position":"center center","background-size":"auto","background-attachment":"scroll","background-type":"","background-media":"","overlay-type":"","overlay-color":"","overlay-opacity":"","overlay-gradient":""},"mobile":{"background-color":"","background-image":"","background-repeat":"repeat","background-position":"center center","background-size":"auto","background-attachment":"scroll","background-type":"","background-media":"","overlay-type":"","overlay-color":"","overlay-opacity":"","overlay-gradient":""}},"ast-content-background-meta":{"desktop":{"background-color":"var(--ast-global-color-5)","background-image":"","background-repeat":"repeat","background-position":"center center","background-size":"auto","background-attachment":"scroll","background-type":"","background-media":"","overlay-type":"","overlay-color":"","overlay-opacity":"","overlay-gradient":""},"tablet":{"background-color":"var(--ast-global-color-5)","background-image":"","background-repeat":"repeat","background-position":"center center","background-size":"auto","background-attachment":"scroll","background-type":"","background-media":"","overlay-type":"","overlay-color":"","overlay-opacity":"","overlay-gradient":""},"mobile":{"background-color":"var(--ast-global-color-5)","background-image":"","background-repeat":"repeat","background-position":"center center","background-size":"auto","background-attachment":"scroll","background-type":"","background-media":"","overlay-type":"","overlay-color":"","overlay-opacity":"","overlay-gradient":""}}},"product_brand":[],"product_cat":[124,78],"product_tag":[155],"class_list":{"0":"post-3353","1":"product","2":"type-product","3":"status-publish","4":"has-post-thumbnail","6":"product_cat-custom-fields","7":"product_cat-waterproof-system","8":"product_tag-waterproof-system","9":"desktop-align-left","10":"tablet-align-left","11":"mobile-align-left","13":"first","14":"instock","15":"shipping-taxable","16":"product-type-simple"},"acf":[],"yoast_head":"<!-- This site is optimized with the Yoast SEO Premium plugin v18.9 (Yoast SEO v26.7) - https:\/\/yoast.com\/wordpress\/plugins\/seo\/ -->\n<title>RO-81P RR-RW - GV SYSTEM<\/title>\n<meta name=\"description\" content=\"The RO-81P (PRO) is simply the best engineered roof joint on the market, everything has been considered, especially how the waterproofing of this product has be incorporated into the system; it has a bespoke connection in the aluminium frame for the specialised membrane to connect to offer watertightness for the gap.\" \/>\n<meta name=\"robots\" content=\"index, follow, max-snippet:-1, max-image-preview:large, max-video-preview:-1\" \/>\n<link rel=\"canonical\" href=\"https:\/\/gvsystem.co.uk\/de\/produkt\/ro-81p-rr-rw\/\" \/>\n<meta property=\"og:locale\" content=\"de_DE\" \/>\n<meta property=\"og:type\" content=\"article\" \/>\n<meta property=\"og:title\" content=\"RO-81P RR-RW\" \/>\n<meta property=\"og:description\" content=\"The RO-81P (PRO) is simply the best engineered roof joint on the market, everything has been considered, especially how the waterproofing of this product has be incorporated into the system; it has a bespoke connection in the aluminium frame for the specialised membrane to connect to offer watertightness for the gap.\" \/>\n<meta property=\"og:url\" content=\"https:\/\/gvsystem.co.uk\/de\/produkt\/ro-81p-rr-rw\/\" \/>\n<meta property=\"og:site_name\" content=\"GV SYSTEM\" \/>\n<meta property=\"article:modified_time\" content=\"2022-10-02T02:52:11+00:00\" \/>\n<meta property=\"og:image\" content=\"https:\/\/gvsystem.co.uk\/wp-content\/uploads\/2022\/09\/Series-81P.png\" \/>\n\t<meta property=\"og:image:width\" content=\"700\" \/>\n\t<meta property=\"og:image:height\" content=\"700\" \/>\n\t<meta property=\"og:image:type\" content=\"image\/png\" \/>\n<meta name=\"twitter:card\" content=\"summary_large_image\" \/>\n<!-- \/ Yoast SEO Premium plugin. -->","yoast_head_json":{"title":"RO-81P RR-RW - GV SYSTEM","description":"Der RO-81P (PRO) ist einfach der beste technische Dachanschluss auf dem Markt. Es wurde an alles gedacht, insbesondere an die Art und Weise, wie die Abdichtung dieses Produkts in das System integriert wurde; er verf\u00fcgt \u00fcber einen ma\u00dfgeschneiderten Anschluss im Aluminiumrahmen, an den die Spezialmembran angeschlossen werden kann, um die Wasserdichtigkeit der Fuge zu gew\u00e4hrleisten.","robots":{"index":"index","follow":"follow","max-snippet":"max-snippet:-1","max-image-preview":"max-image-preview:large","max-video-preview":"max-video-preview:-1"},"canonical":"https:\/\/gvsystem.co.uk\/de\/produkt\/ro-81p-rr-rw\/","og_locale":"de_DE","og_type":"article","og_title":"RO-81P RR-RW","og_description":"The RO-81P (PRO) is simply the best engineered roof joint on the market, everything has been considered, especially how the waterproofing of this product has be incorporated into the system; it has a bespoke connection in the aluminium frame for the specialised membrane to connect to offer watertightness for the gap.","og_url":"https:\/\/gvsystem.co.uk\/de\/produkt\/ro-81p-rr-rw\/","og_site_name":"GV SYSTEM","article_modified_time":"2022-10-02T02:52:11+00:00","og_image":[{"width":700,"height":700,"url":"https:\/\/gvsystem.co.uk\/wp-content\/uploads\/2022\/09\/Series-81P.png","type":"image\/png"}],"twitter_card":"summary_large_image","schema":{"@context":"https:\/\/schema.org","@graph":[{"@type":"WebPage","@id":"https:\/\/gvsystem.co.uk\/product\/ro-81p-rr-rw\/","url":"https:\/\/gvsystem.co.uk\/product\/ro-81p-rr-rw\/","name":"RO-81P RR-RW - GV SYSTEM","isPartOf":{"@id":"https:\/\/gvsystem.co.uk\/#website"},"primaryImageOfPage":{"@id":"https:\/\/gvsystem.co.uk\/product\/ro-81p-rr-rw\/#primaryimage"},"image":{"@id":"https:\/\/gvsystem.co.uk\/product\/ro-81p-rr-rw\/#primaryimage"},"thumbnailUrl":"https:\/\/gvsystem.co.uk\/wp-content\/uploads\/2022\/09\/Series-81P.png","datePublished":"2022-09-29T14:38:43+00:00","dateModified":"2022-10-02T02:52:11+00:00","description":"Der RO-81P (PRO) ist einfach der beste technische Dachanschluss auf dem Markt. Es wurde an alles gedacht, insbesondere an die Art und Weise, wie die Abdichtung dieses Produkts in das System integriert wurde; er verf\u00fcgt \u00fcber einen ma\u00dfgeschneiderten Anschluss im Aluminiumrahmen, an den die Spezialmembran angeschlossen werden kann, um die Wasserdichtigkeit der Fuge zu gew\u00e4hrleisten.","breadcrumb":{"@id":"https:\/\/gvsystem.co.uk\/product\/ro-81p-rr-rw\/#breadcrumb"},"inLanguage":"de","potentialAction":[{"@type":"ReadAction","target":["https:\/\/gvsystem.co.uk\/product\/ro-81p-rr-rw\/"]}]},{"@type":"ImageObject","inLanguage":"de","@id":"https:\/\/gvsystem.co.uk\/product\/ro-81p-rr-rw\/#primaryimage","url":"https:\/\/gvsystem.co.uk\/wp-content\/uploads\/2022\/09\/Series-81P.png","contentUrl":"https:\/\/gvsystem.co.uk\/wp-content\/uploads\/2022\/09\/Series-81P.png","width":700,"height":700},{"@type":"BreadcrumbList","@id":"https:\/\/gvsystem.co.uk\/product\/ro-81p-rr-rw\/#breadcrumb","itemListElement":[{"@type":"ListItem","position":1,"name":"Home","item":"https:\/\/gvsystem.co.uk\/"},{"@type":"ListItem","position":2,"name":"Products","item":"https:\/\/gvsystem.co.uk\/products\/"},{"@type":"ListItem","position":3,"name":"Expansion Joint","item":"https:\/\/gvsystem.co.uk\/product-category\/expansion-joint\/"},{"@type":"ListItem","position":4,"name":"Waterproof System","item":"https:\/\/gvsystem.co.uk\/product-category\/expansion-joint\/waterproof-system\/"},{"@type":"ListItem","position":5,"name":"RO-81P RR-RW"}]},{"@type":"WebSite","@id":"https:\/\/gvsystem.co.uk\/#website","url":"https:\/\/gvsystem.co.uk\/","name":"GV SYSTEM","description":"Catalogue GV System","publisher":{"@id":"https:\/\/gvsystem.co.uk\/#organization"},"potentialAction":[{"@type":"SearchAction","target":{"@type":"EntryPoint","urlTemplate":"https:\/\/gvsystem.co.uk\/?s={search_term_string}"},"query-input":{"@type":"PropertyValueSpecification","valueRequired":true,"valueName":"search_term_string"}}],"inLanguage":"de"},{"@type":"Organization","@id":"https:\/\/gvsystem.co.uk\/#organization","name":"GV SYSTEM LTD","url":"https:\/\/gvsystem.co.uk\/","logo":{"@type":"ImageObject","inLanguage":"de","@id":"https:\/\/gvsystem.co.uk\/#\/schema\/logo\/image\/","url":"https:\/\/gvsystem.co.uk\/wp-content\/uploads\/2022\/09\/Logo_GV_180_60.png","contentUrl":"https:\/\/gvsystem.co.uk\/wp-content\/uploads\/2022\/09\/Logo_GV_180_60.png","width":180,"height":60,"caption":"GV SYSTEM LTD"},"image":{"@id":"https:\/\/gvsystem.co.uk\/#\/schema\/logo\/image\/"}}]}},"_links":{"self":[{"href":"https:\/\/gvsystem.co.uk\/de\/wp-json\/wp\/v2\/product\/3353","targetHints":{"allow":["GET"]}}],"collection":[{"href":"https:\/\/gvsystem.co.uk\/de\/wp-json\/wp\/v2\/product"}],"about":[{"href":"https:\/\/gvsystem.co.uk\/de\/wp-json\/wp\/v2\/types\/product"}],"replies":[{"embeddable":true,"href":"https:\/\/gvsystem.co.uk\/de\/wp-json\/wp\/v2\/comments?post=3353"}],"version-history":[{"count":2,"href":"https:\/\/gvsystem.co.uk\/de\/wp-json\/wp\/v2\/product\/3353\/revisions"}],"predecessor-version":[{"id":3950,"href":"https:\/\/gvsystem.co.uk\/de\/wp-json\/wp\/v2\/product\/3353\/revisions\/3950"}],"wp:featuredmedia":[{"embeddable":true,"href":"https:\/\/gvsystem.co.uk\/de\/wp-json\/wp\/v2\/media\/3362"}],"wp:attachment":[{"href":"https:\/\/gvsystem.co.uk\/de\/wp-json\/wp\/v2\/media?parent=3353"}],"wp:term":[{"taxonomy":"product_brand","embeddable":true,"href":"https:\/\/gvsystem.co.uk\/de\/wp-json\/wp\/v2\/product_brand?post=3353"},{"taxonomy":"product_cat","embeddable":true,"href":"https:\/\/gvsystem.co.uk\/de\/wp-json\/wp\/v2\/product_cat?post=3353"},{"taxonomy":"product_tag","embeddable":true,"href":"https:\/\/gvsystem.co.uk\/de\/wp-json\/wp\/v2\/product_tag?post=3353"}],"curies":[{"name":"wp","href":"https:\/\/api.w.org\/{rel}","templated":true}]}}