{"id":3335,"date":"2022-09-29T14:14:47","date_gmt":"2022-09-29T14:14:47","guid":{"rendered":"https:\/\/gvsystem.co.uk\/?post_type=product&#038;p=3335"},"modified":"2022-10-02T03:24:15","modified_gmt":"2022-10-02T03:24:15","slug":"al-44-ww-wc","status":"publish","type":"product","link":"https:\/\/gvsystem.co.uk\/de\/produkt\/al-44-ww-wc\/","title":{"rendered":"AL-44 WW-WC"},"content":{"rendered":"<p><img fetchpriority=\"high\" decoding=\"async\" class=\"aligncenter wp-image-3344 size-full\" style=\"font-weight: inherit;\" src=\"https:\/\/gvsystem.co.uk\/wp-content\/uploads\/2022\/09\/Table_AL-44.jpg\" alt=\"\" width=\"900\" height=\"549\" srcset=\"https:\/\/gvsystem.co.uk\/wp-content\/uploads\/2022\/09\/Table_AL-44.jpg 900w, https:\/\/gvsystem.co.uk\/wp-content\/uploads\/2022\/09\/Table_AL-44-300x183.jpg 300w, https:\/\/gvsystem.co.uk\/wp-content\/uploads\/2022\/09\/Table_AL-44-768x468.jpg 768w, https:\/\/gvsystem.co.uk\/wp-content\/uploads\/2022\/09\/Table_AL-44-18x12.jpg 18w, https:\/\/gvsystem.co.uk\/wp-content\/uploads\/2022\/09\/Table_AL-44-600x366.jpg 600w\" sizes=\"(max-width: 900px) 100vw, 900px\" \/><\/p>\n<p>&nbsp;<\/p>\n<p><img decoding=\"async\" class=\"aligncenter wp-image-3341 size-full\" src=\"https:\/\/gvsystem.co.uk\/wp-content\/uploads\/2022\/09\/Install_AL-44.jpg\" alt=\"\" width=\"412\" height=\"316\" srcset=\"https:\/\/gvsystem.co.uk\/wp-content\/uploads\/2022\/09\/Install_AL-44.jpg 412w, https:\/\/gvsystem.co.uk\/wp-content\/uploads\/2022\/09\/Install_AL-44-300x230.jpg 300w, https:\/\/gvsystem.co.uk\/wp-content\/uploads\/2022\/09\/Install_AL-44-16x12.jpg 16w\" sizes=\"(max-width: 412px) 100vw, 412px\" \/><\/p>","protected":false},"excerpt":{"rendered":"<p>Die AL-44 ist unsere Premium-Wandfuge aus Vollaluminium; dieses Produkt hat einfach alles: Spaltma\u00dfe von 100-500 mm, seismische Bewegungsf\u00e4higkeit von +\/-50 % (insgesamt 100 %), markierungsfreie\/weiche Wandverbindung (in das Aluminiumstrangpressprofil an den beiden \u00e4u\u00dferen Teilen des Produkts ist ein kleines Gummiteil eingebaut, das w\u00e4hrend der Bewegung keine Markierungen an der Wand hinterl\u00e4sst; da es eine klare Farbe hat, hinterl\u00e4sst es auch keine Flecken auf der Wandoberfl\u00e4che).<br \/>\nDieses Produkt kann leicht modifiziert werden, da der zentrale Teil des Systems aus Blech besteht, was bedeutet, dass es auf jede beliebige Gr\u00f6\u00dfe zugeschnitten werden kann, um den besonderen Anforderungen Ihres Projekts gerecht zu werden.<\/p>","protected":false},"featured_media":3338,"comment_status":"open","ping_status":"closed","template":"","meta":{"_acf_changed":false,"site-sidebar-layout":"default","site-content-layout":"default","ast-site-content-layout":"default","site-content-style":"default","site-sidebar-style":"default","ast-global-header-display":"","ast-banner-title-visibility":"","ast-main-header-display":"","ast-hfb-above-header-display":"","ast-hfb-below-header-display":"","ast-hfb-mobile-header-display":"","site-post-title":"","ast-breadcrumbs-content":"","ast-featured-img":"","footer-sml-layout":"","ast-disable-related-posts":"","theme-transparent-header-meta":"default","adv-header-id-meta":"","stick-header-meta":"","header-above-stick-meta":"","header-main-stick-meta":"","header-below-stick-meta":"","astra-migrate-meta-layouts":"default","ast-page-background-enabled":"default","ast-page-background-meta":{"desktop":{"background-color":"","background-image":"","background-repeat":"repeat","background-position":"center center","background-size":"auto","background-attachment":"scroll","background-type":"","background-media":"","overlay-type":"","overlay-color":"","overlay-opacity":"","overlay-gradient":""},"tablet":{"background-color":"","background-image":"","background-repeat":"repeat","background-position":"center center","background-size":"auto","background-attachment":"scroll","background-type":"","background-media":"","overlay-type":"","overlay-color":"","overlay-opacity":"","overlay-gradient":""},"mobile":{"background-color":"","background-image":"","background-repeat":"repeat","background-position":"center center","background-size":"auto","background-attachment":"scroll","background-type":"","background-media":"","overlay-type":"","overlay-color":"","overlay-opacity":"","overlay-gradient":""}},"ast-content-background-meta":{"desktop":{"background-color":"var(--ast-global-color-5)","background-image":"","background-repeat":"repeat","background-position":"center center","background-size":"auto","background-attachment":"scroll","background-type":"","background-media":"","overlay-type":"","overlay-color":"","overlay-opacity":"","overlay-gradient":""},"tablet":{"background-color":"var(--ast-global-color-5)","background-image":"","background-repeat":"repeat","background-position":"center center","background-size":"auto","background-attachment":"scroll","background-type":"","background-media":"","overlay-type":"","overlay-color":"","overlay-opacity":"","overlay-gradient":""},"mobile":{"background-color":"var(--ast-global-color-5)","background-image":"","background-repeat":"repeat","background-position":"center center","background-size":"auto","background-attachment":"scroll","background-type":"","background-media":"","overlay-type":"","overlay-color":"","overlay-opacity":"","overlay-gradient":""}}},"product_brand":[],"product_cat":[115,124],"product_tag":[150],"class_list":{"0":"post-3335","1":"product","2":"type-product","3":"status-publish","4":"has-post-thumbnail","6":"product_cat-aluminum-for-wall","7":"product_cat-custom-fields","8":"product_tag-all-aluminum-for-wall","9":"desktop-align-left","10":"tablet-align-left","11":"mobile-align-left","13":"first","14":"instock","15":"shipping-taxable","16":"product-type-simple"},"acf":[],"yoast_head":"<!-- This site is optimized with the Yoast SEO Premium plugin v18.9 (Yoast SEO v26.7) - https:\/\/yoast.com\/wordpress\/plugins\/seo\/ -->\n<title>AL-44 WW-WC - GV SYSTEM<\/title>\n<meta name=\"description\" content=\"The AL-44 is our premium all aluminium wall joint; this product simply has it all, gap sizes from 100-500mm, seismic movement capability of +\/-50% (total 100%), no marking\/ soft touch wall connection (built into the aluminium extrusion on the two outer parts the product has a small rubber section, this will stop any marking on the wall during movement, with it being clear in colour it also doesn\u2019t stain any wall finishes.)\" \/>\n<meta name=\"robots\" content=\"index, follow, max-snippet:-1, max-image-preview:large, max-video-preview:-1\" \/>\n<link rel=\"canonical\" href=\"https:\/\/gvsystem.co.uk\/de\/produkt\/al-44-ww-wc\/\" \/>\n<meta property=\"og:locale\" content=\"de_DE\" \/>\n<meta property=\"og:type\" content=\"article\" \/>\n<meta property=\"og:title\" content=\"AL-44 WW-WC\" \/>\n<meta property=\"og:description\" content=\"The AL-44 is our premium all aluminium wall joint; this product simply has it all, gap sizes from 100-500mm, seismic movement capability of +\/-50% (total 100%), no marking\/ soft touch wall connection (built into the aluminium extrusion on the two outer parts the product has a small rubber section, this will stop any marking on the wall during movement, with it being clear in colour it also doesn\u2019t stain any wall finishes.)\" \/>\n<meta property=\"og:url\" content=\"https:\/\/gvsystem.co.uk\/de\/produkt\/al-44-ww-wc\/\" \/>\n<meta property=\"og:site_name\" content=\"GV SYSTEM\" \/>\n<meta property=\"article:modified_time\" content=\"2022-10-02T03:24:15+00:00\" \/>\n<meta property=\"og:image\" content=\"https:\/\/gvsystem.co.uk\/wp-content\/uploads\/2022\/09\/Series-44.png\" \/>\n\t<meta property=\"og:image:width\" content=\"700\" \/>\n\t<meta property=\"og:image:height\" content=\"700\" \/>\n\t<meta property=\"og:image:type\" content=\"image\/png\" \/>\n<meta name=\"twitter:card\" content=\"summary_large_image\" \/>\n<!-- \/ Yoast SEO Premium plugin. -->","yoast_head_json":{"title":"AL-44 WW-WC - GV SYSTEM","description":"Die AL-44 ist unsere Premium-Wandfuge aus Vollaluminium; dieses Produkt hat einfach alles: Spaltma\u00dfe von 100-500 mm, seismische Bewegungsf\u00e4higkeit von +\/-50 % (insgesamt 100 %), markierungsfreie\/weiche Wandverbindung (in das Aluminiumstrangpressprofil an den beiden \u00e4u\u00dferen Teilen des Produkts ist ein kleines Gummiteil eingebaut, das w\u00e4hrend der Bewegung keine Markierungen an der Wand hinterl\u00e4sst; da es eine klare Farbe hat, hinterl\u00e4sst es auch keine Flecken auf der Wandoberfl\u00e4che).","robots":{"index":"index","follow":"follow","max-snippet":"max-snippet:-1","max-image-preview":"max-image-preview:large","max-video-preview":"max-video-preview:-1"},"canonical":"https:\/\/gvsystem.co.uk\/de\/produkt\/al-44-ww-wc\/","og_locale":"de_DE","og_type":"article","og_title":"AL-44 WW-WC","og_description":"The AL-44 is our premium all aluminium wall joint; this product simply has it all, gap sizes from 100-500mm, seismic movement capability of +\/-50% (total 100%), no marking\/ soft touch wall connection (built into the aluminium extrusion on the two outer parts the product has a small rubber section, this will stop any marking on the wall during movement, with it being clear in colour it also doesn\u2019t stain any wall finishes.)","og_url":"https:\/\/gvsystem.co.uk\/de\/produkt\/al-44-ww-wc\/","og_site_name":"GV SYSTEM","article_modified_time":"2022-10-02T03:24:15+00:00","og_image":[{"width":700,"height":700,"url":"https:\/\/gvsystem.co.uk\/wp-content\/uploads\/2022\/09\/Series-44.png","type":"image\/png"}],"twitter_card":"summary_large_image","schema":{"@context":"https:\/\/schema.org","@graph":[{"@type":"WebPage","@id":"https:\/\/gvsystem.co.uk\/product\/al-44-ww-wc\/","url":"https:\/\/gvsystem.co.uk\/product\/al-44-ww-wc\/","name":"AL-44 WW-WC - GV SYSTEM","isPartOf":{"@id":"https:\/\/gvsystem.co.uk\/#website"},"primaryImageOfPage":{"@id":"https:\/\/gvsystem.co.uk\/product\/al-44-ww-wc\/#primaryimage"},"image":{"@id":"https:\/\/gvsystem.co.uk\/product\/al-44-ww-wc\/#primaryimage"},"thumbnailUrl":"https:\/\/gvsystem.co.uk\/wp-content\/uploads\/2022\/09\/Series-44.png","datePublished":"2022-09-29T14:14:47+00:00","dateModified":"2022-10-02T03:24:15+00:00","description":"Die AL-44 ist unsere Premium-Wandfuge aus Vollaluminium; dieses Produkt hat einfach alles: Spaltma\u00dfe von 100-500 mm, seismische Bewegungsf\u00e4higkeit von +\/-50 % (insgesamt 100 %), markierungsfreie\/weiche Wandverbindung (in das Aluminiumstrangpressprofil an den beiden \u00e4u\u00dferen Teilen des Produkts ist ein kleines Gummiteil eingebaut, das w\u00e4hrend der Bewegung keine Markierungen an der Wand hinterl\u00e4sst; da es eine klare Farbe hat, hinterl\u00e4sst es auch keine Flecken auf der Wandoberfl\u00e4che).","breadcrumb":{"@id":"https:\/\/gvsystem.co.uk\/product\/al-44-ww-wc\/#breadcrumb"},"inLanguage":"de","potentialAction":[{"@type":"ReadAction","target":["https:\/\/gvsystem.co.uk\/product\/al-44-ww-wc\/"]}]},{"@type":"ImageObject","inLanguage":"de","@id":"https:\/\/gvsystem.co.uk\/product\/al-44-ww-wc\/#primaryimage","url":"https:\/\/gvsystem.co.uk\/wp-content\/uploads\/2022\/09\/Series-44.png","contentUrl":"https:\/\/gvsystem.co.uk\/wp-content\/uploads\/2022\/09\/Series-44.png","width":700,"height":700},{"@type":"BreadcrumbList","@id":"https:\/\/gvsystem.co.uk\/product\/al-44-ww-wc\/#breadcrumb","itemListElement":[{"@type":"ListItem","position":1,"name":"Home","item":"https:\/\/gvsystem.co.uk\/"},{"@type":"ListItem","position":2,"name":"Products","item":"https:\/\/gvsystem.co.uk\/products\/"},{"@type":"ListItem","position":3,"name":"Expansion Joint","item":"https:\/\/gvsystem.co.uk\/product-category\/expansion-joint\/"},{"@type":"ListItem","position":4,"name":"All Aluminum for Wall","item":"https:\/\/gvsystem.co.uk\/product-category\/expansion-joint\/aluminum-for-wall\/"},{"@type":"ListItem","position":5,"name":"AL-44 WW-WC"}]},{"@type":"WebSite","@id":"https:\/\/gvsystem.co.uk\/#website","url":"https:\/\/gvsystem.co.uk\/","name":"GV SYSTEM","description":"Catalogue GV System","publisher":{"@id":"https:\/\/gvsystem.co.uk\/#organization"},"potentialAction":[{"@type":"SearchAction","target":{"@type":"EntryPoint","urlTemplate":"https:\/\/gvsystem.co.uk\/?s={search_term_string}"},"query-input":{"@type":"PropertyValueSpecification","valueRequired":true,"valueName":"search_term_string"}}],"inLanguage":"de"},{"@type":"Organization","@id":"https:\/\/gvsystem.co.uk\/#organization","name":"GV SYSTEM LTD","url":"https:\/\/gvsystem.co.uk\/","logo":{"@type":"ImageObject","inLanguage":"de","@id":"https:\/\/gvsystem.co.uk\/#\/schema\/logo\/image\/","url":"https:\/\/gvsystem.co.uk\/wp-content\/uploads\/2022\/09\/Logo_GV_180_60.png","contentUrl":"https:\/\/gvsystem.co.uk\/wp-content\/uploads\/2022\/09\/Logo_GV_180_60.png","width":180,"height":60,"caption":"GV SYSTEM LTD"},"image":{"@id":"https:\/\/gvsystem.co.uk\/#\/schema\/logo\/image\/"}}]}},"_links":{"self":[{"href":"https:\/\/gvsystem.co.uk\/de\/wp-json\/wp\/v2\/product\/3335","targetHints":{"allow":["GET"]}}],"collection":[{"href":"https:\/\/gvsystem.co.uk\/de\/wp-json\/wp\/v2\/product"}],"about":[{"href":"https:\/\/gvsystem.co.uk\/de\/wp-json\/wp\/v2\/types\/product"}],"replies":[{"embeddable":true,"href":"https:\/\/gvsystem.co.uk\/de\/wp-json\/wp\/v2\/comments?post=3335"}],"version-history":[{"count":1,"href":"https:\/\/gvsystem.co.uk\/de\/wp-json\/wp\/v2\/product\/3335\/revisions"}],"predecessor-version":[{"id":3350,"href":"https:\/\/gvsystem.co.uk\/de\/wp-json\/wp\/v2\/product\/3335\/revisions\/3350"}],"wp:featuredmedia":[{"embeddable":true,"href":"https:\/\/gvsystem.co.uk\/de\/wp-json\/wp\/v2\/media\/3338"}],"wp:attachment":[{"href":"https:\/\/gvsystem.co.uk\/de\/wp-json\/wp\/v2\/media?parent=3335"}],"wp:term":[{"taxonomy":"product_brand","embeddable":true,"href":"https:\/\/gvsystem.co.uk\/de\/wp-json\/wp\/v2\/product_brand?post=3335"},{"taxonomy":"product_cat","embeddable":true,"href":"https:\/\/gvsystem.co.uk\/de\/wp-json\/wp\/v2\/product_cat?post=3335"},{"taxonomy":"product_tag","embeddable":true,"href":"https:\/\/gvsystem.co.uk\/de\/wp-json\/wp\/v2\/product_tag?post=3335"}],"curies":[{"name":"wp","href":"https:\/\/api.w.org\/{rel}","templated":true}]}}