{"id":2019,"date":"2022-09-12T18:20:45","date_gmt":"2022-09-12T18:20:45","guid":{"rendered":"https:\/\/gvsystem.co.uk\/?post_type=product&#038;p=2019"},"modified":"2022-10-02T03:41:06","modified_gmt":"2022-10-02T03:41:06","slug":"ru-72-ff-fw","status":"publish","type":"product","link":"https:\/\/gvsystem.co.uk\/de\/produkt\/ru-72-ff-fw\/","title":{"rendered":"RU-72 FF-FW"},"content":{"rendered":"<p><img fetchpriority=\"high\" decoding=\"async\" class=\"aligncenter wp-image-2465 size-full\" src=\"https:\/\/gvsystem.co.uk\/wp-content\/uploads\/2022\/09\/Table_RU-72.jpg\" alt=\"\" width=\"900\" height=\"432\" srcset=\"https:\/\/gvsystem.co.uk\/wp-content\/uploads\/2022\/09\/Table_RU-72.jpg 900w, https:\/\/gvsystem.co.uk\/wp-content\/uploads\/2022\/09\/Table_RU-72-300x144.jpg 300w, https:\/\/gvsystem.co.uk\/wp-content\/uploads\/2022\/09\/Table_RU-72-768x369.jpg 768w, https:\/\/gvsystem.co.uk\/wp-content\/uploads\/2022\/09\/Table_RU-72-18x9.jpg 18w, https:\/\/gvsystem.co.uk\/wp-content\/uploads\/2022\/09\/Table_RU-72-600x288.jpg 600w\" sizes=\"(max-width: 900px) 100vw, 900px\" \/><\/p>\n<p>&nbsp;<\/p>\n<p><img decoding=\"async\" class=\"aligncenter wp-image-2475 size-full\" src=\"https:\/\/gvsystem.co.uk\/wp-content\/uploads\/2022\/09\/Install_RU-72.jpg\" alt=\"Install Ru-72\" width=\"577\" height=\"250\" srcset=\"https:\/\/gvsystem.co.uk\/wp-content\/uploads\/2022\/09\/Install_RU-72.jpg 577w, https:\/\/gvsystem.co.uk\/wp-content\/uploads\/2022\/09\/Install_RU-72-300x130.jpg 300w, https:\/\/gvsystem.co.uk\/wp-content\/uploads\/2022\/09\/Install_RU-72-18x8.jpg 18w\" sizes=\"(max-width: 577px) 100vw, 577px\" \/><\/p>","protected":false},"excerpt":{"rendered":"<p>Die Serie RU-72 ist eine Dehnungsfuge, die f\u00fcr Parkh\u00e4user entwickelt wurde. Die Konstruktion dieser Fuge erm\u00f6glicht eine Verst\u00e4rkung durch die Art und Weise, wie sie auf der Betondecke befestigt und dann \u00fcber den Fl\u00fcgeln verf\u00fcllt wird. Das Produkt bietet eine fantastische +\/-40% (insgesamt 80%) Bewegung.<\/p>","protected":false},"featured_media":2703,"comment_status":"closed","ping_status":"closed","template":"","meta":{"_acf_changed":false,"site-sidebar-layout":"no-sidebar","site-content-layout":"page-builder","ast-site-content-layout":"default","site-content-style":"default","site-sidebar-style":"default","ast-global-header-display":"","ast-banner-title-visibility":"","ast-main-header-display":"","ast-hfb-above-header-display":"","ast-hfb-below-header-display":"","ast-hfb-mobile-header-display":"","site-post-title":"disabled","ast-breadcrumbs-content":"disabled","ast-featured-img":"disabled","footer-sml-layout":"disabled","ast-disable-related-posts":"","theme-transparent-header-meta":"default","adv-header-id-meta":"","stick-header-meta":"","header-above-stick-meta":"","header-main-stick-meta":"","header-below-stick-meta":"","astra-migrate-meta-layouts":"default","ast-page-background-enabled":"default","ast-page-background-meta":{"desktop":{"background-color":"","background-image":"","background-repeat":"repeat","background-position":"center center","background-size":"auto","background-attachment":"scroll","background-type":"","background-media":"","overlay-type":"","overlay-color":"","overlay-opacity":"","overlay-gradient":""},"tablet":{"background-color":"","background-image":"","background-repeat":"repeat","background-position":"center center","background-size":"auto","background-attachment":"scroll","background-type":"","background-media":"","overlay-type":"","overlay-color":"","overlay-opacity":"","overlay-gradient":""},"mobile":{"background-color":"","background-image":"","background-repeat":"repeat","background-position":"center center","background-size":"auto","background-attachment":"scroll","background-type":"","background-media":"","overlay-type":"","overlay-color":"","overlay-opacity":"","overlay-gradient":""}},"ast-content-background-meta":{"desktop":{"background-color":"var(--ast-global-color-5)","background-image":"","background-repeat":"repeat","background-position":"center center","background-size":"auto","background-attachment":"scroll","background-type":"","background-media":"","overlay-type":"","overlay-color":"","overlay-opacity":"","overlay-gradient":""},"tablet":{"background-color":"var(--ast-global-color-5)","background-image":"","background-repeat":"repeat","background-position":"center center","background-size":"auto","background-attachment":"scroll","background-type":"","background-media":"","overlay-type":"","overlay-color":"","overlay-opacity":"","overlay-gradient":""},"mobile":{"background-color":"var(--ast-global-color-5)","background-image":"","background-repeat":"repeat","background-position":"center center","background-size":"auto","background-attachment":"scroll","background-type":"","background-media":"","overlay-type":"","overlay-color":"","overlay-opacity":"","overlay-gradient":""}}},"product_brand":[],"product_cat":[19,124],"product_tag":[148],"class_list":{"0":"post-2019","1":"product","2":"type-product","3":"status-publish","4":"has-post-thumbnail","6":"product_cat-all-rubber","7":"product_cat-custom-fields","8":"product_tag-all-rubber","9":"desktop-align-left","10":"tablet-align-left","11":"mobile-align-left","13":"first","14":"instock","15":"shipping-taxable","16":"product-type-simple"},"acf":[],"yoast_head":"<!-- This site is optimized with the Yoast SEO Premium plugin v18.9 (Yoast SEO v26.7) - https:\/\/yoast.com\/wordpress\/plugins\/seo\/ -->\n<title>RU-72 FF-FW - GV SYSTEM<\/title>\n<meta name=\"description\" content=\"The RU-72 Series is a seal expansion joint designed for carparks; the design of this joint allows it to be reinforced with the way its fixed to the concrete deck and then backfilled above the wings. The product offers a fantastic +\/-40% (total 80%) movement.\" \/>\n<meta name=\"robots\" content=\"index, follow, max-snippet:-1, max-image-preview:large, max-video-preview:-1\" \/>\n<link rel=\"canonical\" href=\"https:\/\/gvsystem.co.uk\/de\/produkt\/ru-72-ff-fw\/\" \/>\n<meta property=\"og:locale\" content=\"de_DE\" \/>\n<meta property=\"og:type\" content=\"article\" \/>\n<meta property=\"og:title\" content=\"RU-72 FF-FW\" \/>\n<meta property=\"og:description\" content=\"The RU-72 Series is a seal expansion joint designed for carparks; the design of this joint allows it to be reinforced with the way its fixed to the concrete deck and then backfilled above the wings. The product offers a fantastic +\/-40% (total 80%) movement.\" \/>\n<meta property=\"og:url\" content=\"https:\/\/gvsystem.co.uk\/de\/produkt\/ru-72-ff-fw\/\" \/>\n<meta property=\"og:site_name\" content=\"GV SYSTEM\" \/>\n<meta property=\"article:modified_time\" content=\"2022-10-02T03:41:06+00:00\" \/>\n<meta property=\"og:image\" content=\"https:\/\/gvsystem.co.uk\/wp-content\/uploads\/2022\/09\/Series-72.png\" \/>\n\t<meta property=\"og:image:width\" content=\"700\" \/>\n\t<meta property=\"og:image:height\" content=\"700\" \/>\n\t<meta property=\"og:image:type\" content=\"image\/png\" \/>\n<meta name=\"twitter:card\" content=\"summary_large_image\" \/>\n<!-- \/ Yoast SEO Premium plugin. -->","yoast_head_json":{"title":"RU-72 FF-FW - GV SYSTEM","description":"Die Serie RU-72 ist eine Dehnungsfuge, die f\u00fcr Parkh\u00e4user entwickelt wurde. Die Konstruktion dieser Fuge erm\u00f6glicht eine Verst\u00e4rkung durch die Art und Weise, wie sie auf der Betondecke befestigt und dann \u00fcber den Fl\u00fcgeln verf\u00fcllt wird. Das Produkt bietet eine fantastische +\/-40% (insgesamt 80%) Bewegung.","robots":{"index":"index","follow":"follow","max-snippet":"max-snippet:-1","max-image-preview":"max-image-preview:large","max-video-preview":"max-video-preview:-1"},"canonical":"https:\/\/gvsystem.co.uk\/de\/produkt\/ru-72-ff-fw\/","og_locale":"de_DE","og_type":"article","og_title":"RU-72 FF-FW","og_description":"The RU-72 Series is a seal expansion joint designed for carparks; the design of this joint allows it to be reinforced with the way its fixed to the concrete deck and then backfilled above the wings. The product offers a fantastic +\/-40% (total 80%) movement.","og_url":"https:\/\/gvsystem.co.uk\/de\/produkt\/ru-72-ff-fw\/","og_site_name":"GV SYSTEM","article_modified_time":"2022-10-02T03:41:06+00:00","og_image":[{"width":700,"height":700,"url":"https:\/\/gvsystem.co.uk\/wp-content\/uploads\/2022\/09\/Series-72.png","type":"image\/png"}],"twitter_card":"summary_large_image","schema":{"@context":"https:\/\/schema.org","@graph":[{"@type":"WebPage","@id":"https:\/\/gvsystem.co.uk\/product\/ru-72-ff-fw\/","url":"https:\/\/gvsystem.co.uk\/product\/ru-72-ff-fw\/","name":"RU-72 FF-FW - GV SYSTEM","isPartOf":{"@id":"https:\/\/gvsystem.co.uk\/#website"},"primaryImageOfPage":{"@id":"https:\/\/gvsystem.co.uk\/product\/ru-72-ff-fw\/#primaryimage"},"image":{"@id":"https:\/\/gvsystem.co.uk\/product\/ru-72-ff-fw\/#primaryimage"},"thumbnailUrl":"https:\/\/gvsystem.co.uk\/wp-content\/uploads\/2022\/09\/Series-72.png","datePublished":"2022-09-12T18:20:45+00:00","dateModified":"2022-10-02T03:41:06+00:00","description":"Die Serie RU-72 ist eine Dehnungsfuge, die f\u00fcr Parkh\u00e4user entwickelt wurde. Die Konstruktion dieser Fuge erm\u00f6glicht eine Verst\u00e4rkung durch die Art und Weise, wie sie auf der Betondecke befestigt und dann \u00fcber den Fl\u00fcgeln verf\u00fcllt wird. Das Produkt bietet eine fantastische +\/-40% (insgesamt 80%) Bewegung.","breadcrumb":{"@id":"https:\/\/gvsystem.co.uk\/product\/ru-72-ff-fw\/#breadcrumb"},"inLanguage":"de","potentialAction":[{"@type":"ReadAction","target":["https:\/\/gvsystem.co.uk\/product\/ru-72-ff-fw\/"]}]},{"@type":"ImageObject","inLanguage":"de","@id":"https:\/\/gvsystem.co.uk\/product\/ru-72-ff-fw\/#primaryimage","url":"https:\/\/gvsystem.co.uk\/wp-content\/uploads\/2022\/09\/Series-72.png","contentUrl":"https:\/\/gvsystem.co.uk\/wp-content\/uploads\/2022\/09\/Series-72.png","width":700,"height":700},{"@type":"BreadcrumbList","@id":"https:\/\/gvsystem.co.uk\/product\/ru-72-ff-fw\/#breadcrumb","itemListElement":[{"@type":"ListItem","position":1,"name":"Home","item":"https:\/\/gvsystem.co.uk\/"},{"@type":"ListItem","position":2,"name":"Products","item":"https:\/\/gvsystem.co.uk\/products\/"},{"@type":"ListItem","position":3,"name":"Expansion Joint","item":"https:\/\/gvsystem.co.uk\/product-category\/expansion-joint\/"},{"@type":"ListItem","position":4,"name":"All Rubber","item":"https:\/\/gvsystem.co.uk\/product-category\/expansion-joint\/all-rubber\/"},{"@type":"ListItem","position":5,"name":"RU-72 FF-FW"}]},{"@type":"WebSite","@id":"https:\/\/gvsystem.co.uk\/#website","url":"https:\/\/gvsystem.co.uk\/","name":"GV SYSTEM","description":"Catalogue GV System","publisher":{"@id":"https:\/\/gvsystem.co.uk\/#organization"},"potentialAction":[{"@type":"SearchAction","target":{"@type":"EntryPoint","urlTemplate":"https:\/\/gvsystem.co.uk\/?s={search_term_string}"},"query-input":{"@type":"PropertyValueSpecification","valueRequired":true,"valueName":"search_term_string"}}],"inLanguage":"de"},{"@type":"Organization","@id":"https:\/\/gvsystem.co.uk\/#organization","name":"GV SYSTEM LTD","url":"https:\/\/gvsystem.co.uk\/","logo":{"@type":"ImageObject","inLanguage":"de","@id":"https:\/\/gvsystem.co.uk\/#\/schema\/logo\/image\/","url":"https:\/\/gvsystem.co.uk\/wp-content\/uploads\/2022\/09\/Logo_GV_180_60.png","contentUrl":"https:\/\/gvsystem.co.uk\/wp-content\/uploads\/2022\/09\/Logo_GV_180_60.png","width":180,"height":60,"caption":"GV SYSTEM LTD"},"image":{"@id":"https:\/\/gvsystem.co.uk\/#\/schema\/logo\/image\/"}}]}},"_links":{"self":[{"href":"https:\/\/gvsystem.co.uk\/de\/wp-json\/wp\/v2\/product\/2019","targetHints":{"allow":["GET"]}}],"collection":[{"href":"https:\/\/gvsystem.co.uk\/de\/wp-json\/wp\/v2\/product"}],"about":[{"href":"https:\/\/gvsystem.co.uk\/de\/wp-json\/wp\/v2\/types\/product"}],"replies":[{"embeddable":true,"href":"https:\/\/gvsystem.co.uk\/de\/wp-json\/wp\/v2\/comments?post=2019"}],"version-history":[{"count":15,"href":"https:\/\/gvsystem.co.uk\/de\/wp-json\/wp\/v2\/product\/2019\/revisions"}],"predecessor-version":[{"id":3964,"href":"https:\/\/gvsystem.co.uk\/de\/wp-json\/wp\/v2\/product\/2019\/revisions\/3964"}],"wp:featuredmedia":[{"embeddable":true,"href":"https:\/\/gvsystem.co.uk\/de\/wp-json\/wp\/v2\/media\/2703"}],"wp:attachment":[{"href":"https:\/\/gvsystem.co.uk\/de\/wp-json\/wp\/v2\/media?parent=2019"}],"wp:term":[{"taxonomy":"product_brand","embeddable":true,"href":"https:\/\/gvsystem.co.uk\/de\/wp-json\/wp\/v2\/product_brand?post=2019"},{"taxonomy":"product_cat","embeddable":true,"href":"https:\/\/gvsystem.co.uk\/de\/wp-json\/wp\/v2\/product_cat?post=2019"},{"taxonomy":"product_tag","embeddable":true,"href":"https:\/\/gvsystem.co.uk\/de\/wp-json\/wp\/v2\/product_tag?post=2019"}],"curies":[{"name":"wp","href":"https:\/\/api.w.org\/{rel}","templated":true}]}}