{"id":1992,"date":"2022-09-12T17:05:06","date_gmt":"2022-09-12T17:05:06","guid":{"rendered":"https:\/\/gvsystem.co.uk\/?post_type=product&#038;p=1992"},"modified":"2022-11-18T15:12:25","modified_gmt":"2022-11-18T15:12:25","slug":"ru-02-ff-fw-ww-wc","status":"publish","type":"product","link":"https:\/\/gvsystem.co.uk\/de\/produkt\/ru-02-ff-fw-ww-wc\/","title":{"rendered":"RU-02 FF-FW WW-WC"},"content":{"rendered":"<p><img fetchpriority=\"high\" decoding=\"async\" class=\"aligncenter wp-image-2545 size-full\" style=\"font-weight: inherit;\" src=\"https:\/\/gvsystem.co.uk\/wp-content\/uploads\/2022\/09\/Table_RU-02.jpg\" alt=\"\" width=\"900\" height=\"500\" srcset=\"https:\/\/gvsystem.co.uk\/wp-content\/uploads\/2022\/09\/Table_RU-02.jpg 900w, https:\/\/gvsystem.co.uk\/wp-content\/uploads\/2022\/09\/Table_RU-02-300x167.jpg 300w, https:\/\/gvsystem.co.uk\/wp-content\/uploads\/2022\/09\/Table_RU-02-768x427.jpg 768w, https:\/\/gvsystem.co.uk\/wp-content\/uploads\/2022\/09\/Table_RU-02-18x10.jpg 18w, https:\/\/gvsystem.co.uk\/wp-content\/uploads\/2022\/09\/Table_RU-02-600x333.jpg 600w\" sizes=\"(max-width: 900px) 100vw, 900px\" \/><\/p>\n<p>&nbsp;<\/p>\n<p><img decoding=\"async\" class=\"aligncenter wp-image-2544 size-full\" src=\"https:\/\/gvsystem.co.uk\/wp-content\/uploads\/2022\/09\/Install_RU-02.jpg\" alt=\"\" width=\"736\" height=\"250\" srcset=\"https:\/\/gvsystem.co.uk\/wp-content\/uploads\/2022\/09\/Install_RU-02.jpg 736w, https:\/\/gvsystem.co.uk\/wp-content\/uploads\/2022\/09\/Install_RU-02-300x102.jpg 300w, https:\/\/gvsystem.co.uk\/wp-content\/uploads\/2022\/09\/Install_RU-02-18x6.jpg 18w, https:\/\/gvsystem.co.uk\/wp-content\/uploads\/2022\/09\/Install_RU-02-600x204.jpg 600w\" sizes=\"(max-width: 736px) 100vw, 736px\" \/><\/p>","protected":false},"excerpt":{"rendered":"<p>Hochelastisches Dehnungsfugenband wird f\u00fcr jedes Geb\u00e4udeband zur Isolierung von Dehnungs- und Konstruktionsfugen verwendet. Erh\u00e4ltlich mit und ohne Lochflansche in 150, 200, 250, 300 und 400 mm Breite kann die Dicke von 1 bis 2 mm variieren.<\/p>","protected":false},"featured_media":2689,"comment_status":"closed","ping_status":"closed","template":"","meta":{"_acf_changed":false,"site-sidebar-layout":"default","site-content-layout":"default","ast-site-content-layout":"default","site-content-style":"default","site-sidebar-style":"default","ast-global-header-display":"","ast-banner-title-visibility":"","ast-main-header-display":"","ast-hfb-above-header-display":"","ast-hfb-below-header-display":"","ast-hfb-mobile-header-display":"","site-post-title":"","ast-breadcrumbs-content":"disabled","ast-featured-img":"","footer-sml-layout":"disabled","ast-disable-related-posts":"","theme-transparent-header-meta":"default","adv-header-id-meta":"","stick-header-meta":"","header-above-stick-meta":"","header-main-stick-meta":"","header-below-stick-meta":"","astra-migrate-meta-layouts":"default","ast-page-background-enabled":"default","ast-page-background-meta":{"desktop":{"background-color":"","background-image":"","background-repeat":"repeat","background-position":"center center","background-size":"auto","background-attachment":"scroll","background-type":"","background-media":"","overlay-type":"","overlay-color":"","overlay-opacity":"","overlay-gradient":""},"tablet":{"background-color":"","background-image":"","background-repeat":"repeat","background-position":"center center","background-size":"auto","background-attachment":"scroll","background-type":"","background-media":"","overlay-type":"","overlay-color":"","overlay-opacity":"","overlay-gradient":""},"mobile":{"background-color":"","background-image":"","background-repeat":"repeat","background-position":"center center","background-size":"auto","background-attachment":"scroll","background-type":"","background-media":"","overlay-type":"","overlay-color":"","overlay-opacity":"","overlay-gradient":""}},"ast-content-background-meta":{"desktop":{"background-color":"var(--ast-global-color-5)","background-image":"","background-repeat":"repeat","background-position":"center center","background-size":"auto","background-attachment":"scroll","background-type":"","background-media":"","overlay-type":"","overlay-color":"","overlay-opacity":"","overlay-gradient":""},"tablet":{"background-color":"var(--ast-global-color-5)","background-image":"","background-repeat":"repeat","background-position":"center center","background-size":"auto","background-attachment":"scroll","background-type":"","background-media":"","overlay-type":"","overlay-color":"","overlay-opacity":"","overlay-gradient":""},"mobile":{"background-color":"var(--ast-global-color-5)","background-image":"","background-repeat":"repeat","background-position":"center center","background-size":"auto","background-attachment":"scroll","background-type":"","background-media":"","overlay-type":"","overlay-color":"","overlay-opacity":"","overlay-gradient":""}}},"product_brand":[],"product_cat":[124,111],"product_tag":[154],"class_list":{"0":"post-1992","1":"product","2":"type-product","3":"status-publish","4":"has-post-thumbnail","6":"product_cat-custom-fields","7":"product_cat-water-barrier","8":"product_tag-water-barrier","9":"desktop-align-left","10":"tablet-align-left","11":"mobile-align-left","13":"first","14":"instock","15":"shipping-taxable","16":"product-type-simple"},"acf":[],"yoast_head":"<!-- This site is optimized with the Yoast SEO Premium plugin v18.9 (Yoast SEO v26.7) - https:\/\/yoast.com\/wordpress\/plugins\/seo\/ -->\n<title>RU-02 FF-FW WW-WC - GV SYSTEM<\/title>\n<meta name=\"description\" content=\"High elastic expansion joint tape is used for every tape of buildings in isolating expasnion and construction joint gaps.available with and withouts hole flanges at 150,200,250,300 and 400 mm width the thickness of can vary from 1 to 2 mm.\" \/>\n<meta name=\"robots\" content=\"index, follow, max-snippet:-1, max-image-preview:large, max-video-preview:-1\" \/>\n<link rel=\"canonical\" href=\"https:\/\/gvsystem.co.uk\/de\/produkt\/ru-02-ff-fw-ww-wc\/\" \/>\n<meta property=\"og:locale\" content=\"de_DE\" \/>\n<meta property=\"og:type\" content=\"article\" \/>\n<meta property=\"og:title\" content=\"RU-02 FF-FW WW-WC\" \/>\n<meta property=\"og:description\" content=\"High elastic expansion joint tape is used for every tape of buildings in isolating expasnion and construction joint gaps.available with and withouts hole flanges at 150,200,250,300 and 400 mm width the thickness of can vary from 1 to 2 mm.\" \/>\n<meta property=\"og:url\" content=\"https:\/\/gvsystem.co.uk\/de\/produkt\/ru-02-ff-fw-ww-wc\/\" \/>\n<meta property=\"og:site_name\" content=\"GV SYSTEM\" \/>\n<meta property=\"article:modified_time\" content=\"2022-11-18T15:12:25+00:00\" \/>\n<meta property=\"og:image\" content=\"https:\/\/gvsystem.co.uk\/wp-content\/uploads\/2022\/09\/Series-02.png\" \/>\n\t<meta property=\"og:image:width\" content=\"700\" \/>\n\t<meta property=\"og:image:height\" content=\"700\" \/>\n\t<meta property=\"og:image:type\" content=\"image\/png\" \/>\n<meta name=\"twitter:card\" content=\"summary_large_image\" \/>\n<!-- \/ Yoast SEO Premium plugin. -->","yoast_head_json":{"title":"RU-02 FF-FW WW-WC - GV SYSTEM","description":"Hochelastisches Dehnungsfugenband wird f\u00fcr jedes Geb\u00e4udeband zur Isolierung von Dehnungs- und Konstruktionsfugen verwendet. Erh\u00e4ltlich mit und ohne Lochflansche in 150, 200, 250, 300 und 400 mm Breite kann die Dicke von 1 bis 2 mm variieren.","robots":{"index":"index","follow":"follow","max-snippet":"max-snippet:-1","max-image-preview":"max-image-preview:large","max-video-preview":"max-video-preview:-1"},"canonical":"https:\/\/gvsystem.co.uk\/de\/produkt\/ru-02-ff-fw-ww-wc\/","og_locale":"de_DE","og_type":"article","og_title":"RU-02 FF-FW WW-WC","og_description":"High elastic expansion joint tape is used for every tape of buildings in isolating expasnion and construction joint gaps.available with and withouts hole flanges at 150,200,250,300 and 400 mm width the thickness of can vary from 1 to 2 mm.","og_url":"https:\/\/gvsystem.co.uk\/de\/produkt\/ru-02-ff-fw-ww-wc\/","og_site_name":"GV SYSTEM","article_modified_time":"2022-11-18T15:12:25+00:00","og_image":[{"width":700,"height":700,"url":"https:\/\/gvsystem.co.uk\/wp-content\/uploads\/2022\/09\/Series-02.png","type":"image\/png"}],"twitter_card":"summary_large_image","schema":{"@context":"https:\/\/schema.org","@graph":[{"@type":"WebPage","@id":"https:\/\/gvsystem.co.uk\/product\/ru-02-ff-fw-ww-wc\/","url":"https:\/\/gvsystem.co.uk\/product\/ru-02-ff-fw-ww-wc\/","name":"RU-02 FF-FW WW-WC - GV SYSTEM","isPartOf":{"@id":"https:\/\/gvsystem.co.uk\/#website"},"primaryImageOfPage":{"@id":"https:\/\/gvsystem.co.uk\/product\/ru-02-ff-fw-ww-wc\/#primaryimage"},"image":{"@id":"https:\/\/gvsystem.co.uk\/product\/ru-02-ff-fw-ww-wc\/#primaryimage"},"thumbnailUrl":"https:\/\/gvsystem.co.uk\/wp-content\/uploads\/2022\/09\/Series-02.png","datePublished":"2022-09-12T17:05:06+00:00","dateModified":"2022-11-18T15:12:25+00:00","description":"Hochelastisches Dehnungsfugenband wird f\u00fcr jedes Geb\u00e4udeband zur Isolierung von Dehnungs- und Konstruktionsfugen verwendet. Erh\u00e4ltlich mit und ohne Lochflansche in 150, 200, 250, 300 und 400 mm Breite kann die Dicke von 1 bis 2 mm variieren.","breadcrumb":{"@id":"https:\/\/gvsystem.co.uk\/product\/ru-02-ff-fw-ww-wc\/#breadcrumb"},"inLanguage":"de","potentialAction":[{"@type":"ReadAction","target":["https:\/\/gvsystem.co.uk\/product\/ru-02-ff-fw-ww-wc\/"]}]},{"@type":"ImageObject","inLanguage":"de","@id":"https:\/\/gvsystem.co.uk\/product\/ru-02-ff-fw-ww-wc\/#primaryimage","url":"https:\/\/gvsystem.co.uk\/wp-content\/uploads\/2022\/09\/Series-02.png","contentUrl":"https:\/\/gvsystem.co.uk\/wp-content\/uploads\/2022\/09\/Series-02.png","width":700,"height":700},{"@type":"BreadcrumbList","@id":"https:\/\/gvsystem.co.uk\/product\/ru-02-ff-fw-ww-wc\/#breadcrumb","itemListElement":[{"@type":"ListItem","position":1,"name":"Home","item":"https:\/\/gvsystem.co.uk\/"},{"@type":"ListItem","position":2,"name":"Products","item":"https:\/\/gvsystem.co.uk\/products\/"},{"@type":"ListItem","position":3,"name":"Expansion Joint","item":"https:\/\/gvsystem.co.uk\/product-category\/expansion-joint\/"},{"@type":"ListItem","position":4,"name":"Water Barrier","item":"https:\/\/gvsystem.co.uk\/product-category\/expansion-joint\/water-barrier\/"},{"@type":"ListItem","position":5,"name":"RU-02 FF-FW WW-WC"}]},{"@type":"WebSite","@id":"https:\/\/gvsystem.co.uk\/#website","url":"https:\/\/gvsystem.co.uk\/","name":"GV SYSTEM","description":"Catalogue GV System","publisher":{"@id":"https:\/\/gvsystem.co.uk\/#organization"},"potentialAction":[{"@type":"SearchAction","target":{"@type":"EntryPoint","urlTemplate":"https:\/\/gvsystem.co.uk\/?s={search_term_string}"},"query-input":{"@type":"PropertyValueSpecification","valueRequired":true,"valueName":"search_term_string"}}],"inLanguage":"de"},{"@type":"Organization","@id":"https:\/\/gvsystem.co.uk\/#organization","name":"GV SYSTEM LTD","url":"https:\/\/gvsystem.co.uk\/","logo":{"@type":"ImageObject","inLanguage":"de","@id":"https:\/\/gvsystem.co.uk\/#\/schema\/logo\/image\/","url":"https:\/\/gvsystem.co.uk\/wp-content\/uploads\/2022\/09\/Logo_GV_180_60.png","contentUrl":"https:\/\/gvsystem.co.uk\/wp-content\/uploads\/2022\/09\/Logo_GV_180_60.png","width":180,"height":60,"caption":"GV SYSTEM LTD"},"image":{"@id":"https:\/\/gvsystem.co.uk\/#\/schema\/logo\/image\/"}}]}},"_links":{"self":[{"href":"https:\/\/gvsystem.co.uk\/de\/wp-json\/wp\/v2\/product\/1992","targetHints":{"allow":["GET"]}}],"collection":[{"href":"https:\/\/gvsystem.co.uk\/de\/wp-json\/wp\/v2\/product"}],"about":[{"href":"https:\/\/gvsystem.co.uk\/de\/wp-json\/wp\/v2\/types\/product"}],"replies":[{"embeddable":true,"href":"https:\/\/gvsystem.co.uk\/de\/wp-json\/wp\/v2\/comments?post=1992"}],"version-history":[{"count":9,"href":"https:\/\/gvsystem.co.uk\/de\/wp-json\/wp\/v2\/product\/1992\/revisions"}],"predecessor-version":[{"id":4998,"href":"https:\/\/gvsystem.co.uk\/de\/wp-json\/wp\/v2\/product\/1992\/revisions\/4998"}],"wp:featuredmedia":[{"embeddable":true,"href":"https:\/\/gvsystem.co.uk\/de\/wp-json\/wp\/v2\/media\/2689"}],"wp:attachment":[{"href":"https:\/\/gvsystem.co.uk\/de\/wp-json\/wp\/v2\/media?parent=1992"}],"wp:term":[{"taxonomy":"product_brand","embeddable":true,"href":"https:\/\/gvsystem.co.uk\/de\/wp-json\/wp\/v2\/product_brand?post=1992"},{"taxonomy":"product_cat","embeddable":true,"href":"https:\/\/gvsystem.co.uk\/de\/wp-json\/wp\/v2\/product_cat?post=1992"},{"taxonomy":"product_tag","embeddable":true,"href":"https:\/\/gvsystem.co.uk\/de\/wp-json\/wp\/v2\/product_tag?post=1992"}],"curies":[{"name":"wp","href":"https:\/\/api.w.org\/{rel}","templated":true}]}}